{"id":52821101,"date":"2025-07-21T13:23:49","date_gmt":"2025-07-21T13:23:49","guid":{"rendered":"https:\/\/www.ski-mojo.com\/?post_type=product&#038;p=52821101"},"modified":"2025-07-21T13:27:32","modified_gmt":"2025-07-21T13:27:32","slug":"cavo-di-ricambio","status":"publish","type":"product","link":"https:\/\/www.ski-mojo.com\/it\/prodotto\/cavo-di-ricambio\/","title":{"rendered":"Cavo di ricambio"},"content":{"rendered":"<ul>\n<li>\n<p data-start=\"0\" data-end=\"227\">Se il cavo del suo Ski-Mojo si \u00e8 rotto, prima di ordinarne uno nuovo, si assicuri di essere in grado di sostituirlo autonomamente. Un video esplicativo \u00e8 disponibile alla pagina <strong><a href=\"https:\/\/www.ski-mojo.com\/it\/help\" target=\"_blank\" rel=\"noopener\">www.ski-mojo.com\/it\/help<\/a><\/strong>.<\/p>\n<\/li>\n<li>Attenzione: Entrambe le gambe si usurano alla stessa velocit\u00e0. Pertanto, \u00e8 comune che, quando il cavo di una gamba si rompe, anche il cavo dell&#8217;altra gamba sia fortemente usurato e si rompa poco dopo. Si prega di tenerne conto al momento dell&#8217;ordine.<\/li>\n<li>\n<p data-start=\"229\" data-end=\"323\"><span style=\"color: #ff0000;\"><strong>Poich\u00e9 il cavo \u00e8 un componente soggetto a usura, non pu\u00f2 essere n\u00e9 restituito n\u00e9 rimborsato.<\/strong><\/span><\/p>\n<\/li>\n<li>\n<p data-start=\"325\" data-end=\"592\">La sostituzione del cavo richiede precisione e attenzione. Se non si sente in grado di eseguire questa operazione autonomamente, pu\u00f2 ordinare una <strong data-start=\"471\" data-end=\"502\">riparazione della sua gamba<\/strong> nella sezione <strong data-start=\"517\" data-end=\"539\">Boutique &gt; Servizi<\/strong> del nostro sito. Questo intervento \u00e8 molto rapido.<\/p>\n<\/li>\n<li>\n<p data-start=\"594\" data-end=\"919\">Infine, per evitare la rottura del cavo durante la stagione invernale, le consigliamo di far revisionare il suo Ski-Mojo dopo <strong data-start=\"720\" data-end=\"748\">70-90 giorni di utilizzo<\/strong>. Queste revisioni vengono effettuate durante la bassa stagione estiva. Maggiori informazioni sono disponibili su <a href=\"https:\/\/www.ski-mojo.com\/it\/revisione\" target=\"_blank\" rel=\"noopener\">www.ski-mojo.com\/it\/revisione<\/a>.<\/p>\n<\/li>\n<\/ul>\n<p data-start=\"594\" data-end=\"919\">Questo cavo \u00e8 compatibile con i modelli di Ski-Mojo dal 2016 in poi.<\/p>\n","protected":false},"excerpt":{"rendered":"<p data-start=\"0\" data-end=\"313\">Il cavo dello Ski-Mojo \u00e8, proprio come la catena di una bicicletta, la cinghia di trasmissione dello Ski-Mojo. Questo cavo trasferisce tutte le forze, gli urti e le vibrazioni alla molla principale dello Ski-Mojo. Si tratta di un componente soggetto a usura che, se non sostituito preventivamente, pu\u00f2 rompersi.<\/p>\n<p data-start=\"315\" data-end=\"410\" data-is-last-node=\"\" data-is-only-node=\"\"><strong>Prima di ordinare un cavo di ricambio, legga attentamente le informazioni riportate di seguito.<\/strong><\/p>\n","protected":false},"featured_media":52807622,"comment_status":"closed","ping_status":"closed","template":"","meta":{"_acf_changed":false},"product_brand":[],"product_cat":[762],"product_tag":[],"class_list":{"0":"post-52821101","1":"product","2":"type-product","3":"status-publish","4":"has-post-thumbnail","6":"product_cat-accessori","7":"product_shipping_class-tres-leger-it","9":"first","10":"instock","11":"taxable","12":"shipping-taxable","13":"purchasable","14":"product-type-simple"},"acf":[],"yoast_head":"<!-- This site is optimized with the Yoast SEO plugin v27.4 - https:\/\/yoast.com\/product\/yoast-seo-wordpress\/ -->\n<title>Ski~Mojo | Cavo di ricambio<\/title>\n<meta name=\"robots\" content=\"index, follow, max-snippet:-1, max-image-preview:large, max-video-preview:-1\" \/>\n<link rel=\"canonical\" href=\"https:\/\/www.ski-mojo.com\/it\/prodotto\/cavo-di-ricambio\/\" \/>\n<meta property=\"og:locale\" content=\"it_IT\" \/>\n<meta property=\"og:type\" content=\"article\" \/>\n<meta property=\"og:title\" content=\"Ski~Mojo | Cavo di ricambio\" \/>\n<meta property=\"og:description\" content=\"Il cavo dello Ski-Mojo \u00e8, proprio come la catena di una bicicletta, la cinghia di trasmissione dello Ski-Mojo. Questo cavo trasferisce tutte le forze, gli urti e le vibrazioni alla molla principale dello Ski-Mojo. Si tratta di un componente soggetto a usura che, se non sostituito preventivamente, pu\u00f2 rompersi. Prima di ordinare un cavo di ricambio, legga attentamente le informazioni riportate di seguito.\" \/>\n<meta property=\"og:url\" content=\"https:\/\/www.ski-mojo.com\/it\/prodotto\/cavo-di-ricambio\/\" \/>\n<meta property=\"og:site_name\" content=\"Ski~Mojo\" \/>\n<meta property=\"article:publisher\" content=\"https:\/\/www.facebook.com\/skimojomania\" \/>\n<meta property=\"article:modified_time\" content=\"2025-07-21T13:27:32+00:00\" \/>\n<meta property=\"og:image\" content=\"https:\/\/www.ski-mojo.com\/wp-content\/uploads\/2025\/06\/Cable-Ski-Mojo.jpg\" \/>\n\t<meta property=\"og:image:width\" content=\"897\" \/>\n\t<meta property=\"og:image:height\" content=\"900\" \/>\n\t<meta property=\"og:image:type\" content=\"image\/jpeg\" \/>\n<meta name=\"twitter:card\" content=\"summary_large_image\" \/>\n<meta name=\"twitter:label1\" content=\"Tempo di lettura stimato\" \/>\n\t<meta name=\"twitter:data1\" content=\"1 minuto\" \/>\n<script type=\"application\/ld+json\" class=\"yoast-schema-graph\">{\"@context\":\"https:\\\/\\\/schema.org\",\"@graph\":[{\"@type\":\"WebPage\",\"@id\":\"https:\\\/\\\/www.ski-mojo.com\\\/it\\\/prodotto\\\/cavo-di-ricambio\\\/\",\"url\":\"https:\\\/\\\/www.ski-mojo.com\\\/it\\\/prodotto\\\/cavo-di-ricambio\\\/\",\"name\":\"Ski~Mojo | Cavo di ricambio\",\"isPartOf\":{\"@id\":\"https:\\\/\\\/www.ski-mojo.com\\\/it\\\/#website\"},\"primaryImageOfPage\":{\"@id\":\"https:\\\/\\\/www.ski-mojo.com\\\/it\\\/prodotto\\\/cavo-di-ricambio\\\/#primaryimage\"},\"image\":{\"@id\":\"https:\\\/\\\/www.ski-mojo.com\\\/it\\\/prodotto\\\/cavo-di-ricambio\\\/#primaryimage\"},\"thumbnailUrl\":\"https:\\\/\\\/www.ski-mojo.com\\\/wp-content\\\/uploads\\\/2025\\\/06\\\/Cable-Ski-Mojo.jpg\",\"datePublished\":\"2025-07-21T13:23:49+00:00\",\"dateModified\":\"2025-07-21T13:27:32+00:00\",\"breadcrumb\":{\"@id\":\"https:\\\/\\\/www.ski-mojo.com\\\/it\\\/prodotto\\\/cavo-di-ricambio\\\/#breadcrumb\"},\"inLanguage\":\"it-IT\",\"potentialAction\":[{\"@type\":\"ReadAction\",\"target\":[\"https:\\\/\\\/www.ski-mojo.com\\\/it\\\/prodotto\\\/cavo-di-ricambio\\\/\"]}]},{\"@type\":\"ImageObject\",\"inLanguage\":\"it-IT\",\"@id\":\"https:\\\/\\\/www.ski-mojo.com\\\/it\\\/prodotto\\\/cavo-di-ricambio\\\/#primaryimage\",\"url\":\"https:\\\/\\\/www.ski-mojo.com\\\/wp-content\\\/uploads\\\/2025\\\/06\\\/Cable-Ski-Mojo.jpg\",\"contentUrl\":\"https:\\\/\\\/www.ski-mojo.com\\\/wp-content\\\/uploads\\\/2025\\\/06\\\/Cable-Ski-Mojo.jpg\",\"width\":897,\"height\":900},{\"@type\":\"BreadcrumbList\",\"@id\":\"https:\\\/\\\/www.ski-mojo.com\\\/it\\\/prodotto\\\/cavo-di-ricambio\\\/#breadcrumb\",\"itemListElement\":[{\"@type\":\"ListItem\",\"position\":1,\"name\":\"Home\",\"item\":\"https:\\\/\\\/www.ski-mojo.com\\\/it\\\/\"},{\"@type\":\"ListItem\",\"position\":2,\"name\":\"Negozio\",\"item\":\"https:\\\/\\\/www.ski-mojo.com\\\/it\\\/negozio\\\/\"},{\"@type\":\"ListItem\",\"position\":3,\"name\":\"Cavo di ricambio\"}]},{\"@type\":\"WebSite\",\"@id\":\"https:\\\/\\\/www.ski-mojo.com\\\/it\\\/#website\",\"url\":\"https:\\\/\\\/www.ski-mojo.com\\\/it\\\/\",\"name\":\"Ski~Mojo\",\"description\":\"\",\"publisher\":{\"@id\":\"https:\\\/\\\/www.ski-mojo.com\\\/it\\\/#organization\"},\"potentialAction\":[{\"@type\":\"SearchAction\",\"target\":{\"@type\":\"EntryPoint\",\"urlTemplate\":\"https:\\\/\\\/www.ski-mojo.com\\\/it\\\/?s={search_term_string}\"},\"query-input\":{\"@type\":\"PropertyValueSpecification\",\"valueRequired\":true,\"valueName\":\"search_term_string\"}}],\"inLanguage\":\"it-IT\"},{\"@type\":\"Organization\",\"@id\":\"https:\\\/\\\/www.ski-mojo.com\\\/it\\\/#organization\",\"name\":\"Ski~Mojo\",\"url\":\"https:\\\/\\\/www.ski-mojo.com\\\/it\\\/\",\"logo\":{\"@type\":\"ImageObject\",\"inLanguage\":\"it-IT\",\"@id\":\"https:\\\/\\\/www.ski-mojo.com\\\/it\\\/#\\\/schema\\\/logo\\\/image\\\/\",\"url\":\"https:\\\/\\\/www.ski-mojo.com\\\/wp-content\\\/uploads\\\/2025\\\/05\\\/ski-mojo-1.png\",\"contentUrl\":\"https:\\\/\\\/www.ski-mojo.com\\\/wp-content\\\/uploads\\\/2025\\\/05\\\/ski-mojo-1.png\",\"width\":379,\"height\":93,\"caption\":\"Ski~Mojo\"},\"image\":{\"@id\":\"https:\\\/\\\/www.ski-mojo.com\\\/it\\\/#\\\/schema\\\/logo\\\/image\\\/\"},\"sameAs\":[\"https:\\\/\\\/www.facebook.com\\\/skimojomania\",\"https:\\\/\\\/www.instagram.com\\\/skimojo_official\\\/\",\"https:\\\/\\\/www.linkedin.com\\\/company\\\/ski-mojo\\\/\",\"https:\\\/\\\/www.youtube.com\\\/SkiMojoFrance\"]}]}<\/script>\n<!-- \/ Yoast SEO plugin. -->","yoast_head_json":{"title":"Ski~Mojo | Cavo di ricambio","robots":{"index":"index","follow":"follow","max-snippet":"max-snippet:-1","max-image-preview":"max-image-preview:large","max-video-preview":"max-video-preview:-1"},"canonical":"https:\/\/www.ski-mojo.com\/it\/prodotto\/cavo-di-ricambio\/","og_locale":"it_IT","og_type":"article","og_title":"Ski~Mojo | Cavo di ricambio","og_description":"Il cavo dello Ski-Mojo \u00e8, proprio come la catena di una bicicletta, la cinghia di trasmissione dello Ski-Mojo. Questo cavo trasferisce tutte le forze, gli urti e le vibrazioni alla molla principale dello Ski-Mojo. Si tratta di un componente soggetto a usura che, se non sostituito preventivamente, pu\u00f2 rompersi. Prima di ordinare un cavo di ricambio, legga attentamente le informazioni riportate di seguito.","og_url":"https:\/\/www.ski-mojo.com\/it\/prodotto\/cavo-di-ricambio\/","og_site_name":"Ski~Mojo","article_publisher":"https:\/\/www.facebook.com\/skimojomania","article_modified_time":"2025-07-21T13:27:32+00:00","og_image":[{"width":897,"height":900,"url":"https:\/\/www.ski-mojo.com\/wp-content\/uploads\/2025\/06\/Cable-Ski-Mojo.jpg","type":"image\/jpeg"}],"twitter_card":"summary_large_image","twitter_misc":{"Tempo di lettura stimato":"1 minuto"},"schema":{"@context":"https:\/\/schema.org","@graph":[{"@type":"WebPage","@id":"https:\/\/www.ski-mojo.com\/it\/prodotto\/cavo-di-ricambio\/","url":"https:\/\/www.ski-mojo.com\/it\/prodotto\/cavo-di-ricambio\/","name":"Ski~Mojo | Cavo di ricambio","isPartOf":{"@id":"https:\/\/www.ski-mojo.com\/it\/#website"},"primaryImageOfPage":{"@id":"https:\/\/www.ski-mojo.com\/it\/prodotto\/cavo-di-ricambio\/#primaryimage"},"image":{"@id":"https:\/\/www.ski-mojo.com\/it\/prodotto\/cavo-di-ricambio\/#primaryimage"},"thumbnailUrl":"https:\/\/www.ski-mojo.com\/wp-content\/uploads\/2025\/06\/Cable-Ski-Mojo.jpg","datePublished":"2025-07-21T13:23:49+00:00","dateModified":"2025-07-21T13:27:32+00:00","breadcrumb":{"@id":"https:\/\/www.ski-mojo.com\/it\/prodotto\/cavo-di-ricambio\/#breadcrumb"},"inLanguage":"it-IT","potentialAction":[{"@type":"ReadAction","target":["https:\/\/www.ski-mojo.com\/it\/prodotto\/cavo-di-ricambio\/"]}]},{"@type":"ImageObject","inLanguage":"it-IT","@id":"https:\/\/www.ski-mojo.com\/it\/prodotto\/cavo-di-ricambio\/#primaryimage","url":"https:\/\/www.ski-mojo.com\/wp-content\/uploads\/2025\/06\/Cable-Ski-Mojo.jpg","contentUrl":"https:\/\/www.ski-mojo.com\/wp-content\/uploads\/2025\/06\/Cable-Ski-Mojo.jpg","width":897,"height":900},{"@type":"BreadcrumbList","@id":"https:\/\/www.ski-mojo.com\/it\/prodotto\/cavo-di-ricambio\/#breadcrumb","itemListElement":[{"@type":"ListItem","position":1,"name":"Home","item":"https:\/\/www.ski-mojo.com\/it\/"},{"@type":"ListItem","position":2,"name":"Negozio","item":"https:\/\/www.ski-mojo.com\/it\/negozio\/"},{"@type":"ListItem","position":3,"name":"Cavo di ricambio"}]},{"@type":"WebSite","@id":"https:\/\/www.ski-mojo.com\/it\/#website","url":"https:\/\/www.ski-mojo.com\/it\/","name":"Ski~Mojo","description":"","publisher":{"@id":"https:\/\/www.ski-mojo.com\/it\/#organization"},"potentialAction":[{"@type":"SearchAction","target":{"@type":"EntryPoint","urlTemplate":"https:\/\/www.ski-mojo.com\/it\/?s={search_term_string}"},"query-input":{"@type":"PropertyValueSpecification","valueRequired":true,"valueName":"search_term_string"}}],"inLanguage":"it-IT"},{"@type":"Organization","@id":"https:\/\/www.ski-mojo.com\/it\/#organization","name":"Ski~Mojo","url":"https:\/\/www.ski-mojo.com\/it\/","logo":{"@type":"ImageObject","inLanguage":"it-IT","@id":"https:\/\/www.ski-mojo.com\/it\/#\/schema\/logo\/image\/","url":"https:\/\/www.ski-mojo.com\/wp-content\/uploads\/2025\/05\/ski-mojo-1.png","contentUrl":"https:\/\/www.ski-mojo.com\/wp-content\/uploads\/2025\/05\/ski-mojo-1.png","width":379,"height":93,"caption":"Ski~Mojo"},"image":{"@id":"https:\/\/www.ski-mojo.com\/it\/#\/schema\/logo\/image\/"},"sameAs":["https:\/\/www.facebook.com\/skimojomania","https:\/\/www.instagram.com\/skimojo_official\/","https:\/\/www.linkedin.com\/company\/ski-mojo\/","https:\/\/www.youtube.com\/SkiMojoFrance"]}]}},"_links":{"self":[{"href":"https:\/\/www.ski-mojo.com\/it\/wp-json\/wp\/v2\/product\/52821101","targetHints":{"allow":["GET"]}}],"collection":[{"href":"https:\/\/www.ski-mojo.com\/it\/wp-json\/wp\/v2\/product"}],"about":[{"href":"https:\/\/www.ski-mojo.com\/it\/wp-json\/wp\/v2\/types\/product"}],"replies":[{"embeddable":true,"href":"https:\/\/www.ski-mojo.com\/it\/wp-json\/wp\/v2\/comments?post=52821101"}],"wp:featuredmedia":[{"embeddable":true,"href":"https:\/\/www.ski-mojo.com\/it\/wp-json\/wp\/v2\/media\/52807622"}],"wp:attachment":[{"href":"https:\/\/www.ski-mojo.com\/it\/wp-json\/wp\/v2\/media?parent=52821101"}],"wp:term":[{"taxonomy":"product_brand","embeddable":true,"href":"https:\/\/www.ski-mojo.com\/it\/wp-json\/wp\/v2\/product_brand?post=52821101"},{"taxonomy":"product_cat","embeddable":true,"href":"https:\/\/www.ski-mojo.com\/it\/wp-json\/wp\/v2\/product_cat?post=52821101"},{"taxonomy":"product_tag","embeddable":true,"href":"https:\/\/www.ski-mojo.com\/it\/wp-json\/wp\/v2\/product_tag?post=52821101"}],"curies":[{"name":"wp","href":"https:\/\/api.w.org\/{rel}","templated":true}]}}