{"id":52820916,"date":"2025-07-21T13:11:53","date_gmt":"2025-07-21T13:11:53","guid":{"rendered":"https:\/\/www.ski-mojo.com\/?post_type=product&#038;p=52820916"},"modified":"2026-03-30T17:35:33","modified_gmt":"2026-03-30T15:35:33","slug":"esoscheletro-skimojo","status":"publish","type":"product","link":"https:\/\/www.ski-mojo.com\/it\/prodotto\/esoscheletro-skimojo\/","title":{"rendered":"Esoscheletro Ski~Mojo"},"content":{"rendered":"<h2 style=\"font-size: 20px; font-weight: bold; margin: 20px 0 10px; color: #111;\">Acquista direttamente dal produttore di Ski~Mojo:<\/h2>\n<p>Acquistando sul nostro sito ufficiale, beneficia di una transazione diretta e sicura con il team che progetta il Ski~Mojo. La accompagniamo passo dopo passo: Manuale Utente dettagliato, video tutorial chiari e assistenza rapida via telefono o email per aiutarLa a regolare facilmente il Suo esoscheletro.<\/p>\n<h2 style=\"font-size: 20px; font-weight: bold; margin: 20px 0 10px; color: #111;\">Molto pi\u00f9 di un accessorio da sci<\/h2>\n<p>Lo <strong>Ski~Mojo<\/strong> non \u00e8 n\u00e9 un tutore n\u00e9 un supporto: \u00e8 un vero <strong>esoscheletro da sci e snowboard<\/strong>.<br \/>\nRiduce di un terzo la pressione esercitata sulle gambe, assorbe urti e vibrazioni e allevia efficacemente le articolazioni. Risultato: niente pi\u00f9 cosce che bruciano, niente pi\u00f9 ginocchia doloranti e una resistenza muscolare notevolmente aumentata per tutta la vacanza.<\/p>\n<p>Ritrova le tue migliori sensazioni sulle piste con una tecnologia semplice ma collaudata, che dona leggerezza alle gambe e intensifica il piacere dello sci.<\/p>\n<h2 style=\"font-size: 20px; font-weight: bold; margin: 20px 0 10px; color: #111;\">I benefici dello Ski~Mojo:<\/h2>\n<ul>\n<li>Allevia ginocchia, cosce, anche e schiena.<\/li>\n<li>Migliora la resistenza muscolare per sciare pi\u00f9 a lungo, pi\u00f9 intensamente o semplicemente per tenere il passo con gli amici.<\/li>\n<li>Ti permette di goderti le vacanze senza temere la fatica muscolare dopo pochi giorni di sci.<\/li>\n<li>Riduce i rischi di infortuni legati alla fatica e aumenta la sicurezza.<\/li>\n<\/ul>\n<h2 style=\"font-size: 20px; font-weight: bold; margin: 20px 0 10px; color: #111;\">Un dispositivo adatto a tutte le corporature<\/h2>\n<p>Lo Ski~Mojo si adatta a tutte le corporature (altezza minima: 1,55 m) ed \u00e8 scelto solo in base al tuo peso:<\/p>\n<ul>\n<li><strong>Ski~Mojo Blue<\/strong>: pesi meno di 57 kg<\/li>\n<li><strong>Ski~Mojo Silver<\/strong>: pesi tra 58 e 80 kg<\/li>\n<li><strong>Ski~Mojo Gold<\/strong>: pesi pi\u00f9 di 80 kg<\/li>\n<\/ul>\n<p>Consulta la guida ai modelli nelle foto di presentazione dello Ski~Mojo in questa pagina.<br \/>\nRegolerai lo Ski~Mojo in base alla lunghezza delle gambe affinch\u00e9 si adatti perfettamente alla tua corporatura.<\/p>\n<h2 style=\"font-size: 20px; font-weight: bold; margin: 20px 0 10px; color: #111;\">Cosa \u00e8 incluso nel tuo pacco Ski~Mojo<\/h2>\n<p>Il tuo Ski~Mojo viene consegnato pronto all\u2019uso in una confezione contenente:<\/p>\n<ul>\n<li>2 gambe esoscheletro (gamba destra + gamba sinistra)<\/li>\n<li>Un\u2019imbracatura leggera e confortevole<\/li>\n<li>Due paia di connettori (temporanei e definitivi) per i tuoi scarponi da sci<\/li>\n<li>Un kit di attrezzi, una borsa da trasporto e una guida completa all\u2019installazione (francese, inglese, italiano, tedesco)<\/li>\n<\/ul>\n<p>Colore della copertura in neoprene: nero (colori camouflage o leopard disponibili solo su richiesta).<\/p>\n<h2 style=\"font-size: 20px; font-weight: bold; margin: 20px 0 10px; color: #111;\">Garanzia e accessori<\/h2>\n<p>Garanzia standard: 24 mesi (estendibile a 48 mesi dopo la registrazione della garanzia).<\/p>\n<p>Accessori opzionali (vedi sezione Accessori nel nostro shop online):<\/p>\n<ul>\n<li>Bretelle (se devi indossare il tuo Ski~Mojo senza scarponi da sci)<\/li>\n<li>Connettori specifici per scarponi da snowboard<\/li>\n<li>Zaino per trasportare facilmente il tuo Ski~Mojo<\/li>\n<\/ul>\n<h2 style=\"font-size: 20px; font-weight: bold; margin: 20px 0 10px; color: #111;\">Informazioni aggiuntive<\/h2>\n<p>Come molti altri dispositivi sportivi destinati a rendere la pratica pi\u00f9 sicura, facile o prolungata, lo Ski~Mojo non \u00e8 un dispositivo medico e non ha lo scopo di trattare, curare o prevenire malattie.<\/p>\n<p><strong>Prodotto in Francia \u2013 Spedito dalla Francia o dalla Svizzera<\/strong> a seconda della destinazione.<\/p>\n","protected":false},"excerpt":{"rendered":"<p><strong><span style=\"color: #ff0000;\">Promozione del momento: consegna gratuita!<\/span><\/strong> Il Ski~Mojo si adatta a tutte le corporature degli adulti con un\u2019altezza superiore a 1,55 m. Selezioni il suo modello esclusivamente in base al suo peso (escluso l\u2019equipaggiamento da sci):<\/p>\n<ul>\n<li><strong>57 kg o meno:<\/strong> Ski~Mojo Blue<\/li>\n<li><strong>Tra 57 e 80 kg:<\/strong> Ski~Mojo Silver<\/li>\n<li><strong>Pi\u00f9 di 80 kg:<\/strong> Ski~Mojo Gold<\/li>\n<\/ul>\n","protected":false},"featured_media":52808463,"comment_status":"open","ping_status":"closed","template":"","meta":{"_acf_changed":false},"product_brand":[],"product_cat":[772],"product_tag":[],"class_list":{"0":"post-52820916","1":"product","2":"type-product","3":"status-publish","4":"has-post-thumbnail","6":"product_cat-esoscheletro-completo-ski-mojo","7":"product_shipping_class-lourd-it","9":"first","10":"instock","11":"taxable","12":"shipping-taxable","13":"purchasable","14":"product-type-variable"},"acf":[],"yoast_head":"<!-- This site is optimized with the Yoast SEO plugin v27.4 - https:\/\/yoast.com\/product\/yoast-seo-wordpress\/ -->\n<title>Ski~Mojo | Negozio ufficiale | Esoscheletro Ski~Mojo<\/title>\n<meta name=\"description\" content=\"L\u2019esoscheletro Ski Mojo allevia i quadricipiti e riduce significativamente la pressione verticale sulle ginocchia. Acquistate il vostro Ski Mojo qui!\" \/>\n<meta name=\"robots\" content=\"index, follow, max-snippet:-1, max-image-preview:large, max-video-preview:-1\" \/>\n<link rel=\"canonical\" href=\"https:\/\/www.ski-mojo.com\/it\/prodotto\/esoscheletro-skimojo\/\" \/>\n<meta property=\"og:locale\" content=\"it_IT\" \/>\n<meta property=\"og:type\" content=\"article\" \/>\n<meta property=\"og:title\" content=\"Ski~Mojo | Shop\" \/>\n<meta property=\"og:description\" content=\"L&#039;esoscheletro Ski~Mojo allevia i quadricipiti e riduce significativamente la pressione verticale sulle ginocchia.\" \/>\n<meta property=\"og:url\" content=\"https:\/\/www.ski-mojo.com\/it\/prodotto\/esoscheletro-skimojo\/\" \/>\n<meta property=\"og:site_name\" content=\"Ski~Mojo\" \/>\n<meta property=\"article:publisher\" content=\"https:\/\/www.facebook.com\/skimojomania\" \/>\n<meta property=\"article:modified_time\" content=\"2026-03-30T15:35:33+00:00\" \/>\n<meta property=\"og:image\" content=\"https:\/\/www.ski-mojo.com\/wp-content\/uploads\/2025\/07\/photo-Ski-Mojo-produit-1200x902-1.webp\" \/>\n\t<meta property=\"og:image:width\" content=\"1200\" \/>\n\t<meta property=\"og:image:height\" content=\"902\" \/>\n\t<meta property=\"og:image:type\" content=\"image\/webp\" \/>\n<meta name=\"twitter:card\" content=\"summary_large_image\" \/>\n<meta name=\"twitter:image\" content=\"https:\/\/www.ski-mojo.com\/wp-content\/uploads\/2024\/09\/photo-Ski-Mojo-produit-1200x902.jpg\" \/>\n<meta name=\"twitter:label1\" content=\"Tempo di lettura stimato\" \/>\n\t<meta name=\"twitter:data1\" content=\"3 minuto\" \/>\n<script type=\"application\/ld+json\" class=\"yoast-schema-graph\">{\"@context\":\"https:\\\/\\\/schema.org\",\"@graph\":[{\"@type\":\"WebPage\",\"@id\":\"https:\\\/\\\/www.ski-mojo.com\\\/it\\\/prodotto\\\/esoscheletro-skimojo\\\/\",\"url\":\"https:\\\/\\\/www.ski-mojo.com\\\/it\\\/prodotto\\\/esoscheletro-skimojo\\\/\",\"name\":\"Ski~Mojo | Negozio ufficiale | Esoscheletro Ski~Mojo\",\"isPartOf\":{\"@id\":\"https:\\\/\\\/www.ski-mojo.com\\\/it\\\/#website\"},\"primaryImageOfPage\":{\"@id\":\"https:\\\/\\\/www.ski-mojo.com\\\/it\\\/prodotto\\\/esoscheletro-skimojo\\\/#primaryimage\"},\"image\":{\"@id\":\"https:\\\/\\\/www.ski-mojo.com\\\/it\\\/prodotto\\\/esoscheletro-skimojo\\\/#primaryimage\"},\"thumbnailUrl\":\"https:\\\/\\\/www.ski-mojo.com\\\/wp-content\\\/uploads\\\/2025\\\/06\\\/Photo-Ski-Mojo-1-1.jpg\",\"datePublished\":\"2025-07-21T13:11:53+00:00\",\"dateModified\":\"2026-03-30T15:35:33+00:00\",\"description\":\"L\u2019esoscheletro Ski Mojo allevia i quadricipiti e riduce significativamente la pressione verticale sulle ginocchia. Acquistate il vostro Ski Mojo qui!\",\"breadcrumb\":{\"@id\":\"https:\\\/\\\/www.ski-mojo.com\\\/it\\\/prodotto\\\/esoscheletro-skimojo\\\/#breadcrumb\"},\"inLanguage\":\"it-IT\",\"potentialAction\":[{\"@type\":\"ReadAction\",\"target\":[\"https:\\\/\\\/www.ski-mojo.com\\\/it\\\/prodotto\\\/esoscheletro-skimojo\\\/\"]}]},{\"@type\":\"ImageObject\",\"inLanguage\":\"it-IT\",\"@id\":\"https:\\\/\\\/www.ski-mojo.com\\\/it\\\/prodotto\\\/esoscheletro-skimojo\\\/#primaryimage\",\"url\":\"https:\\\/\\\/www.ski-mojo.com\\\/wp-content\\\/uploads\\\/2025\\\/06\\\/Photo-Ski-Mojo-1-1.jpg\",\"contentUrl\":\"https:\\\/\\\/www.ski-mojo.com\\\/wp-content\\\/uploads\\\/2025\\\/06\\\/Photo-Ski-Mojo-1-1.jpg\",\"width\":1325,\"height\":1340},{\"@type\":\"BreadcrumbList\",\"@id\":\"https:\\\/\\\/www.ski-mojo.com\\\/it\\\/prodotto\\\/esoscheletro-skimojo\\\/#breadcrumb\",\"itemListElement\":[{\"@type\":\"ListItem\",\"position\":1,\"name\":\"Home\",\"item\":\"https:\\\/\\\/www.ski-mojo.com\\\/it\\\/\"},{\"@type\":\"ListItem\",\"position\":2,\"name\":\"Negozio\",\"item\":\"https:\\\/\\\/www.ski-mojo.com\\\/it\\\/negozio\\\/\"},{\"@type\":\"ListItem\",\"position\":3,\"name\":\"Esoscheletro Ski~Mojo\"}]},{\"@type\":\"WebSite\",\"@id\":\"https:\\\/\\\/www.ski-mojo.com\\\/it\\\/#website\",\"url\":\"https:\\\/\\\/www.ski-mojo.com\\\/it\\\/\",\"name\":\"Ski~Mojo\",\"description\":\"\",\"publisher\":{\"@id\":\"https:\\\/\\\/www.ski-mojo.com\\\/it\\\/#organization\"},\"potentialAction\":[{\"@type\":\"SearchAction\",\"target\":{\"@type\":\"EntryPoint\",\"urlTemplate\":\"https:\\\/\\\/www.ski-mojo.com\\\/it\\\/?s={search_term_string}\"},\"query-input\":{\"@type\":\"PropertyValueSpecification\",\"valueRequired\":true,\"valueName\":\"search_term_string\"}}],\"inLanguage\":\"it-IT\"},{\"@type\":\"Organization\",\"@id\":\"https:\\\/\\\/www.ski-mojo.com\\\/it\\\/#organization\",\"name\":\"Ski~Mojo\",\"url\":\"https:\\\/\\\/www.ski-mojo.com\\\/it\\\/\",\"logo\":{\"@type\":\"ImageObject\",\"inLanguage\":\"it-IT\",\"@id\":\"https:\\\/\\\/www.ski-mojo.com\\\/it\\\/#\\\/schema\\\/logo\\\/image\\\/\",\"url\":\"https:\\\/\\\/www.ski-mojo.com\\\/wp-content\\\/uploads\\\/2025\\\/05\\\/ski-mojo-1.png\",\"contentUrl\":\"https:\\\/\\\/www.ski-mojo.com\\\/wp-content\\\/uploads\\\/2025\\\/05\\\/ski-mojo-1.png\",\"width\":379,\"height\":93,\"caption\":\"Ski~Mojo\"},\"image\":{\"@id\":\"https:\\\/\\\/www.ski-mojo.com\\\/it\\\/#\\\/schema\\\/logo\\\/image\\\/\"},\"sameAs\":[\"https:\\\/\\\/www.facebook.com\\\/skimojomania\",\"https:\\\/\\\/www.instagram.com\\\/skimojo_official\\\/\",\"https:\\\/\\\/www.linkedin.com\\\/company\\\/ski-mojo\\\/\",\"https:\\\/\\\/www.youtube.com\\\/SkiMojoFrance\"]}]}<\/script>\n<!-- \/ Yoast SEO plugin. -->","yoast_head_json":{"title":"Ski~Mojo | Negozio ufficiale | Esoscheletro Ski~Mojo","description":"L\u2019esoscheletro Ski Mojo allevia i quadricipiti e riduce significativamente la pressione verticale sulle ginocchia. Acquistate il vostro Ski Mojo qui!","robots":{"index":"index","follow":"follow","max-snippet":"max-snippet:-1","max-image-preview":"max-image-preview:large","max-video-preview":"max-video-preview:-1"},"canonical":"https:\/\/www.ski-mojo.com\/it\/prodotto\/esoscheletro-skimojo\/","og_locale":"it_IT","og_type":"article","og_title":"Ski~Mojo | Shop","og_description":"L'esoscheletro Ski~Mojo allevia i quadricipiti e riduce significativamente la pressione verticale sulle ginocchia.","og_url":"https:\/\/www.ski-mojo.com\/it\/prodotto\/esoscheletro-skimojo\/","og_site_name":"Ski~Mojo","article_publisher":"https:\/\/www.facebook.com\/skimojomania","article_modified_time":"2026-03-30T15:35:33+00:00","og_image":[{"width":1200,"height":902,"url":"https:\/\/www.ski-mojo.com\/wp-content\/uploads\/2025\/07\/photo-Ski-Mojo-produit-1200x902-1.webp","type":"image\/webp"}],"twitter_card":"summary_large_image","twitter_image":"https:\/\/www.ski-mojo.com\/wp-content\/uploads\/2024\/09\/photo-Ski-Mojo-produit-1200x902.jpg","twitter_misc":{"Tempo di lettura stimato":"3 minuto"},"schema":{"@context":"https:\/\/schema.org","@graph":[{"@type":"WebPage","@id":"https:\/\/www.ski-mojo.com\/it\/prodotto\/esoscheletro-skimojo\/","url":"https:\/\/www.ski-mojo.com\/it\/prodotto\/esoscheletro-skimojo\/","name":"Ski~Mojo | Negozio ufficiale | Esoscheletro Ski~Mojo","isPartOf":{"@id":"https:\/\/www.ski-mojo.com\/it\/#website"},"primaryImageOfPage":{"@id":"https:\/\/www.ski-mojo.com\/it\/prodotto\/esoscheletro-skimojo\/#primaryimage"},"image":{"@id":"https:\/\/www.ski-mojo.com\/it\/prodotto\/esoscheletro-skimojo\/#primaryimage"},"thumbnailUrl":"https:\/\/www.ski-mojo.com\/wp-content\/uploads\/2025\/06\/Photo-Ski-Mojo-1-1.jpg","datePublished":"2025-07-21T13:11:53+00:00","dateModified":"2026-03-30T15:35:33+00:00","description":"L\u2019esoscheletro Ski Mojo allevia i quadricipiti e riduce significativamente la pressione verticale sulle ginocchia. Acquistate il vostro Ski Mojo qui!","breadcrumb":{"@id":"https:\/\/www.ski-mojo.com\/it\/prodotto\/esoscheletro-skimojo\/#breadcrumb"},"inLanguage":"it-IT","potentialAction":[{"@type":"ReadAction","target":["https:\/\/www.ski-mojo.com\/it\/prodotto\/esoscheletro-skimojo\/"]}]},{"@type":"ImageObject","inLanguage":"it-IT","@id":"https:\/\/www.ski-mojo.com\/it\/prodotto\/esoscheletro-skimojo\/#primaryimage","url":"https:\/\/www.ski-mojo.com\/wp-content\/uploads\/2025\/06\/Photo-Ski-Mojo-1-1.jpg","contentUrl":"https:\/\/www.ski-mojo.com\/wp-content\/uploads\/2025\/06\/Photo-Ski-Mojo-1-1.jpg","width":1325,"height":1340},{"@type":"BreadcrumbList","@id":"https:\/\/www.ski-mojo.com\/it\/prodotto\/esoscheletro-skimojo\/#breadcrumb","itemListElement":[{"@type":"ListItem","position":1,"name":"Home","item":"https:\/\/www.ski-mojo.com\/it\/"},{"@type":"ListItem","position":2,"name":"Negozio","item":"https:\/\/www.ski-mojo.com\/it\/negozio\/"},{"@type":"ListItem","position":3,"name":"Esoscheletro Ski~Mojo"}]},{"@type":"WebSite","@id":"https:\/\/www.ski-mojo.com\/it\/#website","url":"https:\/\/www.ski-mojo.com\/it\/","name":"Ski~Mojo","description":"","publisher":{"@id":"https:\/\/www.ski-mojo.com\/it\/#organization"},"potentialAction":[{"@type":"SearchAction","target":{"@type":"EntryPoint","urlTemplate":"https:\/\/www.ski-mojo.com\/it\/?s={search_term_string}"},"query-input":{"@type":"PropertyValueSpecification","valueRequired":true,"valueName":"search_term_string"}}],"inLanguage":"it-IT"},{"@type":"Organization","@id":"https:\/\/www.ski-mojo.com\/it\/#organization","name":"Ski~Mojo","url":"https:\/\/www.ski-mojo.com\/it\/","logo":{"@type":"ImageObject","inLanguage":"it-IT","@id":"https:\/\/www.ski-mojo.com\/it\/#\/schema\/logo\/image\/","url":"https:\/\/www.ski-mojo.com\/wp-content\/uploads\/2025\/05\/ski-mojo-1.png","contentUrl":"https:\/\/www.ski-mojo.com\/wp-content\/uploads\/2025\/05\/ski-mojo-1.png","width":379,"height":93,"caption":"Ski~Mojo"},"image":{"@id":"https:\/\/www.ski-mojo.com\/it\/#\/schema\/logo\/image\/"},"sameAs":["https:\/\/www.facebook.com\/skimojomania","https:\/\/www.instagram.com\/skimojo_official\/","https:\/\/www.linkedin.com\/company\/ski-mojo\/","https:\/\/www.youtube.com\/SkiMojoFrance"]}]}},"_links":{"self":[{"href":"https:\/\/www.ski-mojo.com\/it\/wp-json\/wp\/v2\/product\/52820916","targetHints":{"allow":["GET"]}}],"collection":[{"href":"https:\/\/www.ski-mojo.com\/it\/wp-json\/wp\/v2\/product"}],"about":[{"href":"https:\/\/www.ski-mojo.com\/it\/wp-json\/wp\/v2\/types\/product"}],"replies":[{"embeddable":true,"href":"https:\/\/www.ski-mojo.com\/it\/wp-json\/wp\/v2\/comments?post=52820916"}],"wp:featuredmedia":[{"embeddable":true,"href":"https:\/\/www.ski-mojo.com\/it\/wp-json\/wp\/v2\/media\/52808463"}],"wp:attachment":[{"href":"https:\/\/www.ski-mojo.com\/it\/wp-json\/wp\/v2\/media?parent=52820916"}],"wp:term":[{"taxonomy":"product_brand","embeddable":true,"href":"https:\/\/www.ski-mojo.com\/it\/wp-json\/wp\/v2\/product_brand?post=52820916"},{"taxonomy":"product_cat","embeddable":true,"href":"https:\/\/www.ski-mojo.com\/it\/wp-json\/wp\/v2\/product_cat?post=52820916"},{"taxonomy":"product_tag","embeddable":true,"href":"https:\/\/www.ski-mojo.com\/it\/wp-json\/wp\/v2\/product_tag?post=52820916"}],"curies":[{"name":"wp","href":"https:\/\/api.w.org\/{rel}","templated":true}]}}