{"id":52820816,"date":"2025-07-21T13:11:58","date_gmt":"2025-07-21T13:11:58","guid":{"rendered":"https:\/\/www.ski-mojo.com\/?post_type=product&#038;p=52820816"},"modified":"2025-08-29T12:58:18","modified_gmt":"2025-08-29T12:58:18","slug":"aggiornamento-completo-dellimbracatura","status":"publish","type":"product","link":"https:\/\/www.ski-mojo.com\/it\/prodotto\/aggiornamento-completo-dellimbracatura\/","title":{"rendered":"Aggiornamento Completo dell&#8217;Imbracatura"},"content":{"rendered":"<p>Il clip di sgancio rapido installato su ciascun lato dell&#8217;imbracatura consente un utilizzo quotidiano facile e veloce del tuo Ski~Mojo. Questo \u00e8 particolarmente utile per indossarlo al mattino (ogni gamba pu\u00f2 essere facilmente staccata dall&#8217;imbracatura) o per le pause bagno.<\/p>\n<p><strong>Con l&#8217;Upgrade COMPLETO, riceverai l&#8217;ultimo modello di imbracatura, facile da installare e confortevole, oltre alle due nuove aste superiori per il tuo Ski~Mojo.<\/strong><\/p>\n","protected":false},"excerpt":{"rendered":"<p><strong>Se il tuo Ski~Mojo risale al 2017 o prima<\/strong> e la sua imbracatura non \u00e8 ancora stata sostituita.<\/p>\n<p>Questa imbracatura \u00e8 molto pi\u00f9 semplice e veloce da usare nell&#8217;uso quotidiano del Ski~Mojo. Questo kit ti permetter\u00e0 di adattare questa nuova imbracatura al tuo vecchio Ski~Mojo.<\/p>\n<p>&nbsp;<\/p>\n","protected":false},"featured_media":52807239,"comment_status":"open","ping_status":"closed","template":"","meta":{"_acf_changed":false},"product_brand":[],"product_cat":[762],"product_tag":[],"class_list":{"0":"post-52820816","1":"product","2":"type-product","3":"status-publish","4":"has-post-thumbnail","6":"product_cat-accessori","7":"product_shipping_class-leger-it","9":"first","10":"instock","11":"taxable","12":"shipping-taxable","13":"purchasable","14":"product-type-simple"},"acf":[],"yoast_head":"<!-- This site is optimized with the Yoast SEO plugin v27.4 - https:\/\/yoast.com\/product\/yoast-seo-wordpress\/ -->\n<title>Negozio Ski~Mojo | Aggiornamento Completo dell&#039;Imbracatura<\/title>\n<meta name=\"description\" content=\"Per aggiornare la vostra imbracatura se il vostro Ski~Mojo risale alla stagione 2017 o precedente.\" \/>\n<meta name=\"robots\" content=\"index, follow, max-snippet:-1, max-image-preview:large, max-video-preview:-1\" \/>\n<link rel=\"canonical\" href=\"https:\/\/www.ski-mojo.com\/it\/prodotto\/aggiornamento-completo-dellimbracatura\/\" \/>\n<meta property=\"og:locale\" content=\"it_IT\" \/>\n<meta property=\"og:type\" content=\"article\" \/>\n<meta property=\"og:title\" content=\"Negozio Ski~Mojo | Aggiornamento Completo dell&#039;Imbracatura\" \/>\n<meta property=\"og:description\" content=\"Per aggiornare la vostra imbracatura se il vostro Ski~Mojo risale alla stagione 2017 o precedente.\" \/>\n<meta property=\"og:url\" content=\"https:\/\/www.ski-mojo.com\/it\/prodotto\/aggiornamento-completo-dellimbracatura\/\" \/>\n<meta property=\"og:site_name\" content=\"Ski~Mojo\" \/>\n<meta property=\"article:publisher\" content=\"https:\/\/www.facebook.com\/skimojomania\" \/>\n<meta property=\"article:modified_time\" content=\"2025-08-29T12:58:18+00:00\" \/>\n<meta property=\"og:image\" content=\"https:\/\/www.ski-mojo.com\/wp-content\/uploads\/2019\/08\/upgrade-3-1.jpeg\" \/>\n\t<meta property=\"og:image:width\" content=\"1600\" \/>\n\t<meta property=\"og:image:height\" content=\"1003\" \/>\n\t<meta property=\"og:image:type\" content=\"image\/jpeg\" \/>\n<meta name=\"twitter:card\" content=\"summary_large_image\" \/>\n<script type=\"application\/ld+json\" class=\"yoast-schema-graph\">{\"@context\":\"https:\\\/\\\/schema.org\",\"@graph\":[{\"@type\":\"WebPage\",\"@id\":\"https:\\\/\\\/www.ski-mojo.com\\\/it\\\/prodotto\\\/aggiornamento-completo-dellimbracatura\\\/\",\"url\":\"https:\\\/\\\/www.ski-mojo.com\\\/it\\\/prodotto\\\/aggiornamento-completo-dellimbracatura\\\/\",\"name\":\"Negozio Ski~Mojo | Aggiornamento Completo dell'Imbracatura\",\"isPartOf\":{\"@id\":\"https:\\\/\\\/www.ski-mojo.com\\\/it\\\/#website\"},\"primaryImageOfPage\":{\"@id\":\"https:\\\/\\\/www.ski-mojo.com\\\/it\\\/prodotto\\\/aggiornamento-completo-dellimbracatura\\\/#primaryimage\"},\"image\":{\"@id\":\"https:\\\/\\\/www.ski-mojo.com\\\/it\\\/prodotto\\\/aggiornamento-completo-dellimbracatura\\\/#primaryimage\"},\"thumbnailUrl\":\"https:\\\/\\\/www.ski-mojo.com\\\/wp-content\\\/uploads\\\/2025\\\/06\\\/171009-skimojo-detail-002-2.png\",\"datePublished\":\"2025-07-21T13:11:58+00:00\",\"dateModified\":\"2025-08-29T12:58:18+00:00\",\"description\":\"Per aggiornare la vostra imbracatura se il vostro Ski~Mojo risale alla stagione 2017 o precedente.\",\"breadcrumb\":{\"@id\":\"https:\\\/\\\/www.ski-mojo.com\\\/it\\\/prodotto\\\/aggiornamento-completo-dellimbracatura\\\/#breadcrumb\"},\"inLanguage\":\"it-IT\",\"potentialAction\":[{\"@type\":\"ReadAction\",\"target\":[\"https:\\\/\\\/www.ski-mojo.com\\\/it\\\/prodotto\\\/aggiornamento-completo-dellimbracatura\\\/\"]}]},{\"@type\":\"ImageObject\",\"inLanguage\":\"it-IT\",\"@id\":\"https:\\\/\\\/www.ski-mojo.com\\\/it\\\/prodotto\\\/aggiornamento-completo-dellimbracatura\\\/#primaryimage\",\"url\":\"https:\\\/\\\/www.ski-mojo.com\\\/wp-content\\\/uploads\\\/2025\\\/06\\\/171009-skimojo-detail-002-2.png\",\"contentUrl\":\"https:\\\/\\\/www.ski-mojo.com\\\/wp-content\\\/uploads\\\/2025\\\/06\\\/171009-skimojo-detail-002-2.png\",\"width\":1365,\"height\":2048},{\"@type\":\"BreadcrumbList\",\"@id\":\"https:\\\/\\\/www.ski-mojo.com\\\/it\\\/prodotto\\\/aggiornamento-completo-dellimbracatura\\\/#breadcrumb\",\"itemListElement\":[{\"@type\":\"ListItem\",\"position\":1,\"name\":\"Home\",\"item\":\"https:\\\/\\\/www.ski-mojo.com\\\/it\\\/\"},{\"@type\":\"ListItem\",\"position\":2,\"name\":\"Negozio\",\"item\":\"https:\\\/\\\/www.ski-mojo.com\\\/it\\\/negozio\\\/\"},{\"@type\":\"ListItem\",\"position\":3,\"name\":\"Aggiornamento Completo dell&rsquo;Imbracatura\"}]},{\"@type\":\"WebSite\",\"@id\":\"https:\\\/\\\/www.ski-mojo.com\\\/it\\\/#website\",\"url\":\"https:\\\/\\\/www.ski-mojo.com\\\/it\\\/\",\"name\":\"Ski~Mojo\",\"description\":\"\",\"publisher\":{\"@id\":\"https:\\\/\\\/www.ski-mojo.com\\\/it\\\/#organization\"},\"potentialAction\":[{\"@type\":\"SearchAction\",\"target\":{\"@type\":\"EntryPoint\",\"urlTemplate\":\"https:\\\/\\\/www.ski-mojo.com\\\/it\\\/?s={search_term_string}\"},\"query-input\":{\"@type\":\"PropertyValueSpecification\",\"valueRequired\":true,\"valueName\":\"search_term_string\"}}],\"inLanguage\":\"it-IT\"},{\"@type\":\"Organization\",\"@id\":\"https:\\\/\\\/www.ski-mojo.com\\\/it\\\/#organization\",\"name\":\"Ski~Mojo\",\"url\":\"https:\\\/\\\/www.ski-mojo.com\\\/it\\\/\",\"logo\":{\"@type\":\"ImageObject\",\"inLanguage\":\"it-IT\",\"@id\":\"https:\\\/\\\/www.ski-mojo.com\\\/it\\\/#\\\/schema\\\/logo\\\/image\\\/\",\"url\":\"https:\\\/\\\/www.ski-mojo.com\\\/wp-content\\\/uploads\\\/2025\\\/05\\\/ski-mojo-1.png\",\"contentUrl\":\"https:\\\/\\\/www.ski-mojo.com\\\/wp-content\\\/uploads\\\/2025\\\/05\\\/ski-mojo-1.png\",\"width\":379,\"height\":93,\"caption\":\"Ski~Mojo\"},\"image\":{\"@id\":\"https:\\\/\\\/www.ski-mojo.com\\\/it\\\/#\\\/schema\\\/logo\\\/image\\\/\"},\"sameAs\":[\"https:\\\/\\\/www.facebook.com\\\/skimojomania\",\"https:\\\/\\\/www.instagram.com\\\/skimojo_official\\\/\",\"https:\\\/\\\/www.linkedin.com\\\/company\\\/ski-mojo\\\/\",\"https:\\\/\\\/www.youtube.com\\\/SkiMojoFrance\"]}]}<\/script>\n<!-- \/ Yoast SEO plugin. -->","yoast_head_json":{"title":"Negozio Ski~Mojo | Aggiornamento Completo dell'Imbracatura","description":"Per aggiornare la vostra imbracatura se il vostro Ski~Mojo risale alla stagione 2017 o precedente.","robots":{"index":"index","follow":"follow","max-snippet":"max-snippet:-1","max-image-preview":"max-image-preview:large","max-video-preview":"max-video-preview:-1"},"canonical":"https:\/\/www.ski-mojo.com\/it\/prodotto\/aggiornamento-completo-dellimbracatura\/","og_locale":"it_IT","og_type":"article","og_title":"Negozio Ski~Mojo | Aggiornamento Completo dell'Imbracatura","og_description":"Per aggiornare la vostra imbracatura se il vostro Ski~Mojo risale alla stagione 2017 o precedente.","og_url":"https:\/\/www.ski-mojo.com\/it\/prodotto\/aggiornamento-completo-dellimbracatura\/","og_site_name":"Ski~Mojo","article_publisher":"https:\/\/www.facebook.com\/skimojomania","article_modified_time":"2025-08-29T12:58:18+00:00","og_image":[{"width":1600,"height":1003,"url":"https:\/\/www.ski-mojo.com\/wp-content\/uploads\/2019\/08\/upgrade-3-1.jpeg","type":"image\/jpeg"}],"twitter_card":"summary_large_image","schema":{"@context":"https:\/\/schema.org","@graph":[{"@type":"WebPage","@id":"https:\/\/www.ski-mojo.com\/it\/prodotto\/aggiornamento-completo-dellimbracatura\/","url":"https:\/\/www.ski-mojo.com\/it\/prodotto\/aggiornamento-completo-dellimbracatura\/","name":"Negozio Ski~Mojo | Aggiornamento Completo dell'Imbracatura","isPartOf":{"@id":"https:\/\/www.ski-mojo.com\/it\/#website"},"primaryImageOfPage":{"@id":"https:\/\/www.ski-mojo.com\/it\/prodotto\/aggiornamento-completo-dellimbracatura\/#primaryimage"},"image":{"@id":"https:\/\/www.ski-mojo.com\/it\/prodotto\/aggiornamento-completo-dellimbracatura\/#primaryimage"},"thumbnailUrl":"https:\/\/www.ski-mojo.com\/wp-content\/uploads\/2025\/06\/171009-skimojo-detail-002-2.png","datePublished":"2025-07-21T13:11:58+00:00","dateModified":"2025-08-29T12:58:18+00:00","description":"Per aggiornare la vostra imbracatura se il vostro Ski~Mojo risale alla stagione 2017 o precedente.","breadcrumb":{"@id":"https:\/\/www.ski-mojo.com\/it\/prodotto\/aggiornamento-completo-dellimbracatura\/#breadcrumb"},"inLanguage":"it-IT","potentialAction":[{"@type":"ReadAction","target":["https:\/\/www.ski-mojo.com\/it\/prodotto\/aggiornamento-completo-dellimbracatura\/"]}]},{"@type":"ImageObject","inLanguage":"it-IT","@id":"https:\/\/www.ski-mojo.com\/it\/prodotto\/aggiornamento-completo-dellimbracatura\/#primaryimage","url":"https:\/\/www.ski-mojo.com\/wp-content\/uploads\/2025\/06\/171009-skimojo-detail-002-2.png","contentUrl":"https:\/\/www.ski-mojo.com\/wp-content\/uploads\/2025\/06\/171009-skimojo-detail-002-2.png","width":1365,"height":2048},{"@type":"BreadcrumbList","@id":"https:\/\/www.ski-mojo.com\/it\/prodotto\/aggiornamento-completo-dellimbracatura\/#breadcrumb","itemListElement":[{"@type":"ListItem","position":1,"name":"Home","item":"https:\/\/www.ski-mojo.com\/it\/"},{"@type":"ListItem","position":2,"name":"Negozio","item":"https:\/\/www.ski-mojo.com\/it\/negozio\/"},{"@type":"ListItem","position":3,"name":"Aggiornamento Completo dell&rsquo;Imbracatura"}]},{"@type":"WebSite","@id":"https:\/\/www.ski-mojo.com\/it\/#website","url":"https:\/\/www.ski-mojo.com\/it\/","name":"Ski~Mojo","description":"","publisher":{"@id":"https:\/\/www.ski-mojo.com\/it\/#organization"},"potentialAction":[{"@type":"SearchAction","target":{"@type":"EntryPoint","urlTemplate":"https:\/\/www.ski-mojo.com\/it\/?s={search_term_string}"},"query-input":{"@type":"PropertyValueSpecification","valueRequired":true,"valueName":"search_term_string"}}],"inLanguage":"it-IT"},{"@type":"Organization","@id":"https:\/\/www.ski-mojo.com\/it\/#organization","name":"Ski~Mojo","url":"https:\/\/www.ski-mojo.com\/it\/","logo":{"@type":"ImageObject","inLanguage":"it-IT","@id":"https:\/\/www.ski-mojo.com\/it\/#\/schema\/logo\/image\/","url":"https:\/\/www.ski-mojo.com\/wp-content\/uploads\/2025\/05\/ski-mojo-1.png","contentUrl":"https:\/\/www.ski-mojo.com\/wp-content\/uploads\/2025\/05\/ski-mojo-1.png","width":379,"height":93,"caption":"Ski~Mojo"},"image":{"@id":"https:\/\/www.ski-mojo.com\/it\/#\/schema\/logo\/image\/"},"sameAs":["https:\/\/www.facebook.com\/skimojomania","https:\/\/www.instagram.com\/skimojo_official\/","https:\/\/www.linkedin.com\/company\/ski-mojo\/","https:\/\/www.youtube.com\/SkiMojoFrance"]}]}},"_links":{"self":[{"href":"https:\/\/www.ski-mojo.com\/it\/wp-json\/wp\/v2\/product\/52820816","targetHints":{"allow":["GET"]}}],"collection":[{"href":"https:\/\/www.ski-mojo.com\/it\/wp-json\/wp\/v2\/product"}],"about":[{"href":"https:\/\/www.ski-mojo.com\/it\/wp-json\/wp\/v2\/types\/product"}],"replies":[{"embeddable":true,"href":"https:\/\/www.ski-mojo.com\/it\/wp-json\/wp\/v2\/comments?post=52820816"}],"wp:featuredmedia":[{"embeddable":true,"href":"https:\/\/www.ski-mojo.com\/it\/wp-json\/wp\/v2\/media\/52807239"}],"wp:attachment":[{"href":"https:\/\/www.ski-mojo.com\/it\/wp-json\/wp\/v2\/media?parent=52820816"}],"wp:term":[{"taxonomy":"product_brand","embeddable":true,"href":"https:\/\/www.ski-mojo.com\/it\/wp-json\/wp\/v2\/product_brand?post=52820816"},{"taxonomy":"product_cat","embeddable":true,"href":"https:\/\/www.ski-mojo.com\/it\/wp-json\/wp\/v2\/product_cat?post=52820816"},{"taxonomy":"product_tag","embeddable":true,"href":"https:\/\/www.ski-mojo.com\/it\/wp-json\/wp\/v2\/product_tag?post=52820816"}],"curies":[{"name":"wp","href":"https:\/\/api.w.org\/{rel}","templated":true}]}}