{"id":52814309,"date":"2025-06-24T11:38:41","date_gmt":"2025-06-24T11:38:41","guid":{"rendered":"https:\/\/www.ski-mojo.com\/?page_id=52814309"},"modified":"2025-08-15T14:43:08","modified_gmt":"2025-08-15T14:43:08","slug":"sci-mojo-club","status":"publish","type":"page","link":"https:\/\/www.ski-mojo.com\/it\/sci-mojo-club\/","title":{"rendered":"Ski Mojo Club"},"content":{"rendered":"\t\t<div data-elementor-type=\"wp-page\" data-elementor-id=\"52814309\" class=\"elementor elementor-52814309 elementor-52795466\" data-elementor-post-type=\"page\">\n\t\t\t\t<div class=\"elementor-element elementor-element-c7bca18 e-flex e-con-boxed e-con e-parent\" data-id=\"c7bca18\" data-element_type=\"container\" data-e-type=\"container\">\n\t\t\t\t\t<div class=\"e-con-inner\">\n\t\t<div class=\"elementor-element elementor-element-a228eba e-con-full e-flex e-con e-child\" data-id=\"a228eba\" data-element_type=\"container\" data-e-type=\"container\">\n\t\t<div class=\"elementor-element elementor-element-94c14de e-con-full e-flex e-con e-child\" data-id=\"94c14de\" data-element_type=\"container\" data-e-type=\"container\">\n\t\t\t\t<div class=\"elementor-element elementor-element-8c6b457 elementor-widget elementor-widget-text-editor\" data-id=\"8c6b457\" data-element_type=\"widget\" data-e-type=\"widget\" data-widget_type=\"text-editor.default\">\n\t\t\t\t<div class=\"elementor-widget-container\">\n\t\t\t\t\t\t\t\t\tScopri il\t\t\t\t\t\t\t\t<\/div>\n\t\t\t\t<\/div>\n\t\t\t\t<div class=\"elementor-element elementor-element-ae17996 elementor-widget elementor-widget-heading\" data-id=\"ae17996\" data-element_type=\"widget\" data-e-type=\"widget\" data-widget_type=\"heading.default\">\n\t\t\t\t<div class=\"elementor-widget-container\">\n\t\t\t\t\t<h1 class=\"elementor-heading-title elementor-size-default\">Sci~Mojo Club\n<\/h1>\t\t\t\t<\/div>\n\t\t\t\t<\/div>\n\t\t\t\t<div class=\"elementor-element elementor-element-723358a elementor-widget__width-initial elementor-widget elementor-widget-text-editor\" data-id=\"723358a\" data-element_type=\"widget\" data-e-type=\"widget\" data-widget_type=\"text-editor.default\">\n\t\t\t\t<div class=\"elementor-widget-container\">\n\t\t\t\t\t\t\t\t\t<p>Oggi abbiamo quasi 30.000 utenti di Ski-Mojo in tutto il mondo\u2026 e alcuni di loro ci hanno detto che vorrebbero formare un Club per creare una vera e propria comunit\u00e0 e beneficiare di alcuni vantaggi. Inoltre, siamo lieti di annunciare la creazione dello Ski Mojo Club affiliato alla Federazione francese di sci.<\/p><p>Diventare socio di questo club aperto a tutti (sciatori, snowboarder, utilizzatori di Ski-Mojo e non) significa avvicinarsi gli uni agli altri per condividere la propria passione per la montagna e lo sci.<\/p><p>\u00c8 anche, e soprattutto, beneficiare della licenza della F\u00e9d\u00e9ration Fran\u00e7aise de Ski e delle polizze assicurative specifiche stipulate per la pratica dei nostri sport preferiti.<\/p>\t\t\t\t\t\t\t\t<\/div>\n\t\t\t\t<\/div>\n\t\t<div class=\"elementor-element elementor-element-c0b17c3 e-con-full e-flex e-con e-child\" data-id=\"c0b17c3\" data-element_type=\"container\" data-e-type=\"container\">\n\t\t\t\t<div class=\"elementor-element elementor-element-ba0c2e1 elementor-mobile-align-justify elementor-widget-mobile__width-inherit elementor-widget elementor-widget-button\" data-id=\"ba0c2e1\" data-element_type=\"widget\" data-e-type=\"widget\" data-widget_type=\"button.default\">\n\t\t\t\t<div class=\"elementor-widget-container\">\n\t\t\t\t\t\t\t\t\t<div class=\"elementor-button-wrapper\">\n\t\t\t\t\t<a class=\"elementor-button elementor-button-link elementor-size-sm\" href=\"https:\/\/www.skimojoclub.fr\/\" target=\"_blank\">\n\t\t\t\t\t\t<span class=\"elementor-button-content-wrapper\">\n\t\t\t\t\t\t\t\t\t<span class=\"elementor-button-text\">Ski Mojo Club<\/span>\n\t\t\t\t\t<\/span>\n\t\t\t\t\t<\/a>\n\t\t\t\t<\/div>\n\t\t\t\t\t\t\t\t<\/div>\n\t\t\t\t<\/div>\n\t\t\t\t<\/div>\n\t\t\t\t<\/div>\n\t\t\t\t<\/div>\n\t\t<div class=\"elementor-element elementor-element-360ebc9 e-con-full e-flex e-con e-child\" data-id=\"360ebc9\" data-element_type=\"container\" data-e-type=\"container\" data-settings=\"{&quot;background_background&quot;:&quot;classic&quot;}\">\n\t\t\t\t<div class=\"elementor-element elementor-element-b51f436 elementor-widget elementor-widget-spacer\" data-id=\"b51f436\" data-element_type=\"widget\" data-e-type=\"widget\" data-widget_type=\"spacer.default\">\n\t\t\t\t<div class=\"elementor-widget-container\">\n\t\t\t\t\t\t\t<div class=\"elementor-spacer\">\n\t\t\t<div class=\"elementor-spacer-inner\"><\/div>\n\t\t<\/div>\n\t\t\t\t\t\t<\/div>\n\t\t\t\t<\/div>\n\t\t\t\t<\/div>\n\t\t\t\t\t<\/div>\n\t\t\t\t<\/div>\n\t\t<div class=\"elementor-element elementor-element-9cbd104 e-flex e-con-boxed e-con e-parent\" data-id=\"9cbd104\" data-element_type=\"container\" data-e-type=\"container\" data-settings=\"{&quot;background_background&quot;:&quot;classic&quot;}\">\n\t\t\t\t\t<div class=\"e-con-inner\">\n\t\t<div class=\"elementor-element elementor-element-de578d9 e-con-full e-flex e-con e-child\" data-id=\"de578d9\" data-element_type=\"container\" data-e-type=\"container\">\n\t\t\t\t<div class=\"elementor-element elementor-element-5b60630 elementor-widget elementor-widget-text-editor\" data-id=\"5b60630\" data-element_type=\"widget\" data-e-type=\"widget\" data-widget_type=\"text-editor.default\">\n\t\t\t\t<div class=\"elementor-widget-container\">\n\t\t\t\t\t\t\t\t\tSki Mojo Club\t\t\t\t\t\t\t\t<\/div>\n\t\t\t\t<\/div>\n\t\t\t\t<div class=\"elementor-element elementor-element-345a70b elementor-widget elementor-widget-heading\" data-id=\"345a70b\" data-element_type=\"widget\" data-e-type=\"widget\" data-widget_type=\"heading.default\">\n\t\t\t\t<div class=\"elementor-widget-container\">\n\t\t\t\t\t<h2 class=\"elementor-heading-title elementor-size-default\">Per il tempo libero, ma anche per la competizione!\n<\/h2>\t\t\t\t<\/div>\n\t\t\t\t<\/div>\n\t\t\t\t<div class=\"elementor-element elementor-element-dcfb14b elementor-widget__width-inherit elementor-widget-tablet_extra__width-initial elementor-widget-tablet__width-initial elementor-widget elementor-widget-text-editor\" data-id=\"dcfb14b\" data-element_type=\"widget\" data-e-type=\"widget\" data-widget_type=\"text-editor.default\">\n\t\t\t\t<div class=\"elementor-widget-container\">\n\t\t\t\t\t\t\t\t\t<p class=\"has-theme-palette-9-color has-text-color has-link-color wp-elements-004797cd9322b9af8cf534f98d2ffe50\">I weekend scout vengono organizzati regolarmente. Se tu o i tuoi figli siete tentati dalla competizione, non esitate a contattarci.<\/p><p class=\"has-theme-palette-9-color has-text-color has-link-color wp-elements-820455199aab7620e50b8bd1d8aca4c9\">Da diversi anni lo Ski~Mojo Club ha una squadra di atleti cittadini. I nostri atleti (giovani e meno giovani) si allenano con gli allenatori della Lega di Parigi-Nord-Centro della Federazione Francese di Sci. Rappresentano i colori del Club e della Lega nelle competizioni regionali, nazionali e internazionali.<\/p><p class=\"has-theme-palette-9-color has-text-color has-link-color wp-elements-01b713dcec5c01fac371c18c8b32c696\">Gli allenamenti (sci e preparazione fisica) si svolgono tutto l\u2019anno (su ghiacciaio in primavera e in autunno: Tignes, Val d\u2019Is\u00e8re, Hintertux, ecc.) In totale, comprese le gare che si svolgono nei fine settimana, vengono offerti ai nostri atleti tra i 50 e i 100 giorni di sci per consentire loro di ottenere buoni risultati nelle competizioni nazionali. Per alcuni, oltre agli studi, questa formazione \u00e8 un trampolino di lancio verso il diploma di maestro di sci.<\/p><div class=\"wp-block-image\">\u00a0<\/div>\t\t\t\t\t\t\t\t<\/div>\n\t\t\t\t<\/div>\n\t\t\t\t<div class=\"elementor-element elementor-element-cb12464 elementor-widget elementor-widget-image\" data-id=\"cb12464\" data-element_type=\"widget\" data-e-type=\"widget\" data-widget_type=\"image.default\">\n\t\t\t\t<div class=\"elementor-widget-container\">\n\t\t\t\t\t\t\t\t\t\t\t\t\t\t\t<img decoding=\"async\" width=\"230\" height=\"85\" src=\"https:\/\/www.ski-mojo.com\/wp-content\/uploads\/2025\/06\/Group-49.png\" class=\"attachment-large size-large wp-image-52795480\" alt=\"\" \/>\t\t\t\t\t\t\t\t\t\t\t\t\t\t\t<\/div>\n\t\t\t\t<\/div>\n\t\t\t\t<\/div>\n\t\t<div class=\"elementor-element elementor-element-10a1a00 e-con-full e-flex e-con e-child\" data-id=\"10a1a00\" data-element_type=\"container\" data-e-type=\"container\">\n\t\t\t\t<div class=\"elementor-element elementor-element-1bdab58 elementor-widget elementor-widget-image\" data-id=\"1bdab58\" data-element_type=\"widget\" data-e-type=\"widget\" data-widget_type=\"image.default\">\n\t\t\t\t<div class=\"elementor-widget-container\">\n\t\t\t\t\t\t\t\t\t\t\t\t\t\t\t<img fetchpriority=\"high\" decoding=\"async\" width=\"800\" height=\"551\" src=\"https:\/\/www.ski-mojo.com\/wp-content\/uploads\/2025\/06\/d7fd4f083be6b36646bfb9bb0de965afe8bcfce2.png\" class=\"attachment-large size-large wp-image-52795485\" alt=\"\" srcset=\"https:\/\/www.ski-mojo.com\/wp-content\/uploads\/2025\/06\/d7fd4f083be6b36646bfb9bb0de965afe8bcfce2.png 818w, https:\/\/www.ski-mojo.com\/wp-content\/uploads\/2025\/06\/d7fd4f083be6b36646bfb9bb0de965afe8bcfce2-500x344.png 500w, https:\/\/www.ski-mojo.com\/wp-content\/uploads\/2025\/06\/d7fd4f083be6b36646bfb9bb0de965afe8bcfce2-300x206.png 300w, https:\/\/www.ski-mojo.com\/wp-content\/uploads\/2025\/06\/d7fd4f083be6b36646bfb9bb0de965afe8bcfce2-768x529.png 768w\" sizes=\"(max-width: 800px) 100vw, 800px\" \/>\t\t\t\t\t\t\t\t\t\t\t\t\t\t\t<\/div>\n\t\t\t\t<\/div>\n\t\t<div class=\"elementor-element elementor-element-7f3dcce e-con-full elementor-hidden-desktop elementor-hidden-tablet_extra e-flex e-con e-child\" data-id=\"7f3dcce\" data-element_type=\"container\" data-e-type=\"container\">\n\t\t\t\t<div class=\"elementor-element elementor-element-ca6f915 elementor-mobile-align-justify elementor-widget-mobile__width-inherit elementor-widget elementor-widget-button\" data-id=\"ca6f915\" data-element_type=\"widget\" data-e-type=\"widget\" data-widget_type=\"button.default\">\n\t\t\t\t<div class=\"elementor-widget-container\">\n\t\t\t\t\t\t\t\t\t<div class=\"elementor-button-wrapper\">\n\t\t\t\t\t<a class=\"elementor-button elementor-button-link elementor-size-sm\" href=\"https:\/\/www.skimojoclub.fr\/\" target=\"_blank\">\n\t\t\t\t\t\t<span class=\"elementor-button-content-wrapper\">\n\t\t\t\t\t\t\t\t\t<span class=\"elementor-button-text\">Ski Mojo Club<\/span>\n\t\t\t\t\t<\/span>\n\t\t\t\t\t<\/a>\n\t\t\t\t<\/div>\n\t\t\t\t\t\t\t\t<\/div>\n\t\t\t\t<\/div>\n\t\t\t\t<\/div>\n\t\t\t\t<\/div>\n\t\t\t\t\t<\/div>\n\t\t\t\t<\/div>\n\t\t\t\t<\/div>\n\t\t","protected":false},"excerpt":{"rendered":"<p>Scopri il Sci~Mojo Club Oggi abbiamo quasi 30.000 utenti di Ski-Mojo in tutto il mondo\u2026 e alcuni di loro ci hanno detto che vorrebbero formare un Club per creare una vera e propria comunit\u00e0 e beneficiare di alcuni vantaggi. Inoltre, siamo lieti di annunciare la creazione dello Ski Mojo Club affiliato alla Federazione francese di [&hellip;]<\/p>\n","protected":false},"author":1,"featured_media":0,"parent":0,"menu_order":0,"comment_status":"closed","ping_status":"closed","template":"elementor_header_footer","meta":{"_acf_changed":false,"footnotes":""},"class_list":["post-52814309","page","type-page","status-publish","hentry"],"acf":[],"yoast_head":"<!-- This site is optimized with the Yoast SEO plugin v27.5 - https:\/\/yoast.com\/product\/yoast-seo-wordpress\/ -->\n<title>Ski~Mojo | Sci Mojo Club | Club della Federazione Francese di Sci<\/title>\n<meta name=\"description\" content=\"Sia per il tempo libero che per la competizione, con o senza Ski Mojo, lo Ski Mojo Club, affiliato alla Federazione Francese di Sci, \u00e8 aperto a tutti.\" \/>\n<meta name=\"robots\" content=\"index, follow, max-snippet:-1, max-image-preview:large, max-video-preview:-1\" \/>\n<link rel=\"canonical\" href=\"https:\/\/www.ski-mojo.com\/it\/sci-mojo-club\/\" \/>\n<meta property=\"og:locale\" content=\"it_IT\" \/>\n<meta property=\"og:type\" content=\"article\" \/>\n<meta property=\"og:title\" content=\"Ski~Mojo | Sci Mojo Club | Club della Federazione Francese di Sci\" \/>\n<meta property=\"og:description\" content=\"Sia per il tempo libero che per la competizione, con o senza Ski Mojo, lo Ski Mojo Club, affiliato alla Federazione Francese di Sci, \u00e8 aperto a tutti.\" \/>\n<meta property=\"og:url\" content=\"https:\/\/www.ski-mojo.com\/it\/sci-mojo-club\/\" \/>\n<meta property=\"og:site_name\" content=\"Ski~Mojo\" \/>\n<meta property=\"article:publisher\" content=\"https:\/\/www.facebook.com\/skimojomania\" \/>\n<meta property=\"article:modified_time\" content=\"2025-08-15T14:43:08+00:00\" \/>\n<meta property=\"og:image\" content=\"https:\/\/www.ski-mojo.com\/wp-content\/uploads\/2025\/06\/Group-49.png\" \/>\n<meta name=\"twitter:card\" content=\"summary_large_image\" \/>\n<meta name=\"twitter:label1\" content=\"Tempo di lettura stimato\" \/>\n\t<meta name=\"twitter:data1\" content=\"2 minuto\" \/>\n<script type=\"application\/ld+json\" class=\"yoast-schema-graph\">{\"@context\":\"https:\\\/\\\/schema.org\",\"@graph\":[{\"@type\":\"WebPage\",\"@id\":\"https:\\\/\\\/www.ski-mojo.com\\\/it\\\/sci-mojo-club\\\/\",\"url\":\"https:\\\/\\\/www.ski-mojo.com\\\/it\\\/sci-mojo-club\\\/\",\"name\":\"Ski~Mojo | Sci Mojo Club | Club della Federazione Francese di Sci\",\"isPartOf\":{\"@id\":\"https:\\\/\\\/www.ski-mojo.com\\\/it\\\/#website\"},\"primaryImageOfPage\":{\"@id\":\"https:\\\/\\\/www.ski-mojo.com\\\/it\\\/sci-mojo-club\\\/#primaryimage\"},\"image\":{\"@id\":\"https:\\\/\\\/www.ski-mojo.com\\\/it\\\/sci-mojo-club\\\/#primaryimage\"},\"thumbnailUrl\":\"https:\\\/\\\/www.ski-mojo.com\\\/wp-content\\\/uploads\\\/2025\\\/06\\\/Group-49.png\",\"datePublished\":\"2025-06-24T11:38:41+00:00\",\"dateModified\":\"2025-08-15T14:43:08+00:00\",\"description\":\"Sia per il tempo libero che per la competizione, con o senza Ski Mojo, lo Ski Mojo Club, affiliato alla Federazione Francese di Sci, \u00e8 aperto a tutti.\",\"breadcrumb\":{\"@id\":\"https:\\\/\\\/www.ski-mojo.com\\\/it\\\/sci-mojo-club\\\/#breadcrumb\"},\"inLanguage\":\"it-IT\",\"potentialAction\":[{\"@type\":\"ReadAction\",\"target\":[\"https:\\\/\\\/www.ski-mojo.com\\\/it\\\/sci-mojo-club\\\/\"]}]},{\"@type\":\"ImageObject\",\"inLanguage\":\"it-IT\",\"@id\":\"https:\\\/\\\/www.ski-mojo.com\\\/it\\\/sci-mojo-club\\\/#primaryimage\",\"url\":\"https:\\\/\\\/www.ski-mojo.com\\\/wp-content\\\/uploads\\\/2025\\\/06\\\/Group-49.png\",\"contentUrl\":\"https:\\\/\\\/www.ski-mojo.com\\\/wp-content\\\/uploads\\\/2025\\\/06\\\/Group-49.png\"},{\"@type\":\"BreadcrumbList\",\"@id\":\"https:\\\/\\\/www.ski-mojo.com\\\/it\\\/sci-mojo-club\\\/#breadcrumb\",\"itemListElement\":[{\"@type\":\"ListItem\",\"position\":1,\"name\":\"Home\",\"item\":\"https:\\\/\\\/www.ski-mojo.com\\\/it\\\/\"},{\"@type\":\"ListItem\",\"position\":2,\"name\":\"Ski Mojo Club\"}]},{\"@type\":\"WebSite\",\"@id\":\"https:\\\/\\\/www.ski-mojo.com\\\/it\\\/#website\",\"url\":\"https:\\\/\\\/www.ski-mojo.com\\\/it\\\/\",\"name\":\"Ski~Mojo\",\"description\":\"\",\"publisher\":{\"@id\":\"https:\\\/\\\/www.ski-mojo.com\\\/it\\\/#organization\"},\"potentialAction\":[{\"@type\":\"SearchAction\",\"target\":{\"@type\":\"EntryPoint\",\"urlTemplate\":\"https:\\\/\\\/www.ski-mojo.com\\\/it\\\/?s={search_term_string}\"},\"query-input\":{\"@type\":\"PropertyValueSpecification\",\"valueRequired\":true,\"valueName\":\"search_term_string\"}}],\"inLanguage\":\"it-IT\"},{\"@type\":\"Organization\",\"@id\":\"https:\\\/\\\/www.ski-mojo.com\\\/it\\\/#organization\",\"name\":\"Ski~Mojo\",\"url\":\"https:\\\/\\\/www.ski-mojo.com\\\/it\\\/\",\"logo\":{\"@type\":\"ImageObject\",\"inLanguage\":\"it-IT\",\"@id\":\"https:\\\/\\\/www.ski-mojo.com\\\/it\\\/#\\\/schema\\\/logo\\\/image\\\/\",\"url\":\"https:\\\/\\\/www.ski-mojo.com\\\/wp-content\\\/uploads\\\/2025\\\/05\\\/ski-mojo-1.png\",\"contentUrl\":\"https:\\\/\\\/www.ski-mojo.com\\\/wp-content\\\/uploads\\\/2025\\\/05\\\/ski-mojo-1.png\",\"width\":379,\"height\":93,\"caption\":\"Ski~Mojo\"},\"image\":{\"@id\":\"https:\\\/\\\/www.ski-mojo.com\\\/it\\\/#\\\/schema\\\/logo\\\/image\\\/\"},\"sameAs\":[\"https:\\\/\\\/www.facebook.com\\\/skimojomania\",\"https:\\\/\\\/www.instagram.com\\\/skimojo_official\\\/\",\"https:\\\/\\\/www.linkedin.com\\\/company\\\/ski-mojo\\\/\",\"https:\\\/\\\/www.youtube.com\\\/SkiMojoFrance\"]}]}<\/script>\n<!-- \/ Yoast SEO plugin. -->","yoast_head_json":{"title":"Ski~Mojo | Sci Mojo Club | Club della Federazione Francese di Sci","description":"Sia per il tempo libero che per la competizione, con o senza Ski Mojo, lo Ski Mojo Club, affiliato alla Federazione Francese di Sci, \u00e8 aperto a tutti.","robots":{"index":"index","follow":"follow","max-snippet":"max-snippet:-1","max-image-preview":"max-image-preview:large","max-video-preview":"max-video-preview:-1"},"canonical":"https:\/\/www.ski-mojo.com\/it\/sci-mojo-club\/","og_locale":"it_IT","og_type":"article","og_title":"Ski~Mojo | Sci Mojo Club | Club della Federazione Francese di Sci","og_description":"Sia per il tempo libero che per la competizione, con o senza Ski Mojo, lo Ski Mojo Club, affiliato alla Federazione Francese di Sci, \u00e8 aperto a tutti.","og_url":"https:\/\/www.ski-mojo.com\/it\/sci-mojo-club\/","og_site_name":"Ski~Mojo","article_publisher":"https:\/\/www.facebook.com\/skimojomania","article_modified_time":"2025-08-15T14:43:08+00:00","og_image":[{"url":"https:\/\/www.ski-mojo.com\/wp-content\/uploads\/2025\/06\/Group-49.png","type":"","width":"","height":""}],"twitter_card":"summary_large_image","twitter_misc":{"Tempo di lettura stimato":"2 minuto"},"schema":{"@context":"https:\/\/schema.org","@graph":[{"@type":"WebPage","@id":"https:\/\/www.ski-mojo.com\/it\/sci-mojo-club\/","url":"https:\/\/www.ski-mojo.com\/it\/sci-mojo-club\/","name":"Ski~Mojo | Sci Mojo Club | Club della Federazione Francese di Sci","isPartOf":{"@id":"https:\/\/www.ski-mojo.com\/it\/#website"},"primaryImageOfPage":{"@id":"https:\/\/www.ski-mojo.com\/it\/sci-mojo-club\/#primaryimage"},"image":{"@id":"https:\/\/www.ski-mojo.com\/it\/sci-mojo-club\/#primaryimage"},"thumbnailUrl":"https:\/\/www.ski-mojo.com\/wp-content\/uploads\/2025\/06\/Group-49.png","datePublished":"2025-06-24T11:38:41+00:00","dateModified":"2025-08-15T14:43:08+00:00","description":"Sia per il tempo libero che per la competizione, con o senza Ski Mojo, lo Ski Mojo Club, affiliato alla Federazione Francese di Sci, \u00e8 aperto a tutti.","breadcrumb":{"@id":"https:\/\/www.ski-mojo.com\/it\/sci-mojo-club\/#breadcrumb"},"inLanguage":"it-IT","potentialAction":[{"@type":"ReadAction","target":["https:\/\/www.ski-mojo.com\/it\/sci-mojo-club\/"]}]},{"@type":"ImageObject","inLanguage":"it-IT","@id":"https:\/\/www.ski-mojo.com\/it\/sci-mojo-club\/#primaryimage","url":"https:\/\/www.ski-mojo.com\/wp-content\/uploads\/2025\/06\/Group-49.png","contentUrl":"https:\/\/www.ski-mojo.com\/wp-content\/uploads\/2025\/06\/Group-49.png"},{"@type":"BreadcrumbList","@id":"https:\/\/www.ski-mojo.com\/it\/sci-mojo-club\/#breadcrumb","itemListElement":[{"@type":"ListItem","position":1,"name":"Home","item":"https:\/\/www.ski-mojo.com\/it\/"},{"@type":"ListItem","position":2,"name":"Ski Mojo Club"}]},{"@type":"WebSite","@id":"https:\/\/www.ski-mojo.com\/it\/#website","url":"https:\/\/www.ski-mojo.com\/it\/","name":"Ski~Mojo","description":"","publisher":{"@id":"https:\/\/www.ski-mojo.com\/it\/#organization"},"potentialAction":[{"@type":"SearchAction","target":{"@type":"EntryPoint","urlTemplate":"https:\/\/www.ski-mojo.com\/it\/?s={search_term_string}"},"query-input":{"@type":"PropertyValueSpecification","valueRequired":true,"valueName":"search_term_string"}}],"inLanguage":"it-IT"},{"@type":"Organization","@id":"https:\/\/www.ski-mojo.com\/it\/#organization","name":"Ski~Mojo","url":"https:\/\/www.ski-mojo.com\/it\/","logo":{"@type":"ImageObject","inLanguage":"it-IT","@id":"https:\/\/www.ski-mojo.com\/it\/#\/schema\/logo\/image\/","url":"https:\/\/www.ski-mojo.com\/wp-content\/uploads\/2025\/05\/ski-mojo-1.png","contentUrl":"https:\/\/www.ski-mojo.com\/wp-content\/uploads\/2025\/05\/ski-mojo-1.png","width":379,"height":93,"caption":"Ski~Mojo"},"image":{"@id":"https:\/\/www.ski-mojo.com\/it\/#\/schema\/logo\/image\/"},"sameAs":["https:\/\/www.facebook.com\/skimojomania","https:\/\/www.instagram.com\/skimojo_official\/","https:\/\/www.linkedin.com\/company\/ski-mojo\/","https:\/\/www.youtube.com\/SkiMojoFrance"]}]}},"_links":{"self":[{"href":"https:\/\/www.ski-mojo.com\/it\/wp-json\/wp\/v2\/pages\/52814309","targetHints":{"allow":["GET"]}}],"collection":[{"href":"https:\/\/www.ski-mojo.com\/it\/wp-json\/wp\/v2\/pages"}],"about":[{"href":"https:\/\/www.ski-mojo.com\/it\/wp-json\/wp\/v2\/types\/page"}],"author":[{"embeddable":true,"href":"https:\/\/www.ski-mojo.com\/it\/wp-json\/wp\/v2\/users\/1"}],"replies":[{"embeddable":true,"href":"https:\/\/www.ski-mojo.com\/it\/wp-json\/wp\/v2\/comments?post=52814309"}],"version-history":[{"count":5,"href":"https:\/\/www.ski-mojo.com\/it\/wp-json\/wp\/v2\/pages\/52814309\/revisions"}],"predecessor-version":[{"id":52833894,"href":"https:\/\/www.ski-mojo.com\/it\/wp-json\/wp\/v2\/pages\/52814309\/revisions\/52833894"}],"wp:attachment":[{"href":"https:\/\/www.ski-mojo.com\/it\/wp-json\/wp\/v2\/media?parent=52814309"}],"curies":[{"name":"wp","href":"https:\/\/api.w.org\/{rel}","templated":true}]}}