{"id":52821102,"date":"2025-07-21T13:23:49","date_gmt":"2025-07-21T13:23:49","guid":{"rendered":"https:\/\/www.ski-mojo.com\/?post_type=product&#038;p=52821102"},"modified":"2025-07-21T13:27:32","modified_gmt":"2025-07-21T13:27:32","slug":"cable-de-repuesto","status":"publish","type":"product","link":"https:\/\/www.ski-mojo.com\/es\/producto\/cable-de-repuesto\/","title":{"rendered":"Cable de repuesto"},"content":{"rendered":"<ul>\n<li>Si el cable de su Ski-Mojo se ha roto, antes de pedir un cable nuevo, aseg\u00farese de que podr\u00e1 reemplazarlo usted mismo. Un v\u00eddeo explicativo est\u00e1 disponible en la p\u00e1gina <strong><a href=\"https:\/\/www.ski-mojo.com\/es\/help\" target=\"_blank\" rel=\"noopener\">www.ski-mojo.com\/es\/help<\/a><\/strong>.<\/li>\n<li>\u00a0Atenci\u00f3n: Dado que ambas piernas se desgastan al mismo ritmo, es com\u00fan que, cuando el cable de una pierna se rompe, el cable de la otra tambi\u00e9n est\u00e9 muy desgastado y se rompa poco despu\u00e9s. Tenga esto en cuenta al realizar su pedido.<\/li>\n<li>\u00a0<strong style=\"color: #ff0000; font-family: var(--global-body-font-family);\">Dado que el cable es una pieza de desgaste, no se aceptan devoluciones ni reembolsos.<\/strong><\/li>\n<li>El reemplazo del cable requiere precisi\u00f3n y cuidado. Si no se siente capaz de realizar esta operaci\u00f3n por s\u00ed mismo, puede solicitar una reparaci\u00f3n de su pierna en la secci\u00f3n Tienda &gt; Servicios de nuestro sitio web. Este servicio es muy r\u00e1pido.<\/li>\n<li>Finalmente, para evitar la rotura del cable durante la temporada de invierno, le recomendamos que haga revisar su Ski-Mojo despu\u00e9s de 70 a 90 d\u00edas de uso. Estas revisiones se ofrecen durante la temporada baja de verano. Puede encontrar m\u00e1s informaci\u00f3n en <a href=\"https:\/\/www.ski-mojo.com\/es\/revision\" target=\"_blank\" rel=\"noopener\">www.ski-mojo.com\/es\/revision<\/a>.<\/li>\n<\/ul>\n<p>Este cable es compatible con los modelos de Ski-Mojo a partir de 2016.<\/p>\n","protected":false},"excerpt":{"rendered":"<p data-start=\"0\" data-end=\"296\">El cable del Ski-Mojo es, al igual que la cadena de una bicicleta, la correa de transmisi\u00f3n del Ski-Mojo. Este cable transmite todas las fuerzas, impactos y vibraciones al resorte principal del Ski-Mojo. Se trata de una pieza de desgaste que, si no se reemplaza preventivamente, puede romperse.<\/p>\n<p data-start=\"298\" data-end=\"381\" data-is-last-node=\"\" data-is-only-node=\"\"><strong>Antes de pedir un cable de repuesto, lea atentamente la informaci\u00f3n a continuaci\u00f3n.<\/strong><\/p>\n","protected":false},"featured_media":52807623,"comment_status":"closed","ping_status":"closed","template":"","meta":{"_acf_changed":false},"product_brand":[],"product_cat":[763],"product_tag":[],"class_list":{"0":"post-52821102","1":"product","2":"type-product","3":"status-publish","4":"has-post-thumbnail","6":"product_cat-accesorios","7":"product_shipping_class-tres-leger-es","9":"first","10":"instock","11":"taxable","12":"shipping-taxable","13":"purchasable","14":"product-type-simple"},"acf":[],"yoast_head":"<!-- This site is optimized with the Yoast SEO plugin v27.4 - https:\/\/yoast.com\/product\/yoast-seo-wordpress\/ -->\n<title>Ski~Mojo | Cable de repuesto<\/title>\n<meta name=\"robots\" content=\"index, follow, max-snippet:-1, max-image-preview:large, max-video-preview:-1\" \/>\n<link rel=\"canonical\" href=\"https:\/\/www.ski-mojo.com\/es\/producto\/cable-de-repuesto\/\" \/>\n<meta property=\"og:locale\" content=\"es_ES\" \/>\n<meta property=\"og:type\" content=\"article\" \/>\n<meta property=\"og:title\" content=\"Ski~Mojo | Cable de repuesto\" \/>\n<meta property=\"og:description\" content=\"El cable del Ski-Mojo es, al igual que la cadena de una bicicleta, la correa de transmisi\u00f3n del Ski-Mojo. Este cable transmite todas las fuerzas, impactos y vibraciones al resorte principal del Ski-Mojo. Se trata de una pieza de desgaste que, si no se reemplaza preventivamente, puede romperse. Antes de pedir un cable de repuesto, lea atentamente la informaci\u00f3n a continuaci\u00f3n.\" \/>\n<meta property=\"og:url\" content=\"https:\/\/www.ski-mojo.com\/es\/producto\/cable-de-repuesto\/\" \/>\n<meta property=\"og:site_name\" content=\"Ski-mojo\" \/>\n<meta property=\"article:publisher\" content=\"https:\/\/www.facebook.com\/skimojomania\" \/>\n<meta property=\"article:modified_time\" content=\"2025-07-21T13:27:32+00:00\" \/>\n<meta property=\"og:image\" content=\"https:\/\/www.ski-mojo.com\/wp-content\/uploads\/2025\/06\/Cable-Ski-Mojo.jpg\" \/>\n\t<meta property=\"og:image:width\" content=\"897\" \/>\n\t<meta property=\"og:image:height\" content=\"900\" \/>\n\t<meta property=\"og:image:type\" content=\"image\/jpeg\" \/>\n<meta name=\"twitter:card\" content=\"summary_large_image\" \/>\n<meta name=\"twitter:label1\" content=\"Tiempo de lectura\" \/>\n\t<meta name=\"twitter:data1\" content=\"1 minuto\" \/>\n<script type=\"application\/ld+json\" class=\"yoast-schema-graph\">{\"@context\":\"https:\\\/\\\/schema.org\",\"@graph\":[{\"@type\":\"WebPage\",\"@id\":\"https:\\\/\\\/www.ski-mojo.com\\\/es\\\/producto\\\/cable-de-repuesto\\\/\",\"url\":\"https:\\\/\\\/www.ski-mojo.com\\\/es\\\/producto\\\/cable-de-repuesto\\\/\",\"name\":\"Ski~Mojo | Cable de repuesto\",\"isPartOf\":{\"@id\":\"https:\\\/\\\/www.ski-mojo.com\\\/es\\\/#website\"},\"primaryImageOfPage\":{\"@id\":\"https:\\\/\\\/www.ski-mojo.com\\\/es\\\/producto\\\/cable-de-repuesto\\\/#primaryimage\"},\"image\":{\"@id\":\"https:\\\/\\\/www.ski-mojo.com\\\/es\\\/producto\\\/cable-de-repuesto\\\/#primaryimage\"},\"thumbnailUrl\":\"https:\\\/\\\/www.ski-mojo.com\\\/wp-content\\\/uploads\\\/2025\\\/06\\\/Cable-Ski-Mojo.jpg\",\"datePublished\":\"2025-07-21T13:23:49+00:00\",\"dateModified\":\"2025-07-21T13:27:32+00:00\",\"breadcrumb\":{\"@id\":\"https:\\\/\\\/www.ski-mojo.com\\\/es\\\/producto\\\/cable-de-repuesto\\\/#breadcrumb\"},\"inLanguage\":\"es\",\"potentialAction\":[{\"@type\":\"ReadAction\",\"target\":[\"https:\\\/\\\/www.ski-mojo.com\\\/es\\\/producto\\\/cable-de-repuesto\\\/\"]}]},{\"@type\":\"ImageObject\",\"inLanguage\":\"es\",\"@id\":\"https:\\\/\\\/www.ski-mojo.com\\\/es\\\/producto\\\/cable-de-repuesto\\\/#primaryimage\",\"url\":\"https:\\\/\\\/www.ski-mojo.com\\\/wp-content\\\/uploads\\\/2025\\\/06\\\/Cable-Ski-Mojo.jpg\",\"contentUrl\":\"https:\\\/\\\/www.ski-mojo.com\\\/wp-content\\\/uploads\\\/2025\\\/06\\\/Cable-Ski-Mojo.jpg\",\"width\":897,\"height\":900},{\"@type\":\"BreadcrumbList\",\"@id\":\"https:\\\/\\\/www.ski-mojo.com\\\/es\\\/producto\\\/cable-de-repuesto\\\/#breadcrumb\",\"itemListElement\":[{\"@type\":\"ListItem\",\"position\":1,\"name\":\"Home\",\"item\":\"https:\\\/\\\/www.ski-mojo.com\\\/es\\\/\"},{\"@type\":\"ListItem\",\"position\":2,\"name\":\"Tienda\",\"item\":\"https:\\\/\\\/www.ski-mojo.com\\\/es\\\/tienda\\\/\"},{\"@type\":\"ListItem\",\"position\":3,\"name\":\"Cable de repuesto\"}]},{\"@type\":\"WebSite\",\"@id\":\"https:\\\/\\\/www.ski-mojo.com\\\/es\\\/#website\",\"url\":\"https:\\\/\\\/www.ski-mojo.com\\\/es\\\/\",\"name\":\"Ski~Mojo\",\"description\":\"\",\"publisher\":{\"@id\":\"https:\\\/\\\/www.ski-mojo.com\\\/es\\\/#organization\"},\"potentialAction\":[{\"@type\":\"SearchAction\",\"target\":{\"@type\":\"EntryPoint\",\"urlTemplate\":\"https:\\\/\\\/www.ski-mojo.com\\\/es\\\/?s={search_term_string}\"},\"query-input\":{\"@type\":\"PropertyValueSpecification\",\"valueRequired\":true,\"valueName\":\"search_term_string\"}}],\"inLanguage\":\"es\"},{\"@type\":\"Organization\",\"@id\":\"https:\\\/\\\/www.ski-mojo.com\\\/es\\\/#organization\",\"name\":\"Ski~Mojo\",\"url\":\"https:\\\/\\\/www.ski-mojo.com\\\/es\\\/\",\"logo\":{\"@type\":\"ImageObject\",\"inLanguage\":\"es\",\"@id\":\"https:\\\/\\\/www.ski-mojo.com\\\/es\\\/#\\\/schema\\\/logo\\\/image\\\/\",\"url\":\"https:\\\/\\\/www.ski-mojo.com\\\/wp-content\\\/uploads\\\/2025\\\/05\\\/ski-mojo-1.png\",\"contentUrl\":\"https:\\\/\\\/www.ski-mojo.com\\\/wp-content\\\/uploads\\\/2025\\\/05\\\/ski-mojo-1.png\",\"width\":379,\"height\":93,\"caption\":\"Ski~Mojo\"},\"image\":{\"@id\":\"https:\\\/\\\/www.ski-mojo.com\\\/es\\\/#\\\/schema\\\/logo\\\/image\\\/\"},\"sameAs\":[\"https:\\\/\\\/www.facebook.com\\\/skimojomania\",\"https:\\\/\\\/www.instagram.com\\\/skimojo_official\\\/\",\"https:\\\/\\\/www.linkedin.com\\\/company\\\/ski-mojo\\\/\",\"https:\\\/\\\/www.youtube.com\\\/SkiMojoFrance\"]}]}<\/script>\n<!-- \/ Yoast SEO plugin. -->","yoast_head_json":{"title":"Ski~Mojo | Cable de repuesto","robots":{"index":"index","follow":"follow","max-snippet":"max-snippet:-1","max-image-preview":"max-image-preview:large","max-video-preview":"max-video-preview:-1"},"canonical":"https:\/\/www.ski-mojo.com\/es\/producto\/cable-de-repuesto\/","og_locale":"es_ES","og_type":"article","og_title":"Ski~Mojo | Cable de repuesto","og_description":"El cable del Ski-Mojo es, al igual que la cadena de una bicicleta, la correa de transmisi\u00f3n del Ski-Mojo. Este cable transmite todas las fuerzas, impactos y vibraciones al resorte principal del Ski-Mojo. Se trata de una pieza de desgaste que, si no se reemplaza preventivamente, puede romperse. Antes de pedir un cable de repuesto, lea atentamente la informaci\u00f3n a continuaci\u00f3n.","og_url":"https:\/\/www.ski-mojo.com\/es\/producto\/cable-de-repuesto\/","og_site_name":"Ski-mojo","article_publisher":"https:\/\/www.facebook.com\/skimojomania","article_modified_time":"2025-07-21T13:27:32+00:00","og_image":[{"width":897,"height":900,"url":"https:\/\/www.ski-mojo.com\/wp-content\/uploads\/2025\/06\/Cable-Ski-Mojo.jpg","type":"image\/jpeg"}],"twitter_card":"summary_large_image","twitter_misc":{"Tiempo de lectura":"1 minuto"},"schema":{"@context":"https:\/\/schema.org","@graph":[{"@type":"WebPage","@id":"https:\/\/www.ski-mojo.com\/es\/producto\/cable-de-repuesto\/","url":"https:\/\/www.ski-mojo.com\/es\/producto\/cable-de-repuesto\/","name":"Ski~Mojo | Cable de repuesto","isPartOf":{"@id":"https:\/\/www.ski-mojo.com\/es\/#website"},"primaryImageOfPage":{"@id":"https:\/\/www.ski-mojo.com\/es\/producto\/cable-de-repuesto\/#primaryimage"},"image":{"@id":"https:\/\/www.ski-mojo.com\/es\/producto\/cable-de-repuesto\/#primaryimage"},"thumbnailUrl":"https:\/\/www.ski-mojo.com\/wp-content\/uploads\/2025\/06\/Cable-Ski-Mojo.jpg","datePublished":"2025-07-21T13:23:49+00:00","dateModified":"2025-07-21T13:27:32+00:00","breadcrumb":{"@id":"https:\/\/www.ski-mojo.com\/es\/producto\/cable-de-repuesto\/#breadcrumb"},"inLanguage":"es","potentialAction":[{"@type":"ReadAction","target":["https:\/\/www.ski-mojo.com\/es\/producto\/cable-de-repuesto\/"]}]},{"@type":"ImageObject","inLanguage":"es","@id":"https:\/\/www.ski-mojo.com\/es\/producto\/cable-de-repuesto\/#primaryimage","url":"https:\/\/www.ski-mojo.com\/wp-content\/uploads\/2025\/06\/Cable-Ski-Mojo.jpg","contentUrl":"https:\/\/www.ski-mojo.com\/wp-content\/uploads\/2025\/06\/Cable-Ski-Mojo.jpg","width":897,"height":900},{"@type":"BreadcrumbList","@id":"https:\/\/www.ski-mojo.com\/es\/producto\/cable-de-repuesto\/#breadcrumb","itemListElement":[{"@type":"ListItem","position":1,"name":"Home","item":"https:\/\/www.ski-mojo.com\/es\/"},{"@type":"ListItem","position":2,"name":"Tienda","item":"https:\/\/www.ski-mojo.com\/es\/tienda\/"},{"@type":"ListItem","position":3,"name":"Cable de repuesto"}]},{"@type":"WebSite","@id":"https:\/\/www.ski-mojo.com\/es\/#website","url":"https:\/\/www.ski-mojo.com\/es\/","name":"Ski~Mojo","description":"","publisher":{"@id":"https:\/\/www.ski-mojo.com\/es\/#organization"},"potentialAction":[{"@type":"SearchAction","target":{"@type":"EntryPoint","urlTemplate":"https:\/\/www.ski-mojo.com\/es\/?s={search_term_string}"},"query-input":{"@type":"PropertyValueSpecification","valueRequired":true,"valueName":"search_term_string"}}],"inLanguage":"es"},{"@type":"Organization","@id":"https:\/\/www.ski-mojo.com\/es\/#organization","name":"Ski~Mojo","url":"https:\/\/www.ski-mojo.com\/es\/","logo":{"@type":"ImageObject","inLanguage":"es","@id":"https:\/\/www.ski-mojo.com\/es\/#\/schema\/logo\/image\/","url":"https:\/\/www.ski-mojo.com\/wp-content\/uploads\/2025\/05\/ski-mojo-1.png","contentUrl":"https:\/\/www.ski-mojo.com\/wp-content\/uploads\/2025\/05\/ski-mojo-1.png","width":379,"height":93,"caption":"Ski~Mojo"},"image":{"@id":"https:\/\/www.ski-mojo.com\/es\/#\/schema\/logo\/image\/"},"sameAs":["https:\/\/www.facebook.com\/skimojomania","https:\/\/www.instagram.com\/skimojo_official\/","https:\/\/www.linkedin.com\/company\/ski-mojo\/","https:\/\/www.youtube.com\/SkiMojoFrance"]}]}},"_links":{"self":[{"href":"https:\/\/www.ski-mojo.com\/es\/wp-json\/wp\/v2\/product\/52821102","targetHints":{"allow":["GET"]}}],"collection":[{"href":"https:\/\/www.ski-mojo.com\/es\/wp-json\/wp\/v2\/product"}],"about":[{"href":"https:\/\/www.ski-mojo.com\/es\/wp-json\/wp\/v2\/types\/product"}],"replies":[{"embeddable":true,"href":"https:\/\/www.ski-mojo.com\/es\/wp-json\/wp\/v2\/comments?post=52821102"}],"wp:featuredmedia":[{"embeddable":true,"href":"https:\/\/www.ski-mojo.com\/es\/wp-json\/wp\/v2\/media\/52807623"}],"wp:attachment":[{"href":"https:\/\/www.ski-mojo.com\/es\/wp-json\/wp\/v2\/media?parent=52821102"}],"wp:term":[{"taxonomy":"product_brand","embeddable":true,"href":"https:\/\/www.ski-mojo.com\/es\/wp-json\/wp\/v2\/product_brand?post=52821102"},{"taxonomy":"product_cat","embeddable":true,"href":"https:\/\/www.ski-mojo.com\/es\/wp-json\/wp\/v2\/product_cat?post=52821102"},{"taxonomy":"product_tag","embeddable":true,"href":"https:\/\/www.ski-mojo.com\/es\/wp-json\/wp\/v2\/product_tag?post=52821102"}],"curies":[{"name":"wp","href":"https:\/\/api.w.org\/{rel}","templated":true}]}}