{"id":52820931,"date":"2025-07-21T13:11:53","date_gmt":"2025-07-21T13:11:53","guid":{"rendered":"https:\/\/www.ski-mojo.com\/?post_type=product&#038;p=52820931"},"modified":"2026-03-30T17:35:33","modified_gmt":"2026-03-30T15:35:33","slug":"exoesqueleto-skimojo","status":"publish","type":"product","link":"https:\/\/www.ski-mojo.com\/es\/producto\/exoesqueleto-skimojo\/","title":{"rendered":"Exoesqueleto Ski~Mojo"},"content":{"rendered":"<h2 style=\"font-size: 20px; font-weight: bold; margin: 20px 0 10px; color: #111;\">Compre directamente al fabricante de Ski~Mojo:<\/h2>\n<p>Al comprar en nuestro sitio web oficial, usted se beneficia de una transacci\u00f3n directa y segura con el equipo que dise\u00f1a el Ski~Mojo. Le acompa\u00f1amos paso a paso: Manual de Usuario detallado, v\u00eddeos tutoriales claros y asistencia r\u00e1pida por tel\u00e9fono o correo electr\u00f3nico para ayudarle a ajustar su exoesqueleto con facilidad.<\/p>\n<h2 style=\"font-size: 20px; font-weight: bold; margin: 20px 0 10px; color: #111;\">Mucho m\u00e1s que un accesorio de esqu\u00ed<\/h2>\n<p>El <strong>Ski~Mojo<\/strong> no es una \u00f3rtesis ni una f\u00e9rula: es un verdadero <strong>exoesqueleto de esqu\u00ed y snowboard<\/strong>.<br \/>\nReduce en un tercio la presi\u00f3n ejercida sobre las piernas, absorbe impactos y vibraciones y alivia eficazmente las articulaciones. Resultado: adi\u00f3s a los muslos ardiendo, adi\u00f3s a las rodillas doloridas y mucha m\u00e1s resistencia muscular durante toda su estancia en la monta\u00f1a.<\/p>\n<p>Recupere sus mejores sensaciones en las pistas con una tecnolog\u00eda sencilla pero probada, que genera una sensaci\u00f3n de ligereza en las piernas e intensifica el placer de esquiar.<\/p>\n<h2 style=\"font-size: 20px; font-weight: bold; margin: 20px 0 10px; color: #111;\">Los beneficios del Ski~Mojo:<\/h2>\n<ul>\n<li>Alivia rodillas, muslos, caderas y espalda.<\/li>\n<li>Mejora su resistencia muscular para esquiar m\u00e1s tiempo, con m\u00e1s intensidad o simplemente seguir el ritmo de sus amigos.<\/li>\n<li>Le permite disfrutar de sus vacaciones sin temer la fatiga muscular despu\u00e9s de unos pocos d\u00edas de esqu\u00ed.<\/li>\n<li>Reduce el riesgo de lesiones relacionadas con la fatiga y aumenta su seguridad.<\/li>\n<\/ul>\n<h2 style=\"font-size: 20px; font-weight: bold; margin: 20px 0 10px; color: #111;\">Un equipo apto para todas las morfolog\u00edas<\/h2>\n<p>El Ski~Mojo se adapta a todas las morfolog\u00edas (altura m\u00ednima: 1,55 m) y se elige \u00fanicamente seg\u00fan su peso:<\/p>\n<ul>\n<li><strong>Ski~Mojo Blue<\/strong>: pesa menos de 57 kg<\/li>\n<li><strong>Ski~Mojo Silver<\/strong>: pesa entre 58 y 80 kg<\/li>\n<li><strong>Ski~Mojo Gold<\/strong>: pesa m\u00e1s de 80 kg<\/li>\n<\/ul>\n<p>Consulte la gu\u00eda de modelos en las fotos de presentaci\u00f3n del Ski~Mojo en esta p\u00e1gina.<br \/>\nAjustar\u00e1 el Ski~Mojo seg\u00fan la longitud de sus piernas para que se adapte perfectamente a su cuerpo.<\/p>\n<h2 style=\"font-size: 20px; font-weight: bold; margin: 20px 0 10px; color: #111;\">Qu\u00e9 incluye su pack Ski~Mojo<\/h2>\n<p>Su Ski~Mojo se entrega listo para usar en una caja que contiene:<\/p>\n<ul>\n<li>2 piernas exoesqueleto (pierna derecha + pierna izquierda)<\/li>\n<li>Un arn\u00e9s ligero y c\u00f3modo<\/li>\n<li>Dos pares de conectores (temporales y definitivos) para sus botas de esqu\u00ed<\/li>\n<li>Un kit de herramientas, una bolsa de transporte y una gu\u00eda completa de instalaci\u00f3n (franc\u00e9s, ingl\u00e9s, italiano, alem\u00e1n)<\/li>\n<\/ul>\n<p>Color de la funda de neopreno: negro (colores camuflaje o leopardo disponibles solo bajo pedido).<\/p>\n<h2 style=\"font-size: 20px; font-weight: bold; margin: 20px 0 10px; color: #111;\">Garant\u00eda y accesorios<\/h2>\n<p>Garant\u00eda est\u00e1ndar: 24 meses (puede ampliarse a 48 meses despu\u00e9s de registrar su garant\u00eda).<\/p>\n<p>Accesorios opcionales (ver secci\u00f3n Accesorios en nuestra tienda online):<\/p>\n<ul>\n<li>Tirantes (si necesita llevar su Ski~Mojo sin botas de esqu\u00ed)<\/li>\n<li>Conectores espec\u00edficos para botas de snowboard<\/li>\n<li>Mochila para transportar f\u00e1cilmente su Ski~Mojo<\/li>\n<\/ul>\n<h2 style=\"font-size: 20px; font-weight: bold; margin: 20px 0 10px; color: #111;\">Informaci\u00f3n adicional<\/h2>\n<p>Como muchos otros equipos deportivos dise\u00f1ados para hacer la pr\u00e1ctica m\u00e1s segura, f\u00e1cil o prolongada, el Ski~Mojo no es un dispositivo m\u00e9dico y no est\u00e1 destinado a tratar, curar o prevenir ninguna enfermedad.<\/p>\n<p><strong>Fabricado en Francia \u2013 Enviado desde Francia o Suiza<\/strong> seg\u00fan el destino.<\/p>\n","protected":false},"excerpt":{"rendered":"<p><strong><span style=\"color: #ff0000;\">Promoci\u00f3n del momento: \u00a1entrega gratuita!<\/span><\/strong> El Ski~Mojo se adapta a todas las morfolog\u00edas de adultos que midan m\u00e1s de 1,55 m. Seleccione su modelo \u00fanicamente en funci\u00f3n de su peso (sin incluir el equipo de esqu\u00ed):<\/p>\n<ul>\n<li><strong>57 kg o menos:<\/strong> Ski~Mojo Blue<\/li>\n<li><strong>Entre 57 y 80 kg:<\/strong> Ski~Mojo Silver<\/li>\n<li><strong>M\u00e1s de 80 kg:<\/strong> Ski~Mojo Gold<\/li>\n<\/ul>\n","protected":false},"featured_media":52808464,"comment_status":"open","ping_status":"closed","template":"","meta":{"_acf_changed":false},"product_brand":[],"product_cat":[775],"product_tag":[],"class_list":{"0":"post-52820931","1":"product","2":"type-product","3":"status-publish","4":"has-post-thumbnail","6":"product_cat-esqui-mojo-exoesqueleto-completo","7":"product_shipping_class-lourd-es","9":"first","10":"instock","11":"taxable","12":"shipping-taxable","13":"purchasable","14":"product-type-variable"},"acf":[],"yoast_head":"<!-- This site is optimized with the Yoast SEO plugin v27.4 - https:\/\/yoast.com\/product\/yoast-seo-wordpress\/ -->\n<title>Ski~Mojo | Tienda Oficial | Exoesqueleto Ski~Mojo<\/title>\n<meta name=\"description\" content=\"El exoesqueleto Ski Mojo alivia los cu\u00e1driceps y reduce considerablemente la presi\u00f3n vertical sobre las rodillas. \u00a1Compre su Ski Mojo aqu\u00ed!\" \/>\n<meta name=\"robots\" content=\"index, follow, max-snippet:-1, max-image-preview:large, max-video-preview:-1\" \/>\n<link rel=\"canonical\" href=\"https:\/\/www.ski-mojo.com\/es\/producto\/exoesqueleto-skimojo\/\" \/>\n<meta property=\"og:locale\" content=\"es_ES\" \/>\n<meta property=\"og:type\" content=\"article\" \/>\n<meta property=\"og:title\" content=\"Ski~Mojo | Shop\" \/>\n<meta property=\"og:description\" content=\"El exoesqueleto Ski~Mojo alivia los cu\u00e1driceps y reduce considerablemente la presi\u00f3n vertical sobre las rodillas.\" \/>\n<meta property=\"og:url\" content=\"https:\/\/www.ski-mojo.com\/es\/producto\/exoesqueleto-skimojo\/\" \/>\n<meta property=\"og:site_name\" content=\"Ski-mojo\" \/>\n<meta property=\"article:publisher\" content=\"https:\/\/www.facebook.com\/skimojomania\" \/>\n<meta property=\"article:modified_time\" content=\"2026-03-30T15:35:33+00:00\" \/>\n<meta property=\"og:image\" content=\"https:\/\/www.ski-mojo.com\/wp-content\/uploads\/2025\/07\/photo-Ski-Mojo-produit-1200x902-1.webp\" \/>\n\t<meta property=\"og:image:width\" content=\"1200\" \/>\n\t<meta property=\"og:image:height\" content=\"902\" \/>\n\t<meta property=\"og:image:type\" content=\"image\/webp\" \/>\n<meta name=\"twitter:card\" content=\"summary_large_image\" \/>\n<meta name=\"twitter:image\" content=\"https:\/\/www.ski-mojo.com\/wp-content\/uploads\/2024\/09\/photo-Ski-Mojo-produit-1200x902.jpg\" \/>\n<meta name=\"twitter:label1\" content=\"Tiempo de lectura\" \/>\n\t<meta name=\"twitter:data1\" content=\"3 minuto\" \/>\n<script type=\"application\/ld+json\" class=\"yoast-schema-graph\">{\"@context\":\"https:\\\/\\\/schema.org\",\"@graph\":[{\"@type\":\"WebPage\",\"@id\":\"https:\\\/\\\/www.ski-mojo.com\\\/es\\\/producto\\\/exoesqueleto-skimojo\\\/\",\"url\":\"https:\\\/\\\/www.ski-mojo.com\\\/es\\\/producto\\\/exoesqueleto-skimojo\\\/\",\"name\":\"Ski~Mojo | Tienda Oficial | Exoesqueleto Ski~Mojo\",\"isPartOf\":{\"@id\":\"https:\\\/\\\/www.ski-mojo.com\\\/es\\\/#website\"},\"primaryImageOfPage\":{\"@id\":\"https:\\\/\\\/www.ski-mojo.com\\\/es\\\/producto\\\/exoesqueleto-skimojo\\\/#primaryimage\"},\"image\":{\"@id\":\"https:\\\/\\\/www.ski-mojo.com\\\/es\\\/producto\\\/exoesqueleto-skimojo\\\/#primaryimage\"},\"thumbnailUrl\":\"https:\\\/\\\/www.ski-mojo.com\\\/wp-content\\\/uploads\\\/2025\\\/06\\\/Photo-Ski-Mojo-1-1.jpg\",\"datePublished\":\"2025-07-21T13:11:53+00:00\",\"dateModified\":\"2026-03-30T15:35:33+00:00\",\"description\":\"El exoesqueleto Ski Mojo alivia los cu\u00e1driceps y reduce considerablemente la presi\u00f3n vertical sobre las rodillas. \u00a1Compre su Ski Mojo aqu\u00ed!\",\"breadcrumb\":{\"@id\":\"https:\\\/\\\/www.ski-mojo.com\\\/es\\\/producto\\\/exoesqueleto-skimojo\\\/#breadcrumb\"},\"inLanguage\":\"es\",\"potentialAction\":[{\"@type\":\"ReadAction\",\"target\":[\"https:\\\/\\\/www.ski-mojo.com\\\/es\\\/producto\\\/exoesqueleto-skimojo\\\/\"]}]},{\"@type\":\"ImageObject\",\"inLanguage\":\"es\",\"@id\":\"https:\\\/\\\/www.ski-mojo.com\\\/es\\\/producto\\\/exoesqueleto-skimojo\\\/#primaryimage\",\"url\":\"https:\\\/\\\/www.ski-mojo.com\\\/wp-content\\\/uploads\\\/2025\\\/06\\\/Photo-Ski-Mojo-1-1.jpg\",\"contentUrl\":\"https:\\\/\\\/www.ski-mojo.com\\\/wp-content\\\/uploads\\\/2025\\\/06\\\/Photo-Ski-Mojo-1-1.jpg\",\"width\":1325,\"height\":1340},{\"@type\":\"BreadcrumbList\",\"@id\":\"https:\\\/\\\/www.ski-mojo.com\\\/es\\\/producto\\\/exoesqueleto-skimojo\\\/#breadcrumb\",\"itemListElement\":[{\"@type\":\"ListItem\",\"position\":1,\"name\":\"Home\",\"item\":\"https:\\\/\\\/www.ski-mojo.com\\\/es\\\/\"},{\"@type\":\"ListItem\",\"position\":2,\"name\":\"Tienda\",\"item\":\"https:\\\/\\\/www.ski-mojo.com\\\/es\\\/tienda\\\/\"},{\"@type\":\"ListItem\",\"position\":3,\"name\":\"Exoesqueleto Ski~Mojo\"}]},{\"@type\":\"WebSite\",\"@id\":\"https:\\\/\\\/www.ski-mojo.com\\\/es\\\/#website\",\"url\":\"https:\\\/\\\/www.ski-mojo.com\\\/es\\\/\",\"name\":\"Ski~Mojo\",\"description\":\"\",\"publisher\":{\"@id\":\"https:\\\/\\\/www.ski-mojo.com\\\/es\\\/#organization\"},\"potentialAction\":[{\"@type\":\"SearchAction\",\"target\":{\"@type\":\"EntryPoint\",\"urlTemplate\":\"https:\\\/\\\/www.ski-mojo.com\\\/es\\\/?s={search_term_string}\"},\"query-input\":{\"@type\":\"PropertyValueSpecification\",\"valueRequired\":true,\"valueName\":\"search_term_string\"}}],\"inLanguage\":\"es\"},{\"@type\":\"Organization\",\"@id\":\"https:\\\/\\\/www.ski-mojo.com\\\/es\\\/#organization\",\"name\":\"Ski~Mojo\",\"url\":\"https:\\\/\\\/www.ski-mojo.com\\\/es\\\/\",\"logo\":{\"@type\":\"ImageObject\",\"inLanguage\":\"es\",\"@id\":\"https:\\\/\\\/www.ski-mojo.com\\\/es\\\/#\\\/schema\\\/logo\\\/image\\\/\",\"url\":\"https:\\\/\\\/www.ski-mojo.com\\\/wp-content\\\/uploads\\\/2025\\\/05\\\/ski-mojo-1.png\",\"contentUrl\":\"https:\\\/\\\/www.ski-mojo.com\\\/wp-content\\\/uploads\\\/2025\\\/05\\\/ski-mojo-1.png\",\"width\":379,\"height\":93,\"caption\":\"Ski~Mojo\"},\"image\":{\"@id\":\"https:\\\/\\\/www.ski-mojo.com\\\/es\\\/#\\\/schema\\\/logo\\\/image\\\/\"},\"sameAs\":[\"https:\\\/\\\/www.facebook.com\\\/skimojomania\",\"https:\\\/\\\/www.instagram.com\\\/skimojo_official\\\/\",\"https:\\\/\\\/www.linkedin.com\\\/company\\\/ski-mojo\\\/\",\"https:\\\/\\\/www.youtube.com\\\/SkiMojoFrance\"]}]}<\/script>\n<!-- \/ Yoast SEO plugin. -->","yoast_head_json":{"title":"Ski~Mojo | Tienda Oficial | Exoesqueleto Ski~Mojo","description":"El exoesqueleto Ski Mojo alivia los cu\u00e1driceps y reduce considerablemente la presi\u00f3n vertical sobre las rodillas. \u00a1Compre su Ski Mojo aqu\u00ed!","robots":{"index":"index","follow":"follow","max-snippet":"max-snippet:-1","max-image-preview":"max-image-preview:large","max-video-preview":"max-video-preview:-1"},"canonical":"https:\/\/www.ski-mojo.com\/es\/producto\/exoesqueleto-skimojo\/","og_locale":"es_ES","og_type":"article","og_title":"Ski~Mojo | Shop","og_description":"El exoesqueleto Ski~Mojo alivia los cu\u00e1driceps y reduce considerablemente la presi\u00f3n vertical sobre las rodillas.","og_url":"https:\/\/www.ski-mojo.com\/es\/producto\/exoesqueleto-skimojo\/","og_site_name":"Ski-mojo","article_publisher":"https:\/\/www.facebook.com\/skimojomania","article_modified_time":"2026-03-30T15:35:33+00:00","og_image":[{"width":1200,"height":902,"url":"https:\/\/www.ski-mojo.com\/wp-content\/uploads\/2025\/07\/photo-Ski-Mojo-produit-1200x902-1.webp","type":"image\/webp"}],"twitter_card":"summary_large_image","twitter_image":"https:\/\/www.ski-mojo.com\/wp-content\/uploads\/2024\/09\/photo-Ski-Mojo-produit-1200x902.jpg","twitter_misc":{"Tiempo de lectura":"3 minuto"},"schema":{"@context":"https:\/\/schema.org","@graph":[{"@type":"WebPage","@id":"https:\/\/www.ski-mojo.com\/es\/producto\/exoesqueleto-skimojo\/","url":"https:\/\/www.ski-mojo.com\/es\/producto\/exoesqueleto-skimojo\/","name":"Ski~Mojo | Tienda Oficial | Exoesqueleto Ski~Mojo","isPartOf":{"@id":"https:\/\/www.ski-mojo.com\/es\/#website"},"primaryImageOfPage":{"@id":"https:\/\/www.ski-mojo.com\/es\/producto\/exoesqueleto-skimojo\/#primaryimage"},"image":{"@id":"https:\/\/www.ski-mojo.com\/es\/producto\/exoesqueleto-skimojo\/#primaryimage"},"thumbnailUrl":"https:\/\/www.ski-mojo.com\/wp-content\/uploads\/2025\/06\/Photo-Ski-Mojo-1-1.jpg","datePublished":"2025-07-21T13:11:53+00:00","dateModified":"2026-03-30T15:35:33+00:00","description":"El exoesqueleto Ski Mojo alivia los cu\u00e1driceps y reduce considerablemente la presi\u00f3n vertical sobre las rodillas. \u00a1Compre su Ski Mojo aqu\u00ed!","breadcrumb":{"@id":"https:\/\/www.ski-mojo.com\/es\/producto\/exoesqueleto-skimojo\/#breadcrumb"},"inLanguage":"es","potentialAction":[{"@type":"ReadAction","target":["https:\/\/www.ski-mojo.com\/es\/producto\/exoesqueleto-skimojo\/"]}]},{"@type":"ImageObject","inLanguage":"es","@id":"https:\/\/www.ski-mojo.com\/es\/producto\/exoesqueleto-skimojo\/#primaryimage","url":"https:\/\/www.ski-mojo.com\/wp-content\/uploads\/2025\/06\/Photo-Ski-Mojo-1-1.jpg","contentUrl":"https:\/\/www.ski-mojo.com\/wp-content\/uploads\/2025\/06\/Photo-Ski-Mojo-1-1.jpg","width":1325,"height":1340},{"@type":"BreadcrumbList","@id":"https:\/\/www.ski-mojo.com\/es\/producto\/exoesqueleto-skimojo\/#breadcrumb","itemListElement":[{"@type":"ListItem","position":1,"name":"Home","item":"https:\/\/www.ski-mojo.com\/es\/"},{"@type":"ListItem","position":2,"name":"Tienda","item":"https:\/\/www.ski-mojo.com\/es\/tienda\/"},{"@type":"ListItem","position":3,"name":"Exoesqueleto Ski~Mojo"}]},{"@type":"WebSite","@id":"https:\/\/www.ski-mojo.com\/es\/#website","url":"https:\/\/www.ski-mojo.com\/es\/","name":"Ski~Mojo","description":"","publisher":{"@id":"https:\/\/www.ski-mojo.com\/es\/#organization"},"potentialAction":[{"@type":"SearchAction","target":{"@type":"EntryPoint","urlTemplate":"https:\/\/www.ski-mojo.com\/es\/?s={search_term_string}"},"query-input":{"@type":"PropertyValueSpecification","valueRequired":true,"valueName":"search_term_string"}}],"inLanguage":"es"},{"@type":"Organization","@id":"https:\/\/www.ski-mojo.com\/es\/#organization","name":"Ski~Mojo","url":"https:\/\/www.ski-mojo.com\/es\/","logo":{"@type":"ImageObject","inLanguage":"es","@id":"https:\/\/www.ski-mojo.com\/es\/#\/schema\/logo\/image\/","url":"https:\/\/www.ski-mojo.com\/wp-content\/uploads\/2025\/05\/ski-mojo-1.png","contentUrl":"https:\/\/www.ski-mojo.com\/wp-content\/uploads\/2025\/05\/ski-mojo-1.png","width":379,"height":93,"caption":"Ski~Mojo"},"image":{"@id":"https:\/\/www.ski-mojo.com\/es\/#\/schema\/logo\/image\/"},"sameAs":["https:\/\/www.facebook.com\/skimojomania","https:\/\/www.instagram.com\/skimojo_official\/","https:\/\/www.linkedin.com\/company\/ski-mojo\/","https:\/\/www.youtube.com\/SkiMojoFrance"]}]}},"_links":{"self":[{"href":"https:\/\/www.ski-mojo.com\/es\/wp-json\/wp\/v2\/product\/52820931","targetHints":{"allow":["GET"]}}],"collection":[{"href":"https:\/\/www.ski-mojo.com\/es\/wp-json\/wp\/v2\/product"}],"about":[{"href":"https:\/\/www.ski-mojo.com\/es\/wp-json\/wp\/v2\/types\/product"}],"replies":[{"embeddable":true,"href":"https:\/\/www.ski-mojo.com\/es\/wp-json\/wp\/v2\/comments?post=52820931"}],"wp:featuredmedia":[{"embeddable":true,"href":"https:\/\/www.ski-mojo.com\/es\/wp-json\/wp\/v2\/media\/52808464"}],"wp:attachment":[{"href":"https:\/\/www.ski-mojo.com\/es\/wp-json\/wp\/v2\/media?parent=52820931"}],"wp:term":[{"taxonomy":"product_brand","embeddable":true,"href":"https:\/\/www.ski-mojo.com\/es\/wp-json\/wp\/v2\/product_brand?post=52820931"},{"taxonomy":"product_cat","embeddable":true,"href":"https:\/\/www.ski-mojo.com\/es\/wp-json\/wp\/v2\/product_cat?post=52820931"},{"taxonomy":"product_tag","embeddable":true,"href":"https:\/\/www.ski-mojo.com\/es\/wp-json\/wp\/v2\/product_tag?post=52820931"}],"curies":[{"name":"wp","href":"https:\/\/api.w.org\/{rel}","templated":true}]}}