{"id":52820840,"date":"2025-07-21T13:12:07","date_gmt":"2025-07-21T11:12:07","guid":{"rendered":"https:\/\/www.ski-mojo.com\/?post_type=product&#038;p=52820840"},"modified":"2026-01-27T15:51:01","modified_gmt":"2026-01-27T14:51:01","slug":"reparacion-de-la-pierna-cambio-por-pierna-reacondicionada","status":"publish","type":"product","link":"https:\/\/www.ski-mojo.com\/es\/producto\/reparacion-de-la-pierna-cambio-por-pierna-reacondicionada\/","title":{"rendered":"Reparaci\u00f3n de la pierna: cambio por pierna reacondicionada"},"content":{"rendered":"<p>Pierna Reacondicionada (GOLD o SILVER)<\/p>\n<ul>\n<li>Completamente desmontada y vuelta a montar en nuestros talleres el verano pasado<\/li>\n<li>Pierna entregada sin funda de neopreno, sin clips de sujeci\u00f3n de varillas y sin varillas superiores o inferiores<\/li>\n<li>Equipada con un cable nuevo<\/li>\n<li><strong>Deber\u00e1 ajustar nuevamente la potencia del resorte seg\u00fan su peso<\/strong><\/li>\n<\/ul>\n","protected":false},"excerpt":{"rendered":"<p>Para ofrecer un servicio de reparaci\u00f3n r\u00e1pido durante la temporada de invierno, le proponemos cambiar su pierna rota del Ski~Mojo (pl\u00e1stico, cable, etc.) por una pierna reacondicionada (y equipada con un cable nuevo) durante el \u00faltimo per\u00edodo estival. Esta nueva pierna habr\u00e1 sido completamente revisada antes de ser enviada a su domicilio.<\/p>\n<ul>\n<li>Nos env\u00eda su pierna rota por correo (solo la pierna: sin el neopreno, sin las varillas superiores o inferiores, sin los clips de sujeci\u00f3n de las varillas, solo la pierna tal como aparece en la foto)<\/li>\n<li>Le enviaremos una pierna reacondicionada en paralelo<\/li>\n<li>Aseg\u00farese de especificar antes de agregar al carrito si se trata de una <strong>pierna GOLD<\/strong> (botones negros) o <strong>SILVER<\/strong> (bot\u00f3n gris)<\/li>\n<\/ul>\n<p>El costo de env\u00edo se agregar\u00e1 al final del pedido en funci\u00f3n del contenido total de su pedido y de su m\u00e9todo de entrega. Toda la informaci\u00f3n sobre el env\u00edo de su pierna actual se indicar\u00e1 en la factura que recibir\u00e1 unas horas despu\u00e9s de haber realizado su pedido. Contamos con usted para que nos devuelva su pierna rota.<\/p>\n<p>&nbsp;<\/p>\n","protected":false},"featured_media":52808543,"comment_status":"open","ping_status":"closed","template":"","meta":{"_acf_changed":false},"product_brand":[],"product_cat":[765],"product_tag":[],"class_list":{"0":"post-52820840","1":"product","2":"type-product","3":"status-publish","4":"has-post-thumbnail","6":"product_cat-servicios","7":"product_shipping_class-luz","9":"first","10":"instock","11":"taxable","12":"shipping-taxable","13":"purchasable","14":"product-type-variable"},"acf":[],"yoast_head":"<!-- This site is optimized with the Yoast SEO plugin v27.4 - https:\/\/yoast.com\/product\/yoast-seo-wordpress\/ -->\n<title>Tienda Ski~Mojo | Reparaci\u00f3n de Pierna<\/title>\n<meta name=\"description\" content=\"Para que su Ski~Mojo vuelva a estar operativo r\u00e1pidamente, cambiamos su pierna rota del Ski~Mojopor una pierna reacondicionada y completamente revisada.\" \/>\n<meta name=\"robots\" content=\"index, follow, max-snippet:-1, max-image-preview:large, max-video-preview:-1\" \/>\n<link rel=\"canonical\" href=\"https:\/\/www.ski-mojo.com\/es\/producto\/reparacion-de-la-pierna-cambio-por-pierna-reacondicionada\/\" \/>\n<meta property=\"og:locale\" content=\"es_ES\" \/>\n<meta property=\"og:type\" content=\"article\" \/>\n<meta property=\"og:title\" content=\"Tienda Ski~Mojo | Reparaci\u00f3n de Pierna\" \/>\n<meta property=\"og:description\" content=\"Para que su Ski~Mojo vuelva a estar operativo r\u00e1pidamente, cambiamos su pierna rota del Ski~Mojopor una pierna reacondicionada y completamente revisada.\" \/>\n<meta property=\"og:url\" content=\"https:\/\/www.ski-mojo.com\/es\/producto\/reparacion-de-la-pierna-cambio-por-pierna-reacondicionada\/\" \/>\n<meta property=\"og:site_name\" content=\"Ski-mojo\" \/>\n<meta property=\"article:publisher\" content=\"https:\/\/www.facebook.com\/skimojomania\" \/>\n<meta property=\"article:modified_time\" content=\"2026-01-27T14:51:01+00:00\" \/>\n<meta property=\"og:image\" content=\"https:\/\/www.ski-mojo.com\/wp-content\/uploads\/2025\/07\/photo-Ski-Mojo-produit-1200x902-1.webp\" \/>\n\t<meta property=\"og:image:width\" content=\"1200\" \/>\n\t<meta property=\"og:image:height\" content=\"902\" \/>\n\t<meta property=\"og:image:type\" content=\"image\/webp\" \/>\n<meta name=\"twitter:card\" content=\"summary_large_image\" \/>\n<script type=\"application\/ld+json\" class=\"yoast-schema-graph\">{\"@context\":\"https:\\\/\\\/schema.org\",\"@graph\":[{\"@type\":\"WebPage\",\"@id\":\"https:\\\/\\\/www.ski-mojo.com\\\/es\\\/producto\\\/reparacion-de-la-pierna-cambio-por-pierna-reacondicionada\\\/\",\"url\":\"https:\\\/\\\/www.ski-mojo.com\\\/es\\\/producto\\\/reparacion-de-la-pierna-cambio-por-pierna-reacondicionada\\\/\",\"name\":\"Tienda Ski~Mojo | Reparaci\u00f3n de Pierna\",\"isPartOf\":{\"@id\":\"https:\\\/\\\/www.ski-mojo.com\\\/es\\\/#website\"},\"primaryImageOfPage\":{\"@id\":\"https:\\\/\\\/www.ski-mojo.com\\\/es\\\/producto\\\/reparacion-de-la-pierna-cambio-por-pierna-reacondicionada\\\/#primaryimage\"},\"image\":{\"@id\":\"https:\\\/\\\/www.ski-mojo.com\\\/es\\\/producto\\\/reparacion-de-la-pierna-cambio-por-pierna-reacondicionada\\\/#primaryimage\"},\"thumbnailUrl\":\"https:\\\/\\\/www.ski-mojo.com\\\/wp-content\\\/uploads\\\/2025\\\/06\\\/Reparation-jambe-2.jpg\",\"datePublished\":\"2025-07-21T11:12:07+00:00\",\"dateModified\":\"2026-01-27T14:51:01+00:00\",\"description\":\"Para que su Ski~Mojo vuelva a estar operativo r\u00e1pidamente, cambiamos su pierna rota del Ski~Mojopor una pierna reacondicionada y completamente revisada.\",\"breadcrumb\":{\"@id\":\"https:\\\/\\\/www.ski-mojo.com\\\/es\\\/producto\\\/reparacion-de-la-pierna-cambio-por-pierna-reacondicionada\\\/#breadcrumb\"},\"inLanguage\":\"es\",\"potentialAction\":[{\"@type\":\"ReadAction\",\"target\":[\"https:\\\/\\\/www.ski-mojo.com\\\/es\\\/producto\\\/reparacion-de-la-pierna-cambio-por-pierna-reacondicionada\\\/\"]}]},{\"@type\":\"ImageObject\",\"inLanguage\":\"es\",\"@id\":\"https:\\\/\\\/www.ski-mojo.com\\\/es\\\/producto\\\/reparacion-de-la-pierna-cambio-por-pierna-reacondicionada\\\/#primaryimage\",\"url\":\"https:\\\/\\\/www.ski-mojo.com\\\/wp-content\\\/uploads\\\/2025\\\/06\\\/Reparation-jambe-2.jpg\",\"contentUrl\":\"https:\\\/\\\/www.ski-mojo.com\\\/wp-content\\\/uploads\\\/2025\\\/06\\\/Reparation-jambe-2.jpg\",\"width\":1165,\"height\":1167},{\"@type\":\"BreadcrumbList\",\"@id\":\"https:\\\/\\\/www.ski-mojo.com\\\/es\\\/producto\\\/reparacion-de-la-pierna-cambio-por-pierna-reacondicionada\\\/#breadcrumb\",\"itemListElement\":[{\"@type\":\"ListItem\",\"position\":1,\"name\":\"Home\",\"item\":\"https:\\\/\\\/www.ski-mojo.com\\\/es\\\/\"},{\"@type\":\"ListItem\",\"position\":2,\"name\":\"Tienda\",\"item\":\"https:\\\/\\\/www.ski-mojo.com\\\/es\\\/tienda\\\/\"},{\"@type\":\"ListItem\",\"position\":3,\"name\":\"Reparaci\u00f3n de la pierna: cambio por pierna reacondicionada\"}]},{\"@type\":\"WebSite\",\"@id\":\"https:\\\/\\\/www.ski-mojo.com\\\/es\\\/#website\",\"url\":\"https:\\\/\\\/www.ski-mojo.com\\\/es\\\/\",\"name\":\"Ski~Mojo\",\"description\":\"\",\"publisher\":{\"@id\":\"https:\\\/\\\/www.ski-mojo.com\\\/es\\\/#organization\"},\"potentialAction\":[{\"@type\":\"SearchAction\",\"target\":{\"@type\":\"EntryPoint\",\"urlTemplate\":\"https:\\\/\\\/www.ski-mojo.com\\\/es\\\/?s={search_term_string}\"},\"query-input\":{\"@type\":\"PropertyValueSpecification\",\"valueRequired\":true,\"valueName\":\"search_term_string\"}}],\"inLanguage\":\"es\"},{\"@type\":\"Organization\",\"@id\":\"https:\\\/\\\/www.ski-mojo.com\\\/es\\\/#organization\",\"name\":\"Ski~Mojo\",\"url\":\"https:\\\/\\\/www.ski-mojo.com\\\/es\\\/\",\"logo\":{\"@type\":\"ImageObject\",\"inLanguage\":\"es\",\"@id\":\"https:\\\/\\\/www.ski-mojo.com\\\/es\\\/#\\\/schema\\\/logo\\\/image\\\/\",\"url\":\"https:\\\/\\\/www.ski-mojo.com\\\/wp-content\\\/uploads\\\/2025\\\/05\\\/ski-mojo-1.png\",\"contentUrl\":\"https:\\\/\\\/www.ski-mojo.com\\\/wp-content\\\/uploads\\\/2025\\\/05\\\/ski-mojo-1.png\",\"width\":379,\"height\":93,\"caption\":\"Ski~Mojo\"},\"image\":{\"@id\":\"https:\\\/\\\/www.ski-mojo.com\\\/es\\\/#\\\/schema\\\/logo\\\/image\\\/\"},\"sameAs\":[\"https:\\\/\\\/www.facebook.com\\\/skimojomania\",\"https:\\\/\\\/www.instagram.com\\\/skimojo_official\\\/\",\"https:\\\/\\\/www.linkedin.com\\\/company\\\/ski-mojo\\\/\",\"https:\\\/\\\/www.youtube.com\\\/SkiMojoFrance\"]}]}<\/script>\n<!-- \/ Yoast SEO plugin. -->","yoast_head_json":{"title":"Tienda Ski~Mojo | Reparaci\u00f3n de Pierna","description":"Para que su Ski~Mojo vuelva a estar operativo r\u00e1pidamente, cambiamos su pierna rota del Ski~Mojopor una pierna reacondicionada y completamente revisada.","robots":{"index":"index","follow":"follow","max-snippet":"max-snippet:-1","max-image-preview":"max-image-preview:large","max-video-preview":"max-video-preview:-1"},"canonical":"https:\/\/www.ski-mojo.com\/es\/producto\/reparacion-de-la-pierna-cambio-por-pierna-reacondicionada\/","og_locale":"es_ES","og_type":"article","og_title":"Tienda Ski~Mojo | Reparaci\u00f3n de Pierna","og_description":"Para que su Ski~Mojo vuelva a estar operativo r\u00e1pidamente, cambiamos su pierna rota del Ski~Mojopor una pierna reacondicionada y completamente revisada.","og_url":"https:\/\/www.ski-mojo.com\/es\/producto\/reparacion-de-la-pierna-cambio-por-pierna-reacondicionada\/","og_site_name":"Ski-mojo","article_publisher":"https:\/\/www.facebook.com\/skimojomania","article_modified_time":"2026-01-27T14:51:01+00:00","og_image":[{"width":1200,"height":902,"url":"https:\/\/www.ski-mojo.com\/wp-content\/uploads\/2025\/07\/photo-Ski-Mojo-produit-1200x902-1.webp","type":"image\/webp"}],"twitter_card":"summary_large_image","schema":{"@context":"https:\/\/schema.org","@graph":[{"@type":"WebPage","@id":"https:\/\/www.ski-mojo.com\/es\/producto\/reparacion-de-la-pierna-cambio-por-pierna-reacondicionada\/","url":"https:\/\/www.ski-mojo.com\/es\/producto\/reparacion-de-la-pierna-cambio-por-pierna-reacondicionada\/","name":"Tienda Ski~Mojo | Reparaci\u00f3n de Pierna","isPartOf":{"@id":"https:\/\/www.ski-mojo.com\/es\/#website"},"primaryImageOfPage":{"@id":"https:\/\/www.ski-mojo.com\/es\/producto\/reparacion-de-la-pierna-cambio-por-pierna-reacondicionada\/#primaryimage"},"image":{"@id":"https:\/\/www.ski-mojo.com\/es\/producto\/reparacion-de-la-pierna-cambio-por-pierna-reacondicionada\/#primaryimage"},"thumbnailUrl":"https:\/\/www.ski-mojo.com\/wp-content\/uploads\/2025\/06\/Reparation-jambe-2.jpg","datePublished":"2025-07-21T11:12:07+00:00","dateModified":"2026-01-27T14:51:01+00:00","description":"Para que su Ski~Mojo vuelva a estar operativo r\u00e1pidamente, cambiamos su pierna rota del Ski~Mojopor una pierna reacondicionada y completamente revisada.","breadcrumb":{"@id":"https:\/\/www.ski-mojo.com\/es\/producto\/reparacion-de-la-pierna-cambio-por-pierna-reacondicionada\/#breadcrumb"},"inLanguage":"es","potentialAction":[{"@type":"ReadAction","target":["https:\/\/www.ski-mojo.com\/es\/producto\/reparacion-de-la-pierna-cambio-por-pierna-reacondicionada\/"]}]},{"@type":"ImageObject","inLanguage":"es","@id":"https:\/\/www.ski-mojo.com\/es\/producto\/reparacion-de-la-pierna-cambio-por-pierna-reacondicionada\/#primaryimage","url":"https:\/\/www.ski-mojo.com\/wp-content\/uploads\/2025\/06\/Reparation-jambe-2.jpg","contentUrl":"https:\/\/www.ski-mojo.com\/wp-content\/uploads\/2025\/06\/Reparation-jambe-2.jpg","width":1165,"height":1167},{"@type":"BreadcrumbList","@id":"https:\/\/www.ski-mojo.com\/es\/producto\/reparacion-de-la-pierna-cambio-por-pierna-reacondicionada\/#breadcrumb","itemListElement":[{"@type":"ListItem","position":1,"name":"Home","item":"https:\/\/www.ski-mojo.com\/es\/"},{"@type":"ListItem","position":2,"name":"Tienda","item":"https:\/\/www.ski-mojo.com\/es\/tienda\/"},{"@type":"ListItem","position":3,"name":"Reparaci\u00f3n de la pierna: cambio por pierna reacondicionada"}]},{"@type":"WebSite","@id":"https:\/\/www.ski-mojo.com\/es\/#website","url":"https:\/\/www.ski-mojo.com\/es\/","name":"Ski~Mojo","description":"","publisher":{"@id":"https:\/\/www.ski-mojo.com\/es\/#organization"},"potentialAction":[{"@type":"SearchAction","target":{"@type":"EntryPoint","urlTemplate":"https:\/\/www.ski-mojo.com\/es\/?s={search_term_string}"},"query-input":{"@type":"PropertyValueSpecification","valueRequired":true,"valueName":"search_term_string"}}],"inLanguage":"es"},{"@type":"Organization","@id":"https:\/\/www.ski-mojo.com\/es\/#organization","name":"Ski~Mojo","url":"https:\/\/www.ski-mojo.com\/es\/","logo":{"@type":"ImageObject","inLanguage":"es","@id":"https:\/\/www.ski-mojo.com\/es\/#\/schema\/logo\/image\/","url":"https:\/\/www.ski-mojo.com\/wp-content\/uploads\/2025\/05\/ski-mojo-1.png","contentUrl":"https:\/\/www.ski-mojo.com\/wp-content\/uploads\/2025\/05\/ski-mojo-1.png","width":379,"height":93,"caption":"Ski~Mojo"},"image":{"@id":"https:\/\/www.ski-mojo.com\/es\/#\/schema\/logo\/image\/"},"sameAs":["https:\/\/www.facebook.com\/skimojomania","https:\/\/www.instagram.com\/skimojo_official\/","https:\/\/www.linkedin.com\/company\/ski-mojo\/","https:\/\/www.youtube.com\/SkiMojoFrance"]}]}},"_links":{"self":[{"href":"https:\/\/www.ski-mojo.com\/es\/wp-json\/wp\/v2\/product\/52820840","targetHints":{"allow":["GET"]}}],"collection":[{"href":"https:\/\/www.ski-mojo.com\/es\/wp-json\/wp\/v2\/product"}],"about":[{"href":"https:\/\/www.ski-mojo.com\/es\/wp-json\/wp\/v2\/types\/product"}],"replies":[{"embeddable":true,"href":"https:\/\/www.ski-mojo.com\/es\/wp-json\/wp\/v2\/comments?post=52820840"}],"wp:featuredmedia":[{"embeddable":true,"href":"https:\/\/www.ski-mojo.com\/es\/wp-json\/wp\/v2\/media\/52808543"}],"wp:attachment":[{"href":"https:\/\/www.ski-mojo.com\/es\/wp-json\/wp\/v2\/media?parent=52820840"}],"wp:term":[{"taxonomy":"product_brand","embeddable":true,"href":"https:\/\/www.ski-mojo.com\/es\/wp-json\/wp\/v2\/product_brand?post=52820840"},{"taxonomy":"product_cat","embeddable":true,"href":"https:\/\/www.ski-mojo.com\/es\/wp-json\/wp\/v2\/product_cat?post=52820840"},{"taxonomy":"product_tag","embeddable":true,"href":"https:\/\/www.ski-mojo.com\/es\/wp-json\/wp\/v2\/product_tag?post=52820840"}],"curies":[{"name":"wp","href":"https:\/\/api.w.org\/{rel}","templated":true}]}}