{"id":52820822,"date":"2025-07-21T13:12:00","date_gmt":"2025-07-21T11:12:00","guid":{"rendered":"https:\/\/www.ski-mojo.com\/?post_type=product&#038;p=52820822"},"modified":"2025-12-29T17:26:20","modified_gmt":"2025-12-29T16:26:20","slug":"pierna-de-repuesto-mojo-para-skimojo","status":"publish","type":"product","link":"https:\/\/www.ski-mojo.com\/es\/producto\/pierna-de-repuesto-mojo-para-skimojo\/","title":{"rendered":"Pierna de repuesto Mojo para Ski~Mojo"},"content":{"rendered":"<ul>\n<li>Una pierna de repuesto (modelo <strong>GOLD<\/strong> o <strong>SILVER<\/strong>)<\/li>\n<li>Reutilizar\u00e1 la funda de neopreno, las varillas superior e inferior, as\u00ed como los clips de sujeci\u00f3n de las varillas telesc\u00f3picas de su antigua pierna Ski~Mojo.<\/li>\n<li>Consulte www.ski-mojo.ski\/help para ver el video que le explica c\u00f3mo cambiar f\u00e1cilmente su pierna Ski~Mojo.<\/li>\n<\/ul>\n<p><strong>Consejo:<\/strong> Conserve su pierna rota. Podremos repararla durante la pr\u00f3xima revisi\u00f3n estacional de su Ski~Mojo. Luego le servir\u00e1 como pierna de repuesto.<\/p>\n","protected":false},"excerpt":{"rendered":"<p>Si una de sus dos piernas Mojo ya no funciona y su Ski~Mojo ya no est\u00e1 en garant\u00eda, aseg\u00farese de indicar en las opciones de pedido qu\u00e9 tipo de pierna (resistencia del resorte) desea pedir:<\/p>\n<ul>\n<li><strong>GOLD<\/strong> \u2013 Usuario de m\u00e1s de 75 kg (pierna con bot\u00f3n de activaci\u00f3n <strong>negro<\/strong>)<\/li>\n<li><strong>SILVER<\/strong> \u2013 Usuario entre 55 y 85 kg (pierna con bot\u00f3n de activaci\u00f3n <strong>gris<\/strong>)<\/li>\n<\/ul>\n","protected":false},"featured_media":52839330,"comment_status":"open","ping_status":"closed","template":"","meta":{"_acf_changed":false},"product_brand":[],"product_cat":[763],"product_tag":[],"class_list":{"0":"post-52820822","1":"product","2":"type-product","3":"status-publish","4":"has-post-thumbnail","6":"product_cat-accesorios","7":"product_shipping_class-luz","9":"first","10":"instock","11":"taxable","12":"shipping-taxable","13":"purchasable","14":"product-type-variable"},"acf":[],"yoast_head":"<!-- This site is optimized with the Yoast SEO plugin v27.4 - https:\/\/yoast.com\/product\/yoast-seo-wordpress\/ -->\n<title>Tienda Ski~Mojo | Pierna de Repuesto<\/title>\n<meta name=\"description\" content=\"Pierna de repuesto Ski~Mojo en caso de rotura o fallo del sistema\" \/>\n<meta name=\"robots\" content=\"index, follow, max-snippet:-1, max-image-preview:large, max-video-preview:-1\" \/>\n<link rel=\"canonical\" href=\"https:\/\/www.ski-mojo.com\/es\/producto\/pierna-de-repuesto-mojo-para-skimojo\/\" \/>\n<meta property=\"og:locale\" content=\"es_ES\" \/>\n<meta property=\"og:type\" content=\"article\" \/>\n<meta property=\"og:title\" content=\"Tienda Ski~Mojo | Pierna de Repuesto\" \/>\n<meta property=\"og:description\" content=\"Pierna de repuesto Ski~Mojo en caso de rotura o fallo del sistema\" \/>\n<meta property=\"og:url\" content=\"https:\/\/www.ski-mojo.com\/es\/producto\/pierna-de-repuesto-mojo-para-skimojo\/\" \/>\n<meta property=\"og:site_name\" content=\"Ski-mojo\" \/>\n<meta property=\"article:publisher\" content=\"https:\/\/www.facebook.com\/skimojomania\" \/>\n<meta property=\"article:modified_time\" content=\"2025-12-29T16:26:20+00:00\" \/>\n<meta property=\"og:image\" content=\"https:\/\/www.ski-mojo.com\/wp-content\/uploads\/2019\/08\/bras-silver-1-3.png\" \/>\n\t<meta property=\"og:image:width\" content=\"400\" \/>\n\t<meta property=\"og:image:height\" content=\"400\" \/>\n\t<meta property=\"og:image:type\" content=\"image\/png\" \/>\n<meta name=\"twitter:card\" content=\"summary_large_image\" \/>\n<script type=\"application\/ld+json\" class=\"yoast-schema-graph\">{\"@context\":\"https:\\\/\\\/schema.org\",\"@graph\":[{\"@type\":\"WebPage\",\"@id\":\"https:\\\/\\\/www.ski-mojo.com\\\/es\\\/producto\\\/pierna-de-repuesto-mojo-para-skimojo\\\/\",\"url\":\"https:\\\/\\\/www.ski-mojo.com\\\/es\\\/producto\\\/pierna-de-repuesto-mojo-para-skimojo\\\/\",\"name\":\"Tienda Ski~Mojo | Pierna de Repuesto\",\"isPartOf\":{\"@id\":\"https:\\\/\\\/www.ski-mojo.com\\\/es\\\/#website\"},\"primaryImageOfPage\":{\"@id\":\"https:\\\/\\\/www.ski-mojo.com\\\/es\\\/producto\\\/pierna-de-repuesto-mojo-para-skimojo\\\/#primaryimage\"},\"image\":{\"@id\":\"https:\\\/\\\/www.ski-mojo.com\\\/es\\\/producto\\\/pierna-de-repuesto-mojo-para-skimojo\\\/#primaryimage\"},\"thumbnailUrl\":\"https:\\\/\\\/www.ski-mojo.com\\\/wp-content\\\/uploads\\\/2025\\\/07\\\/jambe-2025.jpg\",\"datePublished\":\"2025-07-21T11:12:00+00:00\",\"dateModified\":\"2025-12-29T16:26:20+00:00\",\"description\":\"Pierna de repuesto Ski~Mojo en caso de rotura o fallo del sistema\",\"breadcrumb\":{\"@id\":\"https:\\\/\\\/www.ski-mojo.com\\\/es\\\/producto\\\/pierna-de-repuesto-mojo-para-skimojo\\\/#breadcrumb\"},\"inLanguage\":\"es\",\"potentialAction\":[{\"@type\":\"ReadAction\",\"target\":[\"https:\\\/\\\/www.ski-mojo.com\\\/es\\\/producto\\\/pierna-de-repuesto-mojo-para-skimojo\\\/\"]}]},{\"@type\":\"ImageObject\",\"inLanguage\":\"es\",\"@id\":\"https:\\\/\\\/www.ski-mojo.com\\\/es\\\/producto\\\/pierna-de-repuesto-mojo-para-skimojo\\\/#primaryimage\",\"url\":\"https:\\\/\\\/www.ski-mojo.com\\\/wp-content\\\/uploads\\\/2025\\\/07\\\/jambe-2025.jpg\",\"contentUrl\":\"https:\\\/\\\/www.ski-mojo.com\\\/wp-content\\\/uploads\\\/2025\\\/07\\\/jambe-2025.jpg\",\"width\":1205,\"height\":1210},{\"@type\":\"BreadcrumbList\",\"@id\":\"https:\\\/\\\/www.ski-mojo.com\\\/es\\\/producto\\\/pierna-de-repuesto-mojo-para-skimojo\\\/#breadcrumb\",\"itemListElement\":[{\"@type\":\"ListItem\",\"position\":1,\"name\":\"Home\",\"item\":\"https:\\\/\\\/www.ski-mojo.com\\\/es\\\/\"},{\"@type\":\"ListItem\",\"position\":2,\"name\":\"Tienda\",\"item\":\"https:\\\/\\\/www.ski-mojo.com\\\/es\\\/tienda\\\/\"},{\"@type\":\"ListItem\",\"position\":3,\"name\":\"Pierna de repuesto Mojo para Ski~Mojo\"}]},{\"@type\":\"WebSite\",\"@id\":\"https:\\\/\\\/www.ski-mojo.com\\\/es\\\/#website\",\"url\":\"https:\\\/\\\/www.ski-mojo.com\\\/es\\\/\",\"name\":\"Ski~Mojo\",\"description\":\"\",\"publisher\":{\"@id\":\"https:\\\/\\\/www.ski-mojo.com\\\/es\\\/#organization\"},\"potentialAction\":[{\"@type\":\"SearchAction\",\"target\":{\"@type\":\"EntryPoint\",\"urlTemplate\":\"https:\\\/\\\/www.ski-mojo.com\\\/es\\\/?s={search_term_string}\"},\"query-input\":{\"@type\":\"PropertyValueSpecification\",\"valueRequired\":true,\"valueName\":\"search_term_string\"}}],\"inLanguage\":\"es\"},{\"@type\":\"Organization\",\"@id\":\"https:\\\/\\\/www.ski-mojo.com\\\/es\\\/#organization\",\"name\":\"Ski~Mojo\",\"url\":\"https:\\\/\\\/www.ski-mojo.com\\\/es\\\/\",\"logo\":{\"@type\":\"ImageObject\",\"inLanguage\":\"es\",\"@id\":\"https:\\\/\\\/www.ski-mojo.com\\\/es\\\/#\\\/schema\\\/logo\\\/image\\\/\",\"url\":\"https:\\\/\\\/www.ski-mojo.com\\\/wp-content\\\/uploads\\\/2025\\\/05\\\/ski-mojo-1.png\",\"contentUrl\":\"https:\\\/\\\/www.ski-mojo.com\\\/wp-content\\\/uploads\\\/2025\\\/05\\\/ski-mojo-1.png\",\"width\":379,\"height\":93,\"caption\":\"Ski~Mojo\"},\"image\":{\"@id\":\"https:\\\/\\\/www.ski-mojo.com\\\/es\\\/#\\\/schema\\\/logo\\\/image\\\/\"},\"sameAs\":[\"https:\\\/\\\/www.facebook.com\\\/skimojomania\",\"https:\\\/\\\/www.instagram.com\\\/skimojo_official\\\/\",\"https:\\\/\\\/www.linkedin.com\\\/company\\\/ski-mojo\\\/\",\"https:\\\/\\\/www.youtube.com\\\/SkiMojoFrance\"]}]}<\/script>\n<!-- \/ Yoast SEO plugin. -->","yoast_head_json":{"title":"Tienda Ski~Mojo | Pierna de Repuesto","description":"Pierna de repuesto Ski~Mojo en caso de rotura o fallo del sistema","robots":{"index":"index","follow":"follow","max-snippet":"max-snippet:-1","max-image-preview":"max-image-preview:large","max-video-preview":"max-video-preview:-1"},"canonical":"https:\/\/www.ski-mojo.com\/es\/producto\/pierna-de-repuesto-mojo-para-skimojo\/","og_locale":"es_ES","og_type":"article","og_title":"Tienda Ski~Mojo | Pierna de Repuesto","og_description":"Pierna de repuesto Ski~Mojo en caso de rotura o fallo del sistema","og_url":"https:\/\/www.ski-mojo.com\/es\/producto\/pierna-de-repuesto-mojo-para-skimojo\/","og_site_name":"Ski-mojo","article_publisher":"https:\/\/www.facebook.com\/skimojomania","article_modified_time":"2025-12-29T16:26:20+00:00","og_image":[{"width":400,"height":400,"url":"https:\/\/www.ski-mojo.com\/wp-content\/uploads\/2019\/08\/bras-silver-1-3.png","type":"image\/png"}],"twitter_card":"summary_large_image","schema":{"@context":"https:\/\/schema.org","@graph":[{"@type":"WebPage","@id":"https:\/\/www.ski-mojo.com\/es\/producto\/pierna-de-repuesto-mojo-para-skimojo\/","url":"https:\/\/www.ski-mojo.com\/es\/producto\/pierna-de-repuesto-mojo-para-skimojo\/","name":"Tienda Ski~Mojo | Pierna de Repuesto","isPartOf":{"@id":"https:\/\/www.ski-mojo.com\/es\/#website"},"primaryImageOfPage":{"@id":"https:\/\/www.ski-mojo.com\/es\/producto\/pierna-de-repuesto-mojo-para-skimojo\/#primaryimage"},"image":{"@id":"https:\/\/www.ski-mojo.com\/es\/producto\/pierna-de-repuesto-mojo-para-skimojo\/#primaryimage"},"thumbnailUrl":"https:\/\/www.ski-mojo.com\/wp-content\/uploads\/2025\/07\/jambe-2025.jpg","datePublished":"2025-07-21T11:12:00+00:00","dateModified":"2025-12-29T16:26:20+00:00","description":"Pierna de repuesto Ski~Mojo en caso de rotura o fallo del sistema","breadcrumb":{"@id":"https:\/\/www.ski-mojo.com\/es\/producto\/pierna-de-repuesto-mojo-para-skimojo\/#breadcrumb"},"inLanguage":"es","potentialAction":[{"@type":"ReadAction","target":["https:\/\/www.ski-mojo.com\/es\/producto\/pierna-de-repuesto-mojo-para-skimojo\/"]}]},{"@type":"ImageObject","inLanguage":"es","@id":"https:\/\/www.ski-mojo.com\/es\/producto\/pierna-de-repuesto-mojo-para-skimojo\/#primaryimage","url":"https:\/\/www.ski-mojo.com\/wp-content\/uploads\/2025\/07\/jambe-2025.jpg","contentUrl":"https:\/\/www.ski-mojo.com\/wp-content\/uploads\/2025\/07\/jambe-2025.jpg","width":1205,"height":1210},{"@type":"BreadcrumbList","@id":"https:\/\/www.ski-mojo.com\/es\/producto\/pierna-de-repuesto-mojo-para-skimojo\/#breadcrumb","itemListElement":[{"@type":"ListItem","position":1,"name":"Home","item":"https:\/\/www.ski-mojo.com\/es\/"},{"@type":"ListItem","position":2,"name":"Tienda","item":"https:\/\/www.ski-mojo.com\/es\/tienda\/"},{"@type":"ListItem","position":3,"name":"Pierna de repuesto Mojo para Ski~Mojo"}]},{"@type":"WebSite","@id":"https:\/\/www.ski-mojo.com\/es\/#website","url":"https:\/\/www.ski-mojo.com\/es\/","name":"Ski~Mojo","description":"","publisher":{"@id":"https:\/\/www.ski-mojo.com\/es\/#organization"},"potentialAction":[{"@type":"SearchAction","target":{"@type":"EntryPoint","urlTemplate":"https:\/\/www.ski-mojo.com\/es\/?s={search_term_string}"},"query-input":{"@type":"PropertyValueSpecification","valueRequired":true,"valueName":"search_term_string"}}],"inLanguage":"es"},{"@type":"Organization","@id":"https:\/\/www.ski-mojo.com\/es\/#organization","name":"Ski~Mojo","url":"https:\/\/www.ski-mojo.com\/es\/","logo":{"@type":"ImageObject","inLanguage":"es","@id":"https:\/\/www.ski-mojo.com\/es\/#\/schema\/logo\/image\/","url":"https:\/\/www.ski-mojo.com\/wp-content\/uploads\/2025\/05\/ski-mojo-1.png","contentUrl":"https:\/\/www.ski-mojo.com\/wp-content\/uploads\/2025\/05\/ski-mojo-1.png","width":379,"height":93,"caption":"Ski~Mojo"},"image":{"@id":"https:\/\/www.ski-mojo.com\/es\/#\/schema\/logo\/image\/"},"sameAs":["https:\/\/www.facebook.com\/skimojomania","https:\/\/www.instagram.com\/skimojo_official\/","https:\/\/www.linkedin.com\/company\/ski-mojo\/","https:\/\/www.youtube.com\/SkiMojoFrance"]}]}},"_links":{"self":[{"href":"https:\/\/www.ski-mojo.com\/es\/wp-json\/wp\/v2\/product\/52820822","targetHints":{"allow":["GET"]}}],"collection":[{"href":"https:\/\/www.ski-mojo.com\/es\/wp-json\/wp\/v2\/product"}],"about":[{"href":"https:\/\/www.ski-mojo.com\/es\/wp-json\/wp\/v2\/types\/product"}],"replies":[{"embeddable":true,"href":"https:\/\/www.ski-mojo.com\/es\/wp-json\/wp\/v2\/comments?post=52820822"}],"wp:featuredmedia":[{"embeddable":true,"href":"https:\/\/www.ski-mojo.com\/es\/wp-json\/wp\/v2\/media\/52839330"}],"wp:attachment":[{"href":"https:\/\/www.ski-mojo.com\/es\/wp-json\/wp\/v2\/media?parent=52820822"}],"wp:term":[{"taxonomy":"product_brand","embeddable":true,"href":"https:\/\/www.ski-mojo.com\/es\/wp-json\/wp\/v2\/product_brand?post=52820822"},{"taxonomy":"product_cat","embeddable":true,"href":"https:\/\/www.ski-mojo.com\/es\/wp-json\/wp\/v2\/product_cat?post=52820822"},{"taxonomy":"product_tag","embeddable":true,"href":"https:\/\/www.ski-mojo.com\/es\/wp-json\/wp\/v2\/product_tag?post=52820822"}],"curies":[{"name":"wp","href":"https:\/\/api.w.org\/{rel}","templated":true}]}}