{"id":52820811,"date":"2025-07-21T13:12:07","date_gmt":"2025-07-21T13:12:07","guid":{"rendered":"https:\/\/www.ski-mojo.com\/?post_type=product&#038;p=52820811"},"modified":"2026-03-30T22:06:12","modified_gmt":"2026-03-30T20:06:12","slug":"revision-estacional","status":"publish","type":"product","link":"https:\/\/www.ski-mojo.com\/es\/producto\/revision-estacional\/","title":{"rendered":"Revisi\u00f3n Estacional"},"content":{"rendered":"<section id=\"revision-ski-mojo\">\n<h2>Revisi\u00f3n completa de su Ski~Mojo<\/h2>\n<p>Prep\u00e1rese para la pr\u00f3xima temporada con la <strong>revisi\u00f3n oficial de su Ski~Mojo<\/strong>. Dise\u00f1ado para absorber impactos, reducir vibraciones y aliviar las piernas, su Ski~Mojo est\u00e1 sometido a fuertes esfuerzos en cada salida. Para prolongar su vida \u00fatil y mantener un rendimiento \u00f3ptimo, se recomienda una revisi\u00f3n despu\u00e9s de <strong>70 a 90 d\u00edas de uso<\/strong>.<\/p>\n<h3>\u00bfEn qu\u00e9 consiste la revisi\u00f3n?<\/h3>\n<p>Su Ski~Mojo se <strong>desmonta, revisa y vuelve a montar por completo<\/strong> en nuestros talleres especializados. Las operaciones incluyen:<\/p>\n<ul>\n<li>Sustituci\u00f3n <strong>preventiva<\/strong> del cable,<\/li>\n<li>Control y posible sustituci\u00f3n de la <strong>polea<\/strong>,<\/li>\n<li>Control y posible sustituci\u00f3n de los <strong>clips de sujeci\u00f3n<\/strong>,<\/li>\n<li>Revisi\u00f3n de todas las dem\u00e1s piezas de su Ski~Mojo.<\/li>\n<\/ul>\n<h3>Incluye<\/h3>\n<ul>\n<li>Sustituci\u00f3n preventiva del cable,<\/li>\n<li>Control y sustituci\u00f3n si es necesario de poleas y clips,<\/li>\n<li>Reenv\u00edo a su domicilio en Francia, Suiza, Italia, B\u00e9lgica, Pa\u00edses Bajos, Espa\u00f1a, Austria y Alemania (otros pa\u00edses: cons\u00faltenos).<\/li>\n<\/ul>\n<h3>No incluye<\/h3>\n<ul>\n<li>El env\u00edo de su Ski~Mojo a nuestros talleres,<\/li>\n<li>La sustituci\u00f3n de piezas distintas de cables, poleas o clips (<em>siempre nos pondremos en contacto con usted antes de cualquier intervenci\u00f3n<\/em>).<\/li>\n<\/ul>\n<h3>Aproveche para pedir accesorios<\/h3>\n<ul>\n<li>Se beneficiar\u00e1 de un 20 % de descuento en accesorios y piezas de recambio pedidos al mismo tiempo que su revisi\u00f3n.<\/li>\n<li>No tendr\u00e1 que pagar gastos de env\u00edo (ya que se enviar\u00e1n junto con la devoluci\u00f3n de su Ski-Mojo).<\/li>\n<\/ul>\n<h3>\u00bfPor qu\u00e9 revisar su Ski~Mojo?<\/h3>\n<ul>\n<li>Prolongar la <strong>vida \u00fatil<\/strong> del equipo,<\/li>\n<li>Reducir el <strong>riesgo de rotura o fallo<\/strong> durante la temporada,<\/li>\n<li>Recuperar toda la <strong>eficacia y comodidad<\/strong> de su Ski~Mojo.<\/li>\n<\/ul>\n<h3>Informaci\u00f3n pr\u00e1ctica<\/h3>\n<p>Tras la confirmaci\u00f3n de su pedido, recibir\u00e1 autom\u00e1ticamente por correo electr\u00f3nico un <strong>formulario de pedido<\/strong> con la direcci\u00f3n a la que debe enviar su Ski~Mojo (no olvide <strong>revisar su carpeta de spam<\/strong>). Esta direcci\u00f3n depende de su pa\u00eds de residencia.<\/p>\n<p><strong>Importante:<\/strong> Las revisiones se realizan <strong>exclusivamente<\/strong> en <strong>talleres autorizados Ski~Mojo<\/strong>, para garantizar la seguridad y fiabilidad de su equipo.<\/p>\n<\/section>\n","protected":false},"excerpt":{"rendered":"<h4><span style=\"color: #008000;\">Este servicio est\u00e1 disponible durante la temporada baja de verano, del 1 de abril al 30 de septiembre<\/span><\/h4>\n<p><strong>Una vez realizada su pedido, nos pondremos en contacto con usted para informarle a d\u00f3nde enviar su Ski~Mojo.<\/strong><\/p>\n<p>No dude en informarnos en la secci\u00f3n de \u00abcomentarios\u00bb al ingresar su direcci\u00f3n si hay puntos espec\u00edficos que desea se\u00f1alar con respecto a su Ski~Mojo.<\/p>\n<p>Atenci\u00f3n:<\/p>\n<ul>\n<li><strong><span style=\"color: #ff0000;\">Prevea de 4 a 6 semanas entre el env\u00edo a nuestro taller y el retorno a su domicilio.<\/span><\/strong><\/li>\n<li>Precio v\u00e1lido solo para Francia y sus pa\u00edses vecinos. <strong>Otros pa\u00edses: por favor, cont\u00e1ctenos.<\/strong><\/li>\n<\/ul>\n","protected":false},"featured_media":52839132,"comment_status":"open","ping_status":"closed","template":"","meta":{"_acf_changed":false},"product_brand":[],"product_cat":[765],"product_tag":[],"class_list":{"0":"post-52820811","1":"product","2":"type-product","3":"status-publish","4":"has-post-thumbnail","6":"product_cat-servicios","8":"first","9":"instock","10":"virtual","11":"taxable","12":"purchasable","13":"product-type-simple"},"acf":[],"yoast_head":"<!-- This site is optimized with the Yoast SEO plugin v27.3 - https:\/\/yoast.com\/product\/yoast-seo-wordpress\/ -->\n<title>Tienda Ski~Mojo | Revisi\u00f3n<\/title>\n<meta name=\"description\" content=\"Se recomienda la revisi\u00f3n de su Ski~Mojo despu\u00e9s de 70 a 90 d\u00edas de uso. Atenci\u00f3n: este servicio solo est\u00e1 disponible durante la temporada baja de verano.\" \/>\n<meta name=\"robots\" content=\"index, follow, max-snippet:-1, max-image-preview:large, max-video-preview:-1\" \/>\n<link rel=\"canonical\" href=\"https:\/\/www.ski-mojo.com\/es\/producto\/revision-estacional\/\" \/>\n<meta property=\"og:locale\" content=\"es_ES\" \/>\n<meta property=\"og:type\" content=\"article\" \/>\n<meta property=\"og:title\" content=\"Tienda Ski~Mojo | Revisi\u00f3n\" \/>\n<meta property=\"og:description\" content=\"Se recomienda la revisi\u00f3n de su Ski~Mojo despu\u00e9s de 70 a 90 d\u00edas de uso. Atenci\u00f3n: este servicio solo est\u00e1 disponible durante la temporada baja de verano.\" \/>\n<meta property=\"og:url\" content=\"https:\/\/www.ski-mojo.com\/es\/producto\/revision-estacional\/\" \/>\n<meta property=\"og:site_name\" content=\"Ski-mojo\" \/>\n<meta property=\"article:publisher\" content=\"https:\/\/www.facebook.com\/skimojomania\" \/>\n<meta property=\"article:modified_time\" content=\"2026-03-30T20:06:12+00:00\" \/>\n<meta property=\"og:image\" content=\"https:\/\/www.ski-mojo.com\/wp-content\/uploads\/2025\/07\/photo-Ski-Mojo-produit-1200x902-1.webp\" \/>\n\t<meta property=\"og:image:width\" content=\"1200\" \/>\n\t<meta property=\"og:image:height\" content=\"902\" \/>\n\t<meta property=\"og:image:type\" content=\"image\/webp\" \/>\n<meta name=\"twitter:card\" content=\"summary_large_image\" \/>\n<meta name=\"twitter:label1\" content=\"Tiempo de lectura\" \/>\n\t<meta name=\"twitter:data1\" content=\"2 minuto\" \/>\n<script type=\"application\/ld+json\" class=\"yoast-schema-graph\">{\"@context\":\"https:\\\/\\\/schema.org\",\"@graph\":[{\"@type\":\"WebPage\",\"@id\":\"https:\\\/\\\/www.ski-mojo.com\\\/es\\\/producto\\\/revision-estacional\\\/\",\"url\":\"https:\\\/\\\/www.ski-mojo.com\\\/es\\\/producto\\\/revision-estacional\\\/\",\"name\":\"Tienda Ski~Mojo | Revisi\u00f3n\",\"isPartOf\":{\"@id\":\"https:\\\/\\\/www.ski-mojo.com\\\/es\\\/#website\"},\"primaryImageOfPage\":{\"@id\":\"https:\\\/\\\/www.ski-mojo.com\\\/es\\\/producto\\\/revision-estacional\\\/#primaryimage\"},\"image\":{\"@id\":\"https:\\\/\\\/www.ski-mojo.com\\\/es\\\/producto\\\/revision-estacional\\\/#primaryimage\"},\"thumbnailUrl\":\"https:\\\/\\\/www.ski-mojo.com\\\/wp-content\\\/uploads\\\/2025\\\/08\\\/Revision-carre-ES.jpg\",\"datePublished\":\"2025-07-21T13:12:07+00:00\",\"dateModified\":\"2026-03-30T20:06:12+00:00\",\"description\":\"Se recomienda la revisi\u00f3n de su Ski~Mojo despu\u00e9s de 70 a 90 d\u00edas de uso. Atenci\u00f3n: este servicio solo est\u00e1 disponible durante la temporada baja de verano.\",\"breadcrumb\":{\"@id\":\"https:\\\/\\\/www.ski-mojo.com\\\/es\\\/producto\\\/revision-estacional\\\/#breadcrumb\"},\"inLanguage\":\"es\",\"potentialAction\":[{\"@type\":\"ReadAction\",\"target\":[\"https:\\\/\\\/www.ski-mojo.com\\\/es\\\/producto\\\/revision-estacional\\\/\"]}]},{\"@type\":\"ImageObject\",\"inLanguage\":\"es\",\"@id\":\"https:\\\/\\\/www.ski-mojo.com\\\/es\\\/producto\\\/revision-estacional\\\/#primaryimage\",\"url\":\"https:\\\/\\\/www.ski-mojo.com\\\/wp-content\\\/uploads\\\/2025\\\/08\\\/Revision-carre-ES.jpg\",\"contentUrl\":\"https:\\\/\\\/www.ski-mojo.com\\\/wp-content\\\/uploads\\\/2025\\\/08\\\/Revision-carre-ES.jpg\",\"width\":1250,\"height\":1247},{\"@type\":\"BreadcrumbList\",\"@id\":\"https:\\\/\\\/www.ski-mojo.com\\\/es\\\/producto\\\/revision-estacional\\\/#breadcrumb\",\"itemListElement\":[{\"@type\":\"ListItem\",\"position\":1,\"name\":\"Home\",\"item\":\"https:\\\/\\\/www.ski-mojo.com\\\/es\\\/\"},{\"@type\":\"ListItem\",\"position\":2,\"name\":\"Tienda\",\"item\":\"https:\\\/\\\/www.ski-mojo.com\\\/es\\\/tienda\\\/\"},{\"@type\":\"ListItem\",\"position\":3,\"name\":\"Revisi\u00f3n Estacional\"}]},{\"@type\":\"WebSite\",\"@id\":\"https:\\\/\\\/www.ski-mojo.com\\\/es\\\/#website\",\"url\":\"https:\\\/\\\/www.ski-mojo.com\\\/es\\\/\",\"name\":\"Ski~Mojo\",\"description\":\"\",\"publisher\":{\"@id\":\"https:\\\/\\\/www.ski-mojo.com\\\/es\\\/#organization\"},\"potentialAction\":[{\"@type\":\"SearchAction\",\"target\":{\"@type\":\"EntryPoint\",\"urlTemplate\":\"https:\\\/\\\/www.ski-mojo.com\\\/es\\\/?s={search_term_string}\"},\"query-input\":{\"@type\":\"PropertyValueSpecification\",\"valueRequired\":true,\"valueName\":\"search_term_string\"}}],\"inLanguage\":\"es\"},{\"@type\":\"Organization\",\"@id\":\"https:\\\/\\\/www.ski-mojo.com\\\/es\\\/#organization\",\"name\":\"Ski~Mojo\",\"url\":\"https:\\\/\\\/www.ski-mojo.com\\\/es\\\/\",\"logo\":{\"@type\":\"ImageObject\",\"inLanguage\":\"es\",\"@id\":\"https:\\\/\\\/www.ski-mojo.com\\\/es\\\/#\\\/schema\\\/logo\\\/image\\\/\",\"url\":\"https:\\\/\\\/www.ski-mojo.com\\\/wp-content\\\/uploads\\\/2025\\\/05\\\/ski-mojo-1.png\",\"contentUrl\":\"https:\\\/\\\/www.ski-mojo.com\\\/wp-content\\\/uploads\\\/2025\\\/05\\\/ski-mojo-1.png\",\"width\":379,\"height\":93,\"caption\":\"Ski~Mojo\"},\"image\":{\"@id\":\"https:\\\/\\\/www.ski-mojo.com\\\/es\\\/#\\\/schema\\\/logo\\\/image\\\/\"},\"sameAs\":[\"https:\\\/\\\/www.facebook.com\\\/skimojomania\",\"https:\\\/\\\/www.instagram.com\\\/skimojo_official\\\/\",\"https:\\\/\\\/www.linkedin.com\\\/company\\\/ski-mojo\\\/\",\"https:\\\/\\\/www.youtube.com\\\/SkiMojoFrance\"]}]}<\/script>\n<!-- \/ Yoast SEO plugin. -->","yoast_head_json":{"title":"Tienda Ski~Mojo | Revisi\u00f3n","description":"Se recomienda la revisi\u00f3n de su Ski~Mojo despu\u00e9s de 70 a 90 d\u00edas de uso. Atenci\u00f3n: este servicio solo est\u00e1 disponible durante la temporada baja de verano.","robots":{"index":"index","follow":"follow","max-snippet":"max-snippet:-1","max-image-preview":"max-image-preview:large","max-video-preview":"max-video-preview:-1"},"canonical":"https:\/\/www.ski-mojo.com\/es\/producto\/revision-estacional\/","og_locale":"es_ES","og_type":"article","og_title":"Tienda Ski~Mojo | Revisi\u00f3n","og_description":"Se recomienda la revisi\u00f3n de su Ski~Mojo despu\u00e9s de 70 a 90 d\u00edas de uso. Atenci\u00f3n: este servicio solo est\u00e1 disponible durante la temporada baja de verano.","og_url":"https:\/\/www.ski-mojo.com\/es\/producto\/revision-estacional\/","og_site_name":"Ski-mojo","article_publisher":"https:\/\/www.facebook.com\/skimojomania","article_modified_time":"2026-03-30T20:06:12+00:00","og_image":[{"width":1200,"height":902,"url":"https:\/\/www.ski-mojo.com\/wp-content\/uploads\/2025\/07\/photo-Ski-Mojo-produit-1200x902-1.webp","type":"image\/webp"}],"twitter_card":"summary_large_image","twitter_misc":{"Tiempo de lectura":"2 minuto"},"schema":{"@context":"https:\/\/schema.org","@graph":[{"@type":"WebPage","@id":"https:\/\/www.ski-mojo.com\/es\/producto\/revision-estacional\/","url":"https:\/\/www.ski-mojo.com\/es\/producto\/revision-estacional\/","name":"Tienda Ski~Mojo | Revisi\u00f3n","isPartOf":{"@id":"https:\/\/www.ski-mojo.com\/es\/#website"},"primaryImageOfPage":{"@id":"https:\/\/www.ski-mojo.com\/es\/producto\/revision-estacional\/#primaryimage"},"image":{"@id":"https:\/\/www.ski-mojo.com\/es\/producto\/revision-estacional\/#primaryimage"},"thumbnailUrl":"https:\/\/www.ski-mojo.com\/wp-content\/uploads\/2025\/08\/Revision-carre-ES.jpg","datePublished":"2025-07-21T13:12:07+00:00","dateModified":"2026-03-30T20:06:12+00:00","description":"Se recomienda la revisi\u00f3n de su Ski~Mojo despu\u00e9s de 70 a 90 d\u00edas de uso. Atenci\u00f3n: este servicio solo est\u00e1 disponible durante la temporada baja de verano.","breadcrumb":{"@id":"https:\/\/www.ski-mojo.com\/es\/producto\/revision-estacional\/#breadcrumb"},"inLanguage":"es","potentialAction":[{"@type":"ReadAction","target":["https:\/\/www.ski-mojo.com\/es\/producto\/revision-estacional\/"]}]},{"@type":"ImageObject","inLanguage":"es","@id":"https:\/\/www.ski-mojo.com\/es\/producto\/revision-estacional\/#primaryimage","url":"https:\/\/www.ski-mojo.com\/wp-content\/uploads\/2025\/08\/Revision-carre-ES.jpg","contentUrl":"https:\/\/www.ski-mojo.com\/wp-content\/uploads\/2025\/08\/Revision-carre-ES.jpg","width":1250,"height":1247},{"@type":"BreadcrumbList","@id":"https:\/\/www.ski-mojo.com\/es\/producto\/revision-estacional\/#breadcrumb","itemListElement":[{"@type":"ListItem","position":1,"name":"Home","item":"https:\/\/www.ski-mojo.com\/es\/"},{"@type":"ListItem","position":2,"name":"Tienda","item":"https:\/\/www.ski-mojo.com\/es\/tienda\/"},{"@type":"ListItem","position":3,"name":"Revisi\u00f3n Estacional"}]},{"@type":"WebSite","@id":"https:\/\/www.ski-mojo.com\/es\/#website","url":"https:\/\/www.ski-mojo.com\/es\/","name":"Ski~Mojo","description":"","publisher":{"@id":"https:\/\/www.ski-mojo.com\/es\/#organization"},"potentialAction":[{"@type":"SearchAction","target":{"@type":"EntryPoint","urlTemplate":"https:\/\/www.ski-mojo.com\/es\/?s={search_term_string}"},"query-input":{"@type":"PropertyValueSpecification","valueRequired":true,"valueName":"search_term_string"}}],"inLanguage":"es"},{"@type":"Organization","@id":"https:\/\/www.ski-mojo.com\/es\/#organization","name":"Ski~Mojo","url":"https:\/\/www.ski-mojo.com\/es\/","logo":{"@type":"ImageObject","inLanguage":"es","@id":"https:\/\/www.ski-mojo.com\/es\/#\/schema\/logo\/image\/","url":"https:\/\/www.ski-mojo.com\/wp-content\/uploads\/2025\/05\/ski-mojo-1.png","contentUrl":"https:\/\/www.ski-mojo.com\/wp-content\/uploads\/2025\/05\/ski-mojo-1.png","width":379,"height":93,"caption":"Ski~Mojo"},"image":{"@id":"https:\/\/www.ski-mojo.com\/es\/#\/schema\/logo\/image\/"},"sameAs":["https:\/\/www.facebook.com\/skimojomania","https:\/\/www.instagram.com\/skimojo_official\/","https:\/\/www.linkedin.com\/company\/ski-mojo\/","https:\/\/www.youtube.com\/SkiMojoFrance"]}]}},"_links":{"self":[{"href":"https:\/\/www.ski-mojo.com\/es\/wp-json\/wp\/v2\/product\/52820811","targetHints":{"allow":["GET"]}}],"collection":[{"href":"https:\/\/www.ski-mojo.com\/es\/wp-json\/wp\/v2\/product"}],"about":[{"href":"https:\/\/www.ski-mojo.com\/es\/wp-json\/wp\/v2\/types\/product"}],"replies":[{"embeddable":true,"href":"https:\/\/www.ski-mojo.com\/es\/wp-json\/wp\/v2\/comments?post=52820811"}],"wp:featuredmedia":[{"embeddable":true,"href":"https:\/\/www.ski-mojo.com\/es\/wp-json\/wp\/v2\/media\/52839132"}],"wp:attachment":[{"href":"https:\/\/www.ski-mojo.com\/es\/wp-json\/wp\/v2\/media?parent=52820811"}],"wp:term":[{"taxonomy":"product_brand","embeddable":true,"href":"https:\/\/www.ski-mojo.com\/es\/wp-json\/wp\/v2\/product_brand?post=52820811"},{"taxonomy":"product_cat","embeddable":true,"href":"https:\/\/www.ski-mojo.com\/es\/wp-json\/wp\/v2\/product_cat?post=52820811"},{"taxonomy":"product_tag","embeddable":true,"href":"https:\/\/www.ski-mojo.com\/es\/wp-json\/wp\/v2\/product_tag?post=52820811"}],"curies":[{"name":"wp","href":"https:\/\/api.w.org\/{rel}","templated":true}]}}