{"id":52820810,"date":"2025-07-21T13:11:58","date_gmt":"2025-07-21T13:11:58","guid":{"rendered":"https:\/\/www.ski-mojo.com\/?post_type=product&#038;p=52820810"},"modified":"2025-08-29T12:58:18","modified_gmt":"2025-08-29T12:58:18","slug":"actualizacion-completa-del-arnes","status":"publish","type":"product","link":"https:\/\/www.ski-mojo.com\/es\/producto\/actualizacion-completa-del-arnes\/","title":{"rendered":"Actualizaci\u00f3n Completa del Arn\u00e9s"},"content":{"rendered":"<p>El clip de liberaci\u00f3n r\u00e1pida instalado a cada lado del arn\u00e9s permite un uso diario f\u00e1cil y r\u00e1pido de su Ski~Mojo. Esto es especialmente conveniente para colocarlo por la ma\u00f1ana (cada pierna se puede separar f\u00e1cilmente del arn\u00e9s) o para ir al ba\u00f1o.<\/p>\n<p><strong>Con la Actualizaci\u00f3n COMPLETA, recibir\u00e1 el arn\u00e9s del \u00faltimo modelo, r\u00e1pido de instalar y c\u00f3modo, as\u00ed como las dos nuevas varillas superiores para su Ski~Mojo.<\/strong><\/p>\n","protected":false},"excerpt":{"rendered":"<p><strong>Si su Ski~Mojo es de 2017 o anterior<\/strong> y su arn\u00e9s a\u00fan no ha sido reemplazado.<\/p>\n<p>Este arn\u00e9s es mucho m\u00e1s simple y r\u00e1pido de usar en el uso diario del Ski~Mojo. Este kit le permitir\u00e1 adaptar este nuevo arn\u00e9s a su antiguo Ski~Mojo.<\/p>\n<p>&nbsp;<\/p>\n","protected":false},"featured_media":52807240,"comment_status":"open","ping_status":"closed","template":"","meta":{"_acf_changed":false},"product_brand":[],"product_cat":[763],"product_tag":[],"class_list":{"0":"post-52820810","1":"product","2":"type-product","3":"status-publish","4":"has-post-thumbnail","6":"product_cat-accesorios","7":"product_shipping_class-luz","9":"first","10":"instock","11":"taxable","12":"shipping-taxable","13":"purchasable","14":"product-type-simple"},"acf":[],"yoast_head":"<!-- This site is optimized with the Yoast SEO plugin v27.4 - https:\/\/yoast.com\/product\/yoast-seo-wordpress\/ -->\n<title>Tienda Ski~Mojo | Actualizaci\u00f3n Completa del Arn\u00e9s<\/title>\n<meta name=\"description\" content=\"Para modernizar su arn\u00e9s si su Ski~Mojo es de la temporada 2017 o anterior.\" \/>\n<meta name=\"robots\" content=\"index, follow, max-snippet:-1, max-image-preview:large, max-video-preview:-1\" \/>\n<link rel=\"canonical\" href=\"https:\/\/www.ski-mojo.com\/es\/producto\/actualizacion-completa-del-arnes\/\" \/>\n<meta property=\"og:locale\" content=\"es_ES\" \/>\n<meta property=\"og:type\" content=\"article\" \/>\n<meta property=\"og:title\" content=\"Tienda Ski~Mojo | Actualizaci\u00f3n Completa del Arn\u00e9s\" \/>\n<meta property=\"og:description\" content=\"Para modernizar su arn\u00e9s si su Ski~Mojo es de la temporada 2017 o anterior.\" \/>\n<meta property=\"og:url\" content=\"https:\/\/www.ski-mojo.com\/es\/producto\/actualizacion-completa-del-arnes\/\" \/>\n<meta property=\"og:site_name\" content=\"Ski-mojo\" \/>\n<meta property=\"article:publisher\" content=\"https:\/\/www.facebook.com\/skimojomania\" \/>\n<meta property=\"article:modified_time\" content=\"2025-08-29T12:58:18+00:00\" \/>\n<meta property=\"og:image\" content=\"https:\/\/www.ski-mojo.com\/wp-content\/uploads\/2019\/08\/upgrade-3-2.jpeg\" \/>\n\t<meta property=\"og:image:width\" content=\"1600\" \/>\n\t<meta property=\"og:image:height\" content=\"1003\" \/>\n\t<meta property=\"og:image:type\" content=\"image\/jpeg\" \/>\n<meta name=\"twitter:card\" content=\"summary_large_image\" \/>\n<script type=\"application\/ld+json\" class=\"yoast-schema-graph\">{\"@context\":\"https:\\\/\\\/schema.org\",\"@graph\":[{\"@type\":\"WebPage\",\"@id\":\"https:\\\/\\\/www.ski-mojo.com\\\/es\\\/producto\\\/actualizacion-completa-del-arnes\\\/\",\"url\":\"https:\\\/\\\/www.ski-mojo.com\\\/es\\\/producto\\\/actualizacion-completa-del-arnes\\\/\",\"name\":\"Tienda Ski~Mojo | Actualizaci\u00f3n Completa del Arn\u00e9s\",\"isPartOf\":{\"@id\":\"https:\\\/\\\/www.ski-mojo.com\\\/es\\\/#website\"},\"primaryImageOfPage\":{\"@id\":\"https:\\\/\\\/www.ski-mojo.com\\\/es\\\/producto\\\/actualizacion-completa-del-arnes\\\/#primaryimage\"},\"image\":{\"@id\":\"https:\\\/\\\/www.ski-mojo.com\\\/es\\\/producto\\\/actualizacion-completa-del-arnes\\\/#primaryimage\"},\"thumbnailUrl\":\"https:\\\/\\\/www.ski-mojo.com\\\/wp-content\\\/uploads\\\/2025\\\/06\\\/171009-skimojo-detail-002-2.png\",\"datePublished\":\"2025-07-21T13:11:58+00:00\",\"dateModified\":\"2025-08-29T12:58:18+00:00\",\"description\":\"Para modernizar su arn\u00e9s si su Ski~Mojo es de la temporada 2017 o anterior.\",\"breadcrumb\":{\"@id\":\"https:\\\/\\\/www.ski-mojo.com\\\/es\\\/producto\\\/actualizacion-completa-del-arnes\\\/#breadcrumb\"},\"inLanguage\":\"es\",\"potentialAction\":[{\"@type\":\"ReadAction\",\"target\":[\"https:\\\/\\\/www.ski-mojo.com\\\/es\\\/producto\\\/actualizacion-completa-del-arnes\\\/\"]}]},{\"@type\":\"ImageObject\",\"inLanguage\":\"es\",\"@id\":\"https:\\\/\\\/www.ski-mojo.com\\\/es\\\/producto\\\/actualizacion-completa-del-arnes\\\/#primaryimage\",\"url\":\"https:\\\/\\\/www.ski-mojo.com\\\/wp-content\\\/uploads\\\/2025\\\/06\\\/171009-skimojo-detail-002-2.png\",\"contentUrl\":\"https:\\\/\\\/www.ski-mojo.com\\\/wp-content\\\/uploads\\\/2025\\\/06\\\/171009-skimojo-detail-002-2.png\",\"width\":1365,\"height\":2048},{\"@type\":\"BreadcrumbList\",\"@id\":\"https:\\\/\\\/www.ski-mojo.com\\\/es\\\/producto\\\/actualizacion-completa-del-arnes\\\/#breadcrumb\",\"itemListElement\":[{\"@type\":\"ListItem\",\"position\":1,\"name\":\"Home\",\"item\":\"https:\\\/\\\/www.ski-mojo.com\\\/es\\\/\"},{\"@type\":\"ListItem\",\"position\":2,\"name\":\"Tienda\",\"item\":\"https:\\\/\\\/www.ski-mojo.com\\\/es\\\/tienda\\\/\"},{\"@type\":\"ListItem\",\"position\":3,\"name\":\"Actualizaci\u00f3n Completa del Arn\u00e9s\"}]},{\"@type\":\"WebSite\",\"@id\":\"https:\\\/\\\/www.ski-mojo.com\\\/es\\\/#website\",\"url\":\"https:\\\/\\\/www.ski-mojo.com\\\/es\\\/\",\"name\":\"Ski~Mojo\",\"description\":\"\",\"publisher\":{\"@id\":\"https:\\\/\\\/www.ski-mojo.com\\\/es\\\/#organization\"},\"potentialAction\":[{\"@type\":\"SearchAction\",\"target\":{\"@type\":\"EntryPoint\",\"urlTemplate\":\"https:\\\/\\\/www.ski-mojo.com\\\/es\\\/?s={search_term_string}\"},\"query-input\":{\"@type\":\"PropertyValueSpecification\",\"valueRequired\":true,\"valueName\":\"search_term_string\"}}],\"inLanguage\":\"es\"},{\"@type\":\"Organization\",\"@id\":\"https:\\\/\\\/www.ski-mojo.com\\\/es\\\/#organization\",\"name\":\"Ski~Mojo\",\"url\":\"https:\\\/\\\/www.ski-mojo.com\\\/es\\\/\",\"logo\":{\"@type\":\"ImageObject\",\"inLanguage\":\"es\",\"@id\":\"https:\\\/\\\/www.ski-mojo.com\\\/es\\\/#\\\/schema\\\/logo\\\/image\\\/\",\"url\":\"https:\\\/\\\/www.ski-mojo.com\\\/wp-content\\\/uploads\\\/2025\\\/05\\\/ski-mojo-1.png\",\"contentUrl\":\"https:\\\/\\\/www.ski-mojo.com\\\/wp-content\\\/uploads\\\/2025\\\/05\\\/ski-mojo-1.png\",\"width\":379,\"height\":93,\"caption\":\"Ski~Mojo\"},\"image\":{\"@id\":\"https:\\\/\\\/www.ski-mojo.com\\\/es\\\/#\\\/schema\\\/logo\\\/image\\\/\"},\"sameAs\":[\"https:\\\/\\\/www.facebook.com\\\/skimojomania\",\"https:\\\/\\\/www.instagram.com\\\/skimojo_official\\\/\",\"https:\\\/\\\/www.linkedin.com\\\/company\\\/ski-mojo\\\/\",\"https:\\\/\\\/www.youtube.com\\\/SkiMojoFrance\"]}]}<\/script>\n<!-- \/ Yoast SEO plugin. -->","yoast_head_json":{"title":"Tienda Ski~Mojo | Actualizaci\u00f3n Completa del Arn\u00e9s","description":"Para modernizar su arn\u00e9s si su Ski~Mojo es de la temporada 2017 o anterior.","robots":{"index":"index","follow":"follow","max-snippet":"max-snippet:-1","max-image-preview":"max-image-preview:large","max-video-preview":"max-video-preview:-1"},"canonical":"https:\/\/www.ski-mojo.com\/es\/producto\/actualizacion-completa-del-arnes\/","og_locale":"es_ES","og_type":"article","og_title":"Tienda Ski~Mojo | Actualizaci\u00f3n Completa del Arn\u00e9s","og_description":"Para modernizar su arn\u00e9s si su Ski~Mojo es de la temporada 2017 o anterior.","og_url":"https:\/\/www.ski-mojo.com\/es\/producto\/actualizacion-completa-del-arnes\/","og_site_name":"Ski-mojo","article_publisher":"https:\/\/www.facebook.com\/skimojomania","article_modified_time":"2025-08-29T12:58:18+00:00","og_image":[{"width":1600,"height":1003,"url":"https:\/\/www.ski-mojo.com\/wp-content\/uploads\/2019\/08\/upgrade-3-2.jpeg","type":"image\/jpeg"}],"twitter_card":"summary_large_image","schema":{"@context":"https:\/\/schema.org","@graph":[{"@type":"WebPage","@id":"https:\/\/www.ski-mojo.com\/es\/producto\/actualizacion-completa-del-arnes\/","url":"https:\/\/www.ski-mojo.com\/es\/producto\/actualizacion-completa-del-arnes\/","name":"Tienda Ski~Mojo | Actualizaci\u00f3n Completa del Arn\u00e9s","isPartOf":{"@id":"https:\/\/www.ski-mojo.com\/es\/#website"},"primaryImageOfPage":{"@id":"https:\/\/www.ski-mojo.com\/es\/producto\/actualizacion-completa-del-arnes\/#primaryimage"},"image":{"@id":"https:\/\/www.ski-mojo.com\/es\/producto\/actualizacion-completa-del-arnes\/#primaryimage"},"thumbnailUrl":"https:\/\/www.ski-mojo.com\/wp-content\/uploads\/2025\/06\/171009-skimojo-detail-002-2.png","datePublished":"2025-07-21T13:11:58+00:00","dateModified":"2025-08-29T12:58:18+00:00","description":"Para modernizar su arn\u00e9s si su Ski~Mojo es de la temporada 2017 o anterior.","breadcrumb":{"@id":"https:\/\/www.ski-mojo.com\/es\/producto\/actualizacion-completa-del-arnes\/#breadcrumb"},"inLanguage":"es","potentialAction":[{"@type":"ReadAction","target":["https:\/\/www.ski-mojo.com\/es\/producto\/actualizacion-completa-del-arnes\/"]}]},{"@type":"ImageObject","inLanguage":"es","@id":"https:\/\/www.ski-mojo.com\/es\/producto\/actualizacion-completa-del-arnes\/#primaryimage","url":"https:\/\/www.ski-mojo.com\/wp-content\/uploads\/2025\/06\/171009-skimojo-detail-002-2.png","contentUrl":"https:\/\/www.ski-mojo.com\/wp-content\/uploads\/2025\/06\/171009-skimojo-detail-002-2.png","width":1365,"height":2048},{"@type":"BreadcrumbList","@id":"https:\/\/www.ski-mojo.com\/es\/producto\/actualizacion-completa-del-arnes\/#breadcrumb","itemListElement":[{"@type":"ListItem","position":1,"name":"Home","item":"https:\/\/www.ski-mojo.com\/es\/"},{"@type":"ListItem","position":2,"name":"Tienda","item":"https:\/\/www.ski-mojo.com\/es\/tienda\/"},{"@type":"ListItem","position":3,"name":"Actualizaci\u00f3n Completa del Arn\u00e9s"}]},{"@type":"WebSite","@id":"https:\/\/www.ski-mojo.com\/es\/#website","url":"https:\/\/www.ski-mojo.com\/es\/","name":"Ski~Mojo","description":"","publisher":{"@id":"https:\/\/www.ski-mojo.com\/es\/#organization"},"potentialAction":[{"@type":"SearchAction","target":{"@type":"EntryPoint","urlTemplate":"https:\/\/www.ski-mojo.com\/es\/?s={search_term_string}"},"query-input":{"@type":"PropertyValueSpecification","valueRequired":true,"valueName":"search_term_string"}}],"inLanguage":"es"},{"@type":"Organization","@id":"https:\/\/www.ski-mojo.com\/es\/#organization","name":"Ski~Mojo","url":"https:\/\/www.ski-mojo.com\/es\/","logo":{"@type":"ImageObject","inLanguage":"es","@id":"https:\/\/www.ski-mojo.com\/es\/#\/schema\/logo\/image\/","url":"https:\/\/www.ski-mojo.com\/wp-content\/uploads\/2025\/05\/ski-mojo-1.png","contentUrl":"https:\/\/www.ski-mojo.com\/wp-content\/uploads\/2025\/05\/ski-mojo-1.png","width":379,"height":93,"caption":"Ski~Mojo"},"image":{"@id":"https:\/\/www.ski-mojo.com\/es\/#\/schema\/logo\/image\/"},"sameAs":["https:\/\/www.facebook.com\/skimojomania","https:\/\/www.instagram.com\/skimojo_official\/","https:\/\/www.linkedin.com\/company\/ski-mojo\/","https:\/\/www.youtube.com\/SkiMojoFrance"]}]}},"_links":{"self":[{"href":"https:\/\/www.ski-mojo.com\/es\/wp-json\/wp\/v2\/product\/52820810","targetHints":{"allow":["GET"]}}],"collection":[{"href":"https:\/\/www.ski-mojo.com\/es\/wp-json\/wp\/v2\/product"}],"about":[{"href":"https:\/\/www.ski-mojo.com\/es\/wp-json\/wp\/v2\/types\/product"}],"replies":[{"embeddable":true,"href":"https:\/\/www.ski-mojo.com\/es\/wp-json\/wp\/v2\/comments?post=52820810"}],"wp:featuredmedia":[{"embeddable":true,"href":"https:\/\/www.ski-mojo.com\/es\/wp-json\/wp\/v2\/media\/52807240"}],"wp:attachment":[{"href":"https:\/\/www.ski-mojo.com\/es\/wp-json\/wp\/v2\/media?parent=52820810"}],"wp:term":[{"taxonomy":"product_brand","embeddable":true,"href":"https:\/\/www.ski-mojo.com\/es\/wp-json\/wp\/v2\/product_brand?post=52820810"},{"taxonomy":"product_cat","embeddable":true,"href":"https:\/\/www.ski-mojo.com\/es\/wp-json\/wp\/v2\/product_cat?post=52820810"},{"taxonomy":"product_tag","embeddable":true,"href":"https:\/\/www.ski-mojo.com\/es\/wp-json\/wp\/v2\/product_tag?post=52820810"}],"curies":[{"name":"wp","href":"https:\/\/api.w.org\/{rel}","templated":true}]}}