{"id":52820786,"date":"2025-07-21T13:11:56","date_gmt":"2025-07-21T13:11:56","guid":{"rendered":"https:\/\/www.ski-mojo.com\/?post_type=product&#038;p=52820786"},"modified":"2026-04-01T19:48:03","modified_gmt":"2026-04-01T17:48:03","slug":"pro-pack-skimojo","status":"publish","type":"product","link":"https:\/\/www.ski-mojo.com\/es\/producto\/pro-pack-skimojo\/","title":{"rendered":"Pro-Pack Ski~Mojo"},"content":{"rendered":"<p>\u00bfViaja a veces lejos de una tienda o centro de servicio (heli-skiing, viajes al extranjero, etc.)? En caso de un problema o rotura de su Ski~Mojo, es posible que no pueda utilizarlo hasta que lo repare a su regreso.<\/p>\n<p>El Pro-Pack contiene un conjunto de piezas que le permitir\u00e1 reparar la mayor\u00eda de los problemas mec\u00e1nicos por su cuenta (de forma f\u00e1cil y r\u00e1pida), sin importar d\u00f3nde se encuentre. Este paquete incluye:<\/p>\n<ul>\n<li>Una pierna de repuesto Ski~Mojo (Gold, Silver o Blue seg\u00fan su pedido). Podr\u00e1 reemplazar la pierna derecha o la izquierda de su Ski~Mojo<\/li>\n<li>2 varillas telesc\u00f3picas inferiores<\/li>\n<li>2 clips de sujeci\u00f3n de varillas telesc\u00f3picas<\/li>\n<li>2 conectores definitivos<\/li>\n<\/ul>\n","protected":false},"excerpt":{"rendered":"<div id=\"c1-content\">\n<section id=\"main\" class=\"no-column\">\n<article>\n<div class=\"tabs tabs-3\">\n<p>El Pro-Pack es un conjunto de piezas de repuesto comunes que puede llevar consigo para reparar su Ski~Mojo de forma independiente si se encuentra lejos de cualquier centro de servicio durante su viaje a la monta\u00f1a.<\/p>\n<p>Debe poseer ya un Ski~Mojo. Aseg\u00farese de especificar en las opciones de pedido qu\u00e9 tipo tiene: GOLD (interruptores negros), SILVER (interruptores grises) o BLUE (interruptores azules).<\/p>\n<\/div>\n<div><\/div>\n<\/article>\n<\/section>\n<\/div>\n","protected":false},"featured_media":52808499,"comment_status":"open","ping_status":"closed","template":"","meta":{"_acf_changed":false},"product_brand":[],"product_cat":[763],"product_tag":[],"class_list":{"0":"post-52820786","1":"product","2":"type-product","3":"status-publish","4":"has-post-thumbnail","6":"product_cat-accesorios","7":"product_shipping_class-luz","9":"first","10":"instock","11":"taxable","12":"shipping-taxable","13":"purchasable","14":"product-type-variable"},"acf":[],"yoast_head":"<!-- This site is optimized with the Yoast SEO plugin v27.4 - https:\/\/yoast.com\/product\/yoast-seo-wordpress\/ -->\n<title>Tienda Ski~Mojo | Pro-Pack<\/title>\n<meta name=\"description\" content=\"El Pro-Pack es un kit de piezas de repuesto para reparar su Ski~Mojo de manera aut\u00f3noma en caso de problema, cuando est\u00e9 lejos de un centro de servicio.\" \/>\n<meta name=\"robots\" content=\"index, follow, max-snippet:-1, max-image-preview:large, max-video-preview:-1\" \/>\n<link rel=\"canonical\" href=\"https:\/\/www.ski-mojo.com\/es\/producto\/pro-pack-skimojo\/\" \/>\n<meta property=\"og:locale\" content=\"es_ES\" \/>\n<meta property=\"og:type\" content=\"article\" \/>\n<meta property=\"og:title\" content=\"Tienda Ski~Mojo | Pro-Pack\" \/>\n<meta property=\"og:description\" content=\"El Pro-Pack es un kit de piezas de repuesto para reparar su Ski~Mojo de manera aut\u00f3noma en caso de problema, cuando est\u00e9 lejos de un centro de servicio.\" \/>\n<meta property=\"og:url\" content=\"https:\/\/www.ski-mojo.com\/es\/producto\/pro-pack-skimojo\/\" \/>\n<meta property=\"og:site_name\" content=\"Ski-mojo\" \/>\n<meta property=\"article:publisher\" content=\"https:\/\/www.facebook.com\/skimojomania\" \/>\n<meta property=\"article:modified_time\" content=\"2026-04-01T17:48:03+00:00\" \/>\n<meta property=\"og:image\" content=\"https:\/\/www.ski-mojo.com\/wp-content\/uploads\/2019\/08\/48-cs400-propack-1.png\" \/>\n\t<meta property=\"og:image:width\" content=\"400\" \/>\n\t<meta property=\"og:image:height\" content=\"400\" \/>\n\t<meta property=\"og:image:type\" content=\"image\/png\" \/>\n<meta name=\"twitter:card\" content=\"summary_large_image\" \/>\n<meta name=\"twitter:label1\" content=\"Tiempo de lectura\" \/>\n\t<meta name=\"twitter:data1\" content=\"1 minuto\" \/>\n<script type=\"application\/ld+json\" class=\"yoast-schema-graph\">{\"@context\":\"https:\\\/\\\/schema.org\",\"@graph\":[{\"@type\":\"WebPage\",\"@id\":\"https:\\\/\\\/www.ski-mojo.com\\\/es\\\/producto\\\/pro-pack-skimojo\\\/\",\"url\":\"https:\\\/\\\/www.ski-mojo.com\\\/es\\\/producto\\\/pro-pack-skimojo\\\/\",\"name\":\"Tienda Ski~Mojo | Pro-Pack\",\"isPartOf\":{\"@id\":\"https:\\\/\\\/www.ski-mojo.com\\\/es\\\/#website\"},\"primaryImageOfPage\":{\"@id\":\"https:\\\/\\\/www.ski-mojo.com\\\/es\\\/producto\\\/pro-pack-skimojo\\\/#primaryimage\"},\"image\":{\"@id\":\"https:\\\/\\\/www.ski-mojo.com\\\/es\\\/producto\\\/pro-pack-skimojo\\\/#primaryimage\"},\"thumbnailUrl\":\"https:\\\/\\\/www.ski-mojo.com\\\/wp-content\\\/uploads\\\/2025\\\/06\\\/48-cs400-propack.png\",\"datePublished\":\"2025-07-21T13:11:56+00:00\",\"dateModified\":\"2026-04-01T17:48:03+00:00\",\"description\":\"El Pro-Pack es un kit de piezas de repuesto para reparar su Ski~Mojo de manera aut\u00f3noma en caso de problema, cuando est\u00e9 lejos de un centro de servicio.\",\"breadcrumb\":{\"@id\":\"https:\\\/\\\/www.ski-mojo.com\\\/es\\\/producto\\\/pro-pack-skimojo\\\/#breadcrumb\"},\"inLanguage\":\"es\",\"potentialAction\":[{\"@type\":\"ReadAction\",\"target\":[\"https:\\\/\\\/www.ski-mojo.com\\\/es\\\/producto\\\/pro-pack-skimojo\\\/\"]}]},{\"@type\":\"ImageObject\",\"inLanguage\":\"es\",\"@id\":\"https:\\\/\\\/www.ski-mojo.com\\\/es\\\/producto\\\/pro-pack-skimojo\\\/#primaryimage\",\"url\":\"https:\\\/\\\/www.ski-mojo.com\\\/wp-content\\\/uploads\\\/2025\\\/06\\\/48-cs400-propack.png\",\"contentUrl\":\"https:\\\/\\\/www.ski-mojo.com\\\/wp-content\\\/uploads\\\/2025\\\/06\\\/48-cs400-propack.png\",\"width\":400,\"height\":400},{\"@type\":\"BreadcrumbList\",\"@id\":\"https:\\\/\\\/www.ski-mojo.com\\\/es\\\/producto\\\/pro-pack-skimojo\\\/#breadcrumb\",\"itemListElement\":[{\"@type\":\"ListItem\",\"position\":1,\"name\":\"Home\",\"item\":\"https:\\\/\\\/www.ski-mojo.com\\\/es\\\/\"},{\"@type\":\"ListItem\",\"position\":2,\"name\":\"Tienda\",\"item\":\"https:\\\/\\\/www.ski-mojo.com\\\/es\\\/tienda\\\/\"},{\"@type\":\"ListItem\",\"position\":3,\"name\":\"Pro-Pack Ski~Mojo\"}]},{\"@type\":\"WebSite\",\"@id\":\"https:\\\/\\\/www.ski-mojo.com\\\/es\\\/#website\",\"url\":\"https:\\\/\\\/www.ski-mojo.com\\\/es\\\/\",\"name\":\"Ski~Mojo\",\"description\":\"\",\"publisher\":{\"@id\":\"https:\\\/\\\/www.ski-mojo.com\\\/es\\\/#organization\"},\"potentialAction\":[{\"@type\":\"SearchAction\",\"target\":{\"@type\":\"EntryPoint\",\"urlTemplate\":\"https:\\\/\\\/www.ski-mojo.com\\\/es\\\/?s={search_term_string}\"},\"query-input\":{\"@type\":\"PropertyValueSpecification\",\"valueRequired\":true,\"valueName\":\"search_term_string\"}}],\"inLanguage\":\"es\"},{\"@type\":\"Organization\",\"@id\":\"https:\\\/\\\/www.ski-mojo.com\\\/es\\\/#organization\",\"name\":\"Ski~Mojo\",\"url\":\"https:\\\/\\\/www.ski-mojo.com\\\/es\\\/\",\"logo\":{\"@type\":\"ImageObject\",\"inLanguage\":\"es\",\"@id\":\"https:\\\/\\\/www.ski-mojo.com\\\/es\\\/#\\\/schema\\\/logo\\\/image\\\/\",\"url\":\"https:\\\/\\\/www.ski-mojo.com\\\/wp-content\\\/uploads\\\/2025\\\/05\\\/ski-mojo-1.png\",\"contentUrl\":\"https:\\\/\\\/www.ski-mojo.com\\\/wp-content\\\/uploads\\\/2025\\\/05\\\/ski-mojo-1.png\",\"width\":379,\"height\":93,\"caption\":\"Ski~Mojo\"},\"image\":{\"@id\":\"https:\\\/\\\/www.ski-mojo.com\\\/es\\\/#\\\/schema\\\/logo\\\/image\\\/\"},\"sameAs\":[\"https:\\\/\\\/www.facebook.com\\\/skimojomania\",\"https:\\\/\\\/www.instagram.com\\\/skimojo_official\\\/\",\"https:\\\/\\\/www.linkedin.com\\\/company\\\/ski-mojo\\\/\",\"https:\\\/\\\/www.youtube.com\\\/SkiMojoFrance\"]}]}<\/script>\n<!-- \/ Yoast SEO plugin. -->","yoast_head_json":{"title":"Tienda Ski~Mojo | Pro-Pack","description":"El Pro-Pack es un kit de piezas de repuesto para reparar su Ski~Mojo de manera aut\u00f3noma en caso de problema, cuando est\u00e9 lejos de un centro de servicio.","robots":{"index":"index","follow":"follow","max-snippet":"max-snippet:-1","max-image-preview":"max-image-preview:large","max-video-preview":"max-video-preview:-1"},"canonical":"https:\/\/www.ski-mojo.com\/es\/producto\/pro-pack-skimojo\/","og_locale":"es_ES","og_type":"article","og_title":"Tienda Ski~Mojo | Pro-Pack","og_description":"El Pro-Pack es un kit de piezas de repuesto para reparar su Ski~Mojo de manera aut\u00f3noma en caso de problema, cuando est\u00e9 lejos de un centro de servicio.","og_url":"https:\/\/www.ski-mojo.com\/es\/producto\/pro-pack-skimojo\/","og_site_name":"Ski-mojo","article_publisher":"https:\/\/www.facebook.com\/skimojomania","article_modified_time":"2026-04-01T17:48:03+00:00","og_image":[{"width":400,"height":400,"url":"https:\/\/www.ski-mojo.com\/wp-content\/uploads\/2019\/08\/48-cs400-propack-1.png","type":"image\/png"}],"twitter_card":"summary_large_image","twitter_misc":{"Tiempo de lectura":"1 minuto"},"schema":{"@context":"https:\/\/schema.org","@graph":[{"@type":"WebPage","@id":"https:\/\/www.ski-mojo.com\/es\/producto\/pro-pack-skimojo\/","url":"https:\/\/www.ski-mojo.com\/es\/producto\/pro-pack-skimojo\/","name":"Tienda Ski~Mojo | Pro-Pack","isPartOf":{"@id":"https:\/\/www.ski-mojo.com\/es\/#website"},"primaryImageOfPage":{"@id":"https:\/\/www.ski-mojo.com\/es\/producto\/pro-pack-skimojo\/#primaryimage"},"image":{"@id":"https:\/\/www.ski-mojo.com\/es\/producto\/pro-pack-skimojo\/#primaryimage"},"thumbnailUrl":"https:\/\/www.ski-mojo.com\/wp-content\/uploads\/2025\/06\/48-cs400-propack.png","datePublished":"2025-07-21T13:11:56+00:00","dateModified":"2026-04-01T17:48:03+00:00","description":"El Pro-Pack es un kit de piezas de repuesto para reparar su Ski~Mojo de manera aut\u00f3noma en caso de problema, cuando est\u00e9 lejos de un centro de servicio.","breadcrumb":{"@id":"https:\/\/www.ski-mojo.com\/es\/producto\/pro-pack-skimojo\/#breadcrumb"},"inLanguage":"es","potentialAction":[{"@type":"ReadAction","target":["https:\/\/www.ski-mojo.com\/es\/producto\/pro-pack-skimojo\/"]}]},{"@type":"ImageObject","inLanguage":"es","@id":"https:\/\/www.ski-mojo.com\/es\/producto\/pro-pack-skimojo\/#primaryimage","url":"https:\/\/www.ski-mojo.com\/wp-content\/uploads\/2025\/06\/48-cs400-propack.png","contentUrl":"https:\/\/www.ski-mojo.com\/wp-content\/uploads\/2025\/06\/48-cs400-propack.png","width":400,"height":400},{"@type":"BreadcrumbList","@id":"https:\/\/www.ski-mojo.com\/es\/producto\/pro-pack-skimojo\/#breadcrumb","itemListElement":[{"@type":"ListItem","position":1,"name":"Home","item":"https:\/\/www.ski-mojo.com\/es\/"},{"@type":"ListItem","position":2,"name":"Tienda","item":"https:\/\/www.ski-mojo.com\/es\/tienda\/"},{"@type":"ListItem","position":3,"name":"Pro-Pack Ski~Mojo"}]},{"@type":"WebSite","@id":"https:\/\/www.ski-mojo.com\/es\/#website","url":"https:\/\/www.ski-mojo.com\/es\/","name":"Ski~Mojo","description":"","publisher":{"@id":"https:\/\/www.ski-mojo.com\/es\/#organization"},"potentialAction":[{"@type":"SearchAction","target":{"@type":"EntryPoint","urlTemplate":"https:\/\/www.ski-mojo.com\/es\/?s={search_term_string}"},"query-input":{"@type":"PropertyValueSpecification","valueRequired":true,"valueName":"search_term_string"}}],"inLanguage":"es"},{"@type":"Organization","@id":"https:\/\/www.ski-mojo.com\/es\/#organization","name":"Ski~Mojo","url":"https:\/\/www.ski-mojo.com\/es\/","logo":{"@type":"ImageObject","inLanguage":"es","@id":"https:\/\/www.ski-mojo.com\/es\/#\/schema\/logo\/image\/","url":"https:\/\/www.ski-mojo.com\/wp-content\/uploads\/2025\/05\/ski-mojo-1.png","contentUrl":"https:\/\/www.ski-mojo.com\/wp-content\/uploads\/2025\/05\/ski-mojo-1.png","width":379,"height":93,"caption":"Ski~Mojo"},"image":{"@id":"https:\/\/www.ski-mojo.com\/es\/#\/schema\/logo\/image\/"},"sameAs":["https:\/\/www.facebook.com\/skimojomania","https:\/\/www.instagram.com\/skimojo_official\/","https:\/\/www.linkedin.com\/company\/ski-mojo\/","https:\/\/www.youtube.com\/SkiMojoFrance"]}]}},"_links":{"self":[{"href":"https:\/\/www.ski-mojo.com\/es\/wp-json\/wp\/v2\/product\/52820786","targetHints":{"allow":["GET"]}}],"collection":[{"href":"https:\/\/www.ski-mojo.com\/es\/wp-json\/wp\/v2\/product"}],"about":[{"href":"https:\/\/www.ski-mojo.com\/es\/wp-json\/wp\/v2\/types\/product"}],"replies":[{"embeddable":true,"href":"https:\/\/www.ski-mojo.com\/es\/wp-json\/wp\/v2\/comments?post=52820786"}],"wp:featuredmedia":[{"embeddable":true,"href":"https:\/\/www.ski-mojo.com\/es\/wp-json\/wp\/v2\/media\/52808499"}],"wp:attachment":[{"href":"https:\/\/www.ski-mojo.com\/es\/wp-json\/wp\/v2\/media?parent=52820786"}],"wp:term":[{"taxonomy":"product_brand","embeddable":true,"href":"https:\/\/www.ski-mojo.com\/es\/wp-json\/wp\/v2\/product_brand?post=52820786"},{"taxonomy":"product_cat","embeddable":true,"href":"https:\/\/www.ski-mojo.com\/es\/wp-json\/wp\/v2\/product_cat?post=52820786"},{"taxonomy":"product_tag","embeddable":true,"href":"https:\/\/www.ski-mojo.com\/es\/wp-json\/wp\/v2\/product_tag?post=52820786"}],"curies":[{"name":"wp","href":"https:\/\/api.w.org\/{rel}","templated":true}]}}