{"id":52820784,"date":"2025-07-21T13:11:57","date_gmt":"2025-07-21T13:11:57","guid":{"rendered":"https:\/\/www.ski-mojo.com\/?post_type=product&#038;p=52820784"},"modified":"2025-08-29T12:58:18","modified_gmt":"2025-08-29T12:58:18","slug":"conectores-definitivos-para-botas-par","status":"publish","type":"product","link":"https:\/\/www.ski-mojo.com\/es\/producto\/conectores-definitivos-para-botas-par\/","title":{"rendered":"Conectores definitivos para botas (par)"},"content":{"rendered":"","protected":false},"excerpt":{"rendered":"<div class=\"tabs tabs-3\">\n<section id=\"description-tab\" class=\"tab shown\"><\/section>\n<section>En sustituci\u00f3n de los ya proporcionados con su Ski~Mojo. Para fijarse en sus botas de esqu\u00ed despu\u00e9s de perforar la carcasa seg\u00fan las instrucciones del Manual de Usuario.<\/section>\n<\/div>\n<section class=\"prod-list pd-cross-selling treated\">\n<h2 class=\"h2\"><\/h2>\n<\/section>\n","protected":false},"featured_media":52807408,"comment_status":"open","ping_status":"closed","template":"","meta":{"_acf_changed":false},"product_brand":[],"product_cat":[763],"product_tag":[],"class_list":{"0":"post-52820784","1":"product","2":"type-product","3":"status-publish","4":"has-post-thumbnail","6":"product_cat-accesorios","7":"product_shipping_class-tres-leger-es","9":"first","10":"instock","11":"taxable","12":"shipping-taxable","13":"purchasable","14":"product-type-simple"},"acf":[],"yoast_head":"<!-- This site is optimized with the Yoast SEO plugin v27.4 - https:\/\/yoast.com\/product\/yoast-seo-wordpress\/ -->\n<title>Tienda Ski~Mojo | Conectores Definitivos<\/title>\n<meta name=\"description\" content=\"Conectores definitivos de repuesto para su Ski~Mojo\" \/>\n<meta name=\"robots\" content=\"index, follow, max-snippet:-1, max-image-preview:large, max-video-preview:-1\" \/>\n<link rel=\"canonical\" href=\"https:\/\/www.ski-mojo.com\/es\/producto\/conectores-definitivos-para-botas-par\/\" \/>\n<meta property=\"og:locale\" content=\"es_ES\" \/>\n<meta property=\"og:type\" content=\"article\" \/>\n<meta property=\"og:title\" content=\"Tienda Ski~Mojo | Conectores Definitivos\" \/>\n<meta property=\"og:description\" content=\"Conectores definitivos de repuesto para su Ski~Mojo\" \/>\n<meta property=\"og:url\" content=\"https:\/\/www.ski-mojo.com\/es\/producto\/conectores-definitivos-para-botas-par\/\" \/>\n<meta property=\"og:site_name\" content=\"Ski-mojo\" \/>\n<meta property=\"article:publisher\" content=\"https:\/\/www.facebook.com\/skimojomania\" \/>\n<meta property=\"article:modified_time\" content=\"2025-08-29T12:58:18+00:00\" \/>\n<meta property=\"og:image\" content=\"https:\/\/www.ski-mojo.com\/wp-content\/uploads\/2019\/08\/connecteurs-4.jpg\" \/>\n\t<meta property=\"og:image:width\" content=\"614\" \/>\n\t<meta property=\"og:image:height\" content=\"621\" \/>\n\t<meta property=\"og:image:type\" content=\"image\/jpeg\" \/>\n<meta name=\"twitter:card\" content=\"summary_large_image\" \/>\n<script type=\"application\/ld+json\" class=\"yoast-schema-graph\">{\"@context\":\"https:\\\/\\\/schema.org\",\"@graph\":[{\"@type\":\"WebPage\",\"@id\":\"https:\\\/\\\/www.ski-mojo.com\\\/es\\\/producto\\\/conectores-definitivos-para-botas-par\\\/\",\"url\":\"https:\\\/\\\/www.ski-mojo.com\\\/es\\\/producto\\\/conectores-definitivos-para-botas-par\\\/\",\"name\":\"Tienda Ski~Mojo | Conectores Definitivos\",\"isPartOf\":{\"@id\":\"https:\\\/\\\/www.ski-mojo.com\\\/es\\\/#website\"},\"primaryImageOfPage\":{\"@id\":\"https:\\\/\\\/www.ski-mojo.com\\\/es\\\/producto\\\/conectores-definitivos-para-botas-par\\\/#primaryimage\"},\"image\":{\"@id\":\"https:\\\/\\\/www.ski-mojo.com\\\/es\\\/producto\\\/conectores-definitivos-para-botas-par\\\/#primaryimage\"},\"thumbnailUrl\":\"https:\\\/\\\/www.ski-mojo.com\\\/wp-content\\\/uploads\\\/2025\\\/06\\\/connecteurs.jpg\",\"datePublished\":\"2025-07-21T13:11:57+00:00\",\"dateModified\":\"2025-08-29T12:58:18+00:00\",\"description\":\"Conectores definitivos de repuesto para su Ski~Mojo\",\"breadcrumb\":{\"@id\":\"https:\\\/\\\/www.ski-mojo.com\\\/es\\\/producto\\\/conectores-definitivos-para-botas-par\\\/#breadcrumb\"},\"inLanguage\":\"es\",\"potentialAction\":[{\"@type\":\"ReadAction\",\"target\":[\"https:\\\/\\\/www.ski-mojo.com\\\/es\\\/producto\\\/conectores-definitivos-para-botas-par\\\/\"]}]},{\"@type\":\"ImageObject\",\"inLanguage\":\"es\",\"@id\":\"https:\\\/\\\/www.ski-mojo.com\\\/es\\\/producto\\\/conectores-definitivos-para-botas-par\\\/#primaryimage\",\"url\":\"https:\\\/\\\/www.ski-mojo.com\\\/wp-content\\\/uploads\\\/2025\\\/06\\\/connecteurs.jpg\",\"contentUrl\":\"https:\\\/\\\/www.ski-mojo.com\\\/wp-content\\\/uploads\\\/2025\\\/06\\\/connecteurs.jpg\",\"width\":614,\"height\":621},{\"@type\":\"BreadcrumbList\",\"@id\":\"https:\\\/\\\/www.ski-mojo.com\\\/es\\\/producto\\\/conectores-definitivos-para-botas-par\\\/#breadcrumb\",\"itemListElement\":[{\"@type\":\"ListItem\",\"position\":1,\"name\":\"Home\",\"item\":\"https:\\\/\\\/www.ski-mojo.com\\\/es\\\/\"},{\"@type\":\"ListItem\",\"position\":2,\"name\":\"Tienda\",\"item\":\"https:\\\/\\\/www.ski-mojo.com\\\/es\\\/tienda\\\/\"},{\"@type\":\"ListItem\",\"position\":3,\"name\":\"Conectores definitivos para botas (par)\"}]},{\"@type\":\"WebSite\",\"@id\":\"https:\\\/\\\/www.ski-mojo.com\\\/es\\\/#website\",\"url\":\"https:\\\/\\\/www.ski-mojo.com\\\/es\\\/\",\"name\":\"Ski~Mojo\",\"description\":\"\",\"publisher\":{\"@id\":\"https:\\\/\\\/www.ski-mojo.com\\\/es\\\/#organization\"},\"potentialAction\":[{\"@type\":\"SearchAction\",\"target\":{\"@type\":\"EntryPoint\",\"urlTemplate\":\"https:\\\/\\\/www.ski-mojo.com\\\/es\\\/?s={search_term_string}\"},\"query-input\":{\"@type\":\"PropertyValueSpecification\",\"valueRequired\":true,\"valueName\":\"search_term_string\"}}],\"inLanguage\":\"es\"},{\"@type\":\"Organization\",\"@id\":\"https:\\\/\\\/www.ski-mojo.com\\\/es\\\/#organization\",\"name\":\"Ski~Mojo\",\"url\":\"https:\\\/\\\/www.ski-mojo.com\\\/es\\\/\",\"logo\":{\"@type\":\"ImageObject\",\"inLanguage\":\"es\",\"@id\":\"https:\\\/\\\/www.ski-mojo.com\\\/es\\\/#\\\/schema\\\/logo\\\/image\\\/\",\"url\":\"https:\\\/\\\/www.ski-mojo.com\\\/wp-content\\\/uploads\\\/2025\\\/05\\\/ski-mojo-1.png\",\"contentUrl\":\"https:\\\/\\\/www.ski-mojo.com\\\/wp-content\\\/uploads\\\/2025\\\/05\\\/ski-mojo-1.png\",\"width\":379,\"height\":93,\"caption\":\"Ski~Mojo\"},\"image\":{\"@id\":\"https:\\\/\\\/www.ski-mojo.com\\\/es\\\/#\\\/schema\\\/logo\\\/image\\\/\"},\"sameAs\":[\"https:\\\/\\\/www.facebook.com\\\/skimojomania\",\"https:\\\/\\\/www.instagram.com\\\/skimojo_official\\\/\",\"https:\\\/\\\/www.linkedin.com\\\/company\\\/ski-mojo\\\/\",\"https:\\\/\\\/www.youtube.com\\\/SkiMojoFrance\"]}]}<\/script>\n<!-- \/ Yoast SEO plugin. -->","yoast_head_json":{"title":"Tienda Ski~Mojo | Conectores Definitivos","description":"Conectores definitivos de repuesto para su Ski~Mojo","robots":{"index":"index","follow":"follow","max-snippet":"max-snippet:-1","max-image-preview":"max-image-preview:large","max-video-preview":"max-video-preview:-1"},"canonical":"https:\/\/www.ski-mojo.com\/es\/producto\/conectores-definitivos-para-botas-par\/","og_locale":"es_ES","og_type":"article","og_title":"Tienda Ski~Mojo | Conectores Definitivos","og_description":"Conectores definitivos de repuesto para su Ski~Mojo","og_url":"https:\/\/www.ski-mojo.com\/es\/producto\/conectores-definitivos-para-botas-par\/","og_site_name":"Ski-mojo","article_publisher":"https:\/\/www.facebook.com\/skimojomania","article_modified_time":"2025-08-29T12:58:18+00:00","og_image":[{"width":614,"height":621,"url":"https:\/\/www.ski-mojo.com\/wp-content\/uploads\/2019\/08\/connecteurs-4.jpg","type":"image\/jpeg"}],"twitter_card":"summary_large_image","schema":{"@context":"https:\/\/schema.org","@graph":[{"@type":"WebPage","@id":"https:\/\/www.ski-mojo.com\/es\/producto\/conectores-definitivos-para-botas-par\/","url":"https:\/\/www.ski-mojo.com\/es\/producto\/conectores-definitivos-para-botas-par\/","name":"Tienda Ski~Mojo | Conectores Definitivos","isPartOf":{"@id":"https:\/\/www.ski-mojo.com\/es\/#website"},"primaryImageOfPage":{"@id":"https:\/\/www.ski-mojo.com\/es\/producto\/conectores-definitivos-para-botas-par\/#primaryimage"},"image":{"@id":"https:\/\/www.ski-mojo.com\/es\/producto\/conectores-definitivos-para-botas-par\/#primaryimage"},"thumbnailUrl":"https:\/\/www.ski-mojo.com\/wp-content\/uploads\/2025\/06\/connecteurs.jpg","datePublished":"2025-07-21T13:11:57+00:00","dateModified":"2025-08-29T12:58:18+00:00","description":"Conectores definitivos de repuesto para su Ski~Mojo","breadcrumb":{"@id":"https:\/\/www.ski-mojo.com\/es\/producto\/conectores-definitivos-para-botas-par\/#breadcrumb"},"inLanguage":"es","potentialAction":[{"@type":"ReadAction","target":["https:\/\/www.ski-mojo.com\/es\/producto\/conectores-definitivos-para-botas-par\/"]}]},{"@type":"ImageObject","inLanguage":"es","@id":"https:\/\/www.ski-mojo.com\/es\/producto\/conectores-definitivos-para-botas-par\/#primaryimage","url":"https:\/\/www.ski-mojo.com\/wp-content\/uploads\/2025\/06\/connecteurs.jpg","contentUrl":"https:\/\/www.ski-mojo.com\/wp-content\/uploads\/2025\/06\/connecteurs.jpg","width":614,"height":621},{"@type":"BreadcrumbList","@id":"https:\/\/www.ski-mojo.com\/es\/producto\/conectores-definitivos-para-botas-par\/#breadcrumb","itemListElement":[{"@type":"ListItem","position":1,"name":"Home","item":"https:\/\/www.ski-mojo.com\/es\/"},{"@type":"ListItem","position":2,"name":"Tienda","item":"https:\/\/www.ski-mojo.com\/es\/tienda\/"},{"@type":"ListItem","position":3,"name":"Conectores definitivos para botas (par)"}]},{"@type":"WebSite","@id":"https:\/\/www.ski-mojo.com\/es\/#website","url":"https:\/\/www.ski-mojo.com\/es\/","name":"Ski~Mojo","description":"","publisher":{"@id":"https:\/\/www.ski-mojo.com\/es\/#organization"},"potentialAction":[{"@type":"SearchAction","target":{"@type":"EntryPoint","urlTemplate":"https:\/\/www.ski-mojo.com\/es\/?s={search_term_string}"},"query-input":{"@type":"PropertyValueSpecification","valueRequired":true,"valueName":"search_term_string"}}],"inLanguage":"es"},{"@type":"Organization","@id":"https:\/\/www.ski-mojo.com\/es\/#organization","name":"Ski~Mojo","url":"https:\/\/www.ski-mojo.com\/es\/","logo":{"@type":"ImageObject","inLanguage":"es","@id":"https:\/\/www.ski-mojo.com\/es\/#\/schema\/logo\/image\/","url":"https:\/\/www.ski-mojo.com\/wp-content\/uploads\/2025\/05\/ski-mojo-1.png","contentUrl":"https:\/\/www.ski-mojo.com\/wp-content\/uploads\/2025\/05\/ski-mojo-1.png","width":379,"height":93,"caption":"Ski~Mojo"},"image":{"@id":"https:\/\/www.ski-mojo.com\/es\/#\/schema\/logo\/image\/"},"sameAs":["https:\/\/www.facebook.com\/skimojomania","https:\/\/www.instagram.com\/skimojo_official\/","https:\/\/www.linkedin.com\/company\/ski-mojo\/","https:\/\/www.youtube.com\/SkiMojoFrance"]}]}},"_links":{"self":[{"href":"https:\/\/www.ski-mojo.com\/es\/wp-json\/wp\/v2\/product\/52820784","targetHints":{"allow":["GET"]}}],"collection":[{"href":"https:\/\/www.ski-mojo.com\/es\/wp-json\/wp\/v2\/product"}],"about":[{"href":"https:\/\/www.ski-mojo.com\/es\/wp-json\/wp\/v2\/types\/product"}],"replies":[{"embeddable":true,"href":"https:\/\/www.ski-mojo.com\/es\/wp-json\/wp\/v2\/comments?post=52820784"}],"wp:featuredmedia":[{"embeddable":true,"href":"https:\/\/www.ski-mojo.com\/es\/wp-json\/wp\/v2\/media\/52807408"}],"wp:attachment":[{"href":"https:\/\/www.ski-mojo.com\/es\/wp-json\/wp\/v2\/media?parent=52820784"}],"wp:term":[{"taxonomy":"product_brand","embeddable":true,"href":"https:\/\/www.ski-mojo.com\/es\/wp-json\/wp\/v2\/product_brand?post=52820784"},{"taxonomy":"product_cat","embeddable":true,"href":"https:\/\/www.ski-mojo.com\/es\/wp-json\/wp\/v2\/product_cat?post=52820784"},{"taxonomy":"product_tag","embeddable":true,"href":"https:\/\/www.ski-mojo.com\/es\/wp-json\/wp\/v2\/product_tag?post=52820784"}],"curies":[{"name":"wp","href":"https:\/\/api.w.org\/{rel}","templated":true}]}}