{"id":52820783,"date":"2025-07-21T13:11:55","date_gmt":"2025-07-21T13:11:55","guid":{"rendered":"https:\/\/www.ski-mojo.com\/?post_type=product&#038;p=52820783"},"modified":"2025-07-21T13:26:56","modified_gmt":"2025-07-21T13:26:56","slug":"tirantes","status":"publish","type":"product","link":"https:\/\/www.ski-mojo.com\/es\/producto\/tirantes\/","title":{"rendered":"Tirantes"},"content":{"rendered":"","protected":false},"excerpt":{"rendered":"<p>As\u00ed como su esqueleto est\u00e1 conectado al suelo a trav\u00e9s de sus pies, el exoesqueleto Ski~Mojo necesita estar conectado al suelo (a trav\u00e9s de sus botas de esqu\u00ed). Si no est\u00e1 sujeto a las botas, se deslizar\u00e1 hacia abajo.<\/p>\n<p>Estos tirantes espec\u00edficos para Ski~Mojo evitan esta incomodidad, especialmente cuando no lleva puestas las botas de esqu\u00ed. Se fijan al arn\u00e9s con dos clips. Estos tirantes permiten llevar el Ski~Mojo tanto por encima como por debajo de los pantalones de esqu\u00ed.<\/p>\n","protected":false},"featured_media":52839409,"comment_status":"closed","ping_status":"closed","template":"","meta":{"_acf_changed":false},"product_brand":[],"product_cat":[763],"product_tag":[],"class_list":{"0":"post-52820783","1":"product","2":"type-product","3":"status-publish","4":"has-post-thumbnail","6":"product_cat-accesorios","7":"product_shipping_class-tres-leger-es","9":"first","10":"instock","11":"taxable","12":"shipping-taxable","13":"purchasable","14":"product-type-simple"},"acf":[],"yoast_head":"<!-- This site is optimized with the Yoast SEO plugin v27.4 - https:\/\/yoast.com\/product\/yoast-seo-wordpress\/ -->\n<title>Tienda Ski~Mojo | Tirantes<\/title>\n<meta name=\"description\" content=\"Estos tirantes evitan que el Ski~Mojo se deslice cuando no est\u00e1 conectado a las botas de esqu\u00ed o de snowboard.\" \/>\n<meta name=\"robots\" content=\"index, follow, max-snippet:-1, max-image-preview:large, max-video-preview:-1\" \/>\n<link rel=\"canonical\" href=\"https:\/\/www.ski-mojo.com\/es\/producto\/tirantes\/\" \/>\n<meta property=\"og:locale\" content=\"es_ES\" \/>\n<meta property=\"og:type\" content=\"article\" \/>\n<meta property=\"og:title\" content=\"Tienda Ski~Mojo | Tirantes\" \/>\n<meta property=\"og:description\" content=\"Estos tirantes evitan que el Ski~Mojo se deslice cuando no est\u00e1 conectado a las botas de esqu\u00ed o de snowboard.\" \/>\n<meta property=\"og:url\" content=\"https:\/\/www.ski-mojo.com\/es\/producto\/tirantes\/\" \/>\n<meta property=\"og:site_name\" content=\"Ski-mojo\" \/>\n<meta property=\"article:publisher\" content=\"https:\/\/www.facebook.com\/skimojomania\" \/>\n<meta property=\"article:modified_time\" content=\"2025-07-21T13:26:56+00:00\" \/>\n<meta property=\"og:image\" content=\"https:\/\/www.ski-mojo.com\/wp-content\/uploads\/2025\/07\/photo-Ski-Mojo-produit-1200x902-1.webp\" \/>\n\t<meta property=\"og:image:width\" content=\"1200\" \/>\n\t<meta property=\"og:image:height\" content=\"902\" \/>\n\t<meta property=\"og:image:type\" content=\"image\/webp\" \/>\n<meta name=\"twitter:card\" content=\"summary_large_image\" \/>\n<script type=\"application\/ld+json\" class=\"yoast-schema-graph\">{\"@context\":\"https:\\\/\\\/schema.org\",\"@graph\":[{\"@type\":\"WebPage\",\"@id\":\"https:\\\/\\\/www.ski-mojo.com\\\/es\\\/producto\\\/tirantes\\\/\",\"url\":\"https:\\\/\\\/www.ski-mojo.com\\\/es\\\/producto\\\/tirantes\\\/\",\"name\":\"Tienda Ski~Mojo | Tirantes\",\"isPartOf\":{\"@id\":\"https:\\\/\\\/www.ski-mojo.com\\\/es\\\/#website\"},\"primaryImageOfPage\":{\"@id\":\"https:\\\/\\\/www.ski-mojo.com\\\/es\\\/producto\\\/tirantes\\\/#primaryimage\"},\"image\":{\"@id\":\"https:\\\/\\\/www.ski-mojo.com\\\/es\\\/producto\\\/tirantes\\\/#primaryimage\"},\"thumbnailUrl\":\"https:\\\/\\\/www.ski-mojo.com\\\/wp-content\\\/uploads\\\/2025\\\/07\\\/Bretelles-Ski-Mojo-Boutique.jpg\",\"datePublished\":\"2025-07-21T13:11:55+00:00\",\"dateModified\":\"2025-07-21T13:26:56+00:00\",\"description\":\"Estos tirantes evitan que el Ski~Mojo se deslice cuando no est\u00e1 conectado a las botas de esqu\u00ed o de snowboard.\",\"breadcrumb\":{\"@id\":\"https:\\\/\\\/www.ski-mojo.com\\\/es\\\/producto\\\/tirantes\\\/#breadcrumb\"},\"inLanguage\":\"es\",\"potentialAction\":[{\"@type\":\"ReadAction\",\"target\":[\"https:\\\/\\\/www.ski-mojo.com\\\/es\\\/producto\\\/tirantes\\\/\"]}]},{\"@type\":\"ImageObject\",\"inLanguage\":\"es\",\"@id\":\"https:\\\/\\\/www.ski-mojo.com\\\/es\\\/producto\\\/tirantes\\\/#primaryimage\",\"url\":\"https:\\\/\\\/www.ski-mojo.com\\\/wp-content\\\/uploads\\\/2025\\\/07\\\/Bretelles-Ski-Mojo-Boutique.jpg\",\"contentUrl\":\"https:\\\/\\\/www.ski-mojo.com\\\/wp-content\\\/uploads\\\/2025\\\/07\\\/Bretelles-Ski-Mojo-Boutique.jpg\",\"width\":1210,\"height\":1212},{\"@type\":\"BreadcrumbList\",\"@id\":\"https:\\\/\\\/www.ski-mojo.com\\\/es\\\/producto\\\/tirantes\\\/#breadcrumb\",\"itemListElement\":[{\"@type\":\"ListItem\",\"position\":1,\"name\":\"Home\",\"item\":\"https:\\\/\\\/www.ski-mojo.com\\\/es\\\/\"},{\"@type\":\"ListItem\",\"position\":2,\"name\":\"Tienda\",\"item\":\"https:\\\/\\\/www.ski-mojo.com\\\/es\\\/tienda\\\/\"},{\"@type\":\"ListItem\",\"position\":3,\"name\":\"Tirantes\"}]},{\"@type\":\"WebSite\",\"@id\":\"https:\\\/\\\/www.ski-mojo.com\\\/es\\\/#website\",\"url\":\"https:\\\/\\\/www.ski-mojo.com\\\/es\\\/\",\"name\":\"Ski~Mojo\",\"description\":\"\",\"publisher\":{\"@id\":\"https:\\\/\\\/www.ski-mojo.com\\\/es\\\/#organization\"},\"potentialAction\":[{\"@type\":\"SearchAction\",\"target\":{\"@type\":\"EntryPoint\",\"urlTemplate\":\"https:\\\/\\\/www.ski-mojo.com\\\/es\\\/?s={search_term_string}\"},\"query-input\":{\"@type\":\"PropertyValueSpecification\",\"valueRequired\":true,\"valueName\":\"search_term_string\"}}],\"inLanguage\":\"es\"},{\"@type\":\"Organization\",\"@id\":\"https:\\\/\\\/www.ski-mojo.com\\\/es\\\/#organization\",\"name\":\"Ski~Mojo\",\"url\":\"https:\\\/\\\/www.ski-mojo.com\\\/es\\\/\",\"logo\":{\"@type\":\"ImageObject\",\"inLanguage\":\"es\",\"@id\":\"https:\\\/\\\/www.ski-mojo.com\\\/es\\\/#\\\/schema\\\/logo\\\/image\\\/\",\"url\":\"https:\\\/\\\/www.ski-mojo.com\\\/wp-content\\\/uploads\\\/2025\\\/05\\\/ski-mojo-1.png\",\"contentUrl\":\"https:\\\/\\\/www.ski-mojo.com\\\/wp-content\\\/uploads\\\/2025\\\/05\\\/ski-mojo-1.png\",\"width\":379,\"height\":93,\"caption\":\"Ski~Mojo\"},\"image\":{\"@id\":\"https:\\\/\\\/www.ski-mojo.com\\\/es\\\/#\\\/schema\\\/logo\\\/image\\\/\"},\"sameAs\":[\"https:\\\/\\\/www.facebook.com\\\/skimojomania\",\"https:\\\/\\\/www.instagram.com\\\/skimojo_official\\\/\",\"https:\\\/\\\/www.linkedin.com\\\/company\\\/ski-mojo\\\/\",\"https:\\\/\\\/www.youtube.com\\\/SkiMojoFrance\"]}]}<\/script>\n<!-- \/ Yoast SEO plugin. -->","yoast_head_json":{"title":"Tienda Ski~Mojo | Tirantes","description":"Estos tirantes evitan que el Ski~Mojo se deslice cuando no est\u00e1 conectado a las botas de esqu\u00ed o de snowboard.","robots":{"index":"index","follow":"follow","max-snippet":"max-snippet:-1","max-image-preview":"max-image-preview:large","max-video-preview":"max-video-preview:-1"},"canonical":"https:\/\/www.ski-mojo.com\/es\/producto\/tirantes\/","og_locale":"es_ES","og_type":"article","og_title":"Tienda Ski~Mojo | Tirantes","og_description":"Estos tirantes evitan que el Ski~Mojo se deslice cuando no est\u00e1 conectado a las botas de esqu\u00ed o de snowboard.","og_url":"https:\/\/www.ski-mojo.com\/es\/producto\/tirantes\/","og_site_name":"Ski-mojo","article_publisher":"https:\/\/www.facebook.com\/skimojomania","article_modified_time":"2025-07-21T13:26:56+00:00","og_image":[{"width":1200,"height":902,"url":"https:\/\/www.ski-mojo.com\/wp-content\/uploads\/2025\/07\/photo-Ski-Mojo-produit-1200x902-1.webp","type":"image\/webp"}],"twitter_card":"summary_large_image","schema":{"@context":"https:\/\/schema.org","@graph":[{"@type":"WebPage","@id":"https:\/\/www.ski-mojo.com\/es\/producto\/tirantes\/","url":"https:\/\/www.ski-mojo.com\/es\/producto\/tirantes\/","name":"Tienda Ski~Mojo | Tirantes","isPartOf":{"@id":"https:\/\/www.ski-mojo.com\/es\/#website"},"primaryImageOfPage":{"@id":"https:\/\/www.ski-mojo.com\/es\/producto\/tirantes\/#primaryimage"},"image":{"@id":"https:\/\/www.ski-mojo.com\/es\/producto\/tirantes\/#primaryimage"},"thumbnailUrl":"https:\/\/www.ski-mojo.com\/wp-content\/uploads\/2025\/07\/Bretelles-Ski-Mojo-Boutique.jpg","datePublished":"2025-07-21T13:11:55+00:00","dateModified":"2025-07-21T13:26:56+00:00","description":"Estos tirantes evitan que el Ski~Mojo se deslice cuando no est\u00e1 conectado a las botas de esqu\u00ed o de snowboard.","breadcrumb":{"@id":"https:\/\/www.ski-mojo.com\/es\/producto\/tirantes\/#breadcrumb"},"inLanguage":"es","potentialAction":[{"@type":"ReadAction","target":["https:\/\/www.ski-mojo.com\/es\/producto\/tirantes\/"]}]},{"@type":"ImageObject","inLanguage":"es","@id":"https:\/\/www.ski-mojo.com\/es\/producto\/tirantes\/#primaryimage","url":"https:\/\/www.ski-mojo.com\/wp-content\/uploads\/2025\/07\/Bretelles-Ski-Mojo-Boutique.jpg","contentUrl":"https:\/\/www.ski-mojo.com\/wp-content\/uploads\/2025\/07\/Bretelles-Ski-Mojo-Boutique.jpg","width":1210,"height":1212},{"@type":"BreadcrumbList","@id":"https:\/\/www.ski-mojo.com\/es\/producto\/tirantes\/#breadcrumb","itemListElement":[{"@type":"ListItem","position":1,"name":"Home","item":"https:\/\/www.ski-mojo.com\/es\/"},{"@type":"ListItem","position":2,"name":"Tienda","item":"https:\/\/www.ski-mojo.com\/es\/tienda\/"},{"@type":"ListItem","position":3,"name":"Tirantes"}]},{"@type":"WebSite","@id":"https:\/\/www.ski-mojo.com\/es\/#website","url":"https:\/\/www.ski-mojo.com\/es\/","name":"Ski~Mojo","description":"","publisher":{"@id":"https:\/\/www.ski-mojo.com\/es\/#organization"},"potentialAction":[{"@type":"SearchAction","target":{"@type":"EntryPoint","urlTemplate":"https:\/\/www.ski-mojo.com\/es\/?s={search_term_string}"},"query-input":{"@type":"PropertyValueSpecification","valueRequired":true,"valueName":"search_term_string"}}],"inLanguage":"es"},{"@type":"Organization","@id":"https:\/\/www.ski-mojo.com\/es\/#organization","name":"Ski~Mojo","url":"https:\/\/www.ski-mojo.com\/es\/","logo":{"@type":"ImageObject","inLanguage":"es","@id":"https:\/\/www.ski-mojo.com\/es\/#\/schema\/logo\/image\/","url":"https:\/\/www.ski-mojo.com\/wp-content\/uploads\/2025\/05\/ski-mojo-1.png","contentUrl":"https:\/\/www.ski-mojo.com\/wp-content\/uploads\/2025\/05\/ski-mojo-1.png","width":379,"height":93,"caption":"Ski~Mojo"},"image":{"@id":"https:\/\/www.ski-mojo.com\/es\/#\/schema\/logo\/image\/"},"sameAs":["https:\/\/www.facebook.com\/skimojomania","https:\/\/www.instagram.com\/skimojo_official\/","https:\/\/www.linkedin.com\/company\/ski-mojo\/","https:\/\/www.youtube.com\/SkiMojoFrance"]}]}},"_links":{"self":[{"href":"https:\/\/www.ski-mojo.com\/es\/wp-json\/wp\/v2\/product\/52820783","targetHints":{"allow":["GET"]}}],"collection":[{"href":"https:\/\/www.ski-mojo.com\/es\/wp-json\/wp\/v2\/product"}],"about":[{"href":"https:\/\/www.ski-mojo.com\/es\/wp-json\/wp\/v2\/types\/product"}],"replies":[{"embeddable":true,"href":"https:\/\/www.ski-mojo.com\/es\/wp-json\/wp\/v2\/comments?post=52820783"}],"wp:featuredmedia":[{"embeddable":true,"href":"https:\/\/www.ski-mojo.com\/es\/wp-json\/wp\/v2\/media\/52839409"}],"wp:attachment":[{"href":"https:\/\/www.ski-mojo.com\/es\/wp-json\/wp\/v2\/media?parent=52820783"}],"wp:term":[{"taxonomy":"product_brand","embeddable":true,"href":"https:\/\/www.ski-mojo.com\/es\/wp-json\/wp\/v2\/product_brand?post=52820783"},{"taxonomy":"product_cat","embeddable":true,"href":"https:\/\/www.ski-mojo.com\/es\/wp-json\/wp\/v2\/product_cat?post=52820783"},{"taxonomy":"product_tag","embeddable":true,"href":"https:\/\/www.ski-mojo.com\/es\/wp-json\/wp\/v2\/product_tag?post=52820783"}],"curies":[{"name":"wp","href":"https:\/\/api.w.org\/{rel}","templated":true}]}}