{"id":52830315,"date":"2025-07-31T10:25:58","date_gmt":"2025-07-31T10:25:58","guid":{"rendered":"https:\/\/www.ski-mojo.com\/?page_id=52830315"},"modified":"2025-08-24T21:37:12","modified_gmt":"2025-08-24T21:37:12","slug":"confirmacion-garantia","status":"publish","type":"page","link":"https:\/\/www.ski-mojo.com\/es\/confirmacion-garantia\/","title":{"rendered":"Confirmaci\u00f3n de garant\u00eda"},"content":{"rendered":"\t\t<div data-elementor-type=\"wp-page\" data-elementor-id=\"52830315\" class=\"elementor elementor-52830315 elementor-52830282\" data-elementor-post-type=\"page\">\n\t\t\t\t<div class=\"elementor-element elementor-element-d96cea0 e-flex e-con-boxed e-con e-parent\" data-id=\"d96cea0\" data-element_type=\"container\" data-e-type=\"container\">\n\t\t\t\t\t<div class=\"e-con-inner\">\n\t\t\t\t<div class=\"elementor-element elementor-element-312cf43 elementor-widget__width-initial elementor-widget-tablet_extra__width-initial elementor-widget-tablet__width-inherit elementor-widget-mobile__width-inherit elementor-widget elementor-widget-heading\" data-id=\"312cf43\" data-element_type=\"widget\" data-e-type=\"widget\" data-widget_type=\"heading.default\">\n\t\t\t\t<div class=\"elementor-widget-container\">\n\t\t\t\t\t<h3 class=\"elementor-heading-title elementor-size-default\">\u00a1Gracias! Su garant\u00eda Ski-Mojo de 24 meses ha sido registrada correctamente.\n<\/h3>\t\t\t\t<\/div>\n\t\t\t\t<\/div>\n\t\t\t\t\t<\/div>\n\t\t\t\t<\/div>\n\t\t<div class=\"elementor-element elementor-element-37cf4d4 e-flex e-con-boxed e-con e-parent\" data-id=\"37cf4d4\" data-element_type=\"container\" data-e-type=\"container\">\n\t\t\t\t\t<div class=\"e-con-inner\">\n\t\t<div class=\"elementor-element elementor-element-4dca54b e-con-full e-flex e-con e-child\" data-id=\"4dca54b\" data-element_type=\"container\" data-e-type=\"container\" data-settings=\"{&quot;background_background&quot;:&quot;classic&quot;}\">\n\t\t\t\t<div class=\"elementor-element elementor-element-f85d806 elementor-widget__width-initial elementor-widget-tablet_extra__width-initial elementor-widget-mobile__width-inherit elementor-widget elementor-widget-heading\" data-id=\"f85d806\" data-element_type=\"widget\" data-e-type=\"widget\" data-widget_type=\"heading.default\">\n\t\t\t\t<div class=\"elementor-widget-container\">\n\t\t\t\t\t<h3 class=\"elementor-heading-title elementor-size-default\">Si lo deseas, puedes ampliar la garant\u00eda 24 meses m\u00e1s\n\n<\/h3>\t\t\t\t<\/div>\n\t\t\t\t<\/div>\n\t\t\t\t<div class=\"elementor-element elementor-element-4b299c6 elementor-mobile-align-justify elementor-widget-mobile__width-inherit elementor-align-center elementor-widget elementor-widget-button\" data-id=\"4b299c6\" data-element_type=\"widget\" data-e-type=\"widget\" data-widget_type=\"button.default\">\n\t\t\t\t<div class=\"elementor-widget-container\">\n\t\t\t\t\t\t\t\t\t<div class=\"elementor-button-wrapper\">\n\t\t\t\t\t<a class=\"elementor-button elementor-button-link elementor-size-sm\" href=\"\/es\/producto\/garantia-ampliada\/\">\n\t\t\t\t\t\t<span class=\"elementor-button-content-wrapper\">\n\t\t\t\t\t\t\t\t\t<span class=\"elementor-button-text\">Ampliar la duraci\u00f3n de mi garant\u00eda *<\/span>\n\t\t\t\t\t<\/span>\n\t\t\t\t\t<\/a>\n\t\t\t\t<\/div>\n\t\t\t\t\t\t\t\t<\/div>\n\t\t\t\t<\/div>\n\t\t\t\t<div class=\"elementor-element elementor-element-88e683d elementor-widget__width-inherit elementor-widget-tablet_extra__width-inherit elementor-widget elementor-widget-text-editor\" data-id=\"88e683d\" data-element_type=\"widget\" data-e-type=\"widget\" data-widget_type=\"text-editor.default\">\n\t\t\t\t<div class=\"elementor-widget-container\">\n\t\t\t\t\t\t\t\t\t<p>* Su Ski-Mojo debe haber sido comprado hace menos de 45 d\u00edas<\/p>\t\t\t\t\t\t\t\t<\/div>\n\t\t\t\t<\/div>\n\t\t\t\t<div class=\"elementor-element elementor-element-fbb17ae elementor-widget-divider--view-line elementor-widget elementor-widget-divider\" data-id=\"fbb17ae\" data-element_type=\"widget\" data-e-type=\"widget\" data-widget_type=\"divider.default\">\n\t\t\t\t<div class=\"elementor-widget-container\">\n\t\t\t\t\t\t\t<div class=\"elementor-divider\">\n\t\t\t<span class=\"elementor-divider-separator\">\n\t\t\t\t\t\t<\/span>\n\t\t<\/div>\n\t\t\t\t\t\t<\/div>\n\t\t\t\t<\/div>\n\t\t\t\t<div class=\"elementor-element elementor-element-845603a elementor-widget__width-initial elementor-widget-tablet_extra__width-initial elementor-widget-mobile__width-inherit elementor-widget elementor-widget-heading\" data-id=\"845603a\" data-element_type=\"widget\" data-e-type=\"widget\" data-widget_type=\"heading.default\">\n\t\t\t\t<div class=\"elementor-widget-container\">\n\t\t\t\t\t<h3 class=\"elementor-heading-title elementor-size-default\">Encuentre aqu\u00ed 6 consejos de expertos sobre su Ski-Mojo\n\n<\/h3>\t\t\t\t<\/div>\n\t\t\t\t<\/div>\n\t\t\t\t<div class=\"elementor-element elementor-element-18e9b0f elementor-mobile-align-justify elementor-widget-mobile__width-inherit elementor-align-justify elementor-widget__width-initial elementor-widget elementor-widget-button\" data-id=\"18e9b0f\" data-element_type=\"widget\" data-e-type=\"widget\" data-widget_type=\"button.default\">\n\t\t\t\t<div class=\"elementor-widget-container\">\n\t\t\t\t\t\t\t\t\t<div class=\"elementor-button-wrapper\">\n\t\t\t\t\t<a class=\"elementor-button elementor-button-link elementor-size-sm\" href=\"\/es\/asesoramiento-experto\/\">\n\t\t\t\t\t\t<span class=\"elementor-button-content-wrapper\">\n\t\t\t\t\t\t\t\t\t<span class=\"elementor-button-text\">6 consejos<\/span>\n\t\t\t\t\t<\/span>\n\t\t\t\t\t<\/a>\n\t\t\t\t<\/div>\n\t\t\t\t\t\t\t\t<\/div>\n\t\t\t\t<\/div>\n\t\t\t\t<div class=\"elementor-element elementor-element-eb6e809 elementor-widget-divider--view-line elementor-widget elementor-widget-divider\" data-id=\"eb6e809\" data-element_type=\"widget\" data-e-type=\"widget\" data-widget_type=\"divider.default\">\n\t\t\t\t<div class=\"elementor-widget-container\">\n\t\t\t\t\t\t\t<div class=\"elementor-divider\">\n\t\t\t<span class=\"elementor-divider-separator\">\n\t\t\t\t\t\t<\/span>\n\t\t<\/div>\n\t\t\t\t\t\t<\/div>\n\t\t\t\t<\/div>\n\t\t\t\t<div class=\"elementor-element elementor-element-2b2faf7 elementor-widget__width-inherit elementor-widget-tablet_extra__width-initial elementor-widget elementor-widget-heading\" data-id=\"2b2faf7\" data-element_type=\"widget\" data-e-type=\"widget\" data-widget_type=\"heading.default\">\n\t\t\t\t<div class=\"elementor-widget-container\">\n\t\t\t\t\t<h3 class=\"elementor-heading-title elementor-size-default\">\u00bfNecesita ayuda para ajustar, usar o reparar su Ski-Mojo?\n\n\n<\/h3>\t\t\t\t<\/div>\n\t\t\t\t<\/div>\n\t\t\t\t<div class=\"elementor-element elementor-element-0b45e95 elementor-mobile-align-justify elementor-widget-mobile__width-inherit elementor-align-justify elementor-widget__width-initial elementor-widget elementor-widget-button\" data-id=\"0b45e95\" data-element_type=\"widget\" data-e-type=\"widget\" data-widget_type=\"button.default\">\n\t\t\t\t<div class=\"elementor-widget-container\">\n\t\t\t\t\t\t\t\t\t<div class=\"elementor-button-wrapper\">\n\t\t\t\t\t<a class=\"elementor-button elementor-button-link elementor-size-sm\" href=\"\/es\/help\/\">\n\t\t\t\t\t\t<span class=\"elementor-button-content-wrapper\">\n\t\t\t\t\t\t\t\t\t<span class=\"elementor-button-text\">\u00a1ayuda !<\/span>\n\t\t\t\t\t<\/span>\n\t\t\t\t\t<\/a>\n\t\t\t\t<\/div>\n\t\t\t\t\t\t\t\t<\/div>\n\t\t\t\t<\/div>\n\t\t\t\t<div class=\"elementor-element elementor-element-3d496e0 elementor-widget-divider--view-line elementor-widget elementor-widget-divider\" data-id=\"3d496e0\" data-element_type=\"widget\" data-e-type=\"widget\" data-widget_type=\"divider.default\">\n\t\t\t\t<div class=\"elementor-widget-container\">\n\t\t\t\t\t\t\t<div class=\"elementor-divider\">\n\t\t\t<span class=\"elementor-divider-separator\">\n\t\t\t\t\t\t<\/span>\n\t\t<\/div>\n\t\t\t\t\t\t<\/div>\n\t\t\t\t<\/div>\n\t\t\t\t<div class=\"elementor-element elementor-element-df24be3 elementor-widget__width-initial elementor-widget-tablet_extra__width-initial elementor-widget elementor-widget-heading\" data-id=\"df24be3\" data-element_type=\"widget\" data-e-type=\"widget\" data-widget_type=\"heading.default\">\n\t\t\t\t<div class=\"elementor-widget-container\">\n\t\t\t\t\t<h3 class=\"elementor-heading-title elementor-size-default\">Mant\u00e9ngase informado sobre las novedades de Ski-Mojo y reciba numerosos consejos sigui\u00e9ndonos en Facebook.\n<\/h3>\t\t\t\t<\/div>\n\t\t\t\t<\/div>\n\t\t\t\t<div class=\"elementor-element elementor-element-605148d elementor-mobile-align-justify elementor-widget-mobile__width-inherit elementor-align-justify elementor-widget__width-initial elementor-widget elementor-widget-button\" data-id=\"605148d\" data-element_type=\"widget\" data-e-type=\"widget\" data-widget_type=\"button.default\">\n\t\t\t\t<div class=\"elementor-widget-container\">\n\t\t\t\t\t\t\t\t\t<div class=\"elementor-button-wrapper\">\n\t\t\t\t\t<a class=\"elementor-button elementor-button-link elementor-size-sm\" href=\"https:\/\/www.facebook.com\/skimojomania\" target=\"_blank\">\n\t\t\t\t\t\t<span class=\"elementor-button-content-wrapper\">\n\t\t\t\t\t\t<span class=\"elementor-button-icon\">\n\t\t\t\t<i aria-hidden=\"true\" class=\"fab fa-facebook-f\"><\/i>\t\t\t<\/span>\n\t\t\t\t\t\t\t\t\t<span class=\"elementor-button-text\">Ski~Mojo | Facebook <\/span>\n\t\t\t\t\t<\/span>\n\t\t\t\t\t<\/a>\n\t\t\t\t<\/div>\n\t\t\t\t\t\t\t\t<\/div>\n\t\t\t\t<\/div>\n\t\t\t\t<\/div>\n\t\t\t\t\t<\/div>\n\t\t\t\t<\/div>\n\t\t\t\t<\/div>\n\t\t","protected":false},"excerpt":{"rendered":"<p>\u00a1Gracias! Su garant\u00eda Ski-Mojo de 24 meses ha sido registrada correctamente. Si lo deseas, puedes ampliar la garant\u00eda 24 meses m\u00e1s Ampliar la duraci\u00f3n de mi garant\u00eda * * Su Ski-Mojo debe haber sido comprado hace menos de 45 d\u00edas Encuentre aqu\u00ed 6 consejos de expertos sobre su Ski-Mojo 6 consejos \u00bfNecesita ayuda para ajustar, [&hellip;]<\/p>\n","protected":false},"author":1,"featured_media":0,"parent":0,"menu_order":0,"comment_status":"closed","ping_status":"closed","template":"elementor_header_footer","meta":{"_acf_changed":false,"footnotes":""},"class_list":["post-52830315","page","type-page","status-publish","hentry"],"acf":[],"yoast_head":"<!-- This site is optimized with the Yoast SEO plugin v27.4 - https:\/\/yoast.com\/product\/yoast-seo-wordpress\/ -->\n<title>Ski-mojo | Confirmaci\u00f3n de garant\u00eda<\/title>\n<meta name=\"robots\" content=\"noindex, follow\" \/>\n<meta property=\"og:locale\" content=\"es_ES\" \/>\n<meta property=\"og:type\" content=\"article\" \/>\n<meta property=\"og:title\" content=\"Ski-mojo | Confirmaci\u00f3n de garant\u00eda\" \/>\n<meta property=\"og:description\" content=\"\u00a1Gracias! Su garant\u00eda Ski-Mojo de 24 meses ha sido registrada correctamente. Si lo deseas, puedes ampliar la garant\u00eda 24 meses m\u00e1s Ampliar la duraci\u00f3n de mi garant\u00eda * * Su Ski-Mojo debe haber sido comprado hace menos de 45 d\u00edas Encuentre aqu\u00ed 6 consejos de expertos sobre su Ski-Mojo 6 consejos \u00bfNecesita ayuda para ajustar, [&hellip;]\" \/>\n<meta property=\"og:url\" content=\"https:\/\/www.ski-mojo.com\/es\/confirmacion-garantia\/\" \/>\n<meta property=\"og:site_name\" content=\"Ski-mojo\" \/>\n<meta property=\"article:publisher\" content=\"https:\/\/www.facebook.com\/skimojomania\" \/>\n<meta property=\"article:modified_time\" content=\"2025-08-24T21:37:12+00:00\" \/>\n<meta property=\"og:image\" content=\"https:\/\/www.ski-mojo.com\/wp-content\/uploads\/2025\/07\/photo-Ski-Mojo-produit-1200x902-1.webp\" \/>\n\t<meta property=\"og:image:width\" content=\"1200\" \/>\n\t<meta property=\"og:image:height\" content=\"902\" \/>\n\t<meta property=\"og:image:type\" content=\"image\/webp\" \/>\n<meta name=\"twitter:card\" content=\"summary_large_image\" \/>\n<meta name=\"twitter:label1\" content=\"Tiempo de lectura\" \/>\n\t<meta name=\"twitter:data1\" content=\"1 minuto\" \/>\n<script type=\"application\/ld+json\" class=\"yoast-schema-graph\">{\"@context\":\"https:\\\/\\\/schema.org\",\"@graph\":[{\"@type\":\"WebPage\",\"@id\":\"https:\\\/\\\/www.ski-mojo.com\\\/es\\\/confirmacion-garantia\\\/\",\"url\":\"https:\\\/\\\/www.ski-mojo.com\\\/es\\\/confirmacion-garantia\\\/\",\"name\":\"Ski-mojo | Confirmaci\u00f3n de garant\u00eda\",\"isPartOf\":{\"@id\":\"https:\\\/\\\/www.ski-mojo.com\\\/es\\\/#website\"},\"datePublished\":\"2025-07-31T10:25:58+00:00\",\"dateModified\":\"2025-08-24T21:37:12+00:00\",\"breadcrumb\":{\"@id\":\"https:\\\/\\\/www.ski-mojo.com\\\/es\\\/confirmacion-garantia\\\/#breadcrumb\"},\"inLanguage\":\"es\",\"potentialAction\":[{\"@type\":\"ReadAction\",\"target\":[\"https:\\\/\\\/www.ski-mojo.com\\\/es\\\/confirmacion-garantia\\\/\"]}]},{\"@type\":\"BreadcrumbList\",\"@id\":\"https:\\\/\\\/www.ski-mojo.com\\\/es\\\/confirmacion-garantia\\\/#breadcrumb\",\"itemListElement\":[{\"@type\":\"ListItem\",\"position\":1,\"name\":\"Home\",\"item\":\"https:\\\/\\\/www.ski-mojo.com\\\/es\\\/\"},{\"@type\":\"ListItem\",\"position\":2,\"name\":\"Confirmaci\u00f3n de garant\u00eda\"}]},{\"@type\":\"WebSite\",\"@id\":\"https:\\\/\\\/www.ski-mojo.com\\\/es\\\/#website\",\"url\":\"https:\\\/\\\/www.ski-mojo.com\\\/es\\\/\",\"name\":\"Ski~Mojo\",\"description\":\"\",\"publisher\":{\"@id\":\"https:\\\/\\\/www.ski-mojo.com\\\/es\\\/#organization\"},\"potentialAction\":[{\"@type\":\"SearchAction\",\"target\":{\"@type\":\"EntryPoint\",\"urlTemplate\":\"https:\\\/\\\/www.ski-mojo.com\\\/es\\\/?s={search_term_string}\"},\"query-input\":{\"@type\":\"PropertyValueSpecification\",\"valueRequired\":true,\"valueName\":\"search_term_string\"}}],\"inLanguage\":\"es\"},{\"@type\":\"Organization\",\"@id\":\"https:\\\/\\\/www.ski-mojo.com\\\/es\\\/#organization\",\"name\":\"Ski~Mojo\",\"url\":\"https:\\\/\\\/www.ski-mojo.com\\\/es\\\/\",\"logo\":{\"@type\":\"ImageObject\",\"inLanguage\":\"es\",\"@id\":\"https:\\\/\\\/www.ski-mojo.com\\\/es\\\/#\\\/schema\\\/logo\\\/image\\\/\",\"url\":\"https:\\\/\\\/www.ski-mojo.com\\\/wp-content\\\/uploads\\\/2025\\\/05\\\/ski-mojo-1.png\",\"contentUrl\":\"https:\\\/\\\/www.ski-mojo.com\\\/wp-content\\\/uploads\\\/2025\\\/05\\\/ski-mojo-1.png\",\"width\":379,\"height\":93,\"caption\":\"Ski~Mojo\"},\"image\":{\"@id\":\"https:\\\/\\\/www.ski-mojo.com\\\/es\\\/#\\\/schema\\\/logo\\\/image\\\/\"},\"sameAs\":[\"https:\\\/\\\/www.facebook.com\\\/skimojomania\",\"https:\\\/\\\/www.instagram.com\\\/skimojo_official\\\/\",\"https:\\\/\\\/www.linkedin.com\\\/company\\\/ski-mojo\\\/\",\"https:\\\/\\\/www.youtube.com\\\/SkiMojoFrance\"]}]}<\/script>\n<!-- \/ Yoast SEO plugin. -->","yoast_head_json":{"title":"Ski-mojo | Confirmaci\u00f3n de garant\u00eda","robots":{"index":"noindex","follow":"follow"},"og_locale":"es_ES","og_type":"article","og_title":"Ski-mojo | Confirmaci\u00f3n de garant\u00eda","og_description":"\u00a1Gracias! Su garant\u00eda Ski-Mojo de 24 meses ha sido registrada correctamente. Si lo deseas, puedes ampliar la garant\u00eda 24 meses m\u00e1s Ampliar la duraci\u00f3n de mi garant\u00eda * * Su Ski-Mojo debe haber sido comprado hace menos de 45 d\u00edas Encuentre aqu\u00ed 6 consejos de expertos sobre su Ski-Mojo 6 consejos \u00bfNecesita ayuda para ajustar, [&hellip;]","og_url":"https:\/\/www.ski-mojo.com\/es\/confirmacion-garantia\/","og_site_name":"Ski-mojo","article_publisher":"https:\/\/www.facebook.com\/skimojomania","article_modified_time":"2025-08-24T21:37:12+00:00","og_image":[{"width":1200,"height":902,"url":"https:\/\/www.ski-mojo.com\/wp-content\/uploads\/2025\/07\/photo-Ski-Mojo-produit-1200x902-1.webp","type":"image\/webp"}],"twitter_card":"summary_large_image","twitter_misc":{"Tiempo de lectura":"1 minuto"},"schema":{"@context":"https:\/\/schema.org","@graph":[{"@type":"WebPage","@id":"https:\/\/www.ski-mojo.com\/es\/confirmacion-garantia\/","url":"https:\/\/www.ski-mojo.com\/es\/confirmacion-garantia\/","name":"Ski-mojo | Confirmaci\u00f3n de garant\u00eda","isPartOf":{"@id":"https:\/\/www.ski-mojo.com\/es\/#website"},"datePublished":"2025-07-31T10:25:58+00:00","dateModified":"2025-08-24T21:37:12+00:00","breadcrumb":{"@id":"https:\/\/www.ski-mojo.com\/es\/confirmacion-garantia\/#breadcrumb"},"inLanguage":"es","potentialAction":[{"@type":"ReadAction","target":["https:\/\/www.ski-mojo.com\/es\/confirmacion-garantia\/"]}]},{"@type":"BreadcrumbList","@id":"https:\/\/www.ski-mojo.com\/es\/confirmacion-garantia\/#breadcrumb","itemListElement":[{"@type":"ListItem","position":1,"name":"Home","item":"https:\/\/www.ski-mojo.com\/es\/"},{"@type":"ListItem","position":2,"name":"Confirmaci\u00f3n de garant\u00eda"}]},{"@type":"WebSite","@id":"https:\/\/www.ski-mojo.com\/es\/#website","url":"https:\/\/www.ski-mojo.com\/es\/","name":"Ski~Mojo","description":"","publisher":{"@id":"https:\/\/www.ski-mojo.com\/es\/#organization"},"potentialAction":[{"@type":"SearchAction","target":{"@type":"EntryPoint","urlTemplate":"https:\/\/www.ski-mojo.com\/es\/?s={search_term_string}"},"query-input":{"@type":"PropertyValueSpecification","valueRequired":true,"valueName":"search_term_string"}}],"inLanguage":"es"},{"@type":"Organization","@id":"https:\/\/www.ski-mojo.com\/es\/#organization","name":"Ski~Mojo","url":"https:\/\/www.ski-mojo.com\/es\/","logo":{"@type":"ImageObject","inLanguage":"es","@id":"https:\/\/www.ski-mojo.com\/es\/#\/schema\/logo\/image\/","url":"https:\/\/www.ski-mojo.com\/wp-content\/uploads\/2025\/05\/ski-mojo-1.png","contentUrl":"https:\/\/www.ski-mojo.com\/wp-content\/uploads\/2025\/05\/ski-mojo-1.png","width":379,"height":93,"caption":"Ski~Mojo"},"image":{"@id":"https:\/\/www.ski-mojo.com\/es\/#\/schema\/logo\/image\/"},"sameAs":["https:\/\/www.facebook.com\/skimojomania","https:\/\/www.instagram.com\/skimojo_official\/","https:\/\/www.linkedin.com\/company\/ski-mojo\/","https:\/\/www.youtube.com\/SkiMojoFrance"]}]}},"_links":{"self":[{"href":"https:\/\/www.ski-mojo.com\/es\/wp-json\/wp\/v2\/pages\/52830315","targetHints":{"allow":["GET"]}}],"collection":[{"href":"https:\/\/www.ski-mojo.com\/es\/wp-json\/wp\/v2\/pages"}],"about":[{"href":"https:\/\/www.ski-mojo.com\/es\/wp-json\/wp\/v2\/types\/page"}],"author":[{"embeddable":true,"href":"https:\/\/www.ski-mojo.com\/es\/wp-json\/wp\/v2\/users\/1"}],"replies":[{"embeddable":true,"href":"https:\/\/www.ski-mojo.com\/es\/wp-json\/wp\/v2\/comments?post=52830315"}],"version-history":[{"count":5,"href":"https:\/\/www.ski-mojo.com\/es\/wp-json\/wp\/v2\/pages\/52830315\/revisions"}],"predecessor-version":[{"id":52835515,"href":"https:\/\/www.ski-mojo.com\/es\/wp-json\/wp\/v2\/pages\/52830315\/revisions\/52835515"}],"wp:attachment":[{"href":"https:\/\/www.ski-mojo.com\/es\/wp-json\/wp\/v2\/media?parent=52830315"}],"curies":[{"name":"wp","href":"https:\/\/api.w.org\/{rel}","templated":true}]}}