{"id":52814178,"date":"2025-07-07T12:46:53","date_gmt":"2025-07-07T10:46:53","guid":{"rendered":"https:\/\/www.ski-mojo.com\/?page_id=52814178"},"modified":"2025-12-20T01:26:16","modified_gmt":"2025-12-20T00:26:16","slug":"skimojo-test-center-cancel-reservation","status":"publish","type":"page","link":"https:\/\/www.ski-mojo.com\/es\/skimojo-test-center-cancel-reservation\/","title":{"rendered":"Skimojo test center cancel reservation"},"content":{"rendered":"\t\t<div data-elementor-type=\"wp-page\" data-elementor-id=\"52814178\" class=\"elementor elementor-52814178 elementor-52811136\" data-elementor-post-type=\"page\">\n\t\t\t\t<div class=\"elementor-element elementor-element-97324ae e-con-full e-flex e-con e-parent\" data-id=\"97324ae\" data-element_type=\"container\" data-e-type=\"container\" data-settings=\"{&quot;background_background&quot;:&quot;classic&quot;}\">\n\t\t<div class=\"elementor-element elementor-element-39a7b0b e-con-full e-flex e-con e-child\" data-id=\"39a7b0b\" data-element_type=\"container\" data-e-type=\"container\" data-settings=\"{&quot;background_background&quot;:&quot;classic&quot;}\">\n\t\t\t\t<div class=\"elementor-element elementor-element-02329f5 elementor-widget elementor-widget-heading\" data-id=\"02329f5\" data-element_type=\"widget\" data-e-type=\"widget\" data-widget_type=\"heading.default\">\n\t\t\t\t<div class=\"elementor-widget-container\">\n\t\t\t\t\t<h1 class=\"elementor-heading-title elementor-size-default\">Su cancelaci\u00f3n ha sido registrada correctamente<\/h1>\t\t\t\t<\/div>\n\t\t\t\t<\/div>\n\t\t\t\t<div class=\"elementor-element elementor-element-3e64b72 elementor-widget elementor-widget-text-editor\" data-id=\"3e64b72\" data-element_type=\"widget\" data-e-type=\"widget\" data-widget_type=\"text-editor.default\">\n\t\t\t\t<div class=\"elementor-widget-container\">\n\t\t\t\t\t\t\t\t\t<p data-start=\"1530\" data-end=\"1741\">Confirmamos que su solicitud de cancelaci\u00f3n de la prueba del Ski-Mojo ha sido registrada correctamente. La informaci\u00f3n se ha transmitido inmediatamente a la tienda que hab\u00eda seleccionado.<\/p><p data-start=\"1743\" data-end=\"1805\">\ud83d\udc49 Por lo tanto, no tiene que realizar ninguna otra gesti\u00f3n.<\/p><p data-start=\"1807\" data-end=\"1929\">Si desea reservar una nueva prueba en otra fecha, puede hacerlo en cualquier momento haciendo clic en el bot\u00f3n de abajo.<\/p><p data-start=\"1931\" data-end=\"2015\">\u00a1Esperamos tener pronto el placer de volver a verle en las pistas con el Ski-Mojo!<\/p>\t\t\t\t\t\t\t\t<\/div>\n\t\t\t\t<\/div>\n\t\t\t\t<div class=\"elementor-element elementor-element-f6c66c6 elementor-align-center elementor-widget elementor-widget-button\" data-id=\"f6c66c6\" data-element_type=\"widget\" data-e-type=\"widget\" data-widget_type=\"button.default\">\n\t\t\t\t<div class=\"elementor-widget-container\">\n\t\t\t\t\t\t\t\t\t<div class=\"elementor-button-wrapper\">\n\t\t\t\t\t<a class=\"elementor-button elementor-button-link elementor-size-sm\" href=\"\/es\/store-locator\/\">\n\t\t\t\t\t\t<span class=\"elementor-button-content-wrapper\">\n\t\t\t\t\t\t\t\t\t<span class=\"elementor-button-text\">Nuestros distribuidores y centros de prueba.<\/span>\n\t\t\t\t\t<\/span>\n\t\t\t\t\t<\/a>\n\t\t\t\t<\/div>\n\t\t\t\t\t\t\t\t<\/div>\n\t\t\t\t<\/div>\n\t\t\t\t<\/div>\n\t\t\t\t<\/div>\n\t\t<div class=\"elementor-element elementor-element-e15106c e-flex e-con-boxed e-con e-parent\" data-id=\"e15106c\" data-element_type=\"container\" data-e-type=\"container\">\n\t\t\t\t\t<div class=\"e-con-inner\">\n\t\t\t\t\t<\/div>\n\t\t\t\t<\/div>\n\t\t\t\t<\/div>\n\t\t","protected":false},"excerpt":{"rendered":"<p>Su cancelaci\u00f3n ha sido registrada correctamente Confirmamos que su solicitud de cancelaci\u00f3n de la prueba del Ski-Mojo ha sido registrada correctamente. La informaci\u00f3n se ha transmitido inmediatamente a la tienda que hab\u00eda seleccionado. \ud83d\udc49 Por lo tanto, no tiene que realizar ninguna otra gesti\u00f3n. Si desea reservar una nueva prueba en otra fecha, puede hacerlo [&hellip;]<\/p>\n","protected":false},"author":1,"featured_media":0,"parent":0,"menu_order":0,"comment_status":"closed","ping_status":"closed","template":"elementor_header_footer","meta":{"_acf_changed":false,"footnotes":""},"class_list":["post-52814178","page","type-page","status-publish","hentry"],"acf":[],"yoast_head":"<!-- This site is optimized with the Yoast SEO plugin v27.4 - https:\/\/yoast.com\/product\/yoast-seo-wordpress\/ -->\n<title>Ski-mojo | Skimojo test center cancel reservation<\/title>\n<meta name=\"robots\" content=\"noindex, follow\" \/>\n<meta property=\"og:locale\" content=\"es_ES\" \/>\n<meta property=\"og:type\" content=\"article\" \/>\n<meta property=\"og:title\" content=\"Ski-mojo | Skimojo test center cancel reservation\" \/>\n<meta property=\"og:description\" content=\"Su cancelaci\u00f3n ha sido registrada correctamente Confirmamos que su solicitud de cancelaci\u00f3n de la prueba del Ski-Mojo ha sido registrada correctamente. La informaci\u00f3n se ha transmitido inmediatamente a la tienda que hab\u00eda seleccionado. \ud83d\udc49 Por lo tanto, no tiene que realizar ninguna otra gesti\u00f3n. Si desea reservar una nueva prueba en otra fecha, puede hacerlo [&hellip;]\" \/>\n<meta property=\"og:url\" content=\"https:\/\/www.ski-mojo.com\/es\/skimojo-test-center-cancel-reservation\/\" \/>\n<meta property=\"og:site_name\" content=\"Ski-mojo\" \/>\n<meta property=\"article:publisher\" content=\"https:\/\/www.facebook.com\/skimojomania\" \/>\n<meta property=\"article:modified_time\" content=\"2025-12-20T00:26:16+00:00\" \/>\n<meta property=\"og:image\" content=\"https:\/\/www.ski-mojo.com\/wp-content\/uploads\/2025\/07\/photo-Ski-Mojo-produit-1200x902-1.webp\" \/>\n\t<meta property=\"og:image:width\" content=\"1200\" \/>\n\t<meta property=\"og:image:height\" content=\"902\" \/>\n\t<meta property=\"og:image:type\" content=\"image\/webp\" \/>\n<meta name=\"twitter:card\" content=\"summary_large_image\" \/>\n<meta name=\"twitter:label1\" content=\"Tiempo de lectura\" \/>\n\t<meta name=\"twitter:data1\" content=\"1 minuto\" \/>\n<script type=\"application\/ld+json\" class=\"yoast-schema-graph\">{\"@context\":\"https:\\\/\\\/schema.org\",\"@graph\":[{\"@type\":\"WebPage\",\"@id\":\"https:\\\/\\\/www.ski-mojo.com\\\/es\\\/skimojo-test-center-cancel-reservation\\\/\",\"url\":\"https:\\\/\\\/www.ski-mojo.com\\\/es\\\/skimojo-test-center-cancel-reservation\\\/\",\"name\":\"Ski-mojo | Skimojo test center cancel reservation\",\"isPartOf\":{\"@id\":\"https:\\\/\\\/www.ski-mojo.com\\\/es\\\/#website\"},\"datePublished\":\"2025-07-07T10:46:53+00:00\",\"dateModified\":\"2025-12-20T00:26:16+00:00\",\"breadcrumb\":{\"@id\":\"https:\\\/\\\/www.ski-mojo.com\\\/es\\\/skimojo-test-center-cancel-reservation\\\/#breadcrumb\"},\"inLanguage\":\"es\",\"potentialAction\":[{\"@type\":\"ReadAction\",\"target\":[\"https:\\\/\\\/www.ski-mojo.com\\\/es\\\/skimojo-test-center-cancel-reservation\\\/\"]}]},{\"@type\":\"BreadcrumbList\",\"@id\":\"https:\\\/\\\/www.ski-mojo.com\\\/es\\\/skimojo-test-center-cancel-reservation\\\/#breadcrumb\",\"itemListElement\":[{\"@type\":\"ListItem\",\"position\":1,\"name\":\"Home\",\"item\":\"https:\\\/\\\/www.ski-mojo.com\\\/es\\\/\"},{\"@type\":\"ListItem\",\"position\":2,\"name\":\"Skimojo test center cancel reservation\"}]},{\"@type\":\"WebSite\",\"@id\":\"https:\\\/\\\/www.ski-mojo.com\\\/es\\\/#website\",\"url\":\"https:\\\/\\\/www.ski-mojo.com\\\/es\\\/\",\"name\":\"Ski~Mojo\",\"description\":\"\",\"publisher\":{\"@id\":\"https:\\\/\\\/www.ski-mojo.com\\\/es\\\/#organization\"},\"potentialAction\":[{\"@type\":\"SearchAction\",\"target\":{\"@type\":\"EntryPoint\",\"urlTemplate\":\"https:\\\/\\\/www.ski-mojo.com\\\/es\\\/?s={search_term_string}\"},\"query-input\":{\"@type\":\"PropertyValueSpecification\",\"valueRequired\":true,\"valueName\":\"search_term_string\"}}],\"inLanguage\":\"es\"},{\"@type\":\"Organization\",\"@id\":\"https:\\\/\\\/www.ski-mojo.com\\\/es\\\/#organization\",\"name\":\"Ski~Mojo\",\"url\":\"https:\\\/\\\/www.ski-mojo.com\\\/es\\\/\",\"logo\":{\"@type\":\"ImageObject\",\"inLanguage\":\"es\",\"@id\":\"https:\\\/\\\/www.ski-mojo.com\\\/es\\\/#\\\/schema\\\/logo\\\/image\\\/\",\"url\":\"https:\\\/\\\/www.ski-mojo.com\\\/wp-content\\\/uploads\\\/2025\\\/05\\\/ski-mojo-1.png\",\"contentUrl\":\"https:\\\/\\\/www.ski-mojo.com\\\/wp-content\\\/uploads\\\/2025\\\/05\\\/ski-mojo-1.png\",\"width\":379,\"height\":93,\"caption\":\"Ski~Mojo\"},\"image\":{\"@id\":\"https:\\\/\\\/www.ski-mojo.com\\\/es\\\/#\\\/schema\\\/logo\\\/image\\\/\"},\"sameAs\":[\"https:\\\/\\\/www.facebook.com\\\/skimojomania\",\"https:\\\/\\\/www.instagram.com\\\/skimojo_official\\\/\",\"https:\\\/\\\/www.linkedin.com\\\/company\\\/ski-mojo\\\/\",\"https:\\\/\\\/www.youtube.com\\\/SkiMojoFrance\"]}]}<\/script>\n<!-- \/ Yoast SEO plugin. -->","yoast_head_json":{"title":"Ski-mojo | Skimojo test center cancel reservation","robots":{"index":"noindex","follow":"follow"},"og_locale":"es_ES","og_type":"article","og_title":"Ski-mojo | Skimojo test center cancel reservation","og_description":"Su cancelaci\u00f3n ha sido registrada correctamente Confirmamos que su solicitud de cancelaci\u00f3n de la prueba del Ski-Mojo ha sido registrada correctamente. La informaci\u00f3n se ha transmitido inmediatamente a la tienda que hab\u00eda seleccionado. \ud83d\udc49 Por lo tanto, no tiene que realizar ninguna otra gesti\u00f3n. Si desea reservar una nueva prueba en otra fecha, puede hacerlo [&hellip;]","og_url":"https:\/\/www.ski-mojo.com\/es\/skimojo-test-center-cancel-reservation\/","og_site_name":"Ski-mojo","article_publisher":"https:\/\/www.facebook.com\/skimojomania","article_modified_time":"2025-12-20T00:26:16+00:00","og_image":[{"width":1200,"height":902,"url":"https:\/\/www.ski-mojo.com\/wp-content\/uploads\/2025\/07\/photo-Ski-Mojo-produit-1200x902-1.webp","type":"image\/webp"}],"twitter_card":"summary_large_image","twitter_misc":{"Tiempo de lectura":"1 minuto"},"schema":{"@context":"https:\/\/schema.org","@graph":[{"@type":"WebPage","@id":"https:\/\/www.ski-mojo.com\/es\/skimojo-test-center-cancel-reservation\/","url":"https:\/\/www.ski-mojo.com\/es\/skimojo-test-center-cancel-reservation\/","name":"Ski-mojo | Skimojo test center cancel reservation","isPartOf":{"@id":"https:\/\/www.ski-mojo.com\/es\/#website"},"datePublished":"2025-07-07T10:46:53+00:00","dateModified":"2025-12-20T00:26:16+00:00","breadcrumb":{"@id":"https:\/\/www.ski-mojo.com\/es\/skimojo-test-center-cancel-reservation\/#breadcrumb"},"inLanguage":"es","potentialAction":[{"@type":"ReadAction","target":["https:\/\/www.ski-mojo.com\/es\/skimojo-test-center-cancel-reservation\/"]}]},{"@type":"BreadcrumbList","@id":"https:\/\/www.ski-mojo.com\/es\/skimojo-test-center-cancel-reservation\/#breadcrumb","itemListElement":[{"@type":"ListItem","position":1,"name":"Home","item":"https:\/\/www.ski-mojo.com\/es\/"},{"@type":"ListItem","position":2,"name":"Skimojo test center cancel reservation"}]},{"@type":"WebSite","@id":"https:\/\/www.ski-mojo.com\/es\/#website","url":"https:\/\/www.ski-mojo.com\/es\/","name":"Ski~Mojo","description":"","publisher":{"@id":"https:\/\/www.ski-mojo.com\/es\/#organization"},"potentialAction":[{"@type":"SearchAction","target":{"@type":"EntryPoint","urlTemplate":"https:\/\/www.ski-mojo.com\/es\/?s={search_term_string}"},"query-input":{"@type":"PropertyValueSpecification","valueRequired":true,"valueName":"search_term_string"}}],"inLanguage":"es"},{"@type":"Organization","@id":"https:\/\/www.ski-mojo.com\/es\/#organization","name":"Ski~Mojo","url":"https:\/\/www.ski-mojo.com\/es\/","logo":{"@type":"ImageObject","inLanguage":"es","@id":"https:\/\/www.ski-mojo.com\/es\/#\/schema\/logo\/image\/","url":"https:\/\/www.ski-mojo.com\/wp-content\/uploads\/2025\/05\/ski-mojo-1.png","contentUrl":"https:\/\/www.ski-mojo.com\/wp-content\/uploads\/2025\/05\/ski-mojo-1.png","width":379,"height":93,"caption":"Ski~Mojo"},"image":{"@id":"https:\/\/www.ski-mojo.com\/es\/#\/schema\/logo\/image\/"},"sameAs":["https:\/\/www.facebook.com\/skimojomania","https:\/\/www.instagram.com\/skimojo_official\/","https:\/\/www.linkedin.com\/company\/ski-mojo\/","https:\/\/www.youtube.com\/SkiMojoFrance"]}]}},"_links":{"self":[{"href":"https:\/\/www.ski-mojo.com\/es\/wp-json\/wp\/v2\/pages\/52814178","targetHints":{"allow":["GET"]}}],"collection":[{"href":"https:\/\/www.ski-mojo.com\/es\/wp-json\/wp\/v2\/pages"}],"about":[{"href":"https:\/\/www.ski-mojo.com\/es\/wp-json\/wp\/v2\/types\/page"}],"author":[{"embeddable":true,"href":"https:\/\/www.ski-mojo.com\/es\/wp-json\/wp\/v2\/users\/1"}],"replies":[{"embeddable":true,"href":"https:\/\/www.ski-mojo.com\/es\/wp-json\/wp\/v2\/comments?post=52814178"}],"version-history":[{"count":5,"href":"https:\/\/www.ski-mojo.com\/es\/wp-json\/wp\/v2\/pages\/52814178\/revisions"}],"predecessor-version":[{"id":52845705,"href":"https:\/\/www.ski-mojo.com\/es\/wp-json\/wp\/v2\/pages\/52814178\/revisions\/52845705"}],"wp:attachment":[{"href":"https:\/\/www.ski-mojo.com\/es\/wp-json\/wp\/v2\/media?parent=52814178"}],"curies":[{"name":"wp","href":"https:\/\/api.w.org\/{rel}","templated":true}]}}