{"id":52814304,"date":"2025-06-24T11:38:41","date_gmt":"2025-06-24T11:38:41","guid":{"rendered":"https:\/\/www.ski-mojo.com\/?page_id=52814304"},"modified":"2025-08-15T13:03:52","modified_gmt":"2025-08-15T13:03:52","slug":"ski-mojo-club","status":"publish","type":"page","link":"https:\/\/www.ski-mojo.com\/en\/ski-mojo-club\/","title":{"rendered":"Ski Mojo Club"},"content":{"rendered":"\t\t<div data-elementor-type=\"wp-page\" data-elementor-id=\"52814304\" class=\"elementor elementor-52814304 elementor-52795466\" data-elementor-post-type=\"page\">\n\t\t\t\t<div class=\"elementor-element elementor-element-3d4761b e-flex e-con-boxed e-con e-parent\" data-id=\"3d4761b\" data-element_type=\"container\" data-e-type=\"container\">\n\t\t\t\t\t<div class=\"e-con-inner\">\n\t\t<div class=\"elementor-element elementor-element-249685b e-con-full e-flex e-con e-child\" data-id=\"249685b\" data-element_type=\"container\" data-e-type=\"container\">\n\t\t<div class=\"elementor-element elementor-element-319d365 e-con-full e-flex e-con e-child\" data-id=\"319d365\" data-element_type=\"container\" data-e-type=\"container\">\n\t\t\t\t<div class=\"elementor-element elementor-element-df79050 elementor-widget elementor-widget-text-editor\" data-id=\"df79050\" data-element_type=\"widget\" data-e-type=\"widget\" data-widget_type=\"text-editor.default\">\n\t\t\t\t<div class=\"elementor-widget-container\">\n\t\t\t\t\t\t\t\t\tDiscover the \t\t\t\t\t\t\t\t<\/div>\n\t\t\t\t<\/div>\n\t\t\t\t<div class=\"elementor-element elementor-element-7c84847 elementor-widget elementor-widget-heading\" data-id=\"7c84847\" data-element_type=\"widget\" data-e-type=\"widget\" data-widget_type=\"heading.default\">\n\t\t\t\t<div class=\"elementor-widget-container\">\n\t\t\t\t\t<h1 class=\"elementor-heading-title elementor-size-default\">Ski~Mojo Club<\/h1>\t\t\t\t<\/div>\n\t\t\t\t<\/div>\n\t\t\t\t<div class=\"elementor-element elementor-element-0588ee1 elementor-widget__width-initial elementor-widget elementor-widget-text-editor\" data-id=\"0588ee1\" data-element_type=\"widget\" data-e-type=\"widget\" data-widget_type=\"text-editor.default\">\n\t\t\t\t<div class=\"elementor-widget-container\">\n\t\t\t\t\t\t\t\t\t<p>There are now almost 30,000 Ski-Mojo users around the world, \u2026 and some of them have told us that they would like to form a Club to create a real community and benefit from certain advantages. Also, we are happy to announce the creation of the Ski Mojo Club affiliated to the French Ski Federation.<\/p><p>Becoming a member of this club open to all (skiers, snowboarders, Ski-Mojo users or not) means getting closer to each other to share your passion for the mountains and skiing.<\/p><p>It also means benefiting from the F\u00e9d\u00e9ration Fran\u00e7aise de Ski license and specific insurance policies for our favorite sports.<\/p>\t\t\t\t\t\t\t\t<\/div>\n\t\t\t\t<\/div>\n\t\t<div class=\"elementor-element elementor-element-65fa0e3 e-con-full e-flex e-con e-child\" data-id=\"65fa0e3\" data-element_type=\"container\" data-e-type=\"container\">\n\t\t\t\t<div class=\"elementor-element elementor-element-eea9db1 elementor-mobile-align-justify elementor-widget-mobile__width-inherit elementor-widget elementor-widget-button\" data-id=\"eea9db1\" data-element_type=\"widget\" data-e-type=\"widget\" data-widget_type=\"button.default\">\n\t\t\t\t<div class=\"elementor-widget-container\">\n\t\t\t\t\t\t\t\t\t<div class=\"elementor-button-wrapper\">\n\t\t\t\t\t<a class=\"elementor-button elementor-button-link elementor-size-sm\" href=\"https:\/\/www.skimojoclub.fr\/\" target=\"_blank\">\n\t\t\t\t\t\t<span class=\"elementor-button-content-wrapper\">\n\t\t\t\t\t\t\t\t\t<span class=\"elementor-button-text\">Dicover the Ski~Mojo club<\/span>\n\t\t\t\t\t<\/span>\n\t\t\t\t\t<\/a>\n\t\t\t\t<\/div>\n\t\t\t\t\t\t\t\t<\/div>\n\t\t\t\t<\/div>\n\t\t\t\t<\/div>\n\t\t\t\t<\/div>\n\t\t\t\t<\/div>\n\t\t<div class=\"elementor-element elementor-element-466d159 e-con-full e-flex e-con e-child\" data-id=\"466d159\" data-element_type=\"container\" data-e-type=\"container\" data-settings=\"{&quot;background_background&quot;:&quot;classic&quot;}\">\n\t\t\t\t<\/div>\n\t\t\t\t\t<\/div>\n\t\t\t\t<\/div>\n\t\t<div class=\"elementor-element elementor-element-13b86e8 e-flex e-con-boxed e-con e-parent\" data-id=\"13b86e8\" data-element_type=\"container\" data-e-type=\"container\" data-settings=\"{&quot;background_background&quot;:&quot;classic&quot;}\">\n\t\t\t\t\t<div class=\"e-con-inner\">\n\t\t<div class=\"elementor-element elementor-element-860c430 e-con-full e-flex e-con e-child\" data-id=\"860c430\" data-element_type=\"container\" data-e-type=\"container\">\n\t\t\t\t<div class=\"elementor-element elementor-element-e88802f elementor-widget elementor-widget-text-editor\" data-id=\"e88802f\" data-element_type=\"widget\" data-e-type=\"widget\" data-widget_type=\"text-editor.default\">\n\t\t\t\t<div class=\"elementor-widget-container\">\n\t\t\t\t\t\t\t\t\tSki Mojo Club\t\t\t\t\t\t\t\t<\/div>\n\t\t\t\t<\/div>\n\t\t\t\t<div class=\"elementor-element elementor-element-47330f1 elementor-widget elementor-widget-heading\" data-id=\"47330f1\" data-element_type=\"widget\" data-e-type=\"widget\" data-widget_type=\"heading.default\">\n\t\t\t\t<div class=\"elementor-widget-container\">\n\t\t\t\t\t<h2 class=\"elementor-heading-title elementor-size-default\">Not just for fun, but also for competition!\n<\/h2>\t\t\t\t<\/div>\n\t\t\t\t<\/div>\n\t\t\t\t<div class=\"elementor-element elementor-element-bbed236 elementor-widget__width-inherit elementor-widget-tablet_extra__width-initial elementor-widget-tablet__width-initial elementor-widget elementor-widget-text-editor\" data-id=\"bbed236\" data-element_type=\"widget\" data-e-type=\"widget\" data-widget_type=\"text-editor.default\">\n\t\t\t\t<div class=\"elementor-widget-container\">\n\t\t\t\t\t\t\t\t\t<p class=\"has-theme-palette-9-color has-text-color has-link-color wp-elements-a0e38735b7d603904796576538efb986\">Detection weekends are organized on a regular basis. If you or your children are tempted by competition, don\u2019t hesitate to contact us.<\/p><p class=\"has-theme-palette-9-color has-text-color has-link-color wp-elements-f650c1d51bdb81f685dd28c103300d78\">For several years now, the Ski~Mojo Club has been integrating a team of city competitors. Our athletes (young and old) train with coaches from the Paris-Nord-Centre League of the French Ski Federation. They represent the Club and League at regional, national and international competitions.<\/p><p class=\"has-theme-palette-9-color has-text-color has-link-color wp-elements-9747b6aefa332c6706bba3db52ec7ba1\">Training (skiing and physical preparation) takes place all year round (on glacier in Spring and Autumn: Tignes, Val d\u2019Is\u00e8re, Hintertux, etc.). All in all, and including weekend competitions, our athletes are offered between 50 and 100 days of skiing to enable them to rank well in national competitions. For some of them, in addition to their studies, these training sessions are a springboard towards the Ski Instructor diploma.<\/p>\t\t\t\t\t\t\t\t<\/div>\n\t\t\t\t<\/div>\n\t\t\t\t<div class=\"elementor-element elementor-element-e958f82 elementor-widget elementor-widget-image\" data-id=\"e958f82\" data-element_type=\"widget\" data-e-type=\"widget\" data-widget_type=\"image.default\">\n\t\t\t\t<div class=\"elementor-widget-container\">\n\t\t\t\t\t\t\t\t\t\t\t\t\t\t\t<img decoding=\"async\" width=\"230\" height=\"85\" src=\"https:\/\/www.ski-mojo.com\/wp-content\/uploads\/2025\/06\/Group-49.png\" class=\"attachment-large size-large wp-image-52795478\" alt=\"\" \/>\t\t\t\t\t\t\t\t\t\t\t\t\t\t\t<\/div>\n\t\t\t\t<\/div>\n\t\t\t\t<\/div>\n\t\t<div class=\"elementor-element elementor-element-ae30e9f e-con-full e-flex e-con e-child\" data-id=\"ae30e9f\" data-element_type=\"container\" data-e-type=\"container\">\n\t\t\t\t<div class=\"elementor-element elementor-element-af66cdd elementor-widget elementor-widget-image\" data-id=\"af66cdd\" data-element_type=\"widget\" data-e-type=\"widget\" data-widget_type=\"image.default\">\n\t\t\t\t<div class=\"elementor-widget-container\">\n\t\t\t\t\t\t\t\t\t\t\t\t\t\t\t<img fetchpriority=\"high\" decoding=\"async\" width=\"800\" height=\"551\" src=\"https:\/\/www.ski-mojo.com\/wp-content\/uploads\/2025\/06\/d7fd4f083be6b36646bfb9bb0de965afe8bcfce2.png\" class=\"attachment-large size-large wp-image-52795483\" alt=\"\" srcset=\"https:\/\/www.ski-mojo.com\/wp-content\/uploads\/2025\/06\/d7fd4f083be6b36646bfb9bb0de965afe8bcfce2.png 818w, https:\/\/www.ski-mojo.com\/wp-content\/uploads\/2025\/06\/d7fd4f083be6b36646bfb9bb0de965afe8bcfce2-500x344.png 500w, https:\/\/www.ski-mojo.com\/wp-content\/uploads\/2025\/06\/d7fd4f083be6b36646bfb9bb0de965afe8bcfce2-300x206.png 300w, https:\/\/www.ski-mojo.com\/wp-content\/uploads\/2025\/06\/d7fd4f083be6b36646bfb9bb0de965afe8bcfce2-768x529.png 768w\" sizes=\"(max-width: 800px) 100vw, 800px\" \/>\t\t\t\t\t\t\t\t\t\t\t\t\t\t\t<\/div>\n\t\t\t\t<\/div>\n\t\t<div class=\"elementor-element elementor-element-966df32 e-con-full elementor-hidden-desktop elementor-hidden-tablet_extra e-flex e-con e-child\" data-id=\"966df32\" data-element_type=\"container\" data-e-type=\"container\">\n\t\t\t\t<div class=\"elementor-element elementor-element-e5ce23b elementor-mobile-align-justify elementor-widget-mobile__width-inherit elementor-widget elementor-widget-button\" data-id=\"e5ce23b\" data-element_type=\"widget\" data-e-type=\"widget\" data-widget_type=\"button.default\">\n\t\t\t\t<div class=\"elementor-widget-container\">\n\t\t\t\t\t\t\t\t\t<div class=\"elementor-button-wrapper\">\n\t\t\t\t\t<a class=\"elementor-button elementor-button-link elementor-size-sm\" href=\"https:\/\/www.skimojoclub.fr\/\" target=\"_blank\">\n\t\t\t\t\t\t<span class=\"elementor-button-content-wrapper\">\n\t\t\t\t\t\t\t\t\t<span class=\"elementor-button-text\">D\u00e9couvrir le site Ski Mojo Club<\/span>\n\t\t\t\t\t<\/span>\n\t\t\t\t\t<\/a>\n\t\t\t\t<\/div>\n\t\t\t\t\t\t\t\t<\/div>\n\t\t\t\t<\/div>\n\t\t\t\t<\/div>\n\t\t\t\t<\/div>\n\t\t\t\t\t<\/div>\n\t\t\t\t<\/div>\n\t\t\t\t<\/div>\n\t\t","protected":false},"excerpt":{"rendered":"<p>Discover the Ski~Mojo Club There are now almost 30,000 Ski-Mojo users around the world, \u2026 and some of them have told us that they would like to form a Club to create a real community and benefit from certain advantages. Also, we are happy to announce the creation of the Ski Mojo Club affiliated to [&hellip;]<\/p>\n","protected":false},"author":1,"featured_media":0,"parent":0,"menu_order":0,"comment_status":"closed","ping_status":"closed","template":"elementor_header_footer","meta":{"_acf_changed":false,"footnotes":""},"class_list":["post-52814304","page","type-page","status-publish","hentry"],"acf":[],"yoast_head":"<!-- This site is optimized with the Yoast SEO plugin v27.5 - https:\/\/yoast.com\/product\/yoast-seo-wordpress\/ -->\n<title>Ski-mojo | Ski Mojo Club<\/title>\n<meta name=\"robots\" content=\"index, follow, max-snippet:-1, max-image-preview:large, max-video-preview:-1\" \/>\n<link rel=\"canonical\" href=\"https:\/\/www.ski-mojo.com\/en\/ski-mojo-club\/\" \/>\n<meta property=\"og:locale\" content=\"en_US\" \/>\n<meta property=\"og:type\" content=\"article\" \/>\n<meta property=\"og:title\" content=\"Ski-mojo | Ski Mojo Club\" \/>\n<meta property=\"og:description\" content=\"Discover the Ski~Mojo Club There are now almost 30,000 Ski-Mojo users around the world, \u2026 and some of them have told us that they would like to form a Club to create a real community and benefit from certain advantages. Also, we are happy to announce the creation of the Ski Mojo Club affiliated to [&hellip;]\" \/>\n<meta property=\"og:url\" content=\"https:\/\/www.ski-mojo.com\/en\/ski-mojo-club\/\" \/>\n<meta property=\"og:site_name\" content=\"Ski-mojo\" \/>\n<meta property=\"article:publisher\" content=\"https:\/\/www.facebook.com\/skimojomania\" \/>\n<meta property=\"article:modified_time\" content=\"2025-08-15T13:03:52+00:00\" \/>\n<meta property=\"og:image\" content=\"https:\/\/www.ski-mojo.com\/wp-content\/uploads\/2025\/06\/Group-49.png\" \/>\n<meta name=\"twitter:card\" content=\"summary_large_image\" \/>\n<meta name=\"twitter:label1\" content=\"Est. reading time\" \/>\n\t<meta name=\"twitter:data1\" content=\"2 minutes\" \/>\n<script type=\"application\/ld+json\" class=\"yoast-schema-graph\">{\"@context\":\"https:\\\/\\\/schema.org\",\"@graph\":[{\"@type\":\"WebPage\",\"@id\":\"https:\\\/\\\/www.ski-mojo.com\\\/en\\\/ski-mojo-club\\\/\",\"url\":\"https:\\\/\\\/www.ski-mojo.com\\\/en\\\/ski-mojo-club\\\/\",\"name\":\"Ski-mojo | Ski Mojo Club\",\"isPartOf\":{\"@id\":\"https:\\\/\\\/www.ski-mojo.com\\\/en\\\/#website\"},\"primaryImageOfPage\":{\"@id\":\"https:\\\/\\\/www.ski-mojo.com\\\/en\\\/ski-mojo-club\\\/#primaryimage\"},\"image\":{\"@id\":\"https:\\\/\\\/www.ski-mojo.com\\\/en\\\/ski-mojo-club\\\/#primaryimage\"},\"thumbnailUrl\":\"https:\\\/\\\/www.ski-mojo.com\\\/wp-content\\\/uploads\\\/2025\\\/06\\\/Group-49.png\",\"datePublished\":\"2025-06-24T11:38:41+00:00\",\"dateModified\":\"2025-08-15T13:03:52+00:00\",\"breadcrumb\":{\"@id\":\"https:\\\/\\\/www.ski-mojo.com\\\/en\\\/ski-mojo-club\\\/#breadcrumb\"},\"inLanguage\":\"en-US\",\"potentialAction\":[{\"@type\":\"ReadAction\",\"target\":[\"https:\\\/\\\/www.ski-mojo.com\\\/en\\\/ski-mojo-club\\\/\"]}]},{\"@type\":\"ImageObject\",\"inLanguage\":\"en-US\",\"@id\":\"https:\\\/\\\/www.ski-mojo.com\\\/en\\\/ski-mojo-club\\\/#primaryimage\",\"url\":\"https:\\\/\\\/www.ski-mojo.com\\\/wp-content\\\/uploads\\\/2025\\\/06\\\/Group-49.png\",\"contentUrl\":\"https:\\\/\\\/www.ski-mojo.com\\\/wp-content\\\/uploads\\\/2025\\\/06\\\/Group-49.png\"},{\"@type\":\"BreadcrumbList\",\"@id\":\"https:\\\/\\\/www.ski-mojo.com\\\/en\\\/ski-mojo-club\\\/#breadcrumb\",\"itemListElement\":[{\"@type\":\"ListItem\",\"position\":1,\"name\":\"Home\",\"item\":\"https:\\\/\\\/www.ski-mojo.com\\\/en\\\/\"},{\"@type\":\"ListItem\",\"position\":2,\"name\":\"Ski Mojo Club\"}]},{\"@type\":\"WebSite\",\"@id\":\"https:\\\/\\\/www.ski-mojo.com\\\/en\\\/#website\",\"url\":\"https:\\\/\\\/www.ski-mojo.com\\\/en\\\/\",\"name\":\"Ski~Mojo\",\"description\":\"\",\"publisher\":{\"@id\":\"https:\\\/\\\/www.ski-mojo.com\\\/en\\\/#organization\"},\"potentialAction\":[{\"@type\":\"SearchAction\",\"target\":{\"@type\":\"EntryPoint\",\"urlTemplate\":\"https:\\\/\\\/www.ski-mojo.com\\\/en\\\/?s={search_term_string}\"},\"query-input\":{\"@type\":\"PropertyValueSpecification\",\"valueRequired\":true,\"valueName\":\"search_term_string\"}}],\"inLanguage\":\"en-US\"},{\"@type\":\"Organization\",\"@id\":\"https:\\\/\\\/www.ski-mojo.com\\\/en\\\/#organization\",\"name\":\"Ski~Mojo\",\"url\":\"https:\\\/\\\/www.ski-mojo.com\\\/en\\\/\",\"logo\":{\"@type\":\"ImageObject\",\"inLanguage\":\"en-US\",\"@id\":\"https:\\\/\\\/www.ski-mojo.com\\\/en\\\/#\\\/schema\\\/logo\\\/image\\\/\",\"url\":\"https:\\\/\\\/www.ski-mojo.com\\\/wp-content\\\/uploads\\\/2025\\\/05\\\/ski-mojo-1.png\",\"contentUrl\":\"https:\\\/\\\/www.ski-mojo.com\\\/wp-content\\\/uploads\\\/2025\\\/05\\\/ski-mojo-1.png\",\"width\":379,\"height\":93,\"caption\":\"Ski~Mojo\"},\"image\":{\"@id\":\"https:\\\/\\\/www.ski-mojo.com\\\/en\\\/#\\\/schema\\\/logo\\\/image\\\/\"},\"sameAs\":[\"https:\\\/\\\/www.facebook.com\\\/skimojomania\",\"https:\\\/\\\/www.instagram.com\\\/skimojo_official\\\/\",\"https:\\\/\\\/www.linkedin.com\\\/company\\\/ski-mojo\\\/\",\"https:\\\/\\\/www.youtube.com\\\/SkiMojoFrance\"]}]}<\/script>\n<!-- \/ Yoast SEO plugin. -->","yoast_head_json":{"title":"Ski-mojo | Ski Mojo Club","robots":{"index":"index","follow":"follow","max-snippet":"max-snippet:-1","max-image-preview":"max-image-preview:large","max-video-preview":"max-video-preview:-1"},"canonical":"https:\/\/www.ski-mojo.com\/en\/ski-mojo-club\/","og_locale":"en_US","og_type":"article","og_title":"Ski-mojo | Ski Mojo Club","og_description":"Discover the Ski~Mojo Club There are now almost 30,000 Ski-Mojo users around the world, \u2026 and some of them have told us that they would like to form a Club to create a real community and benefit from certain advantages. Also, we are happy to announce the creation of the Ski Mojo Club affiliated to [&hellip;]","og_url":"https:\/\/www.ski-mojo.com\/en\/ski-mojo-club\/","og_site_name":"Ski-mojo","article_publisher":"https:\/\/www.facebook.com\/skimojomania","article_modified_time":"2025-08-15T13:03:52+00:00","og_image":[{"url":"https:\/\/www.ski-mojo.com\/wp-content\/uploads\/2025\/06\/Group-49.png","type":"","width":"","height":""}],"twitter_card":"summary_large_image","twitter_misc":{"Est. reading time":"2 minutes"},"schema":{"@context":"https:\/\/schema.org","@graph":[{"@type":"WebPage","@id":"https:\/\/www.ski-mojo.com\/en\/ski-mojo-club\/","url":"https:\/\/www.ski-mojo.com\/en\/ski-mojo-club\/","name":"Ski-mojo | Ski Mojo Club","isPartOf":{"@id":"https:\/\/www.ski-mojo.com\/en\/#website"},"primaryImageOfPage":{"@id":"https:\/\/www.ski-mojo.com\/en\/ski-mojo-club\/#primaryimage"},"image":{"@id":"https:\/\/www.ski-mojo.com\/en\/ski-mojo-club\/#primaryimage"},"thumbnailUrl":"https:\/\/www.ski-mojo.com\/wp-content\/uploads\/2025\/06\/Group-49.png","datePublished":"2025-06-24T11:38:41+00:00","dateModified":"2025-08-15T13:03:52+00:00","breadcrumb":{"@id":"https:\/\/www.ski-mojo.com\/en\/ski-mojo-club\/#breadcrumb"},"inLanguage":"en-US","potentialAction":[{"@type":"ReadAction","target":["https:\/\/www.ski-mojo.com\/en\/ski-mojo-club\/"]}]},{"@type":"ImageObject","inLanguage":"en-US","@id":"https:\/\/www.ski-mojo.com\/en\/ski-mojo-club\/#primaryimage","url":"https:\/\/www.ski-mojo.com\/wp-content\/uploads\/2025\/06\/Group-49.png","contentUrl":"https:\/\/www.ski-mojo.com\/wp-content\/uploads\/2025\/06\/Group-49.png"},{"@type":"BreadcrumbList","@id":"https:\/\/www.ski-mojo.com\/en\/ski-mojo-club\/#breadcrumb","itemListElement":[{"@type":"ListItem","position":1,"name":"Home","item":"https:\/\/www.ski-mojo.com\/en\/"},{"@type":"ListItem","position":2,"name":"Ski Mojo Club"}]},{"@type":"WebSite","@id":"https:\/\/www.ski-mojo.com\/en\/#website","url":"https:\/\/www.ski-mojo.com\/en\/","name":"Ski~Mojo","description":"","publisher":{"@id":"https:\/\/www.ski-mojo.com\/en\/#organization"},"potentialAction":[{"@type":"SearchAction","target":{"@type":"EntryPoint","urlTemplate":"https:\/\/www.ski-mojo.com\/en\/?s={search_term_string}"},"query-input":{"@type":"PropertyValueSpecification","valueRequired":true,"valueName":"search_term_string"}}],"inLanguage":"en-US"},{"@type":"Organization","@id":"https:\/\/www.ski-mojo.com\/en\/#organization","name":"Ski~Mojo","url":"https:\/\/www.ski-mojo.com\/en\/","logo":{"@type":"ImageObject","inLanguage":"en-US","@id":"https:\/\/www.ski-mojo.com\/en\/#\/schema\/logo\/image\/","url":"https:\/\/www.ski-mojo.com\/wp-content\/uploads\/2025\/05\/ski-mojo-1.png","contentUrl":"https:\/\/www.ski-mojo.com\/wp-content\/uploads\/2025\/05\/ski-mojo-1.png","width":379,"height":93,"caption":"Ski~Mojo"},"image":{"@id":"https:\/\/www.ski-mojo.com\/en\/#\/schema\/logo\/image\/"},"sameAs":["https:\/\/www.facebook.com\/skimojomania","https:\/\/www.instagram.com\/skimojo_official\/","https:\/\/www.linkedin.com\/company\/ski-mojo\/","https:\/\/www.youtube.com\/SkiMojoFrance"]}]}},"_links":{"self":[{"href":"https:\/\/www.ski-mojo.com\/en\/wp-json\/wp\/v2\/pages\/52814304","targetHints":{"allow":["GET"]}}],"collection":[{"href":"https:\/\/www.ski-mojo.com\/en\/wp-json\/wp\/v2\/pages"}],"about":[{"href":"https:\/\/www.ski-mojo.com\/en\/wp-json\/wp\/v2\/types\/page"}],"author":[{"embeddable":true,"href":"https:\/\/www.ski-mojo.com\/en\/wp-json\/wp\/v2\/users\/1"}],"replies":[{"embeddable":true,"href":"https:\/\/www.ski-mojo.com\/en\/wp-json\/wp\/v2\/comments?post=52814304"}],"version-history":[{"count":5,"href":"https:\/\/www.ski-mojo.com\/en\/wp-json\/wp\/v2\/pages\/52814304\/revisions"}],"predecessor-version":[{"id":52833794,"href":"https:\/\/www.ski-mojo.com\/en\/wp-json\/wp\/v2\/pages\/52814304\/revisions\/52833794"}],"wp:attachment":[{"href":"https:\/\/www.ski-mojo.com\/en\/wp-json\/wp\/v2\/media?parent=52814304"}],"curies":[{"name":"wp","href":"https:\/\/api.w.org\/{rel}","templated":true}]}}