{"id":52821100,"date":"2025-07-21T13:23:49","date_gmt":"2025-07-21T13:23:49","guid":{"rendered":"https:\/\/www.ski-mojo.com\/?post_type=product&#038;p=52821100"},"modified":"2025-07-21T13:27:33","modified_gmt":"2025-07-21T13:27:33","slug":"ersatzkabel","status":"publish","type":"product","link":"https:\/\/www.ski-mojo.com\/de\/produkt\/ersatzkabel\/","title":{"rendered":"Ersatzkabel"},"content":{"rendered":"<ul>\n<li>Wenn das Kabel Ihres Ski-Mojo gerissen ist, stellen Sie bitte sicher, dass Sie es selbst ersetzen k\u00f6nnen, bevor Sie ein neues bestellen. Ein Anleitungsvideo ist auf <strong><a href=\"https:\/\/www.ski-mojo.com\/de\/help\" target=\"_blank\" rel=\"noopener\">www.ski-mojo.com\/de\/help<\/a><\/strong> verf\u00fcgbar.<\/li>\n<li>Achtung: Beide Beine nutzen sich mit der gleichen Geschwindigkeit ab. Daher kommt es h\u00e4ufig vor, dass, wenn das Kabel an einem Bein rei\u00dft, das Kabel am anderen Bein ebenfalls stark abgenutzt ist und kurz darauf ebenfalls rei\u00dft. Bitte ber\u00fccksichtigen Sie dies bei Ihrer Bestellung.<\/li>\n<li><span style=\"color: #ff0000;\"><strong>Da es sich beim Kabel um ein Verschlei\u00dfteil handelt, kann es weder zur\u00fcckgegeben noch erstattet werden.<\/strong><\/span><\/li>\n<li>Der Austausch des Kabels erfordert Pr\u00e4zision und sorgf\u00e4ltiges Arbeiten. Wenn Sie sich den Austausch nicht selbst zutrauen, k\u00f6nnen Sie in unserem <strong>Online-Shop &gt; Services<\/strong> eine Reparatur Ihres Beins bestellen. Dieser Service ist sehr schnell.<\/li>\n<li>Um einen Kabelbruch w\u00e4hrend der Wintersaison zu vermeiden, empfehlen wir, Ihr Ski-Mojo nach 70 bis 90 Nutzungstagen warten zu lassen. Diese Wartungsdienste sind in der Sommer-Nebensaison verf\u00fcgbar. Weitere Informationen finden Sie unter <a href=\"https:\/\/www.ski-mojo.com\/de\/revision\" target=\"_blank\" rel=\"noopener\">www.ski-mojo.com\/de\/revision<\/a>.<\/li>\n<\/ul>\n<p>Dieses Kabel ist mit Ski-Mojo-Modellen ab 2016 kompatibel.<\/p>\n","protected":false},"excerpt":{"rendered":"<p data-start=\"0\" data-end=\"311\">Das Kabel des Ski-Mojo ist, \u00e4hnlich wie die Kette eines Fahrrads, der \u00dcbertragungsriemen des Ski-Mojo. Dieses Kabel leitet alle Kr\u00e4fte, St\u00f6\u00dfe und Vibrationen an die Hauptfeder des Ski-Mojo weiter. Es handelt sich um ein Verschlei\u00dfteil, das brechen kann, wenn es nicht rechtzeitig vorbeugend ausgetauscht wird.<\/p>\n<p data-start=\"313\" data-end=\"405\" data-is-last-node=\"\" data-is-only-node=\"\"><strong>Bevor Sie ein Ersatzkabel bestellen, lesen Sie bitte sorgf\u00e4ltig die folgenden Informationen.<\/strong><\/p>\n","protected":false},"featured_media":52807621,"comment_status":"closed","ping_status":"closed","template":"","meta":{"_acf_changed":false},"product_brand":[],"product_cat":[764],"product_tag":[],"class_list":{"0":"post-52821100","1":"product","2":"type-product","3":"status-publish","4":"has-post-thumbnail","6":"product_cat-zubehor","7":"product_shipping_class-tres-leger-de","9":"first","10":"instock","11":"taxable","12":"shipping-taxable","13":"purchasable","14":"product-type-simple"},"acf":[],"yoast_head":"<!-- This site is optimized with the Yoast SEO plugin v27.4 - https:\/\/yoast.com\/product\/yoast-seo-wordpress\/ -->\n<title>Ski~Mojo | Ersatzkabel<\/title>\n<meta name=\"robots\" content=\"index, follow, max-snippet:-1, max-image-preview:large, max-video-preview:-1\" \/>\n<link rel=\"canonical\" href=\"https:\/\/www.ski-mojo.com\/de\/produkt\/ersatzkabel\/\" \/>\n<meta property=\"og:locale\" content=\"de_DE\" \/>\n<meta property=\"og:type\" content=\"article\" \/>\n<meta property=\"og:title\" content=\"Ski~Mojo | Ersatzkabel\" \/>\n<meta property=\"og:description\" content=\"Das Kabel des Ski-Mojo ist, \u00e4hnlich wie die Kette eines Fahrrads, der \u00dcbertragungsriemen des Ski-Mojo. Dieses Kabel leitet alle Kr\u00e4fte, St\u00f6\u00dfe und Vibrationen an die Hauptfeder des Ski-Mojo weiter. Es handelt sich um ein Verschlei\u00dfteil, das brechen kann, wenn es nicht rechtzeitig vorbeugend ausgetauscht wird. Bevor Sie ein Ersatzkabel bestellen, lesen Sie bitte sorgf\u00e4ltig die folgenden Informationen.\" \/>\n<meta property=\"og:url\" content=\"https:\/\/www.ski-mojo.com\/de\/produkt\/ersatzkabel\/\" \/>\n<meta property=\"og:site_name\" content=\"Ski-mojo\" \/>\n<meta property=\"article:publisher\" content=\"https:\/\/www.facebook.com\/skimojomania\" \/>\n<meta property=\"article:modified_time\" content=\"2025-07-21T13:27:33+00:00\" \/>\n<meta property=\"og:image\" content=\"https:\/\/www.ski-mojo.com\/wp-content\/uploads\/2025\/06\/Cable-Ski-Mojo.jpg\" \/>\n\t<meta property=\"og:image:width\" content=\"897\" \/>\n\t<meta property=\"og:image:height\" content=\"900\" \/>\n\t<meta property=\"og:image:type\" content=\"image\/jpeg\" \/>\n<meta name=\"twitter:card\" content=\"summary_large_image\" \/>\n<meta name=\"twitter:label1\" content=\"Gesch\u00e4tzte Lesezeit\" \/>\n\t<meta name=\"twitter:data1\" content=\"1\u00a0Minute\" \/>\n<script type=\"application\/ld+json\" class=\"yoast-schema-graph\">{\"@context\":\"https:\\\/\\\/schema.org\",\"@graph\":[{\"@type\":\"WebPage\",\"@id\":\"https:\\\/\\\/www.ski-mojo.com\\\/de\\\/produkt\\\/ersatzkabel\\\/\",\"url\":\"https:\\\/\\\/www.ski-mojo.com\\\/de\\\/produkt\\\/ersatzkabel\\\/\",\"name\":\"Ski~Mojo | Ersatzkabel\",\"isPartOf\":{\"@id\":\"https:\\\/\\\/www.ski-mojo.com\\\/de\\\/#website\"},\"primaryImageOfPage\":{\"@id\":\"https:\\\/\\\/www.ski-mojo.com\\\/de\\\/produkt\\\/ersatzkabel\\\/#primaryimage\"},\"image\":{\"@id\":\"https:\\\/\\\/www.ski-mojo.com\\\/de\\\/produkt\\\/ersatzkabel\\\/#primaryimage\"},\"thumbnailUrl\":\"https:\\\/\\\/www.ski-mojo.com\\\/wp-content\\\/uploads\\\/2025\\\/06\\\/Cable-Ski-Mojo.jpg\",\"datePublished\":\"2025-07-21T13:23:49+00:00\",\"dateModified\":\"2025-07-21T13:27:33+00:00\",\"breadcrumb\":{\"@id\":\"https:\\\/\\\/www.ski-mojo.com\\\/de\\\/produkt\\\/ersatzkabel\\\/#breadcrumb\"},\"inLanguage\":\"de\",\"potentialAction\":[{\"@type\":\"ReadAction\",\"target\":[\"https:\\\/\\\/www.ski-mojo.com\\\/de\\\/produkt\\\/ersatzkabel\\\/\"]}]},{\"@type\":\"ImageObject\",\"inLanguage\":\"de\",\"@id\":\"https:\\\/\\\/www.ski-mojo.com\\\/de\\\/produkt\\\/ersatzkabel\\\/#primaryimage\",\"url\":\"https:\\\/\\\/www.ski-mojo.com\\\/wp-content\\\/uploads\\\/2025\\\/06\\\/Cable-Ski-Mojo.jpg\",\"contentUrl\":\"https:\\\/\\\/www.ski-mojo.com\\\/wp-content\\\/uploads\\\/2025\\\/06\\\/Cable-Ski-Mojo.jpg\",\"width\":897,\"height\":900},{\"@type\":\"BreadcrumbList\",\"@id\":\"https:\\\/\\\/www.ski-mojo.com\\\/de\\\/produkt\\\/ersatzkabel\\\/#breadcrumb\",\"itemListElement\":[{\"@type\":\"ListItem\",\"position\":1,\"name\":\"Home\",\"item\":\"https:\\\/\\\/www.ski-mojo.com\\\/de\\\/\"},{\"@type\":\"ListItem\",\"position\":2,\"name\":\"Produkte\",\"item\":\"https:\\\/\\\/www.ski-mojo.com\\\/de\\\/shop\\\/\"},{\"@type\":\"ListItem\",\"position\":3,\"name\":\"Ersatzkabel\"}]},{\"@type\":\"WebSite\",\"@id\":\"https:\\\/\\\/www.ski-mojo.com\\\/de\\\/#website\",\"url\":\"https:\\\/\\\/www.ski-mojo.com\\\/de\\\/\",\"name\":\"Ski~Mojo\",\"description\":\"\",\"publisher\":{\"@id\":\"https:\\\/\\\/www.ski-mojo.com\\\/de\\\/#organization\"},\"potentialAction\":[{\"@type\":\"SearchAction\",\"target\":{\"@type\":\"EntryPoint\",\"urlTemplate\":\"https:\\\/\\\/www.ski-mojo.com\\\/de\\\/?s={search_term_string}\"},\"query-input\":{\"@type\":\"PropertyValueSpecification\",\"valueRequired\":true,\"valueName\":\"search_term_string\"}}],\"inLanguage\":\"de\"},{\"@type\":\"Organization\",\"@id\":\"https:\\\/\\\/www.ski-mojo.com\\\/de\\\/#organization\",\"name\":\"Ski~Mojo\",\"url\":\"https:\\\/\\\/www.ski-mojo.com\\\/de\\\/\",\"logo\":{\"@type\":\"ImageObject\",\"inLanguage\":\"de\",\"@id\":\"https:\\\/\\\/www.ski-mojo.com\\\/de\\\/#\\\/schema\\\/logo\\\/image\\\/\",\"url\":\"https:\\\/\\\/www.ski-mojo.com\\\/wp-content\\\/uploads\\\/2025\\\/05\\\/ski-mojo-1.png\",\"contentUrl\":\"https:\\\/\\\/www.ski-mojo.com\\\/wp-content\\\/uploads\\\/2025\\\/05\\\/ski-mojo-1.png\",\"width\":379,\"height\":93,\"caption\":\"Ski~Mojo\"},\"image\":{\"@id\":\"https:\\\/\\\/www.ski-mojo.com\\\/de\\\/#\\\/schema\\\/logo\\\/image\\\/\"},\"sameAs\":[\"https:\\\/\\\/www.facebook.com\\\/skimojomania\",\"https:\\\/\\\/www.instagram.com\\\/skimojo_official\\\/\",\"https:\\\/\\\/www.linkedin.com\\\/company\\\/ski-mojo\\\/\",\"https:\\\/\\\/www.youtube.com\\\/SkiMojoFrance\"]}]}<\/script>\n<!-- \/ Yoast SEO plugin. -->","yoast_head_json":{"title":"Ski~Mojo | Ersatzkabel","robots":{"index":"index","follow":"follow","max-snippet":"max-snippet:-1","max-image-preview":"max-image-preview:large","max-video-preview":"max-video-preview:-1"},"canonical":"https:\/\/www.ski-mojo.com\/de\/produkt\/ersatzkabel\/","og_locale":"de_DE","og_type":"article","og_title":"Ski~Mojo | Ersatzkabel","og_description":"Das Kabel des Ski-Mojo ist, \u00e4hnlich wie die Kette eines Fahrrads, der \u00dcbertragungsriemen des Ski-Mojo. Dieses Kabel leitet alle Kr\u00e4fte, St\u00f6\u00dfe und Vibrationen an die Hauptfeder des Ski-Mojo weiter. Es handelt sich um ein Verschlei\u00dfteil, das brechen kann, wenn es nicht rechtzeitig vorbeugend ausgetauscht wird. Bevor Sie ein Ersatzkabel bestellen, lesen Sie bitte sorgf\u00e4ltig die folgenden Informationen.","og_url":"https:\/\/www.ski-mojo.com\/de\/produkt\/ersatzkabel\/","og_site_name":"Ski-mojo","article_publisher":"https:\/\/www.facebook.com\/skimojomania","article_modified_time":"2025-07-21T13:27:33+00:00","og_image":[{"width":897,"height":900,"url":"https:\/\/www.ski-mojo.com\/wp-content\/uploads\/2025\/06\/Cable-Ski-Mojo.jpg","type":"image\/jpeg"}],"twitter_card":"summary_large_image","twitter_misc":{"Gesch\u00e4tzte Lesezeit":"1\u00a0Minute"},"schema":{"@context":"https:\/\/schema.org","@graph":[{"@type":"WebPage","@id":"https:\/\/www.ski-mojo.com\/de\/produkt\/ersatzkabel\/","url":"https:\/\/www.ski-mojo.com\/de\/produkt\/ersatzkabel\/","name":"Ski~Mojo | Ersatzkabel","isPartOf":{"@id":"https:\/\/www.ski-mojo.com\/de\/#website"},"primaryImageOfPage":{"@id":"https:\/\/www.ski-mojo.com\/de\/produkt\/ersatzkabel\/#primaryimage"},"image":{"@id":"https:\/\/www.ski-mojo.com\/de\/produkt\/ersatzkabel\/#primaryimage"},"thumbnailUrl":"https:\/\/www.ski-mojo.com\/wp-content\/uploads\/2025\/06\/Cable-Ski-Mojo.jpg","datePublished":"2025-07-21T13:23:49+00:00","dateModified":"2025-07-21T13:27:33+00:00","breadcrumb":{"@id":"https:\/\/www.ski-mojo.com\/de\/produkt\/ersatzkabel\/#breadcrumb"},"inLanguage":"de","potentialAction":[{"@type":"ReadAction","target":["https:\/\/www.ski-mojo.com\/de\/produkt\/ersatzkabel\/"]}]},{"@type":"ImageObject","inLanguage":"de","@id":"https:\/\/www.ski-mojo.com\/de\/produkt\/ersatzkabel\/#primaryimage","url":"https:\/\/www.ski-mojo.com\/wp-content\/uploads\/2025\/06\/Cable-Ski-Mojo.jpg","contentUrl":"https:\/\/www.ski-mojo.com\/wp-content\/uploads\/2025\/06\/Cable-Ski-Mojo.jpg","width":897,"height":900},{"@type":"BreadcrumbList","@id":"https:\/\/www.ski-mojo.com\/de\/produkt\/ersatzkabel\/#breadcrumb","itemListElement":[{"@type":"ListItem","position":1,"name":"Home","item":"https:\/\/www.ski-mojo.com\/de\/"},{"@type":"ListItem","position":2,"name":"Produkte","item":"https:\/\/www.ski-mojo.com\/de\/shop\/"},{"@type":"ListItem","position":3,"name":"Ersatzkabel"}]},{"@type":"WebSite","@id":"https:\/\/www.ski-mojo.com\/de\/#website","url":"https:\/\/www.ski-mojo.com\/de\/","name":"Ski~Mojo","description":"","publisher":{"@id":"https:\/\/www.ski-mojo.com\/de\/#organization"},"potentialAction":[{"@type":"SearchAction","target":{"@type":"EntryPoint","urlTemplate":"https:\/\/www.ski-mojo.com\/de\/?s={search_term_string}"},"query-input":{"@type":"PropertyValueSpecification","valueRequired":true,"valueName":"search_term_string"}}],"inLanguage":"de"},{"@type":"Organization","@id":"https:\/\/www.ski-mojo.com\/de\/#organization","name":"Ski~Mojo","url":"https:\/\/www.ski-mojo.com\/de\/","logo":{"@type":"ImageObject","inLanguage":"de","@id":"https:\/\/www.ski-mojo.com\/de\/#\/schema\/logo\/image\/","url":"https:\/\/www.ski-mojo.com\/wp-content\/uploads\/2025\/05\/ski-mojo-1.png","contentUrl":"https:\/\/www.ski-mojo.com\/wp-content\/uploads\/2025\/05\/ski-mojo-1.png","width":379,"height":93,"caption":"Ski~Mojo"},"image":{"@id":"https:\/\/www.ski-mojo.com\/de\/#\/schema\/logo\/image\/"},"sameAs":["https:\/\/www.facebook.com\/skimojomania","https:\/\/www.instagram.com\/skimojo_official\/","https:\/\/www.linkedin.com\/company\/ski-mojo\/","https:\/\/www.youtube.com\/SkiMojoFrance"]}]}},"_links":{"self":[{"href":"https:\/\/www.ski-mojo.com\/de\/wp-json\/wp\/v2\/product\/52821100","targetHints":{"allow":["GET"]}}],"collection":[{"href":"https:\/\/www.ski-mojo.com\/de\/wp-json\/wp\/v2\/product"}],"about":[{"href":"https:\/\/www.ski-mojo.com\/de\/wp-json\/wp\/v2\/types\/product"}],"replies":[{"embeddable":true,"href":"https:\/\/www.ski-mojo.com\/de\/wp-json\/wp\/v2\/comments?post=52821100"}],"wp:featuredmedia":[{"embeddable":true,"href":"https:\/\/www.ski-mojo.com\/de\/wp-json\/wp\/v2\/media\/52807621"}],"wp:attachment":[{"href":"https:\/\/www.ski-mojo.com\/de\/wp-json\/wp\/v2\/media?parent=52821100"}],"wp:term":[{"taxonomy":"product_brand","embeddable":true,"href":"https:\/\/www.ski-mojo.com\/de\/wp-json\/wp\/v2\/product_brand?post=52821100"},{"taxonomy":"product_cat","embeddable":true,"href":"https:\/\/www.ski-mojo.com\/de\/wp-json\/wp\/v2\/product_cat?post=52821100"},{"taxonomy":"product_tag","embeddable":true,"href":"https:\/\/www.ski-mojo.com\/de\/wp-json\/wp\/v2\/product_tag?post=52821100"}],"curies":[{"name":"wp","href":"https:\/\/api.w.org\/{rel}","templated":true}]}}