{"id":52820921,"date":"2025-07-21T13:11:53","date_gmt":"2025-07-21T13:11:53","guid":{"rendered":"https:\/\/www.ski-mojo.com\/?post_type=product&#038;p=52820921"},"modified":"2026-03-30T17:35:33","modified_gmt":"2026-03-30T15:35:33","slug":"skimojo-exoskelett","status":"publish","type":"product","link":"https:\/\/www.ski-mojo.com\/de\/produkt\/skimojo-exoskelett\/","title":{"rendered":"Ski~Mojo Exoskelett"},"content":{"rendered":"<h2 style=\"font-size: 20px; font-weight: bold; margin: 20px 0 10px; color: #111;\">Kaufen Sie direkt beim Hersteller von Ski~Mojo:<\/h2>\n<p>Wenn Sie \u00fcber unsere offizielle Website kaufen, profitieren Sie von einer direkten und sicheren Transaktion mit dem Team, das das Ski~Mojo entwickelt. Wir begleiten Sie Schritt f\u00fcr Schritt: ein ausf\u00fchrliches Benutzerhandbuch, klare Tutorial-Videos und schnelle Unterst\u00fctzung per Telefon oder E-Mail, um Ihnen die Einstellung Ihres Exoskeletts zu erleichtern.<\/p>\n<h2 style=\"font-size: 20px; font-weight: bold; margin: 20px 0 10px; color: #111;\">Mehr als nur ein Ski-Accessoire<\/h2>\n<p>Das <strong>Ski~Mojo<\/strong> ist weder eine Orthese noch eine Schiene: es ist ein echtes <strong>Exoskelett f\u00fcr Ski und Snowboard<\/strong>.<br \/>\nEs reduziert den Druck auf Ihre Beine um ein Drittel, absorbiert St\u00f6\u00dfe und Vibrationen und entlastet Ihre Gelenke wirksam. Ergebnis: keine brennenden Oberschenkel mehr, keine schmerzenden Knie und deutlich mehr Muskel-Ausdauer w\u00e4hrend Ihres gesamten Skiurlaubs.<\/p>\n<p>Erleben Sie wieder Ihre besten Gef\u00fchle auf der Piste mit einer einfachen, aber bew\u00e4hrten Technologie, die ein Gef\u00fchl von Leichtigkeit in den Beinen erzeugt und den Skispa\u00df intensiviert.<\/p>\n<h2 style=\"font-size: 20px; font-weight: bold; margin: 20px 0 10px; color: #111;\">Die Vorteile des Ski~Mojo:<\/h2>\n<ul>\n<li>Entlastet Knie, Oberschenkel, H\u00fcften und R\u00fccken.<\/li>\n<li>Verbessert Ihre Muskel-Ausdauer, um l\u00e4nger, intensiver oder einfach mit Freunden Ski zu fahren.<\/li>\n<li>Erm\u00f6glicht es Ihnen, Ihren Urlaub zu genie\u00dfen, ohne nach wenigen Tagen Muskelerm\u00fcdung zu f\u00fcrchten.<\/li>\n<li>Verringert das Risiko von erm\u00fcdungsbedingten Verletzungen und erh\u00f6ht Ihre Sicherheit.<\/li>\n<\/ul>\n<h2 style=\"font-size: 20px; font-weight: bold; margin: 20px 0 10px; color: #111;\">F\u00fcr alle K\u00f6rpergr\u00f6\u00dfen geeignet<\/h2>\n<p>Das Ski~Mojo passt sich allen K\u00f6rpergr\u00f6\u00dfen an (Mindestgr\u00f6\u00dfe: 1,55 m) und wird nur nach Ihrem Gewicht ausgew\u00e4hlt:<\/p>\n<ul>\n<li><strong>Ski~Mojo Blue<\/strong>: Sie wiegen weniger als 57 kg<\/li>\n<li><strong>Ski~Mojo Silver<\/strong>: Sie wiegen zwischen 58 und 80 kg )<\/li>\n<li><strong>Ski~Mojo Gold<\/strong>: Sie wiegen mehr als 80 kg<\/li>\n<\/ul>\n<p>Sehen Sie den Modellleitfaden in den Pr\u00e4sentationsfotos des Ski~Mojo auf dieser Seite.<br \/>\nSie stellen das Ski~Mojo entsprechend der L\u00e4nge Ihrer Beine ein, damit es perfekt zu Ihrem K\u00f6rper passt.<\/p>\n<h2 style=\"font-size: 20px; font-weight: bold; margin: 20px 0 10px; color: #111;\">Lieferumfang Ihres Ski~Mojo-Pakets<\/h2>\n<p>Ihr Ski~Mojo wird einsatzbereit geliefert, in einer Box mit:<\/p>\n<ul>\n<li>2 Exoskelett-Beinen (rechtes Bein + linkes Bein)<\/li>\n<li>Ein leichter und bequemer Gurt<\/li>\n<li>Zwei Paar Verbinder (tempor\u00e4r und dauerhaft) f\u00fcr Ihre Skischuhe<\/li>\n<li>Ein Werkzeugset, eine Tragetasche und eine vollst\u00e4ndige Installationsanleitung (Franz\u00f6sisch, Englisch, Italienisch, Deutsch)<\/li>\n<\/ul>\n<p>Neoprenh\u00fcllenfarbe: schwarz (Camouflage- oder Leopardenfarben nur auf Anfrage erh\u00e4ltlich).<\/p>\n<h2 style=\"font-size: 20px; font-weight: bold; margin: 20px 0 10px; color: #111;\">Garantie und Zubeh\u00f6r<\/h2>\n<p>Standardgarantie: 24 Monate (kann nach Registrierung Ihrer Garantie auf 48 Monate verl\u00e4ngert werden).<\/p>\n<p>Optionales Zubeh\u00f6r (siehe Zubeh\u00f6r in unserem Onlineshop):<\/p>\n<ul>\n<li>Hosentr\u00e4ger (wenn Sie Ihr Ski~Mojo tragen m\u00fcssen, ohne Skischuhe anzuhaben)<\/li>\n<li>Spezielle Verbinder f\u00fcr Snowboardschuhe<\/li>\n<li>Rucksack zum einfachen Transport Ihres Ski~Mojo<\/li>\n<\/ul>\n<h2 style=\"font-size: 20px; font-weight: bold; margin: 20px 0 10px; color: #111;\">Zus\u00e4tzliche Informationen<\/h2>\n<p>Wie viele andere Sportger\u00e4te, die die Praxis erleichtern, verl\u00e4ngern oder sicherer machen sollen, ist das Ski~Mojo kein Medizinprodukt und nicht dazu bestimmt, eine Krankheit zu behandeln, zu heilen oder zu verhindern.<\/p>\n<p><strong>Hergestellt in Frankreich \u2013 Versand aus Frankreich oder der Schweiz<\/strong> je nach Zielort.<\/p>\n","protected":false},"excerpt":{"rendered":"<p><strong><span style=\"color: #ff0000;\">Aktuelle Aktion: kostenlose Lieferung!<\/span> <\/strong>Das Ski~Mojo passt sich allen K\u00f6rperformen von Erwachsenen an, die gr\u00f6\u00dfer als 1,55 m sind. W\u00e4hlen Sie Ihr Modell ausschlie\u00dflich basierend auf Ihrem Gewicht (ohne Skiausr\u00fcstung):<\/p>\n<ul>\n<li><strong>57 kg oder weniger:<\/strong> Ski~Mojo Blue<\/li>\n<li><strong>Zwischen 57 und 80 kg:<\/strong> Ski~Mojo Silver<\/li>\n<li><strong>\u00dcber 80 kg:<\/strong> Ski~Mojo Gold<\/li>\n<\/ul>\n","protected":false},"featured_media":52808462,"comment_status":"open","ping_status":"closed","template":"","meta":{"_acf_changed":false},"product_brand":[],"product_cat":[773],"product_tag":[],"class_list":{"0":"post-52820921","1":"product","2":"type-product","3":"status-publish","4":"has-post-thumbnail","6":"product_cat-ski-mojo-vollstandiges-exoskelett","7":"product_shipping_class-lourd-de","9":"first","10":"instock","11":"taxable","12":"shipping-taxable","13":"purchasable","14":"product-type-variable"},"acf":[],"yoast_head":"<!-- This site is optimized with the Yoast SEO plugin v27.4 - https:\/\/yoast.com\/product\/yoast-seo-wordpress\/ -->\n<title>Ski~Mojo | Offizieller Shop | Exoskelett Ski~Mojo<\/title>\n<meta name=\"description\" content=\"Das Ski Mojo-Exoskelett entlastet die Quadrizeps und reduziert den vertikalen Druck auf die Knie erheblich. Kaufen Sie Ihr Ski Mojo hier!\" \/>\n<meta name=\"robots\" content=\"index, follow, max-snippet:-1, max-image-preview:large, max-video-preview:-1\" \/>\n<link rel=\"canonical\" href=\"https:\/\/www.ski-mojo.com\/de\/produkt\/skimojo-exoskelett\/\" \/>\n<meta property=\"og:locale\" content=\"de_DE\" \/>\n<meta property=\"og:type\" content=\"article\" \/>\n<meta property=\"og:title\" content=\"Ski~Mojo | Shop\" \/>\n<meta property=\"og:description\" content=\"Das Ski~Mojo-Exoskelett entlastet die Quadrizeps und reduziert den vertikalen Druck auf die Knie erheblich.\" \/>\n<meta property=\"og:url\" content=\"https:\/\/www.ski-mojo.com\/de\/produkt\/skimojo-exoskelett\/\" \/>\n<meta property=\"og:site_name\" content=\"Ski-mojo\" \/>\n<meta property=\"article:publisher\" content=\"https:\/\/www.facebook.com\/skimojomania\" \/>\n<meta property=\"article:modified_time\" content=\"2026-03-30T15:35:33+00:00\" \/>\n<meta property=\"og:image\" content=\"https:\/\/www.ski-mojo.com\/wp-content\/uploads\/2025\/07\/photo-Ski-Mojo-produit-1200x902-1.webp\" \/>\n\t<meta property=\"og:image:width\" content=\"1200\" \/>\n\t<meta property=\"og:image:height\" content=\"902\" \/>\n\t<meta property=\"og:image:type\" content=\"image\/webp\" \/>\n<meta name=\"twitter:card\" content=\"summary_large_image\" \/>\n<meta name=\"twitter:image\" content=\"https:\/\/www.ski-mojo.com\/wp-content\/uploads\/2024\/09\/photo-Ski-Mojo-produit-1200x902.jpg\" \/>\n<meta name=\"twitter:label1\" content=\"Gesch\u00e4tzte Lesezeit\" \/>\n\t<meta name=\"twitter:data1\" content=\"3\u00a0Minute\" \/>\n<script type=\"application\/ld+json\" class=\"yoast-schema-graph\">{\"@context\":\"https:\\\/\\\/schema.org\",\"@graph\":[{\"@type\":\"WebPage\",\"@id\":\"https:\\\/\\\/www.ski-mojo.com\\\/de\\\/produkt\\\/skimojo-exoskelett\\\/\",\"url\":\"https:\\\/\\\/www.ski-mojo.com\\\/de\\\/produkt\\\/skimojo-exoskelett\\\/\",\"name\":\"Ski~Mojo | Offizieller Shop | Exoskelett Ski~Mojo\",\"isPartOf\":{\"@id\":\"https:\\\/\\\/www.ski-mojo.com\\\/de\\\/#website\"},\"primaryImageOfPage\":{\"@id\":\"https:\\\/\\\/www.ski-mojo.com\\\/de\\\/produkt\\\/skimojo-exoskelett\\\/#primaryimage\"},\"image\":{\"@id\":\"https:\\\/\\\/www.ski-mojo.com\\\/de\\\/produkt\\\/skimojo-exoskelett\\\/#primaryimage\"},\"thumbnailUrl\":\"https:\\\/\\\/www.ski-mojo.com\\\/wp-content\\\/uploads\\\/2025\\\/06\\\/Photo-Ski-Mojo-1-1.jpg\",\"datePublished\":\"2025-07-21T13:11:53+00:00\",\"dateModified\":\"2026-03-30T15:35:33+00:00\",\"description\":\"Das Ski Mojo-Exoskelett entlastet die Quadrizeps und reduziert den vertikalen Druck auf die Knie erheblich. Kaufen Sie Ihr Ski Mojo hier!\",\"breadcrumb\":{\"@id\":\"https:\\\/\\\/www.ski-mojo.com\\\/de\\\/produkt\\\/skimojo-exoskelett\\\/#breadcrumb\"},\"inLanguage\":\"de\",\"potentialAction\":[{\"@type\":\"ReadAction\",\"target\":[\"https:\\\/\\\/www.ski-mojo.com\\\/de\\\/produkt\\\/skimojo-exoskelett\\\/\"]}]},{\"@type\":\"ImageObject\",\"inLanguage\":\"de\",\"@id\":\"https:\\\/\\\/www.ski-mojo.com\\\/de\\\/produkt\\\/skimojo-exoskelett\\\/#primaryimage\",\"url\":\"https:\\\/\\\/www.ski-mojo.com\\\/wp-content\\\/uploads\\\/2025\\\/06\\\/Photo-Ski-Mojo-1-1.jpg\",\"contentUrl\":\"https:\\\/\\\/www.ski-mojo.com\\\/wp-content\\\/uploads\\\/2025\\\/06\\\/Photo-Ski-Mojo-1-1.jpg\",\"width\":1325,\"height\":1340},{\"@type\":\"BreadcrumbList\",\"@id\":\"https:\\\/\\\/www.ski-mojo.com\\\/de\\\/produkt\\\/skimojo-exoskelett\\\/#breadcrumb\",\"itemListElement\":[{\"@type\":\"ListItem\",\"position\":1,\"name\":\"Home\",\"item\":\"https:\\\/\\\/www.ski-mojo.com\\\/de\\\/\"},{\"@type\":\"ListItem\",\"position\":2,\"name\":\"Produkte\",\"item\":\"https:\\\/\\\/www.ski-mojo.com\\\/de\\\/shop\\\/\"},{\"@type\":\"ListItem\",\"position\":3,\"name\":\"Ski~Mojo Exoskelett\"}]},{\"@type\":\"WebSite\",\"@id\":\"https:\\\/\\\/www.ski-mojo.com\\\/de\\\/#website\",\"url\":\"https:\\\/\\\/www.ski-mojo.com\\\/de\\\/\",\"name\":\"Ski~Mojo\",\"description\":\"\",\"publisher\":{\"@id\":\"https:\\\/\\\/www.ski-mojo.com\\\/de\\\/#organization\"},\"potentialAction\":[{\"@type\":\"SearchAction\",\"target\":{\"@type\":\"EntryPoint\",\"urlTemplate\":\"https:\\\/\\\/www.ski-mojo.com\\\/de\\\/?s={search_term_string}\"},\"query-input\":{\"@type\":\"PropertyValueSpecification\",\"valueRequired\":true,\"valueName\":\"search_term_string\"}}],\"inLanguage\":\"de\"},{\"@type\":\"Organization\",\"@id\":\"https:\\\/\\\/www.ski-mojo.com\\\/de\\\/#organization\",\"name\":\"Ski~Mojo\",\"url\":\"https:\\\/\\\/www.ski-mojo.com\\\/de\\\/\",\"logo\":{\"@type\":\"ImageObject\",\"inLanguage\":\"de\",\"@id\":\"https:\\\/\\\/www.ski-mojo.com\\\/de\\\/#\\\/schema\\\/logo\\\/image\\\/\",\"url\":\"https:\\\/\\\/www.ski-mojo.com\\\/wp-content\\\/uploads\\\/2025\\\/05\\\/ski-mojo-1.png\",\"contentUrl\":\"https:\\\/\\\/www.ski-mojo.com\\\/wp-content\\\/uploads\\\/2025\\\/05\\\/ski-mojo-1.png\",\"width\":379,\"height\":93,\"caption\":\"Ski~Mojo\"},\"image\":{\"@id\":\"https:\\\/\\\/www.ski-mojo.com\\\/de\\\/#\\\/schema\\\/logo\\\/image\\\/\"},\"sameAs\":[\"https:\\\/\\\/www.facebook.com\\\/skimojomania\",\"https:\\\/\\\/www.instagram.com\\\/skimojo_official\\\/\",\"https:\\\/\\\/www.linkedin.com\\\/company\\\/ski-mojo\\\/\",\"https:\\\/\\\/www.youtube.com\\\/SkiMojoFrance\"]}]}<\/script>\n<!-- \/ Yoast SEO plugin. -->","yoast_head_json":{"title":"Ski~Mojo | Offizieller Shop | Exoskelett Ski~Mojo","description":"Das Ski Mojo-Exoskelett entlastet die Quadrizeps und reduziert den vertikalen Druck auf die Knie erheblich. Kaufen Sie Ihr Ski Mojo hier!","robots":{"index":"index","follow":"follow","max-snippet":"max-snippet:-1","max-image-preview":"max-image-preview:large","max-video-preview":"max-video-preview:-1"},"canonical":"https:\/\/www.ski-mojo.com\/de\/produkt\/skimojo-exoskelett\/","og_locale":"de_DE","og_type":"article","og_title":"Ski~Mojo | Shop","og_description":"Das Ski~Mojo-Exoskelett entlastet die Quadrizeps und reduziert den vertikalen Druck auf die Knie erheblich.","og_url":"https:\/\/www.ski-mojo.com\/de\/produkt\/skimojo-exoskelett\/","og_site_name":"Ski-mojo","article_publisher":"https:\/\/www.facebook.com\/skimojomania","article_modified_time":"2026-03-30T15:35:33+00:00","og_image":[{"width":1200,"height":902,"url":"https:\/\/www.ski-mojo.com\/wp-content\/uploads\/2025\/07\/photo-Ski-Mojo-produit-1200x902-1.webp","type":"image\/webp"}],"twitter_card":"summary_large_image","twitter_image":"https:\/\/www.ski-mojo.com\/wp-content\/uploads\/2024\/09\/photo-Ski-Mojo-produit-1200x902.jpg","twitter_misc":{"Gesch\u00e4tzte Lesezeit":"3\u00a0Minute"},"schema":{"@context":"https:\/\/schema.org","@graph":[{"@type":"WebPage","@id":"https:\/\/www.ski-mojo.com\/de\/produkt\/skimojo-exoskelett\/","url":"https:\/\/www.ski-mojo.com\/de\/produkt\/skimojo-exoskelett\/","name":"Ski~Mojo | Offizieller Shop | Exoskelett Ski~Mojo","isPartOf":{"@id":"https:\/\/www.ski-mojo.com\/de\/#website"},"primaryImageOfPage":{"@id":"https:\/\/www.ski-mojo.com\/de\/produkt\/skimojo-exoskelett\/#primaryimage"},"image":{"@id":"https:\/\/www.ski-mojo.com\/de\/produkt\/skimojo-exoskelett\/#primaryimage"},"thumbnailUrl":"https:\/\/www.ski-mojo.com\/wp-content\/uploads\/2025\/06\/Photo-Ski-Mojo-1-1.jpg","datePublished":"2025-07-21T13:11:53+00:00","dateModified":"2026-03-30T15:35:33+00:00","description":"Das Ski Mojo-Exoskelett entlastet die Quadrizeps und reduziert den vertikalen Druck auf die Knie erheblich. Kaufen Sie Ihr Ski Mojo hier!","breadcrumb":{"@id":"https:\/\/www.ski-mojo.com\/de\/produkt\/skimojo-exoskelett\/#breadcrumb"},"inLanguage":"de","potentialAction":[{"@type":"ReadAction","target":["https:\/\/www.ski-mojo.com\/de\/produkt\/skimojo-exoskelett\/"]}]},{"@type":"ImageObject","inLanguage":"de","@id":"https:\/\/www.ski-mojo.com\/de\/produkt\/skimojo-exoskelett\/#primaryimage","url":"https:\/\/www.ski-mojo.com\/wp-content\/uploads\/2025\/06\/Photo-Ski-Mojo-1-1.jpg","contentUrl":"https:\/\/www.ski-mojo.com\/wp-content\/uploads\/2025\/06\/Photo-Ski-Mojo-1-1.jpg","width":1325,"height":1340},{"@type":"BreadcrumbList","@id":"https:\/\/www.ski-mojo.com\/de\/produkt\/skimojo-exoskelett\/#breadcrumb","itemListElement":[{"@type":"ListItem","position":1,"name":"Home","item":"https:\/\/www.ski-mojo.com\/de\/"},{"@type":"ListItem","position":2,"name":"Produkte","item":"https:\/\/www.ski-mojo.com\/de\/shop\/"},{"@type":"ListItem","position":3,"name":"Ski~Mojo Exoskelett"}]},{"@type":"WebSite","@id":"https:\/\/www.ski-mojo.com\/de\/#website","url":"https:\/\/www.ski-mojo.com\/de\/","name":"Ski~Mojo","description":"","publisher":{"@id":"https:\/\/www.ski-mojo.com\/de\/#organization"},"potentialAction":[{"@type":"SearchAction","target":{"@type":"EntryPoint","urlTemplate":"https:\/\/www.ski-mojo.com\/de\/?s={search_term_string}"},"query-input":{"@type":"PropertyValueSpecification","valueRequired":true,"valueName":"search_term_string"}}],"inLanguage":"de"},{"@type":"Organization","@id":"https:\/\/www.ski-mojo.com\/de\/#organization","name":"Ski~Mojo","url":"https:\/\/www.ski-mojo.com\/de\/","logo":{"@type":"ImageObject","inLanguage":"de","@id":"https:\/\/www.ski-mojo.com\/de\/#\/schema\/logo\/image\/","url":"https:\/\/www.ski-mojo.com\/wp-content\/uploads\/2025\/05\/ski-mojo-1.png","contentUrl":"https:\/\/www.ski-mojo.com\/wp-content\/uploads\/2025\/05\/ski-mojo-1.png","width":379,"height":93,"caption":"Ski~Mojo"},"image":{"@id":"https:\/\/www.ski-mojo.com\/de\/#\/schema\/logo\/image\/"},"sameAs":["https:\/\/www.facebook.com\/skimojomania","https:\/\/www.instagram.com\/skimojo_official\/","https:\/\/www.linkedin.com\/company\/ski-mojo\/","https:\/\/www.youtube.com\/SkiMojoFrance"]}]}},"_links":{"self":[{"href":"https:\/\/www.ski-mojo.com\/de\/wp-json\/wp\/v2\/product\/52820921","targetHints":{"allow":["GET"]}}],"collection":[{"href":"https:\/\/www.ski-mojo.com\/de\/wp-json\/wp\/v2\/product"}],"about":[{"href":"https:\/\/www.ski-mojo.com\/de\/wp-json\/wp\/v2\/types\/product"}],"replies":[{"embeddable":true,"href":"https:\/\/www.ski-mojo.com\/de\/wp-json\/wp\/v2\/comments?post=52820921"}],"wp:featuredmedia":[{"embeddable":true,"href":"https:\/\/www.ski-mojo.com\/de\/wp-json\/wp\/v2\/media\/52808462"}],"wp:attachment":[{"href":"https:\/\/www.ski-mojo.com\/de\/wp-json\/wp\/v2\/media?parent=52820921"}],"wp:term":[{"taxonomy":"product_brand","embeddable":true,"href":"https:\/\/www.ski-mojo.com\/de\/wp-json\/wp\/v2\/product_brand?post=52820921"},{"taxonomy":"product_cat","embeddable":true,"href":"https:\/\/www.ski-mojo.com\/de\/wp-json\/wp\/v2\/product_cat?post=52820921"},{"taxonomy":"product_tag","embeddable":true,"href":"https:\/\/www.ski-mojo.com\/de\/wp-json\/wp\/v2\/product_tag?post=52820921"}],"curies":[{"name":"wp","href":"https:\/\/api.w.org\/{rel}","templated":true}]}}