{"id":52820825,"date":"2025-07-21T13:12:07","date_gmt":"2025-07-21T13:12:07","guid":{"rendered":"https:\/\/www.ski-mojo.com\/?post_type=product&#038;p=52820825"},"modified":"2026-03-30T22:04:50","modified_gmt":"2026-03-30T20:04:50","slug":"saisonale-uberprufung","status":"publish","type":"product","link":"https:\/\/www.ski-mojo.com\/de\/produkt\/saisonale-uberprufung\/","title":{"rendered":"Saisonale \u00dcberpr\u00fcfung"},"content":{"rendered":"<section id=\"revision-ski-mojo\">\n<h2>Komplette \u00dcberholung Ihres Ski~Mojo<\/h2>\n<p>Bereiten Sie sich in aller Ruhe auf die n\u00e4chste Skisaison vor mit der <strong>offiziellen \u00dcberholung Ihres Ski~Mojo<\/strong>. Entwickelt, um St\u00f6\u00dfe abzufangen, Vibrationen zu reduzieren und Ihre Beine zu entlasten, ist Ihr Ski~Mojo bei jeder Abfahrt starken Belastungen ausgesetzt. Um die Lebensdauer zu verl\u00e4ngern und eine optimale Leistung zu gew\u00e4hrleisten, wird eine \u00dcberholung nach <strong>70 bis 90 Einsatztagen<\/strong> empfohlen.<\/p>\n<h3>Was umfasst die \u00dcberholung?<\/h3>\n<p>Ihr Ski~Mojo wird in unseren spezialisierten Werkst\u00e4tten <strong>vollst\u00e4ndig zerlegt, gepr\u00fcft und wieder montiert<\/strong>. Die Arbeiten umfassen:<\/p>\n<ul>\n<li><strong>Vorbeugender<\/strong> Austausch des Kabels,<\/li>\n<li>Kontrolle und ggf. Austausch der <strong>Rolle<\/strong>,<\/li>\n<li>Kontrolle und ggf. Austausch der <strong>Klemmclips<\/strong>,<\/li>\n<li>\u00dcberpr\u00fcfung aller weiteren Teile Ihres Ski~Mojo.<\/li>\n<\/ul>\n<h3>Inbegriffen<\/h3>\n<ul>\n<li>Vorbeugender Austausch des Kabels,<\/li>\n<li>Kontrolle und ggf. Austausch von Rollen und Clips,<\/li>\n<li>R\u00fccksendung an Ihre Adresse in Frankreich, Schweiz, Italien, Belgien, Niederlande, Spanien, \u00d6sterreich und Deutschland (andere L\u00e4nder: bitte kontaktieren Sie uns).<\/li>\n<\/ul>\n<h3>Nicht inbegriffen<\/h3>\n<ul>\n<li>Versand Ihres Ski~Mojo an unsere Werkst\u00e4tten,<\/li>\n<li>Austausch anderer Teile als Kabel, Rollen oder Clips (<em>wir kontaktieren Sie immer vor jeder Intervention<\/em>).<\/li>\n<\/ul>\n<h3>Nutzen Sie die Gelegenheit, Zubeh\u00f6r zu bestellen<\/h3>\n<ul>\n<li>Sie profitieren von 20 % Rabatt auf Zubeh\u00f6r und Ersatzteile, die gleichzeitig mit Ihrer Wartung bestellt werden.<\/li>\n<li>Es fallen keine Versandkosten an (da diese zusammen mit der R\u00fccksendung Ihres Ski-Mojo versendet werden).<\/li>\n<\/ul>\n<h3>Warum Ihr Ski~Mojo \u00fcberholen lassen?<\/h3>\n<ul>\n<li>Die <strong>Lebensdauer<\/strong> der Ausr\u00fcstung verl\u00e4ngern,<\/li>\n<li>Das <strong>Risiko von Bruch oder Defekt<\/strong> in der Saison verringern,<\/li>\n<li>Die volle <strong>Effizienz und den Komfort<\/strong> Ihres Ski~Mojo wiederherstellen.<\/li>\n<\/ul>\n<h3>Praktische Hinweise<\/h3>\n<p>Nach Best\u00e4tigung Ihrer Bestellung erhalten Sie automatisch per E-Mail einen <strong>Auftragsschein<\/strong> mit der Adresse, an die Sie Ihr Ski~Mojo senden m\u00fcssen (bitte <strong>pr\u00fcfen Sie Ihren Spam-Ordner<\/strong>). Diese Adresse h\u00e4ngt von Ihrem Wohnsitzland ab.<\/p>\n<p><strong>Wichtig:<\/strong> Die \u00dcberholung erfolgt <strong>ausschlie\u00dflich<\/strong> in <strong>autorisierten Ski~Mojo-Werkst\u00e4tten<\/strong>, um die Sicherheit und Zuverl\u00e4ssigkeit Ihrer Ausr\u00fcstung zu gew\u00e4hrleisten.<\/p>\n<\/section>\n","protected":false},"excerpt":{"rendered":"<h4><span style=\"color: #008000;\">Dieser Service ist in der sommersaisonalen Nebensaison vom 1. April bis zum 30. September verf\u00fcgbar<\/span><\/h4>\n<p><strong>Sobald Ihre Bestellung eingegangen ist, werden wir Sie kontaktieren und Ihnen mitteilen, wohin Sie Ihr Ski~Mojo senden sollen.<\/strong><\/p>\n<p>Z\u00f6gern Sie nicht, uns im Abschnitt \u201eKommentare\u201c beim Eingeben Ihrer Adresse auf besondere Punkte hinzuweisen, die Sie uns bez\u00fcglich Ihres Ski~Mojo mitteilen m\u00f6chten.<\/p>\n<p>Achtung:<\/p>\n<ul>\n<li><span style=\"color: #ff0000;\"><strong>Planen Sie 4 bis 6 Wochen zwischen dem Versand an unsere Werkstatt und der R\u00fccksendung zu Ihnen nach Hause ein<\/strong><\/span><\/li>\n<li>Preis gilt nur f\u00fcr Frankreich und seine Nachbarl\u00e4nder. <strong>Andere L\u00e4nder: Bitte kontaktieren Sie uns.<\/strong><\/li>\n<\/ul>\n","protected":false},"featured_media":52839134,"comment_status":"open","ping_status":"closed","template":"","meta":{"_acf_changed":false},"product_brand":[],"product_cat":[766],"product_tag":[],"class_list":{"0":"post-52820825","1":"product","2":"type-product","3":"status-publish","4":"has-post-thumbnail","6":"product_cat-dienste","8":"first","9":"instock","10":"virtual","11":"taxable","12":"purchasable","13":"product-type-simple"},"acf":[],"yoast_head":"<!-- This site is optimized with the Yoast SEO plugin v27.4 - https:\/\/yoast.com\/product\/yoast-seo-wordpress\/ -->\n<title>Ski~Mojo Shop | \u00dcberpr\u00fcfung<\/title>\n<meta name=\"description\" content=\"Die \u00dcberpr\u00fcfung Ihres Ski~Mojo wird nach 70 bis 90 Nutzungstagen empfohlen. Achtung: Dieser Service ist nur w\u00e4hrend der Sommersaison au\u00dferhalb der Skisaison verf\u00fcgbar.\" \/>\n<meta name=\"robots\" content=\"index, follow, max-snippet:-1, max-image-preview:large, max-video-preview:-1\" \/>\n<link rel=\"canonical\" href=\"https:\/\/www.ski-mojo.com\/de\/produkt\/saisonale-uberprufung\/\" \/>\n<meta property=\"og:locale\" content=\"de_DE\" \/>\n<meta property=\"og:type\" content=\"article\" \/>\n<meta property=\"og:title\" content=\"Ski~Mojo Shop | \u00dcberpr\u00fcfung\" \/>\n<meta property=\"og:description\" content=\"Die \u00dcberpr\u00fcfung Ihres Ski~Mojo wird nach 70 bis 90 Nutzungstagen empfohlen. Achtung: Dieser Service ist nur w\u00e4hrend der Sommersaison au\u00dferhalb der Skisaison verf\u00fcgbar.\" \/>\n<meta property=\"og:url\" content=\"https:\/\/www.ski-mojo.com\/de\/produkt\/saisonale-uberprufung\/\" \/>\n<meta property=\"og:site_name\" content=\"Ski-mojo\" \/>\n<meta property=\"article:publisher\" content=\"https:\/\/www.facebook.com\/skimojomania\" \/>\n<meta property=\"article:modified_time\" content=\"2026-03-30T20:04:50+00:00\" \/>\n<meta property=\"og:image\" content=\"https:\/\/www.ski-mojo.com\/wp-content\/uploads\/2025\/07\/photo-Ski-Mojo-produit-1200x902-1.webp\" \/>\n\t<meta property=\"og:image:width\" content=\"1200\" \/>\n\t<meta property=\"og:image:height\" content=\"902\" \/>\n\t<meta property=\"og:image:type\" content=\"image\/webp\" \/>\n<meta name=\"twitter:card\" content=\"summary_large_image\" \/>\n<meta name=\"twitter:label1\" content=\"Gesch\u00e4tzte Lesezeit\" \/>\n\t<meta name=\"twitter:data1\" content=\"2\u00a0Minute\" \/>\n<script type=\"application\/ld+json\" class=\"yoast-schema-graph\">{\"@context\":\"https:\\\/\\\/schema.org\",\"@graph\":[{\"@type\":\"WebPage\",\"@id\":\"https:\\\/\\\/www.ski-mojo.com\\\/de\\\/produkt\\\/saisonale-uberprufung\\\/\",\"url\":\"https:\\\/\\\/www.ski-mojo.com\\\/de\\\/produkt\\\/saisonale-uberprufung\\\/\",\"name\":\"Ski~Mojo Shop | \u00dcberpr\u00fcfung\",\"isPartOf\":{\"@id\":\"https:\\\/\\\/www.ski-mojo.com\\\/de\\\/#website\"},\"primaryImageOfPage\":{\"@id\":\"https:\\\/\\\/www.ski-mojo.com\\\/de\\\/produkt\\\/saisonale-uberprufung\\\/#primaryimage\"},\"image\":{\"@id\":\"https:\\\/\\\/www.ski-mojo.com\\\/de\\\/produkt\\\/saisonale-uberprufung\\\/#primaryimage\"},\"thumbnailUrl\":\"https:\\\/\\\/www.ski-mojo.com\\\/wp-content\\\/uploads\\\/2025\\\/08\\\/Revision-carre-DE.jpg\",\"datePublished\":\"2025-07-21T13:12:07+00:00\",\"dateModified\":\"2026-03-30T20:04:50+00:00\",\"description\":\"Die \u00dcberpr\u00fcfung Ihres Ski~Mojo wird nach 70 bis 90 Nutzungstagen empfohlen. Achtung: Dieser Service ist nur w\u00e4hrend der Sommersaison au\u00dferhalb der Skisaison verf\u00fcgbar.\",\"breadcrumb\":{\"@id\":\"https:\\\/\\\/www.ski-mojo.com\\\/de\\\/produkt\\\/saisonale-uberprufung\\\/#breadcrumb\"},\"inLanguage\":\"de\",\"potentialAction\":[{\"@type\":\"ReadAction\",\"target\":[\"https:\\\/\\\/www.ski-mojo.com\\\/de\\\/produkt\\\/saisonale-uberprufung\\\/\"]}]},{\"@type\":\"ImageObject\",\"inLanguage\":\"de\",\"@id\":\"https:\\\/\\\/www.ski-mojo.com\\\/de\\\/produkt\\\/saisonale-uberprufung\\\/#primaryimage\",\"url\":\"https:\\\/\\\/www.ski-mojo.com\\\/wp-content\\\/uploads\\\/2025\\\/08\\\/Revision-carre-DE.jpg\",\"contentUrl\":\"https:\\\/\\\/www.ski-mojo.com\\\/wp-content\\\/uploads\\\/2025\\\/08\\\/Revision-carre-DE.jpg\",\"width\":1247,\"height\":1250},{\"@type\":\"BreadcrumbList\",\"@id\":\"https:\\\/\\\/www.ski-mojo.com\\\/de\\\/produkt\\\/saisonale-uberprufung\\\/#breadcrumb\",\"itemListElement\":[{\"@type\":\"ListItem\",\"position\":1,\"name\":\"Home\",\"item\":\"https:\\\/\\\/www.ski-mojo.com\\\/de\\\/\"},{\"@type\":\"ListItem\",\"position\":2,\"name\":\"Produkte\",\"item\":\"https:\\\/\\\/www.ski-mojo.com\\\/de\\\/shop\\\/\"},{\"@type\":\"ListItem\",\"position\":3,\"name\":\"Saisonale \u00dcberpr\u00fcfung\"}]},{\"@type\":\"WebSite\",\"@id\":\"https:\\\/\\\/www.ski-mojo.com\\\/de\\\/#website\",\"url\":\"https:\\\/\\\/www.ski-mojo.com\\\/de\\\/\",\"name\":\"Ski~Mojo\",\"description\":\"\",\"publisher\":{\"@id\":\"https:\\\/\\\/www.ski-mojo.com\\\/de\\\/#organization\"},\"potentialAction\":[{\"@type\":\"SearchAction\",\"target\":{\"@type\":\"EntryPoint\",\"urlTemplate\":\"https:\\\/\\\/www.ski-mojo.com\\\/de\\\/?s={search_term_string}\"},\"query-input\":{\"@type\":\"PropertyValueSpecification\",\"valueRequired\":true,\"valueName\":\"search_term_string\"}}],\"inLanguage\":\"de\"},{\"@type\":\"Organization\",\"@id\":\"https:\\\/\\\/www.ski-mojo.com\\\/de\\\/#organization\",\"name\":\"Ski~Mojo\",\"url\":\"https:\\\/\\\/www.ski-mojo.com\\\/de\\\/\",\"logo\":{\"@type\":\"ImageObject\",\"inLanguage\":\"de\",\"@id\":\"https:\\\/\\\/www.ski-mojo.com\\\/de\\\/#\\\/schema\\\/logo\\\/image\\\/\",\"url\":\"https:\\\/\\\/www.ski-mojo.com\\\/wp-content\\\/uploads\\\/2025\\\/05\\\/ski-mojo-1.png\",\"contentUrl\":\"https:\\\/\\\/www.ski-mojo.com\\\/wp-content\\\/uploads\\\/2025\\\/05\\\/ski-mojo-1.png\",\"width\":379,\"height\":93,\"caption\":\"Ski~Mojo\"},\"image\":{\"@id\":\"https:\\\/\\\/www.ski-mojo.com\\\/de\\\/#\\\/schema\\\/logo\\\/image\\\/\"},\"sameAs\":[\"https:\\\/\\\/www.facebook.com\\\/skimojomania\",\"https:\\\/\\\/www.instagram.com\\\/skimojo_official\\\/\",\"https:\\\/\\\/www.linkedin.com\\\/company\\\/ski-mojo\\\/\",\"https:\\\/\\\/www.youtube.com\\\/SkiMojoFrance\"]}]}<\/script>\n<!-- \/ Yoast SEO plugin. -->","yoast_head_json":{"title":"Ski~Mojo Shop | \u00dcberpr\u00fcfung","description":"Die \u00dcberpr\u00fcfung Ihres Ski~Mojo wird nach 70 bis 90 Nutzungstagen empfohlen. Achtung: Dieser Service ist nur w\u00e4hrend der Sommersaison au\u00dferhalb der Skisaison verf\u00fcgbar.","robots":{"index":"index","follow":"follow","max-snippet":"max-snippet:-1","max-image-preview":"max-image-preview:large","max-video-preview":"max-video-preview:-1"},"canonical":"https:\/\/www.ski-mojo.com\/de\/produkt\/saisonale-uberprufung\/","og_locale":"de_DE","og_type":"article","og_title":"Ski~Mojo Shop | \u00dcberpr\u00fcfung","og_description":"Die \u00dcberpr\u00fcfung Ihres Ski~Mojo wird nach 70 bis 90 Nutzungstagen empfohlen. Achtung: Dieser Service ist nur w\u00e4hrend der Sommersaison au\u00dferhalb der Skisaison verf\u00fcgbar.","og_url":"https:\/\/www.ski-mojo.com\/de\/produkt\/saisonale-uberprufung\/","og_site_name":"Ski-mojo","article_publisher":"https:\/\/www.facebook.com\/skimojomania","article_modified_time":"2026-03-30T20:04:50+00:00","og_image":[{"width":1200,"height":902,"url":"https:\/\/www.ski-mojo.com\/wp-content\/uploads\/2025\/07\/photo-Ski-Mojo-produit-1200x902-1.webp","type":"image\/webp"}],"twitter_card":"summary_large_image","twitter_misc":{"Gesch\u00e4tzte Lesezeit":"2\u00a0Minute"},"schema":{"@context":"https:\/\/schema.org","@graph":[{"@type":"WebPage","@id":"https:\/\/www.ski-mojo.com\/de\/produkt\/saisonale-uberprufung\/","url":"https:\/\/www.ski-mojo.com\/de\/produkt\/saisonale-uberprufung\/","name":"Ski~Mojo Shop | \u00dcberpr\u00fcfung","isPartOf":{"@id":"https:\/\/www.ski-mojo.com\/de\/#website"},"primaryImageOfPage":{"@id":"https:\/\/www.ski-mojo.com\/de\/produkt\/saisonale-uberprufung\/#primaryimage"},"image":{"@id":"https:\/\/www.ski-mojo.com\/de\/produkt\/saisonale-uberprufung\/#primaryimage"},"thumbnailUrl":"https:\/\/www.ski-mojo.com\/wp-content\/uploads\/2025\/08\/Revision-carre-DE.jpg","datePublished":"2025-07-21T13:12:07+00:00","dateModified":"2026-03-30T20:04:50+00:00","description":"Die \u00dcberpr\u00fcfung Ihres Ski~Mojo wird nach 70 bis 90 Nutzungstagen empfohlen. Achtung: Dieser Service ist nur w\u00e4hrend der Sommersaison au\u00dferhalb der Skisaison verf\u00fcgbar.","breadcrumb":{"@id":"https:\/\/www.ski-mojo.com\/de\/produkt\/saisonale-uberprufung\/#breadcrumb"},"inLanguage":"de","potentialAction":[{"@type":"ReadAction","target":["https:\/\/www.ski-mojo.com\/de\/produkt\/saisonale-uberprufung\/"]}]},{"@type":"ImageObject","inLanguage":"de","@id":"https:\/\/www.ski-mojo.com\/de\/produkt\/saisonale-uberprufung\/#primaryimage","url":"https:\/\/www.ski-mojo.com\/wp-content\/uploads\/2025\/08\/Revision-carre-DE.jpg","contentUrl":"https:\/\/www.ski-mojo.com\/wp-content\/uploads\/2025\/08\/Revision-carre-DE.jpg","width":1247,"height":1250},{"@type":"BreadcrumbList","@id":"https:\/\/www.ski-mojo.com\/de\/produkt\/saisonale-uberprufung\/#breadcrumb","itemListElement":[{"@type":"ListItem","position":1,"name":"Home","item":"https:\/\/www.ski-mojo.com\/de\/"},{"@type":"ListItem","position":2,"name":"Produkte","item":"https:\/\/www.ski-mojo.com\/de\/shop\/"},{"@type":"ListItem","position":3,"name":"Saisonale \u00dcberpr\u00fcfung"}]},{"@type":"WebSite","@id":"https:\/\/www.ski-mojo.com\/de\/#website","url":"https:\/\/www.ski-mojo.com\/de\/","name":"Ski~Mojo","description":"","publisher":{"@id":"https:\/\/www.ski-mojo.com\/de\/#organization"},"potentialAction":[{"@type":"SearchAction","target":{"@type":"EntryPoint","urlTemplate":"https:\/\/www.ski-mojo.com\/de\/?s={search_term_string}"},"query-input":{"@type":"PropertyValueSpecification","valueRequired":true,"valueName":"search_term_string"}}],"inLanguage":"de"},{"@type":"Organization","@id":"https:\/\/www.ski-mojo.com\/de\/#organization","name":"Ski~Mojo","url":"https:\/\/www.ski-mojo.com\/de\/","logo":{"@type":"ImageObject","inLanguage":"de","@id":"https:\/\/www.ski-mojo.com\/de\/#\/schema\/logo\/image\/","url":"https:\/\/www.ski-mojo.com\/wp-content\/uploads\/2025\/05\/ski-mojo-1.png","contentUrl":"https:\/\/www.ski-mojo.com\/wp-content\/uploads\/2025\/05\/ski-mojo-1.png","width":379,"height":93,"caption":"Ski~Mojo"},"image":{"@id":"https:\/\/www.ski-mojo.com\/de\/#\/schema\/logo\/image\/"},"sameAs":["https:\/\/www.facebook.com\/skimojomania","https:\/\/www.instagram.com\/skimojo_official\/","https:\/\/www.linkedin.com\/company\/ski-mojo\/","https:\/\/www.youtube.com\/SkiMojoFrance"]}]}},"_links":{"self":[{"href":"https:\/\/www.ski-mojo.com\/de\/wp-json\/wp\/v2\/product\/52820825","targetHints":{"allow":["GET"]}}],"collection":[{"href":"https:\/\/www.ski-mojo.com\/de\/wp-json\/wp\/v2\/product"}],"about":[{"href":"https:\/\/www.ski-mojo.com\/de\/wp-json\/wp\/v2\/types\/product"}],"replies":[{"embeddable":true,"href":"https:\/\/www.ski-mojo.com\/de\/wp-json\/wp\/v2\/comments?post=52820825"}],"wp:featuredmedia":[{"embeddable":true,"href":"https:\/\/www.ski-mojo.com\/de\/wp-json\/wp\/v2\/media\/52839134"}],"wp:attachment":[{"href":"https:\/\/www.ski-mojo.com\/de\/wp-json\/wp\/v2\/media?parent=52820825"}],"wp:term":[{"taxonomy":"product_brand","embeddable":true,"href":"https:\/\/www.ski-mojo.com\/de\/wp-json\/wp\/v2\/product_brand?post=52820825"},{"taxonomy":"product_cat","embeddable":true,"href":"https:\/\/www.ski-mojo.com\/de\/wp-json\/wp\/v2\/product_cat?post=52820825"},{"taxonomy":"product_tag","embeddable":true,"href":"https:\/\/www.ski-mojo.com\/de\/wp-json\/wp\/v2\/product_tag?post=52820825"}],"curies":[{"name":"wp","href":"https:\/\/api.w.org\/{rel}","templated":true}]}}