{"id":52820812,"date":"2025-07-21T13:12:07","date_gmt":"2025-07-21T11:12:07","guid":{"rendered":"https:\/\/www.ski-mojo.com\/?post_type=product&#038;p=52820812"},"modified":"2026-03-19T09:33:41","modified_gmt":"2026-03-19T08:33:41","slug":"beinreparatur-austausch-mit-einem-neu-verpackten-bein","status":"publish","type":"product","link":"https:\/\/www.ski-mojo.com\/de\/produkt\/beinreparatur-austausch-mit-einem-neu-verpackten-bein\/","title":{"rendered":"Beinreparatur: Austausch mit einem neu verpackten Bein"},"content":{"rendered":"","protected":false},"excerpt":{"rendered":"<p>Um w\u00e4hrend der Wintersaison einen schnellen Reparaturservice anzubieten, bieten wir an, Ihr gebrochenes Ski~Mojo-Bein (Plastik, Kabel usw.) gegen ein Bein auszutauschen, das w\u00e4hrend der letzten Sommersaison \u00fcberholt wurde (und mit einem neuen Kabel ausgestattet wurde). Dieses neue Bein wird vor dem Versand an Ihre Adresse vollst\u00e4ndig \u00fcberpr\u00fcft.<\/p>\n<ul>\n<li>Sie senden uns Ihr gebrochenes Bein per Post zur\u00fcck (nur das Bein: kein Neopren, keine oberen oder unteren Stangen, keine Stangenklemmen, nur das Bein wie auf dem Foto gezeigt)<\/li>\n<li>Wir senden Ihnen parallel dazu ein \u00fcberholtes Bein zur\u00fcck<\/li>\n<li>Geben Sie unbedingt vor dem Hinzuf\u00fcgen zum Warenkorb an, ob es sich um ein <strong>GOLD-Bein<\/strong> (schwarze Aktivierungskn\u00f6pfe) oder ein <strong>SILVER-Bein<\/strong> (grauer Aktivierungsknopf) handelt.<\/li>\n<\/ul>\n<p>Die Versandkosten werden am Ende der Bestellung basierend auf dem gesamten Inhalt Ihrer Bestellung und Ihrer Liefermethode hinzugef\u00fcgt. Alle R\u00fccksendeinformationen zu Ihrem aktuellen Bein werden auf der Rechnung angegeben, die Sie einige Stunden nach Ihrer Bestellung erhalten. Wir z\u00e4hlen darauf, dass Sie uns Ihr gebrochenes Bein zur\u00fccksenden.<\/p>\n","protected":false},"featured_media":52808541,"comment_status":"open","ping_status":"closed","template":"","meta":{"_acf_changed":false},"product_brand":[],"product_cat":[766],"product_tag":[],"class_list":{"0":"post-52820812","1":"product","2":"type-product","3":"status-publish","4":"has-post-thumbnail","6":"product_cat-dienste","7":"product_shipping_class-leger-de","9":"first","10":"instock","11":"taxable","12":"shipping-taxable","13":"purchasable","14":"product-type-variable"},"acf":[],"yoast_head":"<!-- This site is optimized with the Yoast SEO plugin v27.4 - https:\/\/yoast.com\/product\/yoast-seo-wordpress\/ -->\n<title>Ski~Mojo Shop | Beinreparatur<\/title>\n<meta name=\"description\" content=\"Damit Ihr Ski~Mojo schnell wieder einsatzbereit ist, tauschen wir Ihr gebrochenes Ski~Mojo-Bein gegen ein \u00fcberholtes und vollst\u00e4ndig gepr\u00fcftes Bein aus.\" \/>\n<meta name=\"robots\" content=\"index, follow, max-snippet:-1, max-image-preview:large, max-video-preview:-1\" \/>\n<link rel=\"canonical\" href=\"https:\/\/www.ski-mojo.com\/de\/produkt\/beinreparatur-austausch-mit-einem-neu-verpackten-bein\/\" \/>\n<meta property=\"og:locale\" content=\"de_DE\" \/>\n<meta property=\"og:type\" content=\"article\" \/>\n<meta property=\"og:title\" content=\"Ski~Mojo Shop | Beinreparatur\" \/>\n<meta property=\"og:description\" content=\"Damit Ihr Ski~Mojo schnell wieder einsatzbereit ist, tauschen wir Ihr gebrochenes Ski~Mojo-Bein gegen ein \u00fcberholtes und vollst\u00e4ndig gepr\u00fcftes Bein aus.\" \/>\n<meta property=\"og:url\" content=\"https:\/\/www.ski-mojo.com\/de\/produkt\/beinreparatur-austausch-mit-einem-neu-verpackten-bein\/\" \/>\n<meta property=\"og:site_name\" content=\"Ski-mojo\" \/>\n<meta property=\"article:publisher\" content=\"https:\/\/www.facebook.com\/skimojomania\" \/>\n<meta property=\"article:modified_time\" content=\"2026-03-19T08:33:41+00:00\" \/>\n<meta property=\"og:image\" content=\"https:\/\/www.ski-mojo.com\/wp-content\/uploads\/2025\/07\/photo-Ski-Mojo-produit-1200x902-1.webp\" \/>\n\t<meta property=\"og:image:width\" content=\"1200\" \/>\n\t<meta property=\"og:image:height\" content=\"902\" \/>\n\t<meta property=\"og:image:type\" content=\"image\/webp\" \/>\n<meta name=\"twitter:card\" content=\"summary_large_image\" \/>\n<script type=\"application\/ld+json\" class=\"yoast-schema-graph\">{\"@context\":\"https:\\\/\\\/schema.org\",\"@graph\":[{\"@type\":\"WebPage\",\"@id\":\"https:\\\/\\\/www.ski-mojo.com\\\/de\\\/produkt\\\/beinreparatur-austausch-mit-einem-neu-verpackten-bein\\\/\",\"url\":\"https:\\\/\\\/www.ski-mojo.com\\\/de\\\/produkt\\\/beinreparatur-austausch-mit-einem-neu-verpackten-bein\\\/\",\"name\":\"Ski~Mojo Shop | Beinreparatur\",\"isPartOf\":{\"@id\":\"https:\\\/\\\/www.ski-mojo.com\\\/de\\\/#website\"},\"primaryImageOfPage\":{\"@id\":\"https:\\\/\\\/www.ski-mojo.com\\\/de\\\/produkt\\\/beinreparatur-austausch-mit-einem-neu-verpackten-bein\\\/#primaryimage\"},\"image\":{\"@id\":\"https:\\\/\\\/www.ski-mojo.com\\\/de\\\/produkt\\\/beinreparatur-austausch-mit-einem-neu-verpackten-bein\\\/#primaryimage\"},\"thumbnailUrl\":\"https:\\\/\\\/www.ski-mojo.com\\\/wp-content\\\/uploads\\\/2025\\\/06\\\/Reparation-jambe-2.jpg\",\"datePublished\":\"2025-07-21T11:12:07+00:00\",\"dateModified\":\"2026-03-19T08:33:41+00:00\",\"description\":\"Damit Ihr Ski~Mojo schnell wieder einsatzbereit ist, tauschen wir Ihr gebrochenes Ski~Mojo-Bein gegen ein \u00fcberholtes und vollst\u00e4ndig gepr\u00fcftes Bein aus.\",\"breadcrumb\":{\"@id\":\"https:\\\/\\\/www.ski-mojo.com\\\/de\\\/produkt\\\/beinreparatur-austausch-mit-einem-neu-verpackten-bein\\\/#breadcrumb\"},\"inLanguage\":\"de\",\"potentialAction\":[{\"@type\":\"ReadAction\",\"target\":[\"https:\\\/\\\/www.ski-mojo.com\\\/de\\\/produkt\\\/beinreparatur-austausch-mit-einem-neu-verpackten-bein\\\/\"]}]},{\"@type\":\"ImageObject\",\"inLanguage\":\"de\",\"@id\":\"https:\\\/\\\/www.ski-mojo.com\\\/de\\\/produkt\\\/beinreparatur-austausch-mit-einem-neu-verpackten-bein\\\/#primaryimage\",\"url\":\"https:\\\/\\\/www.ski-mojo.com\\\/wp-content\\\/uploads\\\/2025\\\/06\\\/Reparation-jambe-2.jpg\",\"contentUrl\":\"https:\\\/\\\/www.ski-mojo.com\\\/wp-content\\\/uploads\\\/2025\\\/06\\\/Reparation-jambe-2.jpg\",\"width\":1165,\"height\":1167},{\"@type\":\"BreadcrumbList\",\"@id\":\"https:\\\/\\\/www.ski-mojo.com\\\/de\\\/produkt\\\/beinreparatur-austausch-mit-einem-neu-verpackten-bein\\\/#breadcrumb\",\"itemListElement\":[{\"@type\":\"ListItem\",\"position\":1,\"name\":\"Home\",\"item\":\"https:\\\/\\\/www.ski-mojo.com\\\/de\\\/\"},{\"@type\":\"ListItem\",\"position\":2,\"name\":\"Produkte\",\"item\":\"https:\\\/\\\/www.ski-mojo.com\\\/de\\\/shop\\\/\"},{\"@type\":\"ListItem\",\"position\":3,\"name\":\"Beinreparatur: Austausch mit einem neu verpackten Bein\"}]},{\"@type\":\"WebSite\",\"@id\":\"https:\\\/\\\/www.ski-mojo.com\\\/de\\\/#website\",\"url\":\"https:\\\/\\\/www.ski-mojo.com\\\/de\\\/\",\"name\":\"Ski~Mojo\",\"description\":\"\",\"publisher\":{\"@id\":\"https:\\\/\\\/www.ski-mojo.com\\\/de\\\/#organization\"},\"potentialAction\":[{\"@type\":\"SearchAction\",\"target\":{\"@type\":\"EntryPoint\",\"urlTemplate\":\"https:\\\/\\\/www.ski-mojo.com\\\/de\\\/?s={search_term_string}\"},\"query-input\":{\"@type\":\"PropertyValueSpecification\",\"valueRequired\":true,\"valueName\":\"search_term_string\"}}],\"inLanguage\":\"de\"},{\"@type\":\"Organization\",\"@id\":\"https:\\\/\\\/www.ski-mojo.com\\\/de\\\/#organization\",\"name\":\"Ski~Mojo\",\"url\":\"https:\\\/\\\/www.ski-mojo.com\\\/de\\\/\",\"logo\":{\"@type\":\"ImageObject\",\"inLanguage\":\"de\",\"@id\":\"https:\\\/\\\/www.ski-mojo.com\\\/de\\\/#\\\/schema\\\/logo\\\/image\\\/\",\"url\":\"https:\\\/\\\/www.ski-mojo.com\\\/wp-content\\\/uploads\\\/2025\\\/05\\\/ski-mojo-1.png\",\"contentUrl\":\"https:\\\/\\\/www.ski-mojo.com\\\/wp-content\\\/uploads\\\/2025\\\/05\\\/ski-mojo-1.png\",\"width\":379,\"height\":93,\"caption\":\"Ski~Mojo\"},\"image\":{\"@id\":\"https:\\\/\\\/www.ski-mojo.com\\\/de\\\/#\\\/schema\\\/logo\\\/image\\\/\"},\"sameAs\":[\"https:\\\/\\\/www.facebook.com\\\/skimojomania\",\"https:\\\/\\\/www.instagram.com\\\/skimojo_official\\\/\",\"https:\\\/\\\/www.linkedin.com\\\/company\\\/ski-mojo\\\/\",\"https:\\\/\\\/www.youtube.com\\\/SkiMojoFrance\"]}]}<\/script>\n<!-- \/ Yoast SEO plugin. -->","yoast_head_json":{"title":"Ski~Mojo Shop | Beinreparatur","description":"Damit Ihr Ski~Mojo schnell wieder einsatzbereit ist, tauschen wir Ihr gebrochenes Ski~Mojo-Bein gegen ein \u00fcberholtes und vollst\u00e4ndig gepr\u00fcftes Bein aus.","robots":{"index":"index","follow":"follow","max-snippet":"max-snippet:-1","max-image-preview":"max-image-preview:large","max-video-preview":"max-video-preview:-1"},"canonical":"https:\/\/www.ski-mojo.com\/de\/produkt\/beinreparatur-austausch-mit-einem-neu-verpackten-bein\/","og_locale":"de_DE","og_type":"article","og_title":"Ski~Mojo Shop | Beinreparatur","og_description":"Damit Ihr Ski~Mojo schnell wieder einsatzbereit ist, tauschen wir Ihr gebrochenes Ski~Mojo-Bein gegen ein \u00fcberholtes und vollst\u00e4ndig gepr\u00fcftes Bein aus.","og_url":"https:\/\/www.ski-mojo.com\/de\/produkt\/beinreparatur-austausch-mit-einem-neu-verpackten-bein\/","og_site_name":"Ski-mojo","article_publisher":"https:\/\/www.facebook.com\/skimojomania","article_modified_time":"2026-03-19T08:33:41+00:00","og_image":[{"width":1200,"height":902,"url":"https:\/\/www.ski-mojo.com\/wp-content\/uploads\/2025\/07\/photo-Ski-Mojo-produit-1200x902-1.webp","type":"image\/webp"}],"twitter_card":"summary_large_image","schema":{"@context":"https:\/\/schema.org","@graph":[{"@type":"WebPage","@id":"https:\/\/www.ski-mojo.com\/de\/produkt\/beinreparatur-austausch-mit-einem-neu-verpackten-bein\/","url":"https:\/\/www.ski-mojo.com\/de\/produkt\/beinreparatur-austausch-mit-einem-neu-verpackten-bein\/","name":"Ski~Mojo Shop | Beinreparatur","isPartOf":{"@id":"https:\/\/www.ski-mojo.com\/de\/#website"},"primaryImageOfPage":{"@id":"https:\/\/www.ski-mojo.com\/de\/produkt\/beinreparatur-austausch-mit-einem-neu-verpackten-bein\/#primaryimage"},"image":{"@id":"https:\/\/www.ski-mojo.com\/de\/produkt\/beinreparatur-austausch-mit-einem-neu-verpackten-bein\/#primaryimage"},"thumbnailUrl":"https:\/\/www.ski-mojo.com\/wp-content\/uploads\/2025\/06\/Reparation-jambe-2.jpg","datePublished":"2025-07-21T11:12:07+00:00","dateModified":"2026-03-19T08:33:41+00:00","description":"Damit Ihr Ski~Mojo schnell wieder einsatzbereit ist, tauschen wir Ihr gebrochenes Ski~Mojo-Bein gegen ein \u00fcberholtes und vollst\u00e4ndig gepr\u00fcftes Bein aus.","breadcrumb":{"@id":"https:\/\/www.ski-mojo.com\/de\/produkt\/beinreparatur-austausch-mit-einem-neu-verpackten-bein\/#breadcrumb"},"inLanguage":"de","potentialAction":[{"@type":"ReadAction","target":["https:\/\/www.ski-mojo.com\/de\/produkt\/beinreparatur-austausch-mit-einem-neu-verpackten-bein\/"]}]},{"@type":"ImageObject","inLanguage":"de","@id":"https:\/\/www.ski-mojo.com\/de\/produkt\/beinreparatur-austausch-mit-einem-neu-verpackten-bein\/#primaryimage","url":"https:\/\/www.ski-mojo.com\/wp-content\/uploads\/2025\/06\/Reparation-jambe-2.jpg","contentUrl":"https:\/\/www.ski-mojo.com\/wp-content\/uploads\/2025\/06\/Reparation-jambe-2.jpg","width":1165,"height":1167},{"@type":"BreadcrumbList","@id":"https:\/\/www.ski-mojo.com\/de\/produkt\/beinreparatur-austausch-mit-einem-neu-verpackten-bein\/#breadcrumb","itemListElement":[{"@type":"ListItem","position":1,"name":"Home","item":"https:\/\/www.ski-mojo.com\/de\/"},{"@type":"ListItem","position":2,"name":"Produkte","item":"https:\/\/www.ski-mojo.com\/de\/shop\/"},{"@type":"ListItem","position":3,"name":"Beinreparatur: Austausch mit einem neu verpackten Bein"}]},{"@type":"WebSite","@id":"https:\/\/www.ski-mojo.com\/de\/#website","url":"https:\/\/www.ski-mojo.com\/de\/","name":"Ski~Mojo","description":"","publisher":{"@id":"https:\/\/www.ski-mojo.com\/de\/#organization"},"potentialAction":[{"@type":"SearchAction","target":{"@type":"EntryPoint","urlTemplate":"https:\/\/www.ski-mojo.com\/de\/?s={search_term_string}"},"query-input":{"@type":"PropertyValueSpecification","valueRequired":true,"valueName":"search_term_string"}}],"inLanguage":"de"},{"@type":"Organization","@id":"https:\/\/www.ski-mojo.com\/de\/#organization","name":"Ski~Mojo","url":"https:\/\/www.ski-mojo.com\/de\/","logo":{"@type":"ImageObject","inLanguage":"de","@id":"https:\/\/www.ski-mojo.com\/de\/#\/schema\/logo\/image\/","url":"https:\/\/www.ski-mojo.com\/wp-content\/uploads\/2025\/05\/ski-mojo-1.png","contentUrl":"https:\/\/www.ski-mojo.com\/wp-content\/uploads\/2025\/05\/ski-mojo-1.png","width":379,"height":93,"caption":"Ski~Mojo"},"image":{"@id":"https:\/\/www.ski-mojo.com\/de\/#\/schema\/logo\/image\/"},"sameAs":["https:\/\/www.facebook.com\/skimojomania","https:\/\/www.instagram.com\/skimojo_official\/","https:\/\/www.linkedin.com\/company\/ski-mojo\/","https:\/\/www.youtube.com\/SkiMojoFrance"]}]}},"_links":{"self":[{"href":"https:\/\/www.ski-mojo.com\/de\/wp-json\/wp\/v2\/product\/52820812","targetHints":{"allow":["GET"]}}],"collection":[{"href":"https:\/\/www.ski-mojo.com\/de\/wp-json\/wp\/v2\/product"}],"about":[{"href":"https:\/\/www.ski-mojo.com\/de\/wp-json\/wp\/v2\/types\/product"}],"replies":[{"embeddable":true,"href":"https:\/\/www.ski-mojo.com\/de\/wp-json\/wp\/v2\/comments?post=52820812"}],"wp:featuredmedia":[{"embeddable":true,"href":"https:\/\/www.ski-mojo.com\/de\/wp-json\/wp\/v2\/media\/52808541"}],"wp:attachment":[{"href":"https:\/\/www.ski-mojo.com\/de\/wp-json\/wp\/v2\/media?parent=52820812"}],"wp:term":[{"taxonomy":"product_brand","embeddable":true,"href":"https:\/\/www.ski-mojo.com\/de\/wp-json\/wp\/v2\/product_brand?post=52820812"},{"taxonomy":"product_cat","embeddable":true,"href":"https:\/\/www.ski-mojo.com\/de\/wp-json\/wp\/v2\/product_cat?post=52820812"},{"taxonomy":"product_tag","embeddable":true,"href":"https:\/\/www.ski-mojo.com\/de\/wp-json\/wp\/v2\/product_tag?post=52820812"}],"curies":[{"name":"wp","href":"https:\/\/api.w.org\/{rel}","templated":true}]}}