{"id":52820802,"date":"2025-07-21T13:11:56","date_gmt":"2025-07-21T13:11:56","guid":{"rendered":"https:\/\/www.ski-mojo.com\/?post_type=product&#038;p=52820802"},"modified":"2026-02-24T17:38:03","modified_gmt":"2026-02-24T16:38:03","slug":"pro-pack-skimojo","status":"publish","type":"product","link":"https:\/\/www.ski-mojo.com\/de\/produkt\/pro-pack-skimojo\/","title":{"rendered":"Pro-Pack Ski~Mojo"},"content":{"rendered":"<p>Reisen Sie manchmal weit weg von einem Gesch\u00e4ft oder Servicecenter (Heliskiing, Auslandsreisen usw.)? Im Falle eines Problems oder Bruchs mit Ihrem Ski~Mojo k\u00f6nnten Sie es m\u00f6glicherweise nicht mehr verwenden, bis es repariert ist, wenn Sie zur\u00fcckkehren.<\/p>\n<p>Das Pro-Pack enth\u00e4lt ein Set von Teilen, das es Ihnen erm\u00f6glicht, die meisten mechanischen Probleme selbst (einfach und schnell) zu beheben, egal wo Sie sich befinden. Dieses Paket beinhaltet:<\/p>\n<ul>\n<li>Ein Ersatzbein f\u00fcr Ski~Mojo (Gold, Silver oder Blue, je nach Bestellung). Es kann das rechte oder linke Bein Ihres Ski~Mojo ersetzen<\/li>\n<li>2 untere Teleskopstangen<\/li>\n<li>2 Klemmen f\u00fcr Teleskopstangen<\/li>\n<li>2 dauerhafte Anschl\u00fcsse<\/li>\n<\/ul>\n","protected":false},"excerpt":{"rendered":"<div id=\"c1-content\">\n<section id=\"main\" class=\"no-column\">\n<article>\n<div class=\"tabs tabs-3\">\n<p>Das Pro-Pack ist ein Set g\u00e4ngiger Ersatzteile, das Sie mitnehmen k\u00f6nnen, um Ihr Ski~Mojo selbstst\u00e4ndig zu reparieren, falls Sie sich w\u00e4hrend Ihres Aufenthalts in den Bergen weit von einem Servicecenter entfernt befinden.<\/p>\n<p>Sie m\u00fcssen bereits ein Ski~Mojo besitzen. Geben Sie bei den Bestelloptionen an, um welchen Typ es sich handelt: GOLD (schwarze Kn\u00f6pfe), SILVER (graue Kn\u00f6pfe) oder BLUE (blaue Kn\u00f6pfe).<\/p>\n<\/div>\n<div><\/div>\n<\/article>\n<\/section>\n<\/div>\n","protected":false},"featured_media":52808497,"comment_status":"open","ping_status":"closed","template":"","meta":{"_acf_changed":false},"product_brand":[],"product_cat":[764],"product_tag":[],"class_list":{"0":"post-52820802","1":"product","2":"type-product","3":"status-publish","4":"has-post-thumbnail","6":"product_cat-zubehor","7":"product_shipping_class-leger-de","9":"first","10":"instock","11":"taxable","12":"shipping-taxable","13":"purchasable","14":"product-type-variable"},"acf":[],"yoast_head":"<!-- This site is optimized with the Yoast SEO plugin v27.4 - https:\/\/yoast.com\/product\/yoast-seo-wordpress\/ -->\n<title>Ski~Mojo Shop | Pro-Pack<\/title>\n<meta name=\"description\" content=\"Das Pro-Pack ist ein Ersatzteilkit, mit dem Sie Ihr Ski~Mojo im Falle eines Problems selbstst\u00e4ndig reparieren k\u00f6nnen, wenn Sie sich weit von einem Servicezentrum befinden.\" \/>\n<meta name=\"robots\" content=\"index, follow, max-snippet:-1, max-image-preview:large, max-video-preview:-1\" \/>\n<link rel=\"canonical\" href=\"https:\/\/www.ski-mojo.com\/de\/produkt\/pro-pack-skimojo\/\" \/>\n<meta property=\"og:locale\" content=\"de_DE\" \/>\n<meta property=\"og:type\" content=\"article\" \/>\n<meta property=\"og:title\" content=\"Ski~Mojo Shop | Pro-Pack\" \/>\n<meta property=\"og:description\" content=\"Das Pro-Pack ist ein Ersatzteilkit, mit dem Sie Ihr Ski~Mojo im Falle eines Problems selbstst\u00e4ndig reparieren k\u00f6nnen, wenn Sie sich weit von einem Servicezentrum befinden.\" \/>\n<meta property=\"og:url\" content=\"https:\/\/www.ski-mojo.com\/de\/produkt\/pro-pack-skimojo\/\" \/>\n<meta property=\"og:site_name\" content=\"Ski-mojo\" \/>\n<meta property=\"article:publisher\" content=\"https:\/\/www.facebook.com\/skimojomania\" \/>\n<meta property=\"article:modified_time\" content=\"2026-02-24T16:38:03+00:00\" \/>\n<meta property=\"og:image\" content=\"https:\/\/www.ski-mojo.com\/wp-content\/uploads\/2025\/07\/photo-Ski-Mojo-produit-1200x902-1.webp\" \/>\n\t<meta property=\"og:image:width\" content=\"1200\" \/>\n\t<meta property=\"og:image:height\" content=\"902\" \/>\n\t<meta property=\"og:image:type\" content=\"image\/webp\" \/>\n<meta name=\"twitter:card\" content=\"summary_large_image\" \/>\n<meta name=\"twitter:label1\" content=\"Gesch\u00e4tzte Lesezeit\" \/>\n\t<meta name=\"twitter:data1\" content=\"1\u00a0Minute\" \/>\n<script type=\"application\/ld+json\" class=\"yoast-schema-graph\">{\"@context\":\"https:\\\/\\\/schema.org\",\"@graph\":[{\"@type\":\"WebPage\",\"@id\":\"https:\\\/\\\/www.ski-mojo.com\\\/de\\\/produkt\\\/pro-pack-skimojo\\\/\",\"url\":\"https:\\\/\\\/www.ski-mojo.com\\\/de\\\/produkt\\\/pro-pack-skimojo\\\/\",\"name\":\"Ski~Mojo Shop | Pro-Pack\",\"isPartOf\":{\"@id\":\"https:\\\/\\\/www.ski-mojo.com\\\/de\\\/#website\"},\"primaryImageOfPage\":{\"@id\":\"https:\\\/\\\/www.ski-mojo.com\\\/de\\\/produkt\\\/pro-pack-skimojo\\\/#primaryimage\"},\"image\":{\"@id\":\"https:\\\/\\\/www.ski-mojo.com\\\/de\\\/produkt\\\/pro-pack-skimojo\\\/#primaryimage\"},\"thumbnailUrl\":\"https:\\\/\\\/www.ski-mojo.com\\\/wp-content\\\/uploads\\\/2025\\\/06\\\/48-cs400-propack.png\",\"datePublished\":\"2025-07-21T13:11:56+00:00\",\"dateModified\":\"2026-02-24T16:38:03+00:00\",\"description\":\"Das Pro-Pack ist ein Ersatzteilkit, mit dem Sie Ihr Ski~Mojo im Falle eines Problems selbstst\u00e4ndig reparieren k\u00f6nnen, wenn Sie sich weit von einem Servicezentrum befinden.\",\"breadcrumb\":{\"@id\":\"https:\\\/\\\/www.ski-mojo.com\\\/de\\\/produkt\\\/pro-pack-skimojo\\\/#breadcrumb\"},\"inLanguage\":\"de\",\"potentialAction\":[{\"@type\":\"ReadAction\",\"target\":[\"https:\\\/\\\/www.ski-mojo.com\\\/de\\\/produkt\\\/pro-pack-skimojo\\\/\"]}]},{\"@type\":\"ImageObject\",\"inLanguage\":\"de\",\"@id\":\"https:\\\/\\\/www.ski-mojo.com\\\/de\\\/produkt\\\/pro-pack-skimojo\\\/#primaryimage\",\"url\":\"https:\\\/\\\/www.ski-mojo.com\\\/wp-content\\\/uploads\\\/2025\\\/06\\\/48-cs400-propack.png\",\"contentUrl\":\"https:\\\/\\\/www.ski-mojo.com\\\/wp-content\\\/uploads\\\/2025\\\/06\\\/48-cs400-propack.png\",\"width\":400,\"height\":400},{\"@type\":\"BreadcrumbList\",\"@id\":\"https:\\\/\\\/www.ski-mojo.com\\\/de\\\/produkt\\\/pro-pack-skimojo\\\/#breadcrumb\",\"itemListElement\":[{\"@type\":\"ListItem\",\"position\":1,\"name\":\"Home\",\"item\":\"https:\\\/\\\/www.ski-mojo.com\\\/de\\\/\"},{\"@type\":\"ListItem\",\"position\":2,\"name\":\"Produkte\",\"item\":\"https:\\\/\\\/www.ski-mojo.com\\\/de\\\/shop\\\/\"},{\"@type\":\"ListItem\",\"position\":3,\"name\":\"Pro-Pack Ski~Mojo\"}]},{\"@type\":\"WebSite\",\"@id\":\"https:\\\/\\\/www.ski-mojo.com\\\/de\\\/#website\",\"url\":\"https:\\\/\\\/www.ski-mojo.com\\\/de\\\/\",\"name\":\"Ski~Mojo\",\"description\":\"\",\"publisher\":{\"@id\":\"https:\\\/\\\/www.ski-mojo.com\\\/de\\\/#organization\"},\"potentialAction\":[{\"@type\":\"SearchAction\",\"target\":{\"@type\":\"EntryPoint\",\"urlTemplate\":\"https:\\\/\\\/www.ski-mojo.com\\\/de\\\/?s={search_term_string}\"},\"query-input\":{\"@type\":\"PropertyValueSpecification\",\"valueRequired\":true,\"valueName\":\"search_term_string\"}}],\"inLanguage\":\"de\"},{\"@type\":\"Organization\",\"@id\":\"https:\\\/\\\/www.ski-mojo.com\\\/de\\\/#organization\",\"name\":\"Ski~Mojo\",\"url\":\"https:\\\/\\\/www.ski-mojo.com\\\/de\\\/\",\"logo\":{\"@type\":\"ImageObject\",\"inLanguage\":\"de\",\"@id\":\"https:\\\/\\\/www.ski-mojo.com\\\/de\\\/#\\\/schema\\\/logo\\\/image\\\/\",\"url\":\"https:\\\/\\\/www.ski-mojo.com\\\/wp-content\\\/uploads\\\/2025\\\/05\\\/ski-mojo-1.png\",\"contentUrl\":\"https:\\\/\\\/www.ski-mojo.com\\\/wp-content\\\/uploads\\\/2025\\\/05\\\/ski-mojo-1.png\",\"width\":379,\"height\":93,\"caption\":\"Ski~Mojo\"},\"image\":{\"@id\":\"https:\\\/\\\/www.ski-mojo.com\\\/de\\\/#\\\/schema\\\/logo\\\/image\\\/\"},\"sameAs\":[\"https:\\\/\\\/www.facebook.com\\\/skimojomania\",\"https:\\\/\\\/www.instagram.com\\\/skimojo_official\\\/\",\"https:\\\/\\\/www.linkedin.com\\\/company\\\/ski-mojo\\\/\",\"https:\\\/\\\/www.youtube.com\\\/SkiMojoFrance\"]}]}<\/script>\n<!-- \/ Yoast SEO plugin. -->","yoast_head_json":{"title":"Ski~Mojo Shop | Pro-Pack","description":"Das Pro-Pack ist ein Ersatzteilkit, mit dem Sie Ihr Ski~Mojo im Falle eines Problems selbstst\u00e4ndig reparieren k\u00f6nnen, wenn Sie sich weit von einem Servicezentrum befinden.","robots":{"index":"index","follow":"follow","max-snippet":"max-snippet:-1","max-image-preview":"max-image-preview:large","max-video-preview":"max-video-preview:-1"},"canonical":"https:\/\/www.ski-mojo.com\/de\/produkt\/pro-pack-skimojo\/","og_locale":"de_DE","og_type":"article","og_title":"Ski~Mojo Shop | Pro-Pack","og_description":"Das Pro-Pack ist ein Ersatzteilkit, mit dem Sie Ihr Ski~Mojo im Falle eines Problems selbstst\u00e4ndig reparieren k\u00f6nnen, wenn Sie sich weit von einem Servicezentrum befinden.","og_url":"https:\/\/www.ski-mojo.com\/de\/produkt\/pro-pack-skimojo\/","og_site_name":"Ski-mojo","article_publisher":"https:\/\/www.facebook.com\/skimojomania","article_modified_time":"2026-02-24T16:38:03+00:00","og_image":[{"width":1200,"height":902,"url":"https:\/\/www.ski-mojo.com\/wp-content\/uploads\/2025\/07\/photo-Ski-Mojo-produit-1200x902-1.webp","type":"image\/webp"}],"twitter_card":"summary_large_image","twitter_misc":{"Gesch\u00e4tzte Lesezeit":"1\u00a0Minute"},"schema":{"@context":"https:\/\/schema.org","@graph":[{"@type":"WebPage","@id":"https:\/\/www.ski-mojo.com\/de\/produkt\/pro-pack-skimojo\/","url":"https:\/\/www.ski-mojo.com\/de\/produkt\/pro-pack-skimojo\/","name":"Ski~Mojo Shop | Pro-Pack","isPartOf":{"@id":"https:\/\/www.ski-mojo.com\/de\/#website"},"primaryImageOfPage":{"@id":"https:\/\/www.ski-mojo.com\/de\/produkt\/pro-pack-skimojo\/#primaryimage"},"image":{"@id":"https:\/\/www.ski-mojo.com\/de\/produkt\/pro-pack-skimojo\/#primaryimage"},"thumbnailUrl":"https:\/\/www.ski-mojo.com\/wp-content\/uploads\/2025\/06\/48-cs400-propack.png","datePublished":"2025-07-21T13:11:56+00:00","dateModified":"2026-02-24T16:38:03+00:00","description":"Das Pro-Pack ist ein Ersatzteilkit, mit dem Sie Ihr Ski~Mojo im Falle eines Problems selbstst\u00e4ndig reparieren k\u00f6nnen, wenn Sie sich weit von einem Servicezentrum befinden.","breadcrumb":{"@id":"https:\/\/www.ski-mojo.com\/de\/produkt\/pro-pack-skimojo\/#breadcrumb"},"inLanguage":"de","potentialAction":[{"@type":"ReadAction","target":["https:\/\/www.ski-mojo.com\/de\/produkt\/pro-pack-skimojo\/"]}]},{"@type":"ImageObject","inLanguage":"de","@id":"https:\/\/www.ski-mojo.com\/de\/produkt\/pro-pack-skimojo\/#primaryimage","url":"https:\/\/www.ski-mojo.com\/wp-content\/uploads\/2025\/06\/48-cs400-propack.png","contentUrl":"https:\/\/www.ski-mojo.com\/wp-content\/uploads\/2025\/06\/48-cs400-propack.png","width":400,"height":400},{"@type":"BreadcrumbList","@id":"https:\/\/www.ski-mojo.com\/de\/produkt\/pro-pack-skimojo\/#breadcrumb","itemListElement":[{"@type":"ListItem","position":1,"name":"Home","item":"https:\/\/www.ski-mojo.com\/de\/"},{"@type":"ListItem","position":2,"name":"Produkte","item":"https:\/\/www.ski-mojo.com\/de\/shop\/"},{"@type":"ListItem","position":3,"name":"Pro-Pack Ski~Mojo"}]},{"@type":"WebSite","@id":"https:\/\/www.ski-mojo.com\/de\/#website","url":"https:\/\/www.ski-mojo.com\/de\/","name":"Ski~Mojo","description":"","publisher":{"@id":"https:\/\/www.ski-mojo.com\/de\/#organization"},"potentialAction":[{"@type":"SearchAction","target":{"@type":"EntryPoint","urlTemplate":"https:\/\/www.ski-mojo.com\/de\/?s={search_term_string}"},"query-input":{"@type":"PropertyValueSpecification","valueRequired":true,"valueName":"search_term_string"}}],"inLanguage":"de"},{"@type":"Organization","@id":"https:\/\/www.ski-mojo.com\/de\/#organization","name":"Ski~Mojo","url":"https:\/\/www.ski-mojo.com\/de\/","logo":{"@type":"ImageObject","inLanguage":"de","@id":"https:\/\/www.ski-mojo.com\/de\/#\/schema\/logo\/image\/","url":"https:\/\/www.ski-mojo.com\/wp-content\/uploads\/2025\/05\/ski-mojo-1.png","contentUrl":"https:\/\/www.ski-mojo.com\/wp-content\/uploads\/2025\/05\/ski-mojo-1.png","width":379,"height":93,"caption":"Ski~Mojo"},"image":{"@id":"https:\/\/www.ski-mojo.com\/de\/#\/schema\/logo\/image\/"},"sameAs":["https:\/\/www.facebook.com\/skimojomania","https:\/\/www.instagram.com\/skimojo_official\/","https:\/\/www.linkedin.com\/company\/ski-mojo\/","https:\/\/www.youtube.com\/SkiMojoFrance"]}]}},"_links":{"self":[{"href":"https:\/\/www.ski-mojo.com\/de\/wp-json\/wp\/v2\/product\/52820802","targetHints":{"allow":["GET"]}}],"collection":[{"href":"https:\/\/www.ski-mojo.com\/de\/wp-json\/wp\/v2\/product"}],"about":[{"href":"https:\/\/www.ski-mojo.com\/de\/wp-json\/wp\/v2\/types\/product"}],"replies":[{"embeddable":true,"href":"https:\/\/www.ski-mojo.com\/de\/wp-json\/wp\/v2\/comments?post=52820802"}],"wp:featuredmedia":[{"embeddable":true,"href":"https:\/\/www.ski-mojo.com\/de\/wp-json\/wp\/v2\/media\/52808497"}],"wp:attachment":[{"href":"https:\/\/www.ski-mojo.com\/de\/wp-json\/wp\/v2\/media?parent=52820802"}],"wp:term":[{"taxonomy":"product_brand","embeddable":true,"href":"https:\/\/www.ski-mojo.com\/de\/wp-json\/wp\/v2\/product_brand?post=52820802"},{"taxonomy":"product_cat","embeddable":true,"href":"https:\/\/www.ski-mojo.com\/de\/wp-json\/wp\/v2\/product_cat?post=52820802"},{"taxonomy":"product_tag","embeddable":true,"href":"https:\/\/www.ski-mojo.com\/de\/wp-json\/wp\/v2\/product_tag?post=52820802"}],"curies":[{"name":"wp","href":"https:\/\/api.w.org\/{rel}","templated":true}]}}