{"id":52820801,"date":"2025-07-21T13:11:55","date_gmt":"2025-07-21T13:11:55","guid":{"rendered":"https:\/\/www.ski-mojo.com\/?post_type=product&#038;p=52820801"},"modified":"2025-07-21T13:26:54","modified_gmt":"2025-07-21T13:26:54","slug":"snowboard-anschlusse","status":"publish","type":"product","link":"https:\/\/www.ski-mojo.com\/de\/produkt\/snowboard-anschlusse\/","title":{"rendered":"Snowboard-Anschl\u00fcsse"},"content":{"rendered":"","protected":false},"excerpt":{"rendered":"<p>Das Ski~Mojo wird mit Anschl\u00fcssen f\u00fcr Skischuhe geliefert. Wenn Sie das Ski~Mojo f\u00fcr das Snowboarden verwenden m\u00f6chten, ben\u00f6tigen Sie diese speziellen Anschl\u00fcsse.<\/p>\n<p>Diese Snowboard-Anschl\u00fcsse werden an den steifsten Teil der Snowboardboots angebracht (an der Au\u00dfenseite, senkrecht zum Kn\u00f6chel). Besuchen Sie die Seite <a href=\"https:\/\/www.ski-mojo.com\/de\/help\/\" target=\"_blank\" rel=\"noopener\">www.ski-mojo.com\/help<\/a>, um das Installationsvideo anzusehen<\/p>\n","protected":false},"featured_media":52807513,"comment_status":"closed","ping_status":"closed","template":"","meta":{"_acf_changed":false},"product_brand":[],"product_cat":[764],"product_tag":[],"class_list":{"0":"post-52820801","1":"product","2":"type-product","3":"status-publish","4":"has-post-thumbnail","6":"product_cat-zubehor","7":"product_shipping_class-leger-de","9":"first","10":"instock","11":"taxable","12":"shipping-taxable","13":"purchasable","14":"product-type-simple"},"acf":[],"yoast_head":"<!-- This site is optimized with the Yoast SEO plugin v27.4 - https:\/\/yoast.com\/product\/yoast-seo-wordpress\/ -->\n<title>Ski~Mojo | Gesch\u00e4ft | Snowboard-Anschl\u00fcsse<\/title>\n<meta name=\"description\" content=\"Das Ski~Mojo eignet sich auch f\u00fcr Snowboarden. Sie ben\u00f6tigen jedoch spezielle Anschl\u00fcsse f\u00fcr Ihre Snowboardboots.\" \/>\n<meta name=\"robots\" content=\"index, follow, max-snippet:-1, max-image-preview:large, max-video-preview:-1\" \/>\n<link rel=\"canonical\" href=\"https:\/\/www.ski-mojo.com\/de\/produkt\/snowboard-anschlusse\/\" \/>\n<meta property=\"og:locale\" content=\"de_DE\" \/>\n<meta property=\"og:type\" content=\"article\" \/>\n<meta property=\"og:title\" content=\"Ski~Mojo | Snowboard-Anschl\u00fcsse\" \/>\n<meta property=\"og:description\" content=\"Das Ski~Mojo eignet sich auch f\u00fcr Snowboarden. Sie ben\u00f6tigen jedoch spezielle Anschl\u00fcsse f\u00fcr Ihre Snowboardboots.\" \/>\n<meta property=\"og:url\" content=\"https:\/\/www.ski-mojo.com\/de\/produkt\/snowboard-anschlusse\/\" \/>\n<meta property=\"og:site_name\" content=\"Ski-mojo\" \/>\n<meta property=\"article:publisher\" content=\"https:\/\/www.facebook.com\/skimojomania\" \/>\n<meta property=\"article:modified_time\" content=\"2025-07-21T13:26:54+00:00\" \/>\n<meta property=\"og:image\" content=\"https:\/\/www.ski-mojo.com\/wp-content\/uploads\/2025\/07\/photo-Ski-Mojo-produit-1200x902-1.webp\" \/>\n\t<meta property=\"og:image:width\" content=\"1200\" \/>\n\t<meta property=\"og:image:height\" content=\"902\" \/>\n\t<meta property=\"og:image:type\" content=\"image\/webp\" \/>\n<meta name=\"twitter:card\" content=\"summary_large_image\" \/>\n<script type=\"application\/ld+json\" class=\"yoast-schema-graph\">{\"@context\":\"https:\\\/\\\/schema.org\",\"@graph\":[{\"@type\":\"WebPage\",\"@id\":\"https:\\\/\\\/www.ski-mojo.com\\\/de\\\/produkt\\\/snowboard-anschlusse\\\/\",\"url\":\"https:\\\/\\\/www.ski-mojo.com\\\/de\\\/produkt\\\/snowboard-anschlusse\\\/\",\"name\":\"Ski~Mojo | Gesch\u00e4ft | Snowboard-Anschl\u00fcsse\",\"isPartOf\":{\"@id\":\"https:\\\/\\\/www.ski-mojo.com\\\/de\\\/#website\"},\"primaryImageOfPage\":{\"@id\":\"https:\\\/\\\/www.ski-mojo.com\\\/de\\\/produkt\\\/snowboard-anschlusse\\\/#primaryimage\"},\"image\":{\"@id\":\"https:\\\/\\\/www.ski-mojo.com\\\/de\\\/produkt\\\/snowboard-anschlusse\\\/#primaryimage\"},\"thumbnailUrl\":\"https:\\\/\\\/www.ski-mojo.com\\\/wp-content\\\/uploads\\\/2025\\\/06\\\/Snowboard.gif\",\"datePublished\":\"2025-07-21T13:11:55+00:00\",\"dateModified\":\"2025-07-21T13:26:54+00:00\",\"description\":\"Das Ski~Mojo eignet sich auch f\u00fcr Snowboarden. Sie ben\u00f6tigen jedoch spezielle Anschl\u00fcsse f\u00fcr Ihre Snowboardboots.\",\"breadcrumb\":{\"@id\":\"https:\\\/\\\/www.ski-mojo.com\\\/de\\\/produkt\\\/snowboard-anschlusse\\\/#breadcrumb\"},\"inLanguage\":\"de\",\"potentialAction\":[{\"@type\":\"ReadAction\",\"target\":[\"https:\\\/\\\/www.ski-mojo.com\\\/de\\\/produkt\\\/snowboard-anschlusse\\\/\"]}]},{\"@type\":\"ImageObject\",\"inLanguage\":\"de\",\"@id\":\"https:\\\/\\\/www.ski-mojo.com\\\/de\\\/produkt\\\/snowboard-anschlusse\\\/#primaryimage\",\"url\":\"https:\\\/\\\/www.ski-mojo.com\\\/wp-content\\\/uploads\\\/2025\\\/06\\\/Snowboard.gif\",\"contentUrl\":\"https:\\\/\\\/www.ski-mojo.com\\\/wp-content\\\/uploads\\\/2025\\\/06\\\/Snowboard.gif\",\"width\":1182,\"height\":1187},{\"@type\":\"BreadcrumbList\",\"@id\":\"https:\\\/\\\/www.ski-mojo.com\\\/de\\\/produkt\\\/snowboard-anschlusse\\\/#breadcrumb\",\"itemListElement\":[{\"@type\":\"ListItem\",\"position\":1,\"name\":\"Home\",\"item\":\"https:\\\/\\\/www.ski-mojo.com\\\/de\\\/\"},{\"@type\":\"ListItem\",\"position\":2,\"name\":\"Produkte\",\"item\":\"https:\\\/\\\/www.ski-mojo.com\\\/de\\\/shop\\\/\"},{\"@type\":\"ListItem\",\"position\":3,\"name\":\"Snowboard-Anschl\u00fcsse\"}]},{\"@type\":\"WebSite\",\"@id\":\"https:\\\/\\\/www.ski-mojo.com\\\/de\\\/#website\",\"url\":\"https:\\\/\\\/www.ski-mojo.com\\\/de\\\/\",\"name\":\"Ski~Mojo\",\"description\":\"\",\"publisher\":{\"@id\":\"https:\\\/\\\/www.ski-mojo.com\\\/de\\\/#organization\"},\"potentialAction\":[{\"@type\":\"SearchAction\",\"target\":{\"@type\":\"EntryPoint\",\"urlTemplate\":\"https:\\\/\\\/www.ski-mojo.com\\\/de\\\/?s={search_term_string}\"},\"query-input\":{\"@type\":\"PropertyValueSpecification\",\"valueRequired\":true,\"valueName\":\"search_term_string\"}}],\"inLanguage\":\"de\"},{\"@type\":\"Organization\",\"@id\":\"https:\\\/\\\/www.ski-mojo.com\\\/de\\\/#organization\",\"name\":\"Ski~Mojo\",\"url\":\"https:\\\/\\\/www.ski-mojo.com\\\/de\\\/\",\"logo\":{\"@type\":\"ImageObject\",\"inLanguage\":\"de\",\"@id\":\"https:\\\/\\\/www.ski-mojo.com\\\/de\\\/#\\\/schema\\\/logo\\\/image\\\/\",\"url\":\"https:\\\/\\\/www.ski-mojo.com\\\/wp-content\\\/uploads\\\/2025\\\/05\\\/ski-mojo-1.png\",\"contentUrl\":\"https:\\\/\\\/www.ski-mojo.com\\\/wp-content\\\/uploads\\\/2025\\\/05\\\/ski-mojo-1.png\",\"width\":379,\"height\":93,\"caption\":\"Ski~Mojo\"},\"image\":{\"@id\":\"https:\\\/\\\/www.ski-mojo.com\\\/de\\\/#\\\/schema\\\/logo\\\/image\\\/\"},\"sameAs\":[\"https:\\\/\\\/www.facebook.com\\\/skimojomania\",\"https:\\\/\\\/www.instagram.com\\\/skimojo_official\\\/\",\"https:\\\/\\\/www.linkedin.com\\\/company\\\/ski-mojo\\\/\",\"https:\\\/\\\/www.youtube.com\\\/SkiMojoFrance\"]}]}<\/script>\n<!-- \/ Yoast SEO plugin. -->","yoast_head_json":{"title":"Ski~Mojo | Gesch\u00e4ft | Snowboard-Anschl\u00fcsse","description":"Das Ski~Mojo eignet sich auch f\u00fcr Snowboarden. Sie ben\u00f6tigen jedoch spezielle Anschl\u00fcsse f\u00fcr Ihre Snowboardboots.","robots":{"index":"index","follow":"follow","max-snippet":"max-snippet:-1","max-image-preview":"max-image-preview:large","max-video-preview":"max-video-preview:-1"},"canonical":"https:\/\/www.ski-mojo.com\/de\/produkt\/snowboard-anschlusse\/","og_locale":"de_DE","og_type":"article","og_title":"Ski~Mojo | Snowboard-Anschl\u00fcsse","og_description":"Das Ski~Mojo eignet sich auch f\u00fcr Snowboarden. Sie ben\u00f6tigen jedoch spezielle Anschl\u00fcsse f\u00fcr Ihre Snowboardboots.","og_url":"https:\/\/www.ski-mojo.com\/de\/produkt\/snowboard-anschlusse\/","og_site_name":"Ski-mojo","article_publisher":"https:\/\/www.facebook.com\/skimojomania","article_modified_time":"2025-07-21T13:26:54+00:00","og_image":[{"width":1200,"height":902,"url":"https:\/\/www.ski-mojo.com\/wp-content\/uploads\/2025\/07\/photo-Ski-Mojo-produit-1200x902-1.webp","type":"image\/webp"}],"twitter_card":"summary_large_image","schema":{"@context":"https:\/\/schema.org","@graph":[{"@type":"WebPage","@id":"https:\/\/www.ski-mojo.com\/de\/produkt\/snowboard-anschlusse\/","url":"https:\/\/www.ski-mojo.com\/de\/produkt\/snowboard-anschlusse\/","name":"Ski~Mojo | Gesch\u00e4ft | Snowboard-Anschl\u00fcsse","isPartOf":{"@id":"https:\/\/www.ski-mojo.com\/de\/#website"},"primaryImageOfPage":{"@id":"https:\/\/www.ski-mojo.com\/de\/produkt\/snowboard-anschlusse\/#primaryimage"},"image":{"@id":"https:\/\/www.ski-mojo.com\/de\/produkt\/snowboard-anschlusse\/#primaryimage"},"thumbnailUrl":"https:\/\/www.ski-mojo.com\/wp-content\/uploads\/2025\/06\/Snowboard.gif","datePublished":"2025-07-21T13:11:55+00:00","dateModified":"2025-07-21T13:26:54+00:00","description":"Das Ski~Mojo eignet sich auch f\u00fcr Snowboarden. Sie ben\u00f6tigen jedoch spezielle Anschl\u00fcsse f\u00fcr Ihre Snowboardboots.","breadcrumb":{"@id":"https:\/\/www.ski-mojo.com\/de\/produkt\/snowboard-anschlusse\/#breadcrumb"},"inLanguage":"de","potentialAction":[{"@type":"ReadAction","target":["https:\/\/www.ski-mojo.com\/de\/produkt\/snowboard-anschlusse\/"]}]},{"@type":"ImageObject","inLanguage":"de","@id":"https:\/\/www.ski-mojo.com\/de\/produkt\/snowboard-anschlusse\/#primaryimage","url":"https:\/\/www.ski-mojo.com\/wp-content\/uploads\/2025\/06\/Snowboard.gif","contentUrl":"https:\/\/www.ski-mojo.com\/wp-content\/uploads\/2025\/06\/Snowboard.gif","width":1182,"height":1187},{"@type":"BreadcrumbList","@id":"https:\/\/www.ski-mojo.com\/de\/produkt\/snowboard-anschlusse\/#breadcrumb","itemListElement":[{"@type":"ListItem","position":1,"name":"Home","item":"https:\/\/www.ski-mojo.com\/de\/"},{"@type":"ListItem","position":2,"name":"Produkte","item":"https:\/\/www.ski-mojo.com\/de\/shop\/"},{"@type":"ListItem","position":3,"name":"Snowboard-Anschl\u00fcsse"}]},{"@type":"WebSite","@id":"https:\/\/www.ski-mojo.com\/de\/#website","url":"https:\/\/www.ski-mojo.com\/de\/","name":"Ski~Mojo","description":"","publisher":{"@id":"https:\/\/www.ski-mojo.com\/de\/#organization"},"potentialAction":[{"@type":"SearchAction","target":{"@type":"EntryPoint","urlTemplate":"https:\/\/www.ski-mojo.com\/de\/?s={search_term_string}"},"query-input":{"@type":"PropertyValueSpecification","valueRequired":true,"valueName":"search_term_string"}}],"inLanguage":"de"},{"@type":"Organization","@id":"https:\/\/www.ski-mojo.com\/de\/#organization","name":"Ski~Mojo","url":"https:\/\/www.ski-mojo.com\/de\/","logo":{"@type":"ImageObject","inLanguage":"de","@id":"https:\/\/www.ski-mojo.com\/de\/#\/schema\/logo\/image\/","url":"https:\/\/www.ski-mojo.com\/wp-content\/uploads\/2025\/05\/ski-mojo-1.png","contentUrl":"https:\/\/www.ski-mojo.com\/wp-content\/uploads\/2025\/05\/ski-mojo-1.png","width":379,"height":93,"caption":"Ski~Mojo"},"image":{"@id":"https:\/\/www.ski-mojo.com\/de\/#\/schema\/logo\/image\/"},"sameAs":["https:\/\/www.facebook.com\/skimojomania","https:\/\/www.instagram.com\/skimojo_official\/","https:\/\/www.linkedin.com\/company\/ski-mojo\/","https:\/\/www.youtube.com\/SkiMojoFrance"]}]}},"_links":{"self":[{"href":"https:\/\/www.ski-mojo.com\/de\/wp-json\/wp\/v2\/product\/52820801","targetHints":{"allow":["GET"]}}],"collection":[{"href":"https:\/\/www.ski-mojo.com\/de\/wp-json\/wp\/v2\/product"}],"about":[{"href":"https:\/\/www.ski-mojo.com\/de\/wp-json\/wp\/v2\/types\/product"}],"replies":[{"embeddable":true,"href":"https:\/\/www.ski-mojo.com\/de\/wp-json\/wp\/v2\/comments?post=52820801"}],"wp:featuredmedia":[{"embeddable":true,"href":"https:\/\/www.ski-mojo.com\/de\/wp-json\/wp\/v2\/media\/52807513"}],"wp:attachment":[{"href":"https:\/\/www.ski-mojo.com\/de\/wp-json\/wp\/v2\/media?parent=52820801"}],"wp:term":[{"taxonomy":"product_brand","embeddable":true,"href":"https:\/\/www.ski-mojo.com\/de\/wp-json\/wp\/v2\/product_brand?post=52820801"},{"taxonomy":"product_cat","embeddable":true,"href":"https:\/\/www.ski-mojo.com\/de\/wp-json\/wp\/v2\/product_cat?post=52820801"},{"taxonomy":"product_tag","embeddable":true,"href":"https:\/\/www.ski-mojo.com\/de\/wp-json\/wp\/v2\/product_tag?post=52820801"}],"curies":[{"name":"wp","href":"https:\/\/api.w.org\/{rel}","templated":true}]}}