{"id":52847392,"date":"2026-03-02T16:39:23","date_gmt":"2026-03-02T15:39:23","guid":{"rendered":"https:\/\/www.ski-mojo.com\/pre-order-b2b\/"},"modified":"2026-03-02T19:23:47","modified_gmt":"2026-03-02T18:23:47","slug":"pre-order-b2b","status":"publish","type":"page","link":"https:\/\/www.ski-mojo.com\/de\/pre-order-b2b\/","title":{"rendered":"pre-order-B2B"},"content":{"rendered":"\t\t<div data-elementor-type=\"wp-page\" data-elementor-id=\"52847392\" class=\"elementor elementor-52847392 elementor-52847337\" data-elementor-post-type=\"page\">\n\t\t\t\t<div class=\"elementor-element elementor-element-26b9a68 e-flex e-con-boxed e-con e-parent\" data-id=\"26b9a68\" data-element_type=\"container\" data-e-type=\"container\" data-settings=\"{&quot;background_background&quot;:&quot;classic&quot;}\">\n\t\t\t\t\t<div class=\"e-con-inner\">\n\t\t\t\t<div class=\"elementor-element elementor-element-7209396 elementor-widget__width-initial elementor-widget-mobile__width-inherit elementor-widget elementor-widget-text-editor\" data-id=\"7209396\" data-element_type=\"widget\" data-e-type=\"widget\" data-widget_type=\"text-editor.default\">\n\t\t\t\t<div class=\"elementor-widget-container\">\n\t\t\t\t\t\t\t\t\t<p><strong>Bevor Sie Ihre Bestellung aufgeben, k\u00f6nnen Sie, wenn Sie m\u00f6chten, die Geheimnisse der Gesch\u00e4fte entdecken, die mehr als 50 Ski-Mojo pro Saison verkaufen<\/strong><\/p>\t\t\t\t\t\t\t\t<\/div>\n\t\t\t\t<\/div>\n\t\t\t\t<div class=\"elementor-element elementor-element-fb7fa45 elementor-mobile-align-justify elementor-widget-mobile__width-inherit elementor-tablet_extra-align-justify elementor-widget elementor-widget-button\" data-id=\"fb7fa45\" data-element_type=\"widget\" data-e-type=\"widget\" data-widget_type=\"button.default\">\n\t\t\t\t<div class=\"elementor-widget-container\">\n\t\t\t\t\t\t\t\t\t<div class=\"elementor-button-wrapper\">\n\t\t\t\t\t<a class=\"elementor-button elementor-button-link elementor-size-sm\" href=\"\/de\/magasins-au-top\/\">\n\t\t\t\t\t\t<span class=\"elementor-button-content-wrapper\">\n\t\t\t\t\t\t\t\t\t<span class=\"elementor-button-text\">Die Geheimnisse der Gesch\u00e4fte, die viele Ski-Mojo verkaufen<\/span>\n\t\t\t\t\t<\/span>\n\t\t\t\t\t<\/a>\n\t\t\t\t<\/div>\n\t\t\t\t\t\t\t\t<\/div>\n\t\t\t\t<\/div>\n\t\t\t\t\t<\/div>\n\t\t\t\t<\/div>\n\t\t<div class=\"elementor-element elementor-element-97eb1c0 e-flex e-con-boxed e-con e-parent\" data-id=\"97eb1c0\" data-element_type=\"container\" data-e-type=\"container\">\n\t\t\t\t\t<div class=\"e-con-inner\">\n\t\t\t\t<div class=\"elementor-element elementor-element-556084b elementor-widget elementor-widget-text-editor\" data-id=\"556084b\" data-element_type=\"widget\" data-e-type=\"widget\" data-widget_type=\"text-editor.default\">\n\t\t\t\t<div class=\"elementor-widget-container\">\n\t\t\t\t\t\t\t\t\t<ul><li>Pour la saison 2026-2027, demandez la liste des prix actualis\u00e9e \u00e0 votre charg\u00e9 d&#8217;affaires habituel<\/li><li>For the 2026\u20132027 season, please request the updated price list from your usual sales representative<\/li><li><strong>F\u00fcr die Saison 2026\u20132027 fordern Sie bitte die aktualisierte Preisliste bei Ihrem zust\u00e4ndigen Ansprechpartner an<\/strong><\/li><li>Per la stagione 2026\u20132027, La preghiamo di richiedere il listino prezzi aggiornato al Suo referente commerciale abituale<\/li><li>Para la temporada 2026\u20132027, solicite la lista de precios actualizada a su representante comercial habitual<\/li><\/ul>\t\t\t\t\t\t\t\t<\/div>\n\t\t\t\t<\/div>\n\t\t\t\t<div class=\"elementor-element elementor-element-7a98f9e elementor-widget elementor-widget-shortcode\" data-id=\"7a98f9e\" data-element_type=\"widget\" data-e-type=\"widget\" data-widget_type=\"shortcode.default\">\n\t\t\t\t<div class=\"elementor-widget-container\">\n\t\t\t\t\t\t\t<div class=\"elementor-shortcode\"><iframe\n  src=\"https:\/\/form.jotform.com\/250623783583059\"\n  width=\"100%\"\n  height=\"800\"\n  frameborder=\"0\"\n  style=\"border:none;\"\n  allowfullscreen>\n<\/iframe>\n<\/div>\n\t\t\t\t\t\t<\/div>\n\t\t\t\t<\/div>\n\t\t\t\t\t<\/div>\n\t\t\t\t<\/div>\n\t\t\t\t<\/div>\n\t\t","protected":false},"excerpt":{"rendered":"<p>Bevor Sie Ihre Bestellung aufgeben, k\u00f6nnen Sie, wenn Sie m\u00f6chten, die Geheimnisse der Gesch\u00e4fte entdecken, die mehr als 50 Ski-Mojo pro Saison verkaufen Die Geheimnisse der Gesch\u00e4fte, die viele Ski-Mojo verkaufen Pour la saison 2026-2027, demandez la liste des prix actualis\u00e9e \u00e0 votre charg\u00e9 d&#8217;affaires habituel For the 2026\u20132027 season, please request the updated price [&hellip;]<\/p>\n","protected":false},"author":3794,"featured_media":0,"parent":0,"menu_order":0,"comment_status":"closed","ping_status":"closed","template":"elementor_header_footer","meta":{"_acf_changed":false,"footnotes":""},"class_list":["post-52847392","page","type-page","status-publish","hentry"],"acf":[],"yoast_head":"<!-- This site is optimized with the Yoast SEO plugin v27.5 - https:\/\/yoast.com\/product\/yoast-seo-wordpress\/ -->\n<title>Ski-mojo | pre-order-B2B<\/title>\n<meta name=\"robots\" content=\"noindex, follow\" \/>\n<meta property=\"og:locale\" content=\"de_DE\" \/>\n<meta property=\"og:type\" content=\"article\" \/>\n<meta property=\"og:title\" content=\"Ski-mojo | pre-order-B2B\" \/>\n<meta property=\"og:description\" content=\"Bevor Sie Ihre Bestellung aufgeben, k\u00f6nnen Sie, wenn Sie m\u00f6chten, die Geheimnisse der Gesch\u00e4fte entdecken, die mehr als 50 Ski-Mojo pro Saison verkaufen Die Geheimnisse der Gesch\u00e4fte, die viele Ski-Mojo verkaufen Pour la saison 2026-2027, demandez la liste des prix actualis\u00e9e \u00e0 votre charg\u00e9 d&#8217;affaires habituel For the 2026\u20132027 season, please request the updated price [&hellip;]\" \/>\n<meta property=\"og:url\" content=\"https:\/\/www.ski-mojo.com\/de\/pre-order-b2b\/\" \/>\n<meta property=\"og:site_name\" content=\"Ski-mojo\" \/>\n<meta property=\"article:publisher\" content=\"https:\/\/www.facebook.com\/skimojomania\" \/>\n<meta property=\"article:modified_time\" content=\"2026-03-02T18:23:47+00:00\" \/>\n<meta property=\"og:image\" content=\"https:\/\/www.ski-mojo.com\/wp-content\/uploads\/2025\/07\/photo-Ski-Mojo-produit-1200x902-1.webp\" \/>\n\t<meta property=\"og:image:width\" content=\"1200\" \/>\n\t<meta property=\"og:image:height\" content=\"902\" \/>\n\t<meta property=\"og:image:type\" content=\"image\/webp\" \/>\n<meta name=\"twitter:card\" content=\"summary_large_image\" \/>\n<meta name=\"twitter:label1\" content=\"Gesch\u00e4tzte Lesezeit\" \/>\n\t<meta name=\"twitter:data1\" content=\"1\u00a0Minute\" \/>\n<script type=\"application\/ld+json\" class=\"yoast-schema-graph\">{\"@context\":\"https:\\\/\\\/schema.org\",\"@graph\":[{\"@type\":\"WebPage\",\"@id\":\"https:\\\/\\\/www.ski-mojo.com\\\/de\\\/pre-order-b2b\\\/\",\"url\":\"https:\\\/\\\/www.ski-mojo.com\\\/de\\\/pre-order-b2b\\\/\",\"name\":\"Ski-mojo | pre-order-B2B\",\"isPartOf\":{\"@id\":\"https:\\\/\\\/www.ski-mojo.com\\\/de\\\/#website\"},\"datePublished\":\"2026-03-02T15:39:23+00:00\",\"dateModified\":\"2026-03-02T18:23:47+00:00\",\"breadcrumb\":{\"@id\":\"https:\\\/\\\/www.ski-mojo.com\\\/de\\\/pre-order-b2b\\\/#breadcrumb\"},\"inLanguage\":\"de\",\"potentialAction\":[{\"@type\":\"ReadAction\",\"target\":[\"https:\\\/\\\/www.ski-mojo.com\\\/de\\\/pre-order-b2b\\\/\"]}]},{\"@type\":\"BreadcrumbList\",\"@id\":\"https:\\\/\\\/www.ski-mojo.com\\\/de\\\/pre-order-b2b\\\/#breadcrumb\",\"itemListElement\":[{\"@type\":\"ListItem\",\"position\":1,\"name\":\"Home\",\"item\":\"https:\\\/\\\/www.ski-mojo.com\\\/de\\\/\"},{\"@type\":\"ListItem\",\"position\":2,\"name\":\"pre-order-B2B\"}]},{\"@type\":\"WebSite\",\"@id\":\"https:\\\/\\\/www.ski-mojo.com\\\/de\\\/#website\",\"url\":\"https:\\\/\\\/www.ski-mojo.com\\\/de\\\/\",\"name\":\"Ski~Mojo\",\"description\":\"\",\"publisher\":{\"@id\":\"https:\\\/\\\/www.ski-mojo.com\\\/de\\\/#organization\"},\"potentialAction\":[{\"@type\":\"SearchAction\",\"target\":{\"@type\":\"EntryPoint\",\"urlTemplate\":\"https:\\\/\\\/www.ski-mojo.com\\\/de\\\/?s={search_term_string}\"},\"query-input\":{\"@type\":\"PropertyValueSpecification\",\"valueRequired\":true,\"valueName\":\"search_term_string\"}}],\"inLanguage\":\"de\"},{\"@type\":\"Organization\",\"@id\":\"https:\\\/\\\/www.ski-mojo.com\\\/de\\\/#organization\",\"name\":\"Ski~Mojo\",\"url\":\"https:\\\/\\\/www.ski-mojo.com\\\/de\\\/\",\"logo\":{\"@type\":\"ImageObject\",\"inLanguage\":\"de\",\"@id\":\"https:\\\/\\\/www.ski-mojo.com\\\/de\\\/#\\\/schema\\\/logo\\\/image\\\/\",\"url\":\"https:\\\/\\\/www.ski-mojo.com\\\/wp-content\\\/uploads\\\/2025\\\/05\\\/ski-mojo-1.png\",\"contentUrl\":\"https:\\\/\\\/www.ski-mojo.com\\\/wp-content\\\/uploads\\\/2025\\\/05\\\/ski-mojo-1.png\",\"width\":379,\"height\":93,\"caption\":\"Ski~Mojo\"},\"image\":{\"@id\":\"https:\\\/\\\/www.ski-mojo.com\\\/de\\\/#\\\/schema\\\/logo\\\/image\\\/\"},\"sameAs\":[\"https:\\\/\\\/www.facebook.com\\\/skimojomania\",\"https:\\\/\\\/www.instagram.com\\\/skimojo_official\\\/\",\"https:\\\/\\\/www.linkedin.com\\\/company\\\/ski-mojo\\\/\",\"https:\\\/\\\/www.youtube.com\\\/SkiMojoFrance\"]}]}<\/script>\n<!-- \/ Yoast SEO plugin. -->","yoast_head_json":{"title":"Ski-mojo | pre-order-B2B","robots":{"index":"noindex","follow":"follow"},"og_locale":"de_DE","og_type":"article","og_title":"Ski-mojo | pre-order-B2B","og_description":"Bevor Sie Ihre Bestellung aufgeben, k\u00f6nnen Sie, wenn Sie m\u00f6chten, die Geheimnisse der Gesch\u00e4fte entdecken, die mehr als 50 Ski-Mojo pro Saison verkaufen Die Geheimnisse der Gesch\u00e4fte, die viele Ski-Mojo verkaufen Pour la saison 2026-2027, demandez la liste des prix actualis\u00e9e \u00e0 votre charg\u00e9 d&#8217;affaires habituel For the 2026\u20132027 season, please request the updated price [&hellip;]","og_url":"https:\/\/www.ski-mojo.com\/de\/pre-order-b2b\/","og_site_name":"Ski-mojo","article_publisher":"https:\/\/www.facebook.com\/skimojomania","article_modified_time":"2026-03-02T18:23:47+00:00","og_image":[{"width":1200,"height":902,"url":"https:\/\/www.ski-mojo.com\/wp-content\/uploads\/2025\/07\/photo-Ski-Mojo-produit-1200x902-1.webp","type":"image\/webp"}],"twitter_card":"summary_large_image","twitter_misc":{"Gesch\u00e4tzte Lesezeit":"1\u00a0Minute"},"schema":{"@context":"https:\/\/schema.org","@graph":[{"@type":"WebPage","@id":"https:\/\/www.ski-mojo.com\/de\/pre-order-b2b\/","url":"https:\/\/www.ski-mojo.com\/de\/pre-order-b2b\/","name":"Ski-mojo | pre-order-B2B","isPartOf":{"@id":"https:\/\/www.ski-mojo.com\/de\/#website"},"datePublished":"2026-03-02T15:39:23+00:00","dateModified":"2026-03-02T18:23:47+00:00","breadcrumb":{"@id":"https:\/\/www.ski-mojo.com\/de\/pre-order-b2b\/#breadcrumb"},"inLanguage":"de","potentialAction":[{"@type":"ReadAction","target":["https:\/\/www.ski-mojo.com\/de\/pre-order-b2b\/"]}]},{"@type":"BreadcrumbList","@id":"https:\/\/www.ski-mojo.com\/de\/pre-order-b2b\/#breadcrumb","itemListElement":[{"@type":"ListItem","position":1,"name":"Home","item":"https:\/\/www.ski-mojo.com\/de\/"},{"@type":"ListItem","position":2,"name":"pre-order-B2B"}]},{"@type":"WebSite","@id":"https:\/\/www.ski-mojo.com\/de\/#website","url":"https:\/\/www.ski-mojo.com\/de\/","name":"Ski~Mojo","description":"","publisher":{"@id":"https:\/\/www.ski-mojo.com\/de\/#organization"},"potentialAction":[{"@type":"SearchAction","target":{"@type":"EntryPoint","urlTemplate":"https:\/\/www.ski-mojo.com\/de\/?s={search_term_string}"},"query-input":{"@type":"PropertyValueSpecification","valueRequired":true,"valueName":"search_term_string"}}],"inLanguage":"de"},{"@type":"Organization","@id":"https:\/\/www.ski-mojo.com\/de\/#organization","name":"Ski~Mojo","url":"https:\/\/www.ski-mojo.com\/de\/","logo":{"@type":"ImageObject","inLanguage":"de","@id":"https:\/\/www.ski-mojo.com\/de\/#\/schema\/logo\/image\/","url":"https:\/\/www.ski-mojo.com\/wp-content\/uploads\/2025\/05\/ski-mojo-1.png","contentUrl":"https:\/\/www.ski-mojo.com\/wp-content\/uploads\/2025\/05\/ski-mojo-1.png","width":379,"height":93,"caption":"Ski~Mojo"},"image":{"@id":"https:\/\/www.ski-mojo.com\/de\/#\/schema\/logo\/image\/"},"sameAs":["https:\/\/www.facebook.com\/skimojomania","https:\/\/www.instagram.com\/skimojo_official\/","https:\/\/www.linkedin.com\/company\/ski-mojo\/","https:\/\/www.youtube.com\/SkiMojoFrance"]}]}},"_links":{"self":[{"href":"https:\/\/www.ski-mojo.com\/de\/wp-json\/wp\/v2\/pages\/52847392","targetHints":{"allow":["GET"]}}],"collection":[{"href":"https:\/\/www.ski-mojo.com\/de\/wp-json\/wp\/v2\/pages"}],"about":[{"href":"https:\/\/www.ski-mojo.com\/de\/wp-json\/wp\/v2\/types\/page"}],"author":[{"embeddable":true,"href":"https:\/\/www.ski-mojo.com\/de\/wp-json\/wp\/v2\/users\/3794"}],"replies":[{"embeddable":true,"href":"https:\/\/www.ski-mojo.com\/de\/wp-json\/wp\/v2\/comments?post=52847392"}],"version-history":[{"count":4,"href":"https:\/\/www.ski-mojo.com\/de\/wp-json\/wp\/v2\/pages\/52847392\/revisions"}],"predecessor-version":[{"id":52847442,"href":"https:\/\/www.ski-mojo.com\/de\/wp-json\/wp\/v2\/pages\/52847392\/revisions\/52847442"}],"wp:attachment":[{"href":"https:\/\/www.ski-mojo.com\/de\/wp-json\/wp\/v2\/media?parent=52847392"}],"curies":[{"name":"wp","href":"https:\/\/api.w.org\/{rel}","templated":true}]}}