{"id":52814307,"date":"2025-06-24T11:38:41","date_gmt":"2025-06-24T11:38:41","guid":{"rendered":"https:\/\/www.ski-mojo.com\/?page_id=52814307"},"modified":"2025-08-15T12:50:55","modified_gmt":"2025-08-15T12:50:55","slug":"ski-mojo-club","status":"publish","type":"page","link":"https:\/\/www.ski-mojo.com\/de\/ski-mojo-club\/","title":{"rendered":"Ski Mojo Club"},"content":{"rendered":"\t\t<div data-elementor-type=\"wp-page\" data-elementor-id=\"52814307\" class=\"elementor elementor-52814307 elementor-52795466\" data-elementor-post-type=\"page\">\n\t\t\t\t<div class=\"elementor-element elementor-element-98df737 e-flex e-con-boxed e-con e-parent\" data-id=\"98df737\" data-element_type=\"container\" data-e-type=\"container\">\n\t\t\t\t\t<div class=\"e-con-inner\">\n\t\t<div class=\"elementor-element elementor-element-c3ea71b e-con-full e-flex e-con e-child\" data-id=\"c3ea71b\" data-element_type=\"container\" data-e-type=\"container\">\n\t\t<div class=\"elementor-element elementor-element-1135d69 e-con-full e-flex e-con e-child\" data-id=\"1135d69\" data-element_type=\"container\" data-e-type=\"container\">\n\t\t\t\t<div class=\"elementor-element elementor-element-1de0779 elementor-widget elementor-widget-text-editor\" data-id=\"1de0779\" data-element_type=\"widget\" data-e-type=\"widget\" data-widget_type=\"text-editor.default\">\n\t\t\t\t<div class=\"elementor-widget-container\">\n\t\t\t\t\t\t\t\t\tEntdecken Sie den\t\t\t\t\t\t\t\t<\/div>\n\t\t\t\t<\/div>\n\t\t\t\t<div class=\"elementor-element elementor-element-2964704 elementor-widget elementor-widget-heading\" data-id=\"2964704\" data-element_type=\"widget\" data-e-type=\"widget\" data-widget_type=\"heading.default\">\n\t\t\t\t<div class=\"elementor-widget-container\">\n\t\t\t\t\t<h1 class=\"elementor-heading-title elementor-size-default\">Ski~Mojo Club<\/h1>\t\t\t\t<\/div>\n\t\t\t\t<\/div>\n\t\t\t\t<div class=\"elementor-element elementor-element-2c359a3 elementor-widget__width-initial elementor-widget elementor-widget-text-editor\" data-id=\"2c359a3\" data-element_type=\"widget\" data-e-type=\"widget\" data-widget_type=\"text-editor.default\">\n\t\t\t\t<div class=\"elementor-widget-container\">\n\t\t\t\t\t\t\t\t\t<p>Wir sind jetzt fast 30.000 Ski-Mojo-Nutzer auf der ganzen Welt, \u2026 und einige haben uns ihren Wunsch mitgeteilt, sich in einem Club zusammenzuschlie\u00dfen, um eine echte Gemeinschaft zu bilden und von bestimmten Vorteilen zu profitieren. Au\u00dferdem freuen wir uns, die Gr\u00fcndung des Ski Mojo Club bekannt zu geben, der dem franz\u00f6sischen Skiverband angeschlossen ist.<\/p><p>Mitglied dieses Clubs zu werden, der f\u00fcr alle offen ist (Skifahrer, Snowboarder, Ski-Mojo-Benutzer oder nicht), bedeutet, einander n\u00e4her zu kommen, um Ihre Leidenschaft f\u00fcr die Berge und das Skifahren zu teilen.<\/p><p>Es bedeutet auch und vor allem, dass Sie die Lizenz des Franz\u00f6sischen Skiverbandes und die speziellen Versicherungen, die f\u00fcr die Aus\u00fcbung unserer Lieblingssportarten abgeschlossen wurden, nutzen k\u00f6nnen.<\/p>\t\t\t\t\t\t\t\t<\/div>\n\t\t\t\t<\/div>\n\t\t<div class=\"elementor-element elementor-element-b5c13d6 e-con-full e-flex e-con e-child\" data-id=\"b5c13d6\" data-element_type=\"container\" data-e-type=\"container\">\n\t\t\t\t<div class=\"elementor-element elementor-element-6ed87fe elementor-mobile-align-justify elementor-widget-mobile__width-inherit elementor-widget elementor-widget-button\" data-id=\"6ed87fe\" data-element_type=\"widget\" data-e-type=\"widget\" data-widget_type=\"button.default\">\n\t\t\t\t<div class=\"elementor-widget-container\">\n\t\t\t\t\t\t\t\t\t<div class=\"elementor-button-wrapper\">\n\t\t\t\t\t<a class=\"elementor-button elementor-button-link elementor-size-sm\" href=\"https:\/\/www.skimojoclub.fr\/\" target=\"_blank\">\n\t\t\t\t\t\t<span class=\"elementor-button-content-wrapper\">\n\t\t\t\t\t\t\t\t\t<span class=\"elementor-button-text\">Ski Mojo Club<\/span>\n\t\t\t\t\t<\/span>\n\t\t\t\t\t<\/a>\n\t\t\t\t<\/div>\n\t\t\t\t\t\t\t\t<\/div>\n\t\t\t\t<\/div>\n\t\t\t\t<\/div>\n\t\t\t\t<\/div>\n\t\t\t\t<\/div>\n\t\t<div class=\"elementor-element elementor-element-4a11272 e-con-full e-flex e-con e-child\" data-id=\"4a11272\" data-element_type=\"container\" data-e-type=\"container\" data-settings=\"{&quot;background_background&quot;:&quot;classic&quot;}\">\n\t\t\t\t<\/div>\n\t\t\t\t\t<\/div>\n\t\t\t\t<\/div>\n\t\t<div class=\"elementor-element elementor-element-89fc3b5 e-flex e-con-boxed e-con e-parent\" data-id=\"89fc3b5\" data-element_type=\"container\" data-e-type=\"container\" data-settings=\"{&quot;background_background&quot;:&quot;classic&quot;}\">\n\t\t\t\t\t<div class=\"e-con-inner\">\n\t\t<div class=\"elementor-element elementor-element-54ae3d6 e-con-full e-flex e-con e-child\" data-id=\"54ae3d6\" data-element_type=\"container\" data-e-type=\"container\">\n\t\t\t\t<div class=\"elementor-element elementor-element-c341658 elementor-widget elementor-widget-text-editor\" data-id=\"c341658\" data-element_type=\"widget\" data-e-type=\"widget\" data-widget_type=\"text-editor.default\">\n\t\t\t\t<div class=\"elementor-widget-container\">\n\t\t\t\t\t\t\t\t\tSki Mojo Club\t\t\t\t\t\t\t\t<\/div>\n\t\t\t\t<\/div>\n\t\t\t\t<div class=\"elementor-element elementor-element-c410346 elementor-widget elementor-widget-heading\" data-id=\"c410346\" data-element_type=\"widget\" data-e-type=\"widget\" data-widget_type=\"heading.default\">\n\t\t\t\t<div class=\"elementor-widget-container\">\n\t\t\t\t\t<h2 class=\"elementor-heading-title elementor-size-default\">Freizeit, aber auch Wettbewerb!<\/h2>\t\t\t\t<\/div>\n\t\t\t\t<\/div>\n\t\t\t\t<div class=\"elementor-element elementor-element-a263638 elementor-widget__width-inherit elementor-widget-tablet_extra__width-initial elementor-widget-tablet__width-initial elementor-widget elementor-widget-text-editor\" data-id=\"a263638\" data-element_type=\"widget\" data-e-type=\"widget\" data-widget_type=\"text-editor.default\">\n\t\t\t\t<div class=\"elementor-widget-container\">\n\t\t\t\t\t\t\t\t\t<p class=\"has-theme-palette-9-color has-text-color has-link-color wp-elements-fa252274a7cd4440f170be421e54d888\">Es werden regelm\u00e4\u00dfig Wochenend-Screenings durchgef\u00fchrt. Wenn Sie oder Ihre Kinder Interesse an einem Wettkampf haben, kontaktieren Sie uns bitte.<\/p><p class=\"has-theme-palette-9-color has-text-color has-link-color wp-elements-0bd12acb7bec38b5ec02377eb4f6d315\">Seit einigen Jahren geh\u00f6rt der Ski~Mojo Club zu einem Team von Wettk\u00e4mpfern aus der Stadt. Unsere Athleten (jung und alt) trainieren mit den Trainern der Liga Paris-Nord-Centre des Franz\u00f6sischen Skiverbandes. Sie vertreten die Farben des Clubs und der Liga bei regionalen, nationalen und internationalen Wettk\u00e4mpfen.<\/p><p class=\"has-theme-palette-9-color has-text-color has-link-color wp-elements-84eec52ead973934ae32d70a0b2042f5\">Das Training (Skifahren und k\u00f6rperliche Vorbereitung) findet das ganze Jahr \u00fcber statt (auf Gletschern im Fr\u00fchling und Herbst: Tignes, Val d\u2019Is\u00e8re, Hintertux, \u2026). Insgesamt und einschlie\u00dflich der Wettk\u00e4mpfe, die an den Wochenenden stattfinden, werden unseren Athleten zwischen 50 und 100 Skitage angeboten, um ihnen eine gute Platzierung in den nationalen Wettk\u00e4mpfen zu erm\u00f6glichen. F\u00fcr einige von ihnen ist das Training neben dem Studium ein Sprungbrett f\u00fcr die Ausbildung zum Skilehrer.<\/p>\t\t\t\t\t\t\t\t<\/div>\n\t\t\t\t<\/div>\n\t\t\t\t<div class=\"elementor-element elementor-element-e292610 elementor-widget elementor-widget-image\" data-id=\"e292610\" data-element_type=\"widget\" data-e-type=\"widget\" data-widget_type=\"image.default\">\n\t\t\t\t<div class=\"elementor-widget-container\">\n\t\t\t\t\t\t\t\t\t\t\t\t\t\t\t<img decoding=\"async\" width=\"230\" height=\"85\" src=\"https:\/\/www.ski-mojo.com\/wp-content\/uploads\/2025\/06\/Group-49.png\" class=\"attachment-large size-large wp-image-52795479\" alt=\"\" \/>\t\t\t\t\t\t\t\t\t\t\t\t\t\t\t<\/div>\n\t\t\t\t<\/div>\n\t\t\t\t<\/div>\n\t\t<div class=\"elementor-element elementor-element-fd670b7 e-con-full e-flex e-con e-child\" data-id=\"fd670b7\" data-element_type=\"container\" data-e-type=\"container\">\n\t\t\t\t<div class=\"elementor-element elementor-element-b5ed855 elementor-widget elementor-widget-image\" data-id=\"b5ed855\" data-element_type=\"widget\" data-e-type=\"widget\" data-widget_type=\"image.default\">\n\t\t\t\t<div class=\"elementor-widget-container\">\n\t\t\t\t\t\t\t\t\t\t\t\t\t\t\t<img fetchpriority=\"high\" decoding=\"async\" width=\"800\" height=\"551\" src=\"https:\/\/www.ski-mojo.com\/wp-content\/uploads\/2025\/06\/d7fd4f083be6b36646bfb9bb0de965afe8bcfce2.png\" class=\"attachment-large size-large wp-image-52795484\" alt=\"\" srcset=\"https:\/\/www.ski-mojo.com\/wp-content\/uploads\/2025\/06\/d7fd4f083be6b36646bfb9bb0de965afe8bcfce2.png 818w, https:\/\/www.ski-mojo.com\/wp-content\/uploads\/2025\/06\/d7fd4f083be6b36646bfb9bb0de965afe8bcfce2-500x344.png 500w, https:\/\/www.ski-mojo.com\/wp-content\/uploads\/2025\/06\/d7fd4f083be6b36646bfb9bb0de965afe8bcfce2-300x206.png 300w, https:\/\/www.ski-mojo.com\/wp-content\/uploads\/2025\/06\/d7fd4f083be6b36646bfb9bb0de965afe8bcfce2-768x529.png 768w\" sizes=\"(max-width: 800px) 100vw, 800px\" \/>\t\t\t\t\t\t\t\t\t\t\t\t\t\t\t<\/div>\n\t\t\t\t<\/div>\n\t\t<div class=\"elementor-element elementor-element-7589c27 e-con-full elementor-hidden-desktop elementor-hidden-tablet_extra e-flex e-con e-child\" data-id=\"7589c27\" data-element_type=\"container\" data-e-type=\"container\">\n\t\t\t\t<div class=\"elementor-element elementor-element-20bbd7c elementor-mobile-align-justify elementor-widget-mobile__width-inherit elementor-widget elementor-widget-button\" data-id=\"20bbd7c\" data-element_type=\"widget\" data-e-type=\"widget\" data-widget_type=\"button.default\">\n\t\t\t\t<div class=\"elementor-widget-container\">\n\t\t\t\t\t\t\t\t\t<div class=\"elementor-button-wrapper\">\n\t\t\t\t\t<a class=\"elementor-button elementor-button-link elementor-size-sm\" href=\"https:\/\/www.skimojoclub.fr\/\" target=\"_blank\">\n\t\t\t\t\t\t<span class=\"elementor-button-content-wrapper\">\n\t\t\t\t\t\t\t\t\t<span class=\"elementor-button-text\">Ski Mojo Club<\/span>\n\t\t\t\t\t<\/span>\n\t\t\t\t\t<\/a>\n\t\t\t\t<\/div>\n\t\t\t\t\t\t\t\t<\/div>\n\t\t\t\t<\/div>\n\t\t\t\t<\/div>\n\t\t\t\t<\/div>\n\t\t\t\t\t<\/div>\n\t\t\t\t<\/div>\n\t\t\t\t<\/div>\n\t\t","protected":false},"excerpt":{"rendered":"<p>Entdecken Sie den Ski~Mojo Club Wir sind jetzt fast 30.000 Ski-Mojo-Nutzer auf der ganzen Welt, \u2026 und einige haben uns ihren Wunsch mitgeteilt, sich in einem Club zusammenzuschlie\u00dfen, um eine echte Gemeinschaft zu bilden und von bestimmten Vorteilen zu profitieren. Au\u00dferdem freuen wir uns, die Gr\u00fcndung des Ski Mojo Club bekannt zu geben, der dem [&hellip;]<\/p>\n","protected":false},"author":1,"featured_media":0,"parent":0,"menu_order":0,"comment_status":"closed","ping_status":"closed","template":"elementor_header_footer","meta":{"_acf_changed":false,"footnotes":""},"class_list":["post-52814307","page","type-page","status-publish","hentry"],"acf":[],"yoast_head":"<!-- This site is optimized with the Yoast SEO plugin v27.5 - https:\/\/yoast.com\/product\/yoast-seo-wordpress\/ -->\n<title>Ski-mojo | Ski Mojo Club<\/title>\n<meta name=\"robots\" content=\"index, follow, max-snippet:-1, max-image-preview:large, max-video-preview:-1\" \/>\n<link rel=\"canonical\" href=\"https:\/\/www.ski-mojo.com\/de\/ski-mojo-club\/\" \/>\n<meta property=\"og:locale\" content=\"de_DE\" \/>\n<meta property=\"og:type\" content=\"article\" \/>\n<meta property=\"og:title\" content=\"Ski-mojo | Ski Mojo Club\" \/>\n<meta property=\"og:description\" content=\"Entdecken Sie den Ski~Mojo Club Wir sind jetzt fast 30.000 Ski-Mojo-Nutzer auf der ganzen Welt, \u2026 und einige haben uns ihren Wunsch mitgeteilt, sich in einem Club zusammenzuschlie\u00dfen, um eine echte Gemeinschaft zu bilden und von bestimmten Vorteilen zu profitieren. Au\u00dferdem freuen wir uns, die Gr\u00fcndung des Ski Mojo Club bekannt zu geben, der dem [&hellip;]\" \/>\n<meta property=\"og:url\" content=\"https:\/\/www.ski-mojo.com\/de\/ski-mojo-club\/\" \/>\n<meta property=\"og:site_name\" content=\"Ski-mojo\" \/>\n<meta property=\"article:publisher\" content=\"https:\/\/www.facebook.com\/skimojomania\" \/>\n<meta property=\"article:modified_time\" content=\"2025-08-15T12:50:55+00:00\" \/>\n<meta property=\"og:image\" content=\"https:\/\/www.ski-mojo.com\/wp-content\/uploads\/2025\/06\/Group-49.png\" \/>\n<meta name=\"twitter:card\" content=\"summary_large_image\" \/>\n<meta name=\"twitter:label1\" content=\"Gesch\u00e4tzte Lesezeit\" \/>\n\t<meta name=\"twitter:data1\" content=\"2\u00a0Minute\" \/>\n<script type=\"application\/ld+json\" class=\"yoast-schema-graph\">{\"@context\":\"https:\\\/\\\/schema.org\",\"@graph\":[{\"@type\":\"WebPage\",\"@id\":\"https:\\\/\\\/www.ski-mojo.com\\\/de\\\/ski-mojo-club\\\/\",\"url\":\"https:\\\/\\\/www.ski-mojo.com\\\/de\\\/ski-mojo-club\\\/\",\"name\":\"Ski-mojo | Ski Mojo Club\",\"isPartOf\":{\"@id\":\"https:\\\/\\\/www.ski-mojo.com\\\/de\\\/#website\"},\"primaryImageOfPage\":{\"@id\":\"https:\\\/\\\/www.ski-mojo.com\\\/de\\\/ski-mojo-club\\\/#primaryimage\"},\"image\":{\"@id\":\"https:\\\/\\\/www.ski-mojo.com\\\/de\\\/ski-mojo-club\\\/#primaryimage\"},\"thumbnailUrl\":\"https:\\\/\\\/www.ski-mojo.com\\\/wp-content\\\/uploads\\\/2025\\\/06\\\/Group-49.png\",\"datePublished\":\"2025-06-24T11:38:41+00:00\",\"dateModified\":\"2025-08-15T12:50:55+00:00\",\"breadcrumb\":{\"@id\":\"https:\\\/\\\/www.ski-mojo.com\\\/de\\\/ski-mojo-club\\\/#breadcrumb\"},\"inLanguage\":\"de\",\"potentialAction\":[{\"@type\":\"ReadAction\",\"target\":[\"https:\\\/\\\/www.ski-mojo.com\\\/de\\\/ski-mojo-club\\\/\"]}]},{\"@type\":\"ImageObject\",\"inLanguage\":\"de\",\"@id\":\"https:\\\/\\\/www.ski-mojo.com\\\/de\\\/ski-mojo-club\\\/#primaryimage\",\"url\":\"https:\\\/\\\/www.ski-mojo.com\\\/wp-content\\\/uploads\\\/2025\\\/06\\\/Group-49.png\",\"contentUrl\":\"https:\\\/\\\/www.ski-mojo.com\\\/wp-content\\\/uploads\\\/2025\\\/06\\\/Group-49.png\"},{\"@type\":\"BreadcrumbList\",\"@id\":\"https:\\\/\\\/www.ski-mojo.com\\\/de\\\/ski-mojo-club\\\/#breadcrumb\",\"itemListElement\":[{\"@type\":\"ListItem\",\"position\":1,\"name\":\"Home\",\"item\":\"https:\\\/\\\/www.ski-mojo.com\\\/de\\\/\"},{\"@type\":\"ListItem\",\"position\":2,\"name\":\"Ski Mojo Club\"}]},{\"@type\":\"WebSite\",\"@id\":\"https:\\\/\\\/www.ski-mojo.com\\\/de\\\/#website\",\"url\":\"https:\\\/\\\/www.ski-mojo.com\\\/de\\\/\",\"name\":\"Ski~Mojo\",\"description\":\"\",\"publisher\":{\"@id\":\"https:\\\/\\\/www.ski-mojo.com\\\/de\\\/#organization\"},\"potentialAction\":[{\"@type\":\"SearchAction\",\"target\":{\"@type\":\"EntryPoint\",\"urlTemplate\":\"https:\\\/\\\/www.ski-mojo.com\\\/de\\\/?s={search_term_string}\"},\"query-input\":{\"@type\":\"PropertyValueSpecification\",\"valueRequired\":true,\"valueName\":\"search_term_string\"}}],\"inLanguage\":\"de\"},{\"@type\":\"Organization\",\"@id\":\"https:\\\/\\\/www.ski-mojo.com\\\/de\\\/#organization\",\"name\":\"Ski~Mojo\",\"url\":\"https:\\\/\\\/www.ski-mojo.com\\\/de\\\/\",\"logo\":{\"@type\":\"ImageObject\",\"inLanguage\":\"de\",\"@id\":\"https:\\\/\\\/www.ski-mojo.com\\\/de\\\/#\\\/schema\\\/logo\\\/image\\\/\",\"url\":\"https:\\\/\\\/www.ski-mojo.com\\\/wp-content\\\/uploads\\\/2025\\\/05\\\/ski-mojo-1.png\",\"contentUrl\":\"https:\\\/\\\/www.ski-mojo.com\\\/wp-content\\\/uploads\\\/2025\\\/05\\\/ski-mojo-1.png\",\"width\":379,\"height\":93,\"caption\":\"Ski~Mojo\"},\"image\":{\"@id\":\"https:\\\/\\\/www.ski-mojo.com\\\/de\\\/#\\\/schema\\\/logo\\\/image\\\/\"},\"sameAs\":[\"https:\\\/\\\/www.facebook.com\\\/skimojomania\",\"https:\\\/\\\/www.instagram.com\\\/skimojo_official\\\/\",\"https:\\\/\\\/www.linkedin.com\\\/company\\\/ski-mojo\\\/\",\"https:\\\/\\\/www.youtube.com\\\/SkiMojoFrance\"]}]}<\/script>\n<!-- \/ Yoast SEO plugin. -->","yoast_head_json":{"title":"Ski-mojo | Ski Mojo Club","robots":{"index":"index","follow":"follow","max-snippet":"max-snippet:-1","max-image-preview":"max-image-preview:large","max-video-preview":"max-video-preview:-1"},"canonical":"https:\/\/www.ski-mojo.com\/de\/ski-mojo-club\/","og_locale":"de_DE","og_type":"article","og_title":"Ski-mojo | Ski Mojo Club","og_description":"Entdecken Sie den Ski~Mojo Club Wir sind jetzt fast 30.000 Ski-Mojo-Nutzer auf der ganzen Welt, \u2026 und einige haben uns ihren Wunsch mitgeteilt, sich in einem Club zusammenzuschlie\u00dfen, um eine echte Gemeinschaft zu bilden und von bestimmten Vorteilen zu profitieren. Au\u00dferdem freuen wir uns, die Gr\u00fcndung des Ski Mojo Club bekannt zu geben, der dem [&hellip;]","og_url":"https:\/\/www.ski-mojo.com\/de\/ski-mojo-club\/","og_site_name":"Ski-mojo","article_publisher":"https:\/\/www.facebook.com\/skimojomania","article_modified_time":"2025-08-15T12:50:55+00:00","og_image":[{"url":"https:\/\/www.ski-mojo.com\/wp-content\/uploads\/2025\/06\/Group-49.png","type":"","width":"","height":""}],"twitter_card":"summary_large_image","twitter_misc":{"Gesch\u00e4tzte Lesezeit":"2\u00a0Minute"},"schema":{"@context":"https:\/\/schema.org","@graph":[{"@type":"WebPage","@id":"https:\/\/www.ski-mojo.com\/de\/ski-mojo-club\/","url":"https:\/\/www.ski-mojo.com\/de\/ski-mojo-club\/","name":"Ski-mojo | Ski Mojo Club","isPartOf":{"@id":"https:\/\/www.ski-mojo.com\/de\/#website"},"primaryImageOfPage":{"@id":"https:\/\/www.ski-mojo.com\/de\/ski-mojo-club\/#primaryimage"},"image":{"@id":"https:\/\/www.ski-mojo.com\/de\/ski-mojo-club\/#primaryimage"},"thumbnailUrl":"https:\/\/www.ski-mojo.com\/wp-content\/uploads\/2025\/06\/Group-49.png","datePublished":"2025-06-24T11:38:41+00:00","dateModified":"2025-08-15T12:50:55+00:00","breadcrumb":{"@id":"https:\/\/www.ski-mojo.com\/de\/ski-mojo-club\/#breadcrumb"},"inLanguage":"de","potentialAction":[{"@type":"ReadAction","target":["https:\/\/www.ski-mojo.com\/de\/ski-mojo-club\/"]}]},{"@type":"ImageObject","inLanguage":"de","@id":"https:\/\/www.ski-mojo.com\/de\/ski-mojo-club\/#primaryimage","url":"https:\/\/www.ski-mojo.com\/wp-content\/uploads\/2025\/06\/Group-49.png","contentUrl":"https:\/\/www.ski-mojo.com\/wp-content\/uploads\/2025\/06\/Group-49.png"},{"@type":"BreadcrumbList","@id":"https:\/\/www.ski-mojo.com\/de\/ski-mojo-club\/#breadcrumb","itemListElement":[{"@type":"ListItem","position":1,"name":"Home","item":"https:\/\/www.ski-mojo.com\/de\/"},{"@type":"ListItem","position":2,"name":"Ski Mojo Club"}]},{"@type":"WebSite","@id":"https:\/\/www.ski-mojo.com\/de\/#website","url":"https:\/\/www.ski-mojo.com\/de\/","name":"Ski~Mojo","description":"","publisher":{"@id":"https:\/\/www.ski-mojo.com\/de\/#organization"},"potentialAction":[{"@type":"SearchAction","target":{"@type":"EntryPoint","urlTemplate":"https:\/\/www.ski-mojo.com\/de\/?s={search_term_string}"},"query-input":{"@type":"PropertyValueSpecification","valueRequired":true,"valueName":"search_term_string"}}],"inLanguage":"de"},{"@type":"Organization","@id":"https:\/\/www.ski-mojo.com\/de\/#organization","name":"Ski~Mojo","url":"https:\/\/www.ski-mojo.com\/de\/","logo":{"@type":"ImageObject","inLanguage":"de","@id":"https:\/\/www.ski-mojo.com\/de\/#\/schema\/logo\/image\/","url":"https:\/\/www.ski-mojo.com\/wp-content\/uploads\/2025\/05\/ski-mojo-1.png","contentUrl":"https:\/\/www.ski-mojo.com\/wp-content\/uploads\/2025\/05\/ski-mojo-1.png","width":379,"height":93,"caption":"Ski~Mojo"},"image":{"@id":"https:\/\/www.ski-mojo.com\/de\/#\/schema\/logo\/image\/"},"sameAs":["https:\/\/www.facebook.com\/skimojomania","https:\/\/www.instagram.com\/skimojo_official\/","https:\/\/www.linkedin.com\/company\/ski-mojo\/","https:\/\/www.youtube.com\/SkiMojoFrance"]}]}},"_links":{"self":[{"href":"https:\/\/www.ski-mojo.com\/de\/wp-json\/wp\/v2\/pages\/52814307","targetHints":{"allow":["GET"]}}],"collection":[{"href":"https:\/\/www.ski-mojo.com\/de\/wp-json\/wp\/v2\/pages"}],"about":[{"href":"https:\/\/www.ski-mojo.com\/de\/wp-json\/wp\/v2\/types\/page"}],"author":[{"embeddable":true,"href":"https:\/\/www.ski-mojo.com\/de\/wp-json\/wp\/v2\/users\/1"}],"replies":[{"embeddable":true,"href":"https:\/\/www.ski-mojo.com\/de\/wp-json\/wp\/v2\/comments?post=52814307"}],"version-history":[{"count":5,"href":"https:\/\/www.ski-mojo.com\/de\/wp-json\/wp\/v2\/pages\/52814307\/revisions"}],"predecessor-version":[{"id":52833788,"href":"https:\/\/www.ski-mojo.com\/de\/wp-json\/wp\/v2\/pages\/52814307\/revisions\/52833788"}],"wp:attachment":[{"href":"https:\/\/www.ski-mojo.com\/de\/wp-json\/wp\/v2\/media?parent=52814307"}],"curies":[{"name":"wp","href":"https:\/\/api.w.org\/{rel}","templated":true}]}}