{"id":52814165,"date":"2025-07-07T12:46:53","date_gmt":"2025-07-07T10:46:53","guid":{"rendered":"https:\/\/www.ski-mojo.com\/?page_id=52814165"},"modified":"2025-12-20T01:25:17","modified_gmt":"2025-12-20T00:25:17","slug":"skimojo-test-center-cancel-reservation","status":"publish","type":"page","link":"https:\/\/www.ski-mojo.com\/de\/skimojo-test-center-cancel-reservation\/","title":{"rendered":"Skimojo test center cancel reservation"},"content":{"rendered":"\t\t<div data-elementor-type=\"wp-page\" data-elementor-id=\"52814165\" class=\"elementor elementor-52814165 elementor-52811136\" data-elementor-post-type=\"page\">\n\t\t\t\t<div class=\"elementor-element elementor-element-e63f4b5 e-con-full e-flex e-con e-parent\" data-id=\"e63f4b5\" data-element_type=\"container\" data-e-type=\"container\" data-settings=\"{&quot;background_background&quot;:&quot;classic&quot;}\">\n\t\t<div class=\"elementor-element elementor-element-77f3266 e-con-full e-flex e-con e-child\" data-id=\"77f3266\" data-element_type=\"container\" data-e-type=\"container\" data-settings=\"{&quot;background_background&quot;:&quot;classic&quot;}\">\n\t\t\t\t<div class=\"elementor-element elementor-element-7da5a9d elementor-widget elementor-widget-heading\" data-id=\"7da5a9d\" data-element_type=\"widget\" data-e-type=\"widget\" data-widget_type=\"heading.default\">\n\t\t\t\t<div class=\"elementor-widget-container\">\n\t\t\t\t\t<h1 class=\"elementor-heading-title elementor-size-default\">Ihre Stornierung wurde erfolgreich ber\u00fccksichtigt<\/h1>\t\t\t\t<\/div>\n\t\t\t\t<\/div>\n\t\t\t\t<div class=\"elementor-element elementor-element-7966e5d elementor-widget elementor-widget-text-editor\" data-id=\"7966e5d\" data-element_type=\"widget\" data-e-type=\"widget\" data-widget_type=\"text-editor.default\">\n\t\t\t\t<div class=\"elementor-widget-container\">\n\t\t\t\t\t\t\t\t\t<p data-start=\"524\" data-end=\"734\">Wir best\u00e4tigen, dass Ihre Anfrage zur Stornierung Ihres Ski-Mojo-Tests erfolgreich registriert wurde. Die Information wurde umgehend an das von Ihnen ausgew\u00e4hlte Gesch\u00e4ft weitergeleitet.<\/p><p data-start=\"736\" data-end=\"794\">\ud83d\udc49 Sie m\u00fcssen daher keine weiteren Schritte unternehmen.<\/p><p data-start=\"796\" data-end=\"944\">Wenn Sie zu einem sp\u00e4teren Zeitpunkt einen neuen Test buchen m\u00f6chten, k\u00f6nnen Sie dies jederzeit tun, indem Sie auf die Schaltfl\u00e4che unten klicken.<\/p><p data-start=\"946\" data-end=\"1028\">Wir freuen uns darauf, Sie bald wieder mit dem Ski-Mojo auf den Pisten zu sehen!<\/p>\t\t\t\t\t\t\t\t<\/div>\n\t\t\t\t<\/div>\n\t\t\t\t<div class=\"elementor-element elementor-element-652a389 elementor-align-center elementor-widget elementor-widget-button\" data-id=\"652a389\" data-element_type=\"widget\" data-e-type=\"widget\" data-widget_type=\"button.default\">\n\t\t\t\t<div class=\"elementor-widget-container\">\n\t\t\t\t\t\t\t\t\t<div class=\"elementor-button-wrapper\">\n\t\t\t\t\t<a class=\"elementor-button elementor-button-link elementor-size-sm\" href=\"\/de\/store-locator\/\">\n\t\t\t\t\t\t<span class=\"elementor-button-content-wrapper\">\n\t\t\t\t\t\t\t\t\t<span class=\"elementor-button-text\">Unsere H\u00e4ndler &amp; Testcenter<\/span>\n\t\t\t\t\t<\/span>\n\t\t\t\t\t<\/a>\n\t\t\t\t<\/div>\n\t\t\t\t\t\t\t\t<\/div>\n\t\t\t\t<\/div>\n\t\t\t\t<\/div>\n\t\t\t\t<\/div>\n\t\t<div class=\"elementor-element elementor-element-04bb855 e-flex e-con-boxed e-con e-parent\" data-id=\"04bb855\" data-element_type=\"container\" data-e-type=\"container\">\n\t\t\t\t\t<div class=\"e-con-inner\">\n\t\t\t\t\t<\/div>\n\t\t\t\t<\/div>\n\t\t\t\t<\/div>\n\t\t","protected":false},"excerpt":{"rendered":"<p>Ihre Stornierung wurde erfolgreich ber\u00fccksichtigt Wir best\u00e4tigen, dass Ihre Anfrage zur Stornierung Ihres Ski-Mojo-Tests erfolgreich registriert wurde. Die Information wurde umgehend an das von Ihnen ausgew\u00e4hlte Gesch\u00e4ft weitergeleitet. \ud83d\udc49 Sie m\u00fcssen daher keine weiteren Schritte unternehmen. Wenn Sie zu einem sp\u00e4teren Zeitpunkt einen neuen Test buchen m\u00f6chten, k\u00f6nnen Sie dies jederzeit tun, indem Sie auf [&hellip;]<\/p>\n","protected":false},"author":1,"featured_media":0,"parent":0,"menu_order":0,"comment_status":"closed","ping_status":"closed","template":"elementor_header_footer","meta":{"_acf_changed":false,"footnotes":""},"class_list":["post-52814165","page","type-page","status-publish","hentry"],"acf":[],"yoast_head":"<!-- This site is optimized with the Yoast SEO plugin v27.4 - https:\/\/yoast.com\/product\/yoast-seo-wordpress\/ -->\n<title>Ski-mojo | Skimojo test center cancel reservation<\/title>\n<meta name=\"robots\" content=\"noindex, follow\" \/>\n<meta property=\"og:locale\" content=\"de_DE\" \/>\n<meta property=\"og:type\" content=\"article\" \/>\n<meta property=\"og:title\" content=\"Ski-mojo | Skimojo test center cancel reservation\" \/>\n<meta property=\"og:description\" content=\"Ihre Stornierung wurde erfolgreich ber\u00fccksichtigt Wir best\u00e4tigen, dass Ihre Anfrage zur Stornierung Ihres Ski-Mojo-Tests erfolgreich registriert wurde. Die Information wurde umgehend an das von Ihnen ausgew\u00e4hlte Gesch\u00e4ft weitergeleitet. \ud83d\udc49 Sie m\u00fcssen daher keine weiteren Schritte unternehmen. Wenn Sie zu einem sp\u00e4teren Zeitpunkt einen neuen Test buchen m\u00f6chten, k\u00f6nnen Sie dies jederzeit tun, indem Sie auf [&hellip;]\" \/>\n<meta property=\"og:url\" content=\"https:\/\/www.ski-mojo.com\/de\/skimojo-test-center-cancel-reservation\/\" \/>\n<meta property=\"og:site_name\" content=\"Ski-mojo\" \/>\n<meta property=\"article:publisher\" content=\"https:\/\/www.facebook.com\/skimojomania\" \/>\n<meta property=\"article:modified_time\" content=\"2025-12-20T00:25:17+00:00\" \/>\n<meta property=\"og:image\" content=\"https:\/\/www.ski-mojo.com\/wp-content\/uploads\/2025\/07\/photo-Ski-Mojo-produit-1200x902-1.webp\" \/>\n\t<meta property=\"og:image:width\" content=\"1200\" \/>\n\t<meta property=\"og:image:height\" content=\"902\" \/>\n\t<meta property=\"og:image:type\" content=\"image\/webp\" \/>\n<meta name=\"twitter:card\" content=\"summary_large_image\" \/>\n<meta name=\"twitter:label1\" content=\"Gesch\u00e4tzte Lesezeit\" \/>\n\t<meta name=\"twitter:data1\" content=\"1\u00a0Minute\" \/>\n<script type=\"application\/ld+json\" class=\"yoast-schema-graph\">{\"@context\":\"https:\\\/\\\/schema.org\",\"@graph\":[{\"@type\":\"WebPage\",\"@id\":\"https:\\\/\\\/www.ski-mojo.com\\\/de\\\/skimojo-test-center-cancel-reservation\\\/\",\"url\":\"https:\\\/\\\/www.ski-mojo.com\\\/de\\\/skimojo-test-center-cancel-reservation\\\/\",\"name\":\"Ski-mojo | Skimojo test center cancel reservation\",\"isPartOf\":{\"@id\":\"https:\\\/\\\/www.ski-mojo.com\\\/de\\\/#website\"},\"datePublished\":\"2025-07-07T10:46:53+00:00\",\"dateModified\":\"2025-12-20T00:25:17+00:00\",\"breadcrumb\":{\"@id\":\"https:\\\/\\\/www.ski-mojo.com\\\/de\\\/skimojo-test-center-cancel-reservation\\\/#breadcrumb\"},\"inLanguage\":\"de\",\"potentialAction\":[{\"@type\":\"ReadAction\",\"target\":[\"https:\\\/\\\/www.ski-mojo.com\\\/de\\\/skimojo-test-center-cancel-reservation\\\/\"]}]},{\"@type\":\"BreadcrumbList\",\"@id\":\"https:\\\/\\\/www.ski-mojo.com\\\/de\\\/skimojo-test-center-cancel-reservation\\\/#breadcrumb\",\"itemListElement\":[{\"@type\":\"ListItem\",\"position\":1,\"name\":\"Home\",\"item\":\"https:\\\/\\\/www.ski-mojo.com\\\/de\\\/\"},{\"@type\":\"ListItem\",\"position\":2,\"name\":\"Skimojo test center cancel reservation\"}]},{\"@type\":\"WebSite\",\"@id\":\"https:\\\/\\\/www.ski-mojo.com\\\/de\\\/#website\",\"url\":\"https:\\\/\\\/www.ski-mojo.com\\\/de\\\/\",\"name\":\"Ski~Mojo\",\"description\":\"\",\"publisher\":{\"@id\":\"https:\\\/\\\/www.ski-mojo.com\\\/de\\\/#organization\"},\"potentialAction\":[{\"@type\":\"SearchAction\",\"target\":{\"@type\":\"EntryPoint\",\"urlTemplate\":\"https:\\\/\\\/www.ski-mojo.com\\\/de\\\/?s={search_term_string}\"},\"query-input\":{\"@type\":\"PropertyValueSpecification\",\"valueRequired\":true,\"valueName\":\"search_term_string\"}}],\"inLanguage\":\"de\"},{\"@type\":\"Organization\",\"@id\":\"https:\\\/\\\/www.ski-mojo.com\\\/de\\\/#organization\",\"name\":\"Ski~Mojo\",\"url\":\"https:\\\/\\\/www.ski-mojo.com\\\/de\\\/\",\"logo\":{\"@type\":\"ImageObject\",\"inLanguage\":\"de\",\"@id\":\"https:\\\/\\\/www.ski-mojo.com\\\/de\\\/#\\\/schema\\\/logo\\\/image\\\/\",\"url\":\"https:\\\/\\\/www.ski-mojo.com\\\/wp-content\\\/uploads\\\/2025\\\/05\\\/ski-mojo-1.png\",\"contentUrl\":\"https:\\\/\\\/www.ski-mojo.com\\\/wp-content\\\/uploads\\\/2025\\\/05\\\/ski-mojo-1.png\",\"width\":379,\"height\":93,\"caption\":\"Ski~Mojo\"},\"image\":{\"@id\":\"https:\\\/\\\/www.ski-mojo.com\\\/de\\\/#\\\/schema\\\/logo\\\/image\\\/\"},\"sameAs\":[\"https:\\\/\\\/www.facebook.com\\\/skimojomania\",\"https:\\\/\\\/www.instagram.com\\\/skimojo_official\\\/\",\"https:\\\/\\\/www.linkedin.com\\\/company\\\/ski-mojo\\\/\",\"https:\\\/\\\/www.youtube.com\\\/SkiMojoFrance\"]}]}<\/script>\n<!-- \/ Yoast SEO plugin. -->","yoast_head_json":{"title":"Ski-mojo | Skimojo test center cancel reservation","robots":{"index":"noindex","follow":"follow"},"og_locale":"de_DE","og_type":"article","og_title":"Ski-mojo | Skimojo test center cancel reservation","og_description":"Ihre Stornierung wurde erfolgreich ber\u00fccksichtigt Wir best\u00e4tigen, dass Ihre Anfrage zur Stornierung Ihres Ski-Mojo-Tests erfolgreich registriert wurde. Die Information wurde umgehend an das von Ihnen ausgew\u00e4hlte Gesch\u00e4ft weitergeleitet. \ud83d\udc49 Sie m\u00fcssen daher keine weiteren Schritte unternehmen. Wenn Sie zu einem sp\u00e4teren Zeitpunkt einen neuen Test buchen m\u00f6chten, k\u00f6nnen Sie dies jederzeit tun, indem Sie auf [&hellip;]","og_url":"https:\/\/www.ski-mojo.com\/de\/skimojo-test-center-cancel-reservation\/","og_site_name":"Ski-mojo","article_publisher":"https:\/\/www.facebook.com\/skimojomania","article_modified_time":"2025-12-20T00:25:17+00:00","og_image":[{"width":1200,"height":902,"url":"https:\/\/www.ski-mojo.com\/wp-content\/uploads\/2025\/07\/photo-Ski-Mojo-produit-1200x902-1.webp","type":"image\/webp"}],"twitter_card":"summary_large_image","twitter_misc":{"Gesch\u00e4tzte Lesezeit":"1\u00a0Minute"},"schema":{"@context":"https:\/\/schema.org","@graph":[{"@type":"WebPage","@id":"https:\/\/www.ski-mojo.com\/de\/skimojo-test-center-cancel-reservation\/","url":"https:\/\/www.ski-mojo.com\/de\/skimojo-test-center-cancel-reservation\/","name":"Ski-mojo | Skimojo test center cancel reservation","isPartOf":{"@id":"https:\/\/www.ski-mojo.com\/de\/#website"},"datePublished":"2025-07-07T10:46:53+00:00","dateModified":"2025-12-20T00:25:17+00:00","breadcrumb":{"@id":"https:\/\/www.ski-mojo.com\/de\/skimojo-test-center-cancel-reservation\/#breadcrumb"},"inLanguage":"de","potentialAction":[{"@type":"ReadAction","target":["https:\/\/www.ski-mojo.com\/de\/skimojo-test-center-cancel-reservation\/"]}]},{"@type":"BreadcrumbList","@id":"https:\/\/www.ski-mojo.com\/de\/skimojo-test-center-cancel-reservation\/#breadcrumb","itemListElement":[{"@type":"ListItem","position":1,"name":"Home","item":"https:\/\/www.ski-mojo.com\/de\/"},{"@type":"ListItem","position":2,"name":"Skimojo test center cancel reservation"}]},{"@type":"WebSite","@id":"https:\/\/www.ski-mojo.com\/de\/#website","url":"https:\/\/www.ski-mojo.com\/de\/","name":"Ski~Mojo","description":"","publisher":{"@id":"https:\/\/www.ski-mojo.com\/de\/#organization"},"potentialAction":[{"@type":"SearchAction","target":{"@type":"EntryPoint","urlTemplate":"https:\/\/www.ski-mojo.com\/de\/?s={search_term_string}"},"query-input":{"@type":"PropertyValueSpecification","valueRequired":true,"valueName":"search_term_string"}}],"inLanguage":"de"},{"@type":"Organization","@id":"https:\/\/www.ski-mojo.com\/de\/#organization","name":"Ski~Mojo","url":"https:\/\/www.ski-mojo.com\/de\/","logo":{"@type":"ImageObject","inLanguage":"de","@id":"https:\/\/www.ski-mojo.com\/de\/#\/schema\/logo\/image\/","url":"https:\/\/www.ski-mojo.com\/wp-content\/uploads\/2025\/05\/ski-mojo-1.png","contentUrl":"https:\/\/www.ski-mojo.com\/wp-content\/uploads\/2025\/05\/ski-mojo-1.png","width":379,"height":93,"caption":"Ski~Mojo"},"image":{"@id":"https:\/\/www.ski-mojo.com\/de\/#\/schema\/logo\/image\/"},"sameAs":["https:\/\/www.facebook.com\/skimojomania","https:\/\/www.instagram.com\/skimojo_official\/","https:\/\/www.linkedin.com\/company\/ski-mojo\/","https:\/\/www.youtube.com\/SkiMojoFrance"]}]}},"_links":{"self":[{"href":"https:\/\/www.ski-mojo.com\/de\/wp-json\/wp\/v2\/pages\/52814165","targetHints":{"allow":["GET"]}}],"collection":[{"href":"https:\/\/www.ski-mojo.com\/de\/wp-json\/wp\/v2\/pages"}],"about":[{"href":"https:\/\/www.ski-mojo.com\/de\/wp-json\/wp\/v2\/types\/page"}],"author":[{"embeddable":true,"href":"https:\/\/www.ski-mojo.com\/de\/wp-json\/wp\/v2\/users\/1"}],"replies":[{"embeddable":true,"href":"https:\/\/www.ski-mojo.com\/de\/wp-json\/wp\/v2\/comments?post=52814165"}],"version-history":[{"count":5,"href":"https:\/\/www.ski-mojo.com\/de\/wp-json\/wp\/v2\/pages\/52814165\/revisions"}],"predecessor-version":[{"id":52845699,"href":"https:\/\/www.ski-mojo.com\/de\/wp-json\/wp\/v2\/pages\/52814165\/revisions\/52845699"}],"wp:attachment":[{"href":"https:\/\/www.ski-mojo.com\/de\/wp-json\/wp\/v2\/media?parent=52814165"}],"curies":[{"name":"wp","href":"https:\/\/api.w.org\/{rel}","templated":true}]}}